{"id":1058,"date":"2021-02-05T02:51:17","date_gmt":"2021-02-05T02:51:17","guid":{"rendered":"https:\/\/digmit.at\/?page_id=1058"},"modified":"2024-01-01T14:50:52","modified_gmt":"2024-01-01T14:50:52","slug":"diskriminierung-aufgrund-von-religion-und-weltanschauung","status":"publish","type":"page","link":"https:\/\/digmit.at\/index.php\/startseite\/diskriminierung\/diskriminierung-aufgrund-von-religion-und-weltanschauung\/","title":{"rendered":"Diskriminierung aufgrund von Religion und Weltanschauung"},"content":{"rendered":"\n<p>Ich darf in der Arbeitswelt nicht wegen meiner <strong>Religion<\/strong> diskriminiert werden. <\/p>\n\n\n\n<p>Als Arbeitnehmer*in darf ich <strong>religi\u00f6se Kleidung<\/strong> oder <strong>Symbole<\/strong> tragen (zum Beispiel Kopftuch, Turban, Dastar, Kippa oder eine Kette mit Kreuz).<br><br><\/p>\n\n\n\n<p>Ich darf in der Arbeitswelt nicht wegen meiner <strong>Weltanschauung<\/strong> diskriminiert werden.<\/p>\n\n\n\n<p>\u201eWeltanschauung\u201c meint zum Beispiel meine <strong>politischen Einstellungen<\/strong>, <strong>Ideologien<\/strong> oder meine <strong>Lebenskonzepte<\/strong>.<\/p>\n\n\n\n<p>Ich darf also nicht diskriminiert werden, nur weil ich nicht gl\u00e4ubig\/religi\u00f6s bin, also zum Beispiel, wenn ich Atheist*in bin, oder weil ich Mitglied einer bestimmten Partei oder einer Gewerkschaft bin.<\/p>\n\n\n\n<p>Es gibt aber auch Ideologien und Weltanschauungen, die in \u00d6sterreich gesetzlich verboten sind, wie zum Beispiel nationalsozialistisches Gedankengut. Das Diskriminierungsverbot gilt f\u00fcr solche Ideologien und andere <strong>rassistische<\/strong>, <strong>gewaltverherrlichende<\/strong> und <strong>antidemokratische Weltanschauungen<\/strong> nicht.<br><br><br><br>Ich darf wegen meiner Religion und Weltanschauung auch <strong>nicht bel\u00e4stigt<\/strong>, <strong>gedem\u00fctigt<\/strong> oder <strong>gemobbt <\/strong>werden. <br><br><\/p>\n\n\n\n<h2 class=\"wp-block-heading\"><strong>Beispiele f\u00fcr Diskriminierung:<\/strong><\/h2>\n\n\n\n<ul class=\"wp-block-list\">\n<li>Beispiele f\u00fcr diskriminierende Stellenanzeigen aufgrund von Religion und Weltanschauung: \u201enur echte Christen\u201c, \u201ekeine MuslimInnen\u201c, \u201ekein Kopftuch\u201c, ein Verein oder eine Partei sucht eine Reinigungskraft, die sich mit den \u201eGrundwerten\/Grunds\u00e4tzen\u201c des Vereins \/ der Partei verbunden f\u00fchlt\u2026<\/li>\n\n\n\n<li>Eine Bewerberin bekommt einen Job im Verkauf nicht mit der Begr\u00fcndung, dass die Kund*innen keine Verk\u00e4uferin mit Kopftuch wollen.<\/li>\n\n\n\n<li>Eine Bewerberin bekommt eine Stelle als Kur\u00e4rztin nicht, weil sie das Kopftuch w\u00e4hrend der Arbeit nicht abnehmen m\u00f6chte.<\/li>\n\n\n\n<li>Ein Arbeitnehmer mit Turban darf nicht mehr mit Kunden arbeiten und wird in einen Bereich ohne Kundenkontakt versetzt \u2013 mit der Begr\u00fcndung, dass sich die Kunden beschweren.<\/li>\n\n\n\n<li>Ein Kollege macht oft antisemitische Witze. Der Chef wei\u00df davon und macht nichts dagegen.<\/li>\n\n\n\n<li>Eine Arbeitnehmerin wird gek\u00fcndigt, weil sie sich ein Kopftuch aufsetzt.<\/li>\n\n\n\n<li>Eine \u00c4rztin in einem konfessionellen Krankenhaus wird nach ihrem Kirchenaustritt gek\u00fcndigt.<\/li>\n\n\n\n<li>Die Sekret\u00e4rin eines katholischen Vereins wird wegen eines Schwangerschaftsabbruches gek\u00fcndigt.<\/li>\n<\/ul>\n\n\n\n<p>\u2026<br><br><\/p>\n\n\n\n<h2 class=\"wp-block-heading\"><strong>Was tun bei Diskriminierung?<\/strong><\/h2>\n\n\n\n<p>Als Arbeitnehmer*in kann ich mich bei Diskriminierung an meine*n <strong>Arbeitgeber*in<\/strong> wenden. <br><strong>Der*die Arbeitgeber*in muss Arbeitnehmer*innen vor Diskriminierungen und Bel\u00e4stigungen sch\u00fctzen!<\/strong> <br>Wenn Arbeitgeber*innen von Diskriminierung oder Bel\u00e4stigung am Arbeitsplatz erfahren, <strong>m\u00fcssen<\/strong> sie <strong>etwas dagegen machen<\/strong>.<\/p>\n\n\n\n<p>Bei Diskriminierung in der Arbeit kann ich mich auch an meinen&nbsp;<strong>Betriebsrat<\/strong> wenden.<\/p>\n\n\n\n<p>Wenn ich in der Arbeitswelt diskriminiert werde, kann ich mich bei der <strong><a href=\"https:\/\/wien.arbeiterkammer.at\/index.html\">Arbeiterkammer<\/a><\/strong> <a href=\"tel: +43 1 501 65 0\">telefonisch<\/a> informieren und\/oder einen kostenlosen Beratungstermin vereinbaren.<\/p>\n\n\n\n<p>Auch meine <strong><a href=\"https:\/\/www.oegb.at\/cms\/S06\/S06_4\/gewerkschaften\">Fachgewerkschaft<\/a><\/strong> ber\u00e4t mich zum Thema Diskriminierung.<\/p>\n\n\n\n<p>Wenn ich Rassismus \/ rassistische Diskriminierung erfahre, kann ich bei <a href=\"https:\/\/www.zara.or.at\/de\"><strong>ZARA Zivilcourage und Anti-Rassismus-Arbeit<\/strong> <\/a>einen kostenlosen <a href=\"tel: +43 (0)1 236 55 34\" data-type=\"tel\" data-id=\"tel: +43 (0)1 236 55 34\">Beratungstermin vereinbaren<\/a>.<br>Wenn ich Rassismus \/ rassistische Diskriminierung erfahre oder beobachte, kann ich das auch anonym <a href=\"https:\/\/www.zara.or.at\/de\/beratung\/melden\/rassismus\">online melden<\/a>.<\/p>\n\n\n\n<p>Wenn ich diskriminiert werde, kann ich mich an einen der <strong><a href=\"https:\/\/www.klagsverband.at\/ueber-uns\/mitglieder\">Mitgliedsvereine<\/a><\/strong> des <a href=\"https:\/\/www.klagsverband.at\"><strong>Klagsverband<\/strong>s<\/a> wenden.<br>Der Klagsverband unterst\u00fctzt Menschen, die von Diskriminierung betroffen sind, zu ihrem Recht zu kommen. Der Klagsverband bietet rechtliche Informationen, bringt F\u00e4lle vor Gericht und unterst\u00fctzt Einzelpersonen vor Gericht.<\/p>\n\n\n\n<p>Die <strong><a href=\"https:\/\/www.gleichbehandlungsanwaltschaft.gv.at\">Gleichbehandlungsanwaltschaft<\/a><\/strong> ber\u00e4t und unterst\u00fctzt mich, wenn ich diskriminiert oder (sexuell) bel\u00e4stigt werde.<\/p>\n\n\n\n<p>\u00dcber die <strong><a href=\"https:\/\/www.gleichbehandlungsanwaltschaft.gv.at\/diskriminierung-melden\/gleichbehandlungs-app.html\">Gleichbehandlungs:App<\/a><\/strong> der Gleichbehandlungsanwaltschaft kann ich mich informieren und Diskriminierung und Bel\u00e4stigung melden (App Installieren: <a href=\"http:\/\/play.google.com\/store\/apps\/details?id=at.gv.gwa.bka&amp;gl=AT\">Google Playstore<\/a>\/ <a href=\"http:\/\/apps.apple.com\/at\/app\/gaw-gleichbehandlungs-app\/id1461211935\">iTunes<\/a>).<br>Die Gleichbehandlungsanwaltschaft leitet die notwendigen Informationen an die <strong><a href=\"https:\/\/www.bundeskanzleramt.gv.at\/agenda\/frauen-und-gleichstellung\/gleichbehandlungskommissionen\/gleichbehandlungskommission.html\">Gleichbehandlungskommission<\/a><\/strong> weiter. Die Gleichbehandlungskommission pr\u00fcft die Einzelf\u00e4lle. <\/p>\n\n\n\n<figure class=\"wp-block-embed is-type-video is-provider-youtube wp-block-embed-youtube wp-embed-aspect-16-9 wp-has-aspect-ratio\"><div class=\"wp-block-embed__wrapper\">\n<iframe loading=\"lazy\" title=\"Wege zum Recht - ein Informationsfilm der Gleichbehandlungsanwaltschaft\" width=\"500\" height=\"281\" src=\"https:\/\/www.youtube.com\/embed\/F47Lz1E6GHs?feature=oembed\" frameborder=\"0\" allow=\"accelerometer; autoplay; clipboard-write; encrypted-media; gyroscope; picture-in-picture; web-share\" referrerpolicy=\"strict-origin-when-cross-origin\" allowfullscreen><\/iframe> \n<\/div><figcaption class=\"wp-element-caption\"><a href=\"https:\/\/www.youtube.com\/watch?v=F47Lz1E6GHs\">Wege zum Recht &#8211; ein Informationsfilm der Gleichbehandlungsanwaltschaft (Gleichbehandlungsanwaltschaft)<\/a><\/figcaption><\/figure>\n\n\n\n<p>Wenn es zu einem Rechtsstreit kommt, kann ich beim <strong><a href=\"https:\/\/www.justiz.gv.at\/asg-wien\/arbeits--und-sozialgericht-wien~274.de.html\">Arbeits- und Sozialgericht<\/a><\/strong> klagen.<br>F\u00fcr <strong>Verfahren<\/strong> beim Arbeits- und Sozialgericht kann ich einen <strong>Antrag auf Rechtsschutz<\/strong> bei der Arbeiterkammer oder der Gewerkschaft stellen und so kostenlos vor Gericht vertreten werden.<\/p>\n\n\n\n<p>ACHTUNG<br>Es gibt <strong>Fristen<\/strong> f\u00fcr Beschwerden, Klagen und Schadenersatzforderungen!<\/p>\n\n\n\n<p>Wenn ich als <strong>Migrant*in<\/strong> aufgrund meiner <strong>ethnischen Zugeh\u00f6rigkeit<\/strong>, <strong>Herkunft<\/strong> oder <strong>Religion<\/strong> diskriminiert werde, kann ich bei der <strong><a href=\"tel: +43 (0) 800 222 666\" data-type=\"tel\" data-id=\"tel: +43 (0) 800 222 666\">Hotline gegen Diskriminierung und Intoleranz<\/a><\/strong> anrufen. Hier bekomme ich Informationen, an welche Antidiskriminierungsstelle ich mich wenden kann.<\/p>\n\n\n\n<p>Wegen <strong>diskriminierende<\/strong>r <strong>Stellenanzeigen<\/strong> kann ich als Bewerber*in oder aber die <a href=\"https:\/\/www.gleichbehandlungsanwaltschaft.gv.at\">Gleichbehandlungsanwaltschaft<\/a> einen <strong>Strafantrag<\/strong> <a href=\"https:\/\/www.wien.gv.at\/mba\/mba.html\">bei der <strong>Bezirksverwaltungsbeh\u00f6rde<\/strong> \/ beim <strong>Magistrat<\/strong><\/a> (nach Sitz des ausschreibenden Unternehmens) stellen.<br><a href=\"https:\/\/www.gleichbehandlungsanwaltschaft.gv.at\/unser-angebot\/musterantrage.html\">Hier<\/a> finde ich Musterantr\u00e4ge wegen diskriminierender Stelleninserate.<\/p>\n\n\n\n<p><strong>Diskriminierende Stellenanzeigen<\/strong> kann ich auch der <strong>Zeitung<\/strong> melden.<\/p>\n","protected":false},"excerpt":{"rendered":"<p>Ich darf in der Arbeitswelt nicht wegen meiner Religion diskriminiert werden. Als Arbeitnehmer*in darf ich religi\u00f6se Kleidung oder Symbole tragen (zum Beispiel Kopftuch, Turban, Dastar, Kippa oder eine Kette mit Kreuz). Ich darf in der Arbeitswelt nicht wegen meiner Weltanschauung diskriminiert werden. \u201eWeltanschauung\u201c meint zum Beispiel meine politischen Einstellungen, Ideologien oder meine Lebenskonzepte. Ich darf [&hellip;]<\/p>\n","protected":false},"author":2,"featured_media":0,"parent":688,"menu_order":0,"comment_status":"closed","ping_status":"closed","template":"","meta":{"footnotes":""},"class_list":["post-1058","page","type-page","status-publish","hentry"],"_links":{"self":[{"href":"https:\/\/digmit.at\/index.php\/wp-json\/wp\/v2\/pages\/1058","targetHints":{"allow":["GET"]}}],"collection":[{"href":"https:\/\/digmit.at\/index.php\/wp-json\/wp\/v2\/pages"}],"about":[{"href":"https:\/\/digmit.at\/index.php\/wp-json\/wp\/v2\/types\/page"}],"author":[{"embeddable":true,"href":"https:\/\/digmit.at\/index.php\/wp-json\/wp\/v2\/users\/2"}],"replies":[{"embeddable":true,"href":"https:\/\/digmit.at\/index.php\/wp-json\/wp\/v2\/comments?post=1058"}],"version-history":[{"count":9,"href":"https:\/\/digmit.at\/index.php\/wp-json\/wp\/v2\/pages\/1058\/revisions"}],"predecessor-version":[{"id":4592,"href":"https:\/\/digmit.at\/index.php\/wp-json\/wp\/v2\/pages\/1058\/revisions\/4592"}],"up":[{"embeddable":true,"href":"https:\/\/digmit.at\/index.php\/wp-json\/wp\/v2\/pages\/688"}],"wp:attachment":[{"href":"https:\/\/digmit.at\/index.php\/wp-json\/wp\/v2\/media?parent=1058"}],"curies":[{"name":"wp","href":"https:\/\/api.w.org\/{rel}","templated":true}]}}