{"id":1072,"date":"2021-02-07T11:17:07","date_gmt":"2021-02-07T11:17:07","guid":{"rendered":"https:\/\/digmit.at\/?page_id=1072"},"modified":"2024-01-01T13:45:02","modified_gmt":"2024-01-01T13:45:02","slug":"in-stellenanzeigen-jobinseraten-ist-diskriminierung-verboten","status":"publish","type":"page","link":"https:\/\/digmit.at\/index.php\/startseite\/diskriminierung\/in-stellenanzeigen-jobinseraten-ist-diskriminierung-verboten\/","title":{"rendered":"In Stellenanzeigen \/ Jobinseraten ist Diskriminierung verboten!"},"content":{"rendered":"\n<p>In Stellenanzeigen d\u00fcrfen Menschen nicht aufgrund ihres <strong>Geschlecht<\/strong>s diskriminiert werden. <br>Es d\u00fcrfen nicht nur Frauen oder nur M\u00e4nner f\u00fcr eine Stelle gesucht werden \u2013 zum Beispiel \u201eSekret\u00e4rin\u201c, \u201ePutzfrau\u201c, \u201eAbteilungsleiter\u201c\u2026 <br>Jobinserate m\u00fcssen <strong>geschlechtsneutrale Berufsbezeichnungen<\/strong> enthalten \u2013 zum Beispiel Krankenpfleger<strong>In<\/strong>, Kellner<strong>_in<\/strong>, Berater<strong>*in<\/strong>.<\/p>\n\n\n\n<p>Ebenso muss das <strong>Mindestentgelt<\/strong> angegeben werden \u2013 zum Beispiel \u201eGehalt mind. \u20ac 1.337,35 brutto\/Monat\u201c.<\/p>\n\n\n\n<p>In Stellenanzeigen d\u00fcrfen Menschen nicht aufgrund ihrer <strong>Herkunft<\/strong> oder ihrer <strong>ethnischen Zugeh\u00f6rigkeit<\/strong> diskriminiert werden. <br>Solche Jobinserate sind zum Beispiel verboten: \u201enur Inl\u00e4nderInnen\u201c, \u201enur Einheimische\u201c, \u201enur \u00d6sterreicherinnen\u201c, \u201e\u00f6sterreichische Staatsb\u00fcrgerschaft\u201c, \u201eEU-\/EWR-B\u00fcrger\u201c \u201enur T\u00fcrken\u201c, \u201ekeine Kroaten\u201c, \u201ekeine D\u00e4nen\u201c, \u201ekeine Roma\u201c\u2026<\/p>\n\n\n\n<p>Diskriminierung aufgrund von <strong>Sprache<\/strong> ist auch verboten. <br>In Stellenanzeigen darf kein \u201e<strong>akzentfreies Deutsch<\/strong>\u201c oder \u201e<strong>Muttersprache Deutsch<\/strong>\u201c gefordert werden. \u201e<strong>Exzellente<\/strong>\u201c oder \u201e<strong>perfekte Deutschkenntnisse<\/strong>\u201c d\u00fcrfen nicht gefordert werden, wenn sie f\u00fcr die Arbeit nicht wichtig sind, also zum Beispiel, wenn ein*e Zeitungszusteller*in oder K\u00fcchenhilfe gesucht wird.<\/p>\n\n\n\n<p>Beispiele f\u00fcr diskriminierende Stellenanzeigen aufgrund von <strong>Religion<\/strong> und <strong>Weltanschauung<\/strong>: \u201enur echte Christen\u201c, \u201ekeine MuslimInnen\u201c, \u201ekein Kopftuch\u201c, ein Verein oder eine Partei sucht eine Reinigungskraft, die sich mit den \u201eGrundwerten\/Grunds\u00e4tzen\u201c des Vereins \/ der Partei verbunden f\u00fchlt \u2026<\/p>\n\n\n\n<p>Auch Diskriminierung aufgrund des <strong>Alters<\/strong> ist in Stellenanzeigen verboten \u2013 zum Beispiel: \u201eMitarbeiterIn f\u00fcr ein junges, dynamisches Team gesucht\u201c, \u201ejunge\/r KellnerIn gesucht\u201c, \u201eH\u00f6chstalter 30\u201c, \u201eAlter zwischen 25 und 40 Jahren\u201c, \u201eBerufsanf\u00e4ngerInnen gesucht!\u201c, \u201eB\u00fcrokraft mit mindestens 15 Jahren Berufserfahrung\u201c\u2026<\/p>\n\n\n\n<p>Auch Menschen mit <strong>Behinderung<\/strong> k\u00f6nnten durch Formulierungen wie \u201ejunges dynamisches Team\u201c diskriminiert werden.<br><br><\/p>\n\n\n\n<p><strong>F\u00fcr manche Jobs ist es erlaubt<\/strong>, nach <strong>Mitarbeiter*innen mit bestimmten Merkmalen<\/strong> (Geschlecht, Religion etc.) zu suchen, zum Beispiel eine Betreuerin im Frauenhaus oder eine*n Religionslehrer*in. Es ist auch erlaubt, ausreichende Deutschkenntnisse zu verlangen, wenn sie f\u00fcr eine bestimmte Arbeit notwendig sind.<br><br><\/p>\n\n\n\n<p>Wenn eine Stelle nicht diskriminierungsfrei ausgeschrieben wird, wird der*die Arbeitgeber*in beim ersten Mal ermahnt und muss ab dem zweiten Mal bis zu 360\u20ac <strong>Strafe<\/strong> zahlen.<\/p>\n\n\n\n<p>Wegen <strong>diskriminierende<\/strong>r <strong>Stellenanzeigen<\/strong> kann ich als Bewerber*in oder aber die <a href=\"https:\/\/www.gleichbehandlungsanwaltschaft.gv.at\">Gleichbehandlungsanwaltschaft<\/a> einen <strong>Strafantrag<\/strong> <a href=\"https:\/\/www.wien.gv.at\/mba\/mba.html\">bei der <strong>Bezirksverwaltungsbeh\u00f6rde<\/strong> \/ beim <strong>Magistrat<\/strong><\/a> (nach Sitz des ausschreibenden Unternehmens) stellen.<br><a href=\"https:\/\/www.gleichbehandlungsanwaltschaft.gv.at\/unser-angebot\/musterantrage.html\">Hier<\/a> finde ich Musterantr\u00e4ge wegen diskriminierender Stelleninserate.<\/p>\n\n\n\n<p><strong>Diskriminierende Stellenanzeigen<\/strong> kann ich auch der <strong>Zeitung<\/strong> melden.<\/p>\n","protected":false},"excerpt":{"rendered":"<p>In Stellenanzeigen d\u00fcrfen Menschen nicht aufgrund ihres Geschlechts diskriminiert werden. Es d\u00fcrfen nicht nur Frauen oder nur M\u00e4nner f\u00fcr eine Stelle gesucht werden \u2013 zum Beispiel \u201eSekret\u00e4rin\u201c, \u201ePutzfrau\u201c, \u201eAbteilungsleiter\u201c\u2026 Jobinserate m\u00fcssen geschlechtsneutrale Berufsbezeichnungen enthalten \u2013 zum Beispiel KrankenpflegerIn, Kellner_in, Berater*in. Ebenso muss das Mindestentgelt angegeben werden \u2013 zum Beispiel \u201eGehalt mind. \u20ac 1.337,35 brutto\/Monat\u201c. In [&hellip;]<\/p>\n","protected":false},"author":2,"featured_media":0,"parent":688,"menu_order":0,"comment_status":"closed","ping_status":"closed","template":"","meta":{"footnotes":""},"class_list":["post-1072","page","type-page","status-publish","hentry"],"_links":{"self":[{"href":"https:\/\/digmit.at\/index.php\/wp-json\/wp\/v2\/pages\/1072","targetHints":{"allow":["GET"]}}],"collection":[{"href":"https:\/\/digmit.at\/index.php\/wp-json\/wp\/v2\/pages"}],"about":[{"href":"https:\/\/digmit.at\/index.php\/wp-json\/wp\/v2\/types\/page"}],"author":[{"embeddable":true,"href":"https:\/\/digmit.at\/index.php\/wp-json\/wp\/v2\/users\/2"}],"replies":[{"embeddable":true,"href":"https:\/\/digmit.at\/index.php\/wp-json\/wp\/v2\/comments?post=1072"}],"version-history":[{"count":6,"href":"https:\/\/digmit.at\/index.php\/wp-json\/wp\/v2\/pages\/1072\/revisions"}],"predecessor-version":[{"id":4565,"href":"https:\/\/digmit.at\/index.php\/wp-json\/wp\/v2\/pages\/1072\/revisions\/4565"}],"up":[{"embeddable":true,"href":"https:\/\/digmit.at\/index.php\/wp-json\/wp\/v2\/pages\/688"}],"wp:attachment":[{"href":"https:\/\/digmit.at\/index.php\/wp-json\/wp\/v2\/media?parent=1072"}],"curies":[{"name":"wp","href":"https:\/\/api.w.org\/{rel}","templated":true}]}}