{"id":1140,"date":"2021-02-07T14:05:44","date_gmt":"2021-02-07T14:05:44","guid":{"rendered":"https:\/\/digmit.at\/?page_id=1140"},"modified":"2024-01-02T12:38:12","modified_gmt":"2024-01-02T12:38:12","slug":"diskriminierungen-auserhalb-der-arbeitswelt","status":"publish","type":"page","link":"https:\/\/digmit.at\/index.php\/startseite\/diskriminierung\/diskriminierungen-auserhalb-der-arbeitswelt\/","title":{"rendered":"Diskriminierungen au\u00dferhalb der Arbeitswelt"},"content":{"rendered":"\n<p><strong>Ich darf nicht beim Zugang zu G\u00fctern und Dienstleistungen diskriminiert oder (sexuell) bel\u00e4stigt werden.<\/strong><br><br><\/p>\n\n\n\n<p>Der Zugang zu G\u00fctern und Dienstleistungen betrifft zum Beispiel<\/p>\n\n\n\n<ul class=\"wp-block-list\">\n<li>das Mieten oder Kaufen von Wohnungen, Wohnungsinserate<\/li>\n\n\n\n<li>Sozialleistungen<\/li>\n\n\n\n<li>Gesundheitsdienste (Krankenh\u00e4user, \u00c4rzt*innen\u2026)<\/li>\n\n\n\n<li>den Bereich der Bildung (zum Beispiel \u00f6ffentliche Schulen)<\/li>\n\n\n\n<li>den \u00f6ffentlichen Verkehr<\/li>\n\n\n\n<li>Versicherungs- und Finanzdienstleiter (Banken)<\/li>\n\n\n\n<li>Gesch\u00e4fte\/Apotheken\/Friseursalons\u2026<\/li>\n\n\n\n<li>Hotels\/Restaurants\/Bars\/Discotheken<\/li>\n\n\n\n<li>Freizeiteinrichtungen (zum Beispiel Schwimmb\u00e4der, Kinos, Theater, Fitnessstudios)<\/li>\n\n\n\n<li>Mobilfunkanbieter<\/li>\n\n\n\n<li>Fahrschulen<\/li>\n\n\n\n<li>\u2026<br><br><\/li>\n<\/ul>\n\n\n\n<p>Wenn ich aufgrund <\/p>\n\n\n\n<ul class=\"wp-block-list\">\n<li><strong>meines Geschlechts \/ Familienstandes \/ von Kindern<\/strong><\/li>\n\n\n\n<li>oder <strong>meiner ethnischen Zugeh\u00f6rigkeit \/ Herkunft \/ Hautfarbe<\/strong><\/li>\n<\/ul>\n\n\n\n<p>beim Zugang zu G\u00fctern oder Dienstleistungen diskriminiert oder bel\u00e4stigt werde, habe ich Anspruch auf <strong>Schadenersatz<\/strong> nach dem <strong>Gleichbehandlungsgesetz<\/strong>.<\/p>\n\n\n\n<p>Das <strong>Bundes-Behindertengleichstellungsgesetz<\/strong> sch\u00fctzt mich gegen Diskriminierung beim Zugang zu G\u00fctern oder Dienstleistungen aufgrund einer <strong>Behinderung<\/strong>.<\/p>\n\n\n\n<p>Leider ist Diskriminierung beim Zugang zu G\u00fctern oder Dienstleistungen aufgrund meiner <strong>sexuellen Orientierung<\/strong>, meines <strong>Alters<\/strong>, meiner <strong>Religion<\/strong> oder <strong>Weltanschauung<\/strong> <strong>nicht gesetzlich verboten<\/strong>.<br><br><\/p>\n\n\n\n<h2 class=\"wp-block-heading\"><strong>Was tun bei Diskriminierung?<\/strong><\/h2>\n\n\n\n<p><strong>Diskriminierung und (sexuelle) Bel\u00e4stigung <\/strong><strong>beim Zugang zu G\u00fctern und Dienstleistungen<\/strong><strong> sind verboten!<\/strong><\/p>\n\n\n\n<p><strong>Wenn ich<\/strong> aufgrund<\/p>\n\n\n\n<ul class=\"wp-block-list\">\n<li>meiner ethnischen Zugeh\u00f6rigkeit \/ Herkunft \/ Hautfarbe,<\/li>\n\n\n\n<li>meines Geschlechts \/ meines Familienstandes \/ Kindern<\/li>\n\n\n\n<li>oder einer Behinderung<\/li>\n<\/ul>\n\n\n\n<p><strong>diskriminiert oder bel\u00e4stigt werde<\/strong>, kann ich <strong>mich <\/strong>dagegen <strong>wehren<\/strong>.<br><br><\/p>\n\n\n\n<p>Die <strong><a href=\"https:\/\/www.gleichbehandlungsanwaltschaft.gv.at\">Gleichbehandlungsanwaltschaft<\/a><\/strong> ber\u00e4t und unterst\u00fctzt mich, wenn ich diskriminiert oder (sexuell) bel\u00e4stigt werde.<br>\u00dcber die <strong><a href=\"https:\/\/www.gleichbehandlungsanwaltschaft.gv.at\/diskriminierung-melden\/gleichbehandlungs-app.html\">Gleichbehandlungs:App<\/a><\/strong> der Gleichbehandlungsanwaltschaft kann ich mich informieren und Diskriminierung und Bel\u00e4stigung melden (App Installieren: <a href=\"http:\/\/play.google.com\/store\/apps\/details?id=at.gv.gwa.bka&amp;gl=AT\">Google Playstore<\/a>\/ <a href=\"http:\/\/apps.apple.com\/at\/app\/gaw-gleichbehandlungs-app\/id1461211935\">iTunes<\/a>).<br>Die Gleichbehandlungsanwaltschaft leitet die notwendigen Informationen an die <strong><a href=\"https:\/\/www.bundeskanzleramt.gv.at\/agenda\/frauen-und-gleichstellung\/gleichbehandlungskommissionen\/gleichbehandlungskommission.html\">Gleichbehandlungskommission<\/a><\/strong> weiter. Die Gleichbehandlungskommission pr\u00fcft die Einzelf\u00e4lle.<\/p>\n\n\n\n<p>ACHTUNG<br>Es gibt <strong>Fristen<\/strong> f\u00fcr Beschwerden, Klagen und Schadenersatzforderungen!<br><br><\/p>\n\n\n\n<p>Wenn ich diskriminiert werde, kann ich mich an einen der <strong><a href=\"https:\/\/www.klagsverband.at\/ueber-uns\/mitglieder\">Mitgliedsvereine<\/a><\/strong> des <a href=\"https:\/\/www.klagsverband.at\"><strong>Klagsverband<\/strong>s<\/a> wenden.<br>Der Klagsverband unterst\u00fctzt Menschen, die von Diskriminierung betroffen sind, zu ihrem Recht zu kommen. Der Klagsverband bietet rechtliche Informationen, bringt F\u00e4lle vor Gericht und unterst\u00fctzt Einzelpersonen vor Gericht.<br><br><\/p>\n\n\n\n<p>Wegen <strong>diskriminierende<\/strong>r <strong>Wohnungsanzeigen<\/strong> kann ich oder die <a href=\"https:\/\/www.gleichbehandlungsanwaltschaft.gv.at\">Gleichbehandlungsanwaltschaft<\/a> einen <strong>Strafantrag<\/strong> <a href=\"https:\/\/www.wien.gv.at\/mba\/mba.html\">bei der <strong>Bezirksverwaltungsbeh\u00f6rde<\/strong> \/ beim <strong>Magistrat<\/strong><\/a> (nach Ort der inserierten Wohnung) stellen.<br><a href=\"https:\/\/www.gleichbehandlungsanwaltschaft.gv.at\/unser-angebot\/musterantrage.html\">Hier<\/a> finde ich einen Musterantrag wegen diskriminierendem Wohnungsinserat.<\/p>\n\n\n\n<p><strong>Diskriminierende Wohnungsanzeigen<\/strong> kann ich auch der <strong>Zeitung<\/strong> melden.<br><br><\/p>\n\n\n\n<p>Wenn ich Rassismus \/ rassistische Diskriminierung erfahre, kann ich bei <strong><a href=\"https:\/\/www.zara.or.at\/de\">ZARA Zivilcourage und Anti-Rassismus-Arbeit<\/a><\/strong> einen kostenlosen <a href=\"tel: +43 (0)1 236 55 34\" data-type=\"tel\" data-id=\"tel: +43 (0)1 236 55 34\">Beratungstermin vereinbaren<\/a>.<br>Wenn ich Rassismus \/ rassistische Diskriminierung erfahre oder beobachte, kann ich das auch anonym <a href=\"https:\/\/www.zara.or.at\/de\/beratung\/melden\/rassismus\">online melden<\/a>.<\/p>\n\n\n\n<p>Wenn ich als <strong>Migrant*in<\/strong> aufgrund meiner <strong>ethnischen Zugeh\u00f6rigkeit<\/strong> oder <strong>Herkunft<\/strong> diskriminiert werde, kann ich bei der <strong><a href=\"tel: +43 (0) 800 222 666\" data-type=\"tel\" data-id=\"tel: +43 (0) 800 222 666\">Hotline gegen Diskriminierung und Intoleranz<\/a><\/strong> anrufen. Hier bekomme ich Informationen, an welche Antidiskriminierungsstelle ich mich wenden kann.<br><br><\/p>\n\n\n\n<p>Wenn ich als <strong>Transgender-<\/strong> oder <strong>Intersex-Person<\/strong> diskriminiert werde, kann ich mich an die <a href=\"https:\/\/www.wien.gv.at\/kontakte\/wast\/\"><strong>Wiener Antidiskriminierungsstelle f\u00fcr gleichgeschlechtliche und transgender Lebensweisen<\/strong> (<strong>WASt<\/strong>)<\/a> wenden.<br><br><\/p>\n\n\n\n<p>Wenn ich wegen einer <strong>Behinderung<\/strong> diskriminiert werde, bekomme ich zus\u00e4tzlich hier Beratung und Informationen:<br><a href=\"https:\/\/sozialministeriumservice.at\/Ueber_uns\/Sozialministeriumservice\/Landesstellen\/Wien\/Sozialministeriumservice___Landesstelle_Wien.de.html#\"><strong>Sozialministeriumservice<\/strong> \u2013 Landesstelle Wien<\/a><br><strong><a href=\"http:\/\/www.behindertenanwalt.gv.at\">Behindertenanwaltschaft<\/a><\/strong><br><strong><a href=\"https:\/\/www.behindertenrat.at\">\u00d6sterreichischer Behindertenrat<\/a><\/strong><br><br><\/p>\n\n\n\n<p>Es ist oft <strong>schwierig<\/strong>, eine <strong>Diskriminierung<\/strong> oder <strong>Bel\u00e4stigung zu beweisen<\/strong>.<br>Deshalb gen\u00fcgt es, wenn ich eine Diskriminierung oder Bel\u00e4stigung <strong>glaubhaft mache<\/strong>. <br>Daf\u00fcr brauche ich Indizien. Deshalb ist es sehr wichtig, dass ich mir <strong>Notizen<\/strong> mache und aufschreibe, <strong>wer wann was gesagt oder gemacht hat<\/strong>.<\/p>\n","protected":false},"excerpt":{"rendered":"<p>Ich darf nicht beim Zugang zu G\u00fctern und Dienstleistungen diskriminiert oder (sexuell) bel\u00e4stigt werden. Der Zugang zu G\u00fctern und Dienstleistungen betrifft zum Beispiel Wenn ich aufgrund beim Zugang zu G\u00fctern oder Dienstleistungen diskriminiert oder bel\u00e4stigt werde, habe ich Anspruch auf Schadenersatz nach dem Gleichbehandlungsgesetz. Das Bundes-Behindertengleichstellungsgesetz sch\u00fctzt mich gegen Diskriminierung beim Zugang zu G\u00fctern oder [&hellip;]<\/p>\n","protected":false},"author":2,"featured_media":0,"parent":688,"menu_order":0,"comment_status":"closed","ping_status":"closed","template":"","meta":{"footnotes":""},"class_list":["post-1140","page","type-page","status-publish","hentry"],"_links":{"self":[{"href":"https:\/\/digmit.at\/index.php\/wp-json\/wp\/v2\/pages\/1140","targetHints":{"allow":["GET"]}}],"collection":[{"href":"https:\/\/digmit.at\/index.php\/wp-json\/wp\/v2\/pages"}],"about":[{"href":"https:\/\/digmit.at\/index.php\/wp-json\/wp\/v2\/types\/page"}],"author":[{"embeddable":true,"href":"https:\/\/digmit.at\/index.php\/wp-json\/wp\/v2\/users\/2"}],"replies":[{"embeddable":true,"href":"https:\/\/digmit.at\/index.php\/wp-json\/wp\/v2\/comments?post=1140"}],"version-history":[{"count":7,"href":"https:\/\/digmit.at\/index.php\/wp-json\/wp\/v2\/pages\/1140\/revisions"}],"predecessor-version":[{"id":4599,"href":"https:\/\/digmit.at\/index.php\/wp-json\/wp\/v2\/pages\/1140\/revisions\/4599"}],"up":[{"embeddable":true,"href":"https:\/\/digmit.at\/index.php\/wp-json\/wp\/v2\/pages\/688"}],"wp:attachment":[{"href":"https:\/\/digmit.at\/index.php\/wp-json\/wp\/v2\/media?parent=1140"}],"curies":[{"name":"wp","href":"https:\/\/api.w.org\/{rel}","templated":true}]}}