{"id":1337,"date":"2022-03-01T13:07:09","date_gmt":"2022-03-01T13:07:09","guid":{"rendered":"https:\/\/digmit.at\/?page_id=1337"},"modified":"2024-01-02T13:23:20","modified_gmt":"2024-01-02T13:23:20","slug":"ich-bin-drittstaatsangehoriger-und-bin-seit-5-jahren-in-osterreich","status":"publish","type":"page","link":"https:\/\/digmit.at\/index.php\/startseite\/aufenthaltsrecht\/ich-mochte-in-osterreich-leben-und-oder-arbeiten\/ich-bin-drittstaatsangehoriger-und\/ich-bin-drittstaatsangehoriger-und-bin-seit-5-jahren-in-osterreich\/","title":{"rendered":"Ich bin Drittstaatsangeh\u00f6rige*r und bin seit 5 Jahren in \u00d6sterreich."},"content":{"rendered":"\n<p><strong>Nach 5 Jahren Niederlassung<\/strong> in \u00d6sterreich kann ich eine \u201e<strong>Daueraufenthalt \u2013 EU<\/strong>\u201c-Karte beantragen.<br>\u201eNiederlassung\u201c bedeutet, dass ich davor zum Beispiel eine Niederlassungsbewilligung, einen Aufenthaltstitel, eine Rot-Wei\u00df-Rot Karte, eine&nbsp;Rot-Wei\u00df-Rot Karte&nbsp;plus hatte oder asylberechtigt war.&nbsp;<br>Aufenthaltsbewilligungen (zum Beispiel \u201eAufenthaltsbewilligung Student\u201c) z\u00e4hlen nicht dazu.<\/p>\n\n\n\n<p>Dazu brauche ich:<\/p>\n\n\n\n<ul class=\"wp-block-list\">\n<li>eine <strong>Unterkunft<\/strong> (zum Beispiel einen Mietvertrag)<\/li>\n\n\n\n<li>ausreichende <strong>finanzielle Mittel<\/strong> (zum Beispiel regelm\u00e4\u00dfiges Einkommen)<\/li>\n\n\n\n<li>eine <strong>Krankenversicherung<\/strong><\/li>\n\n\n\n<li><strong>keine Erteilungshindernisse<\/strong> (zum Beispiel Aufenthaltsverbot)<\/li>\n\n\n\n<li><strong>Deutsch<\/strong>kenntnisse auf <strong>B1<\/strong>-Niveau (<strong><a href=\"https:\/\/digmit.at\/index.php\/ich-muss-fur-meinen-aufenthalt-eine-deutschprufung-machen\/#modulzwei\">Modul 2 Integrationsvereinbarung<\/a><\/strong>)<\/li>\n\n\n\n<li>Das Mindestalter f\u00fcr <strong>Ehepaare<\/strong> \/ <strong>eingetragene Partner*innen<\/strong> ist <strong>21 Jahre<\/strong>.<\/li>\n<\/ul>\n\n\n\n<p>Mit einem \u201eDaueraufenthalt \u2013 EU\u201c <strong>darf<\/strong> ich in \u00d6sterreich <strong>arbeiten<\/strong>.<\/p>\n\n\n\n<p><br>ACHTUNG<br>Wenn ich <strong>l\u00e4ngere Zeit im Ausland<\/strong> (= au\u00dferhalb des EWR-Raums) bin\/war, kann ich meinen <strong>Daueraufenthalt \u2013 EU verlieren<\/strong>!<br>Als Drittstaatsangeh\u00f6rige*r darf ich nicht mehr als<strong> 12 Monate<\/strong> im Ausland sein.<br>In diesen <strong>Ausnahme<\/strong>f\u00e4llen darf l\u00e4nger (bis zu 24 Monate) im Ausland sein: Erkrankungen, Pflege Angeh\u00f6riger, Wehrdienst, \u201esoziale Verpflichtungen\u201c<br>Wenn ich die <strong><a href=\"https:\/\/digmit.at\/index.php\/ich-mochte-die-osterreichische-staatsburgerschaft-beantragen\/\">\u00f6sterreichische Staatsb\u00fcrgerschaft<\/a><\/strong> beantragen will, <strong>darf ich nicht l\u00e4nger im Ausland sein!<\/strong> <br>Ich sollte mich <strong>rechtzeitig informieren<\/strong>! Ich kann zu einer <a href=\"https:\/\/digmit.at\/index.php\/startseite\/aufenthaltsrecht\/beratungsstellen\/\" data-type=\"page\" data-id=\"824\"><strong>Beratungsstelle<\/strong><\/a> gehen.<\/p>\n\n\n\n<p>Ich kann meinen <strong>Daueraufenthalt \u2013 EU<\/strong> auch aufgrund bestimmter <strong>Straftaten verlieren<\/strong>!<\/p>\n","protected":false},"excerpt":{"rendered":"<p>Nach 5 Jahren Niederlassung in \u00d6sterreich kann ich eine \u201eDaueraufenthalt \u2013 EU\u201c-Karte beantragen.\u201eNiederlassung\u201c bedeutet, dass ich davor zum Beispiel eine Niederlassungsbewilligung, einen Aufenthaltstitel, eine Rot-Wei\u00df-Rot Karte, eine&nbsp;Rot-Wei\u00df-Rot Karte&nbsp;plus hatte oder asylberechtigt war.&nbsp;Aufenthaltsbewilligungen (zum Beispiel \u201eAufenthaltsbewilligung Student\u201c) z\u00e4hlen nicht dazu. Dazu brauche ich: Mit einem \u201eDaueraufenthalt \u2013 EU\u201c darf ich in \u00d6sterreich arbeiten. ACHTUNGWenn ich l\u00e4ngere [&hellip;]<\/p>\n","protected":false},"author":2,"featured_media":0,"parent":1323,"menu_order":0,"comment_status":"closed","ping_status":"closed","template":"","meta":{"footnotes":""},"class_list":["post-1337","page","type-page","status-publish","hentry"],"_links":{"self":[{"href":"https:\/\/digmit.at\/index.php\/wp-json\/wp\/v2\/pages\/1337","targetHints":{"allow":["GET"]}}],"collection":[{"href":"https:\/\/digmit.at\/index.php\/wp-json\/wp\/v2\/pages"}],"about":[{"href":"https:\/\/digmit.at\/index.php\/wp-json\/wp\/v2\/types\/page"}],"author":[{"embeddable":true,"href":"https:\/\/digmit.at\/index.php\/wp-json\/wp\/v2\/users\/2"}],"replies":[{"embeddable":true,"href":"https:\/\/digmit.at\/index.php\/wp-json\/wp\/v2\/comments?post=1337"}],"version-history":[{"count":16,"href":"https:\/\/digmit.at\/index.php\/wp-json\/wp\/v2\/pages\/1337\/revisions"}],"predecessor-version":[{"id":4609,"href":"https:\/\/digmit.at\/index.php\/wp-json\/wp\/v2\/pages\/1337\/revisions\/4609"}],"up":[{"embeddable":true,"href":"https:\/\/digmit.at\/index.php\/wp-json\/wp\/v2\/pages\/1323"}],"wp:attachment":[{"href":"https:\/\/digmit.at\/index.php\/wp-json\/wp\/v2\/media?parent=1337"}],"curies":[{"name":"wp","href":"https:\/\/api.w.org\/{rel}","templated":true}]}}