{"id":1345,"date":"2022-03-01T13:17:17","date_gmt":"2022-03-01T13:17:17","guid":{"rendered":"https:\/\/digmit.at\/?page_id=1345"},"modified":"2022-06-07T07:48:41","modified_gmt":"2022-06-07T07:48:41","slug":"ich-bin-drittstaatsangehoriger-und-habe-familie-in-osterreich","status":"publish","type":"page","link":"https:\/\/digmit.at\/index.php\/startseite\/aufenthaltsrecht\/ich-mochte-in-osterreich-leben-und-oder-arbeiten\/ich-bin-drittstaatsangehoriger-und\/ich-bin-drittstaatsangehoriger-und-habe-familie-in-osterreich\/","title":{"rendered":"Ich bin Drittstaatsangeh\u00f6rige*r und habe Familie in \u00d6sterreich."},"content":{"rendered":"\n<div class=\"wp-block-buttons is-layout-flex wp-block-buttons-is-layout-flex\">\n<div class=\"wp-block-button\"><a class=\"wp-block-button__link\" href=\"https:\/\/digmit.at\/index.php\/startseite\/aufenthaltsrecht\/ich-mochte-in-osterreich-leben-und-oder-arbeiten\/ich-bin-drittstaatsangehoriger-und\/ich-bin-drittstaatsangehoriger-und-habe-familie-in-osterreich\/ich-bin-ehegattin-oder-minderjahriges-unverheiratetes-kind-einers-drittstaatsangehorigen\/\">Ich bin Ehegatt*in oder minderj\u00e4hriges unverheiratetes Kind einer*s Drittstaatsangeh\u00f6rigen.<\/a><\/div>\n<\/div>\n\n\n\n<div class=\"wp-block-buttons is-layout-flex wp-block-buttons-is-layout-flex\">\n<div class=\"wp-block-button\"><a class=\"wp-block-button__link\" href=\"https:\/\/digmit.at\/index.php\/startseite\/aufenthaltsrecht\/ich-mochte-in-osterreich-leben-und-oder-arbeiten\/ich-bin-drittstaatsangehoriger-und\/ich-bin-drittstaatsangehoriger-und-habe-familie-in-osterreich\/ich-bin-ehegattin-oder-minderjahriges-unverheiratetes-kind-einers-osterreicherin\/\">Ich bin Ehegatt*in oder minderj\u00e4hriges unverheiratetes Kind einer*s \u00d6sterreicher*in.<\/a><\/div>\n<\/div>\n\n\n\n<div class=\"wp-block-buttons is-layout-flex wp-block-buttons-is-layout-flex\">\n<div class=\"wp-block-button\"><a class=\"wp-block-button__link\" href=\"https:\/\/digmit.at\/index.php\/startseite\/aufenthaltsrecht\/ich-mochte-in-osterreich-leben-und-oder-arbeiten\/ich-bin-drittstaatsangehoriger-und\/ich-bin-drittstaatsangehoriger-und-habe-familie-in-osterreich\/ich-bin-elternteil-oder-volljahriges-kind-oder-angehoriger-einers-osterreicherin\/\">Ich bin Elternteil oder vollj\u00e4hriges Kind oder Angeh\u00f6rige*r einer*s \u00d6sterreicher*in.<\/a><\/div>\n<\/div>\n\n\n\n<div class=\"wp-block-buttons is-layout-flex wp-block-buttons-is-layout-flex\">\n<div class=\"wp-block-button\"><a class=\"wp-block-button__link\" href=\"https:\/\/digmit.at\/index.php\/startseite\/aufenthaltsrecht\/ich-mochte-in-osterreich-leben-und-oder-arbeiten\/ich-bin-drittstaatsangehoriger-und\/ich-bin-drittstaatsangehoriger-und-habe-familie-in-osterreich\/ich-bin-ehegattin-oder-minderjahriges-unverheiratetes-einers-eu-burgerin\/\">Ich bin Ehegatt*in oder minderj\u00e4hriges unverheiratetes Kind einer*s EU-B\u00fcrger*in.<\/a><\/div>\n<\/div>\n","protected":false},"excerpt":{"rendered":"","protected":false},"author":2,"featured_media":0,"parent":1323,"menu_order":0,"comment_status":"closed","ping_status":"closed","template":"","meta":{"footnotes":""},"class_list":["post-1345","page","type-page","status-publish","hentry"],"_links":{"self":[{"href":"https:\/\/digmit.at\/index.php\/wp-json\/wp\/v2\/pages\/1345","targetHints":{"allow":["GET"]}}],"collection":[{"href":"https:\/\/digmit.at\/index.php\/wp-json\/wp\/v2\/pages"}],"about":[{"href":"https:\/\/digmit.at\/index.php\/wp-json\/wp\/v2\/types\/page"}],"author":[{"embeddable":true,"href":"https:\/\/digmit.at\/index.php\/wp-json\/wp\/v2\/users\/2"}],"replies":[{"embeddable":true,"href":"https:\/\/digmit.at\/index.php\/wp-json\/wp\/v2\/comments?post=1345"}],"version-history":[{"count":7,"href":"https:\/\/digmit.at\/index.php\/wp-json\/wp\/v2\/pages\/1345\/revisions"}],"predecessor-version":[{"id":1712,"href":"https:\/\/digmit.at\/index.php\/wp-json\/wp\/v2\/pages\/1345\/revisions\/1712"}],"up":[{"embeddable":true,"href":"https:\/\/digmit.at\/index.php\/wp-json\/wp\/v2\/pages\/1323"}],"wp:attachment":[{"href":"https:\/\/digmit.at\/index.php\/wp-json\/wp\/v2\/media?parent=1345"}],"curies":[{"name":"wp","href":"https:\/\/api.w.org\/{rel}","templated":true}]}}