{"id":1392,"date":"2022-03-01T14:58:15","date_gmt":"2022-03-01T14:58:15","guid":{"rendered":"https:\/\/digmit.at\/?page_id=1392"},"modified":"2024-01-02T13:51:29","modified_gmt":"2024-01-02T13:51:29","slug":"ich-habe-ein-arbeitsangebot","status":"publish","type":"page","link":"https:\/\/digmit.at\/index.php\/startseite\/aufenthaltsrecht\/ich-mochte-in-osterreich-leben-und-oder-arbeiten\/ich-bin-drittstaatsangehoriger-und\/ich-habe-ein-arbeitsangebot\/","title":{"rendered":"Ich bin Drittstaatsangeh\u00f6rige*r und habe ein Arbeitsangebot."},"content":{"rendered":"\n<p><strong>Qualifizierte Arbeitskr\u00e4fte<\/strong> k\u00f6nnen eine <strong>Rot-Wei\u00df-Rot Karte<\/strong> beantragen. <\/p>\n\n\n\n<p>Ich kann eine Rot-Wei\u00df-Rot Karte nur beantragen, wenn ich ein <strong>Arbeitsangebot<\/strong> habe. <\/p>\n\n\n\n<p>Mit einer Rot-Wei\u00df-Rot Karte darf ich <strong>nur bei dem*r Arbeitgeber*in arbeiten<\/strong>, von dem*r ich das Arbeitsangebot bekommen habe.<\/p>\n\n\n\n<p>Diese Personengruppen k\u00f6nnen eine Rot-Wei\u00df-Rot Karte beantragen:<\/p>\n\n\n\n<div class=\"wp-block-buttons is-layout-flex wp-block-buttons-is-layout-flex\">\n<div class=\"wp-block-button\"><a class=\"wp-block-button__link wp-element-button\" href=\"https:\/\/digmit.at\/index.php\/startseite\/aufenthaltsrecht\/ich-mochte-in-osterreich-leben-und-oder-arbeiten\/ich-bin-drittstaatsangehoriger-und\/ich-habe-ein-arbeitsangebot\/besonders-hochqualifizierte\/\">\u201eBesonders Hochqualifizierte\u201c<\/a><\/div>\n<\/div>\n\n\n\n<div class=\"wp-block-buttons is-layout-flex wp-block-buttons-is-layout-flex\">\n<div class=\"wp-block-button\"><a class=\"wp-block-button__link wp-element-button\" href=\"https:\/\/digmit.at\/index.php\/startseite\/aufenthaltsrecht\/ich-mochte-in-osterreich-leben-und-oder-arbeiten\/ich-bin-drittstaatsangehoriger-und\/ich-habe-ein-arbeitsangebot\/sonstige-schlusselkrafte\/\">\u201eSonstige Schl\u00fcsselkr\u00e4fte\u201c<\/a><\/div>\n<\/div>\n\n\n\n<div class=\"wp-block-buttons is-layout-flex wp-block-buttons-is-layout-flex\">\n<div class=\"wp-block-button\"><a class=\"wp-block-button__link wp-element-button\" href=\"https:\/\/digmit.at\/index.php\/startseite\/aufenthaltsrecht\/ich-mochte-in-osterreich-leben-und-oder-arbeiten\/ich-bin-drittstaatsangehoriger-und\/ich-habe-ein-arbeitsangebot\/absolventinnen-eines-studiums-in-osterreich\/\">\u201eAbsolvent*innen eines Studiums in \u00d6sterreich\u201c<\/a><\/div>\n<\/div>\n\n\n\n<div class=\"wp-block-buttons is-layout-flex wp-block-buttons-is-layout-flex\">\n<div class=\"wp-block-button\"><a class=\"wp-block-button__link wp-element-button\" href=\"https:\/\/digmit.at\/index.php\/startseite\/aufenthaltsrecht\/ich-mochte-in-osterreich-leben-und-oder-arbeiten\/ich-bin-drittstaatsangehoriger-und\/ich-habe-ein-arbeitsangebot\/fachkrafte-in-mangelberufen\/\">\u201eFachkr\u00e4fte in Mangelberufen\u201c<\/a><\/div>\n<\/div>\n\n\n\n<div class=\"wp-block-buttons is-layout-flex wp-block-buttons-is-layout-flex\">\n<div class=\"wp-block-button is-style-outline is-style-outline--1\"><a class=\"wp-block-button__link wp-element-button\" href=\"https:\/\/digmit.at\/index.php\/startseite\/aufenthaltsrecht\/ich-mochte-in-osterreich-leben-und-oder-arbeiten\/ich-bin-drittstaatsangehoriger-und\/ich-habe-ein-arbeitsangebot\/blaue-karte-eu\/\">\u201eBlaue Karte \u2013 EU\u201c<\/a><\/div>\n<\/div>\n","protected":false},"excerpt":{"rendered":"<p>Qualifizierte Arbeitskr\u00e4fte k\u00f6nnen eine Rot-Wei\u00df-Rot Karte beantragen. Ich kann eine Rot-Wei\u00df-Rot Karte nur beantragen, wenn ich ein Arbeitsangebot habe. Mit einer Rot-Wei\u00df-Rot Karte darf ich nur bei dem*r Arbeitgeber*in arbeiten, von dem*r ich das Arbeitsangebot bekommen habe. Diese Personengruppen k\u00f6nnen eine Rot-Wei\u00df-Rot Karte beantragen:<\/p>\n","protected":false},"author":2,"featured_media":0,"parent":1323,"menu_order":0,"comment_status":"closed","ping_status":"closed","template":"","meta":{"footnotes":""},"class_list":["post-1392","page","type-page","status-publish","hentry"],"_links":{"self":[{"href":"https:\/\/digmit.at\/index.php\/wp-json\/wp\/v2\/pages\/1392","targetHints":{"allow":["GET"]}}],"collection":[{"href":"https:\/\/digmit.at\/index.php\/wp-json\/wp\/v2\/pages"}],"about":[{"href":"https:\/\/digmit.at\/index.php\/wp-json\/wp\/v2\/types\/page"}],"author":[{"embeddable":true,"href":"https:\/\/digmit.at\/index.php\/wp-json\/wp\/v2\/users\/2"}],"replies":[{"embeddable":true,"href":"https:\/\/digmit.at\/index.php\/wp-json\/wp\/v2\/comments?post=1392"}],"version-history":[{"count":9,"href":"https:\/\/digmit.at\/index.php\/wp-json\/wp\/v2\/pages\/1392\/revisions"}],"predecessor-version":[{"id":4619,"href":"https:\/\/digmit.at\/index.php\/wp-json\/wp\/v2\/pages\/1392\/revisions\/4619"}],"up":[{"embeddable":true,"href":"https:\/\/digmit.at\/index.php\/wp-json\/wp\/v2\/pages\/1323"}],"wp:attachment":[{"href":"https:\/\/digmit.at\/index.php\/wp-json\/wp\/v2\/media?parent=1392"}],"curies":[{"name":"wp","href":"https:\/\/api.w.org\/{rel}","templated":true}]}}