{"id":1437,"date":"2022-03-01T16:31:44","date_gmt":"2022-03-01T16:31:44","guid":{"rendered":"https:\/\/digmit.at\/?page_id=1437"},"modified":"2024-01-02T14:20:10","modified_gmt":"2024-01-02T14:20:10","slug":"ich-bin-drittstaatsangehoriger-und-mochte-als-au-pair-arbeiten","status":"publish","type":"page","link":"https:\/\/digmit.at\/index.php\/startseite\/aufenthaltsrecht\/ich-mochte-in-osterreich-leben-und-oder-arbeiten\/ich-bin-drittstaatsangehoriger-und\/ich-bin-drittstaatsangehoriger-und-mochte-als-au-pair-arbeiten\/","title":{"rendered":"Ich bin Drittstaatsangeh\u00f6rige*r und m\u00f6chte als\u00a0Au-pair\u00a0arbeiten.\ufffc"},"content":{"rendered":"\n<p>Ich darf mit einer \u201e<strong>Aufenthaltsbewilligung \u2013 Sonderf\u00e4lle unselbst\u00e4ndiger Erwerbst\u00e4tigkeit<\/strong>\u201c zum Beispiel als <strong>Au-pair<\/strong> arbeiten, wenn ich <strong>zwischen 18 und 28 Jahre alt<\/strong> bin.<\/p>\n\n\n\n<p>Bevor ich anfange zu arbeiten, muss mein*e <strong>Arbeitgeber*in<\/strong> eine <strong>Anzeigebest\u00e4tigung beim AMS beantragen<\/strong>.<\/p>\n\n\n\n<p>Mehr Informationen finde ich hier:<br><a href=\"https:\/\/lefoe.at\/wp-content\/uploads\/2022\/10\/Au_Pairs_Broschu%CC%88re-Deutsch.pdf\">Brosch\u00fcre Au Pairs \u00d6sterreich \u2013 Deutsch (LEF\u00d6 IBF)<\/a><br><a href=\"https:\/\/lefoe.at\/wp-content\/uploads\/2022\/10\/Au_Pairs_ES_final_2021_PDF.pdf\">Brosch\u00fcre Au Pairs \u00d6sterreich \u2013 Spanisch (LEF\u00d6 IBF)<\/a><br><a href=\"https:\/\/lefoe.at\/wp-content\/uploads\/2022\/10\/Au_Pairs_Broschu%CC%88re-Englisch.pdf\">Brosch\u00fcre Au Pairs \u00d6sterreich \u2013 Englisch (LEF\u00d6 IBF)<\/a><\/p>\n\n\n\n<p><br><a href=\"https:\/\/aupair-repair.com\/3\/\"><strong>Au-Pair-Repair<\/strong><\/a> setzt sich f\u00fcr die Rechte von Au-pairs in \u00d6sterreich ein:<br>Instagram:\u00a0<a href=\"https:\/\/www.instagram.com\/aupairrepair\/\">aupairrepair<\/a><br>E-Mail:\u00a0<a>aupairrepair@gmail.com<\/a><br><a href=\"https:\/\/wa.me\/6705587918\">WhatsApp<\/a>: <a href=\"tel: +436705587918\">06705587918<\/a><\/p>\n\n\n\n<p>In dieser <a href=\"https:\/\/drive.google.com\/file\/d\/1PPQYNhWhOH9zRC41G3Lai3ogyK5GLkhK\/view\"><strong>Arbeitszeitaufzeichnung<\/strong><\/a> kann ich aufschreiben, wie viel ich arbeite.<\/p>\n","protected":false},"excerpt":{"rendered":"<p>Ich darf mit einer \u201eAufenthaltsbewilligung \u2013 Sonderf\u00e4lle unselbst\u00e4ndiger Erwerbst\u00e4tigkeit\u201c zum Beispiel als Au-pair arbeiten, wenn ich zwischen 18 und 28 Jahre alt bin. Bevor ich anfange zu arbeiten, muss mein*e Arbeitgeber*in eine Anzeigebest\u00e4tigung beim AMS beantragen. Mehr Informationen finde ich hier:Brosch\u00fcre Au Pairs \u00d6sterreich \u2013 Deutsch (LEF\u00d6 IBF)Brosch\u00fcre Au Pairs \u00d6sterreich \u2013 Spanisch (LEF\u00d6 IBF)Brosch\u00fcre [&hellip;]<\/p>\n","protected":false},"author":2,"featured_media":0,"parent":1323,"menu_order":0,"comment_status":"closed","ping_status":"closed","template":"","meta":{"footnotes":""},"class_list":["post-1437","page","type-page","status-publish","hentry"],"_links":{"self":[{"href":"https:\/\/digmit.at\/index.php\/wp-json\/wp\/v2\/pages\/1437","targetHints":{"allow":["GET"]}}],"collection":[{"href":"https:\/\/digmit.at\/index.php\/wp-json\/wp\/v2\/pages"}],"about":[{"href":"https:\/\/digmit.at\/index.php\/wp-json\/wp\/v2\/types\/page"}],"author":[{"embeddable":true,"href":"https:\/\/digmit.at\/index.php\/wp-json\/wp\/v2\/users\/2"}],"replies":[{"embeddable":true,"href":"https:\/\/digmit.at\/index.php\/wp-json\/wp\/v2\/comments?post=1437"}],"version-history":[{"count":5,"href":"https:\/\/digmit.at\/index.php\/wp-json\/wp\/v2\/pages\/1437\/revisions"}],"predecessor-version":[{"id":4628,"href":"https:\/\/digmit.at\/index.php\/wp-json\/wp\/v2\/pages\/1437\/revisions\/4628"}],"up":[{"embeddable":true,"href":"https:\/\/digmit.at\/index.php\/wp-json\/wp\/v2\/pages\/1323"}],"wp:attachment":[{"href":"https:\/\/digmit.at\/index.php\/wp-json\/wp\/v2\/media?parent=1437"}],"curies":[{"name":"wp","href":"https:\/\/api.w.org\/{rel}","templated":true}]}}