{"id":1440,"date":"2022-03-01T16:35:15","date_gmt":"2022-03-01T16:35:15","guid":{"rendered":"https:\/\/digmit.at\/?page_id=1440"},"modified":"2023-08-17T22:05:25","modified_gmt":"2023-08-17T22:05:25","slug":"ich-bin-drittstaatsangehoriger-und-mochte-als-saisonniere-arbeiten","status":"publish","type":"page","link":"https:\/\/digmit.at\/index.php\/startseite\/aufenthaltsrecht\/ich-mochte-in-osterreich-leben-und-oder-arbeiten\/ich-bin-drittstaatsangehoriger-und\/ich-bin-drittstaatsangehoriger-und-mochte-als-saisonniere-arbeiten\/","title":{"rendered":"Ich bin Drittstaatsangeh\u00f6rige*r und m\u00f6chte als Saisonnier*e arbeiten.\ufffc"},"content":{"rendered":"\n<p>Als Saison-Besch\u00e4ftigte*r brauche ich eine <strong>Besch\u00e4ftigungsbewilligung vom AMS<\/strong>. <\/p>\n\n\n\n<p>Mit dieser Besch\u00e4ftigungsbewilligung darf ich <strong>f\u00fcr maximal 6 Monate arbeiten<\/strong>.<\/p>\n\n\n\n<p><br><\/p>\n\n\n\n<div class=\"wp-block-group\"><div class=\"wp-block-group__inner-container is-layout-constrained wp-block-group-is-layout-constrained\">\n<h2 class=\"wp-block-heading\">weitere Informationen<\/h2>\n\n\n\n<ul class=\"wp-block-list\">\n<li><a href=\"https:\/\/www.sezonieri.at\">SEZONIERI \u2013 Kampagne f\u00fcr die Rechte der Erntearbeiter_innen in \u00d6sterreich<\/a><\/li>\n<\/ul>\n<\/div><\/div>\n\n\n\n<p><br><\/p>\n","protected":false},"excerpt":{"rendered":"<p>Als Saison-Besch\u00e4ftigte*r brauche ich eine Besch\u00e4ftigungsbewilligung vom AMS. Mit dieser Besch\u00e4ftigungsbewilligung darf ich f\u00fcr maximal 6 Monate arbeiten. weitere Informationen<\/p>\n","protected":false},"author":2,"featured_media":0,"parent":1323,"menu_order":0,"comment_status":"closed","ping_status":"closed","template":"","meta":{"footnotes":""},"class_list":["post-1440","page","type-page","status-publish","hentry"],"_links":{"self":[{"href":"https:\/\/digmit.at\/index.php\/wp-json\/wp\/v2\/pages\/1440","targetHints":{"allow":["GET"]}}],"collection":[{"href":"https:\/\/digmit.at\/index.php\/wp-json\/wp\/v2\/pages"}],"about":[{"href":"https:\/\/digmit.at\/index.php\/wp-json\/wp\/v2\/types\/page"}],"author":[{"embeddable":true,"href":"https:\/\/digmit.at\/index.php\/wp-json\/wp\/v2\/users\/2"}],"replies":[{"embeddable":true,"href":"https:\/\/digmit.at\/index.php\/wp-json\/wp\/v2\/comments?post=1440"}],"version-history":[{"count":5,"href":"https:\/\/digmit.at\/index.php\/wp-json\/wp\/v2\/pages\/1440\/revisions"}],"predecessor-version":[{"id":2658,"href":"https:\/\/digmit.at\/index.php\/wp-json\/wp\/v2\/pages\/1440\/revisions\/2658"}],"up":[{"embeddable":true,"href":"https:\/\/digmit.at\/index.php\/wp-json\/wp\/v2\/pages\/1323"}],"wp:attachment":[{"href":"https:\/\/digmit.at\/index.php\/wp-json\/wp\/v2\/media?parent=1440"}],"curies":[{"name":"wp","href":"https:\/\/api.w.org\/{rel}","templated":true}]}}