{"id":1458,"date":"2022-03-01T17:01:45","date_gmt":"2022-03-01T17:01:45","guid":{"rendered":"https:\/\/digmit.at\/?page_id=1458"},"modified":"2022-03-01T17:07:36","modified_gmt":"2022-03-01T17:07:36","slug":"ich-bin-asylwerberin","status":"publish","type":"page","link":"https:\/\/digmit.at\/index.php\/startseite\/aufenthaltsrecht\/ich-mochte-in-osterreich-leben-und-oder-arbeiten\/ich-bin-asylwerberin\/","title":{"rendered":"Ich bin\u00a0Asylwerber*in."},"content":{"rendered":"\n<p>Ich darf als Asylwerber*in w\u00e4hrend meines Asylverfahrens <strong>nur<\/strong><\/p>\n\n\n\n<ul class=\"wp-block-list\"><li>mit einer <strong>Besch\u00e4ftigungsbewilligung vom AMS<\/strong> (zum Beispiel als Saison-Besch\u00e4ftigte)<\/li><li>oder <strong>eingeschr\u00e4nkt selbstst\u00e4ndig<\/strong> (zum Beispiel mit Dienstleistungscheck)<\/li><\/ul>\n\n\n\n<p><strong>arbeiten<\/strong>.<\/p>\n","protected":false},"excerpt":{"rendered":"<p>Ich darf als Asylwerber*in w\u00e4hrend meines Asylverfahrens nur mit einer Besch\u00e4ftigungsbewilligung vom AMS (zum Beispiel als Saison-Besch\u00e4ftigte) oder eingeschr\u00e4nkt selbstst\u00e4ndig (zum Beispiel mit Dienstleistungscheck) arbeiten.<\/p>\n","protected":false},"author":2,"featured_media":0,"parent":1318,"menu_order":0,"comment_status":"closed","ping_status":"closed","template":"","meta":{"footnotes":""},"class_list":["post-1458","page","type-page","status-publish","hentry"],"_links":{"self":[{"href":"https:\/\/digmit.at\/index.php\/wp-json\/wp\/v2\/pages\/1458","targetHints":{"allow":["GET"]}}],"collection":[{"href":"https:\/\/digmit.at\/index.php\/wp-json\/wp\/v2\/pages"}],"about":[{"href":"https:\/\/digmit.at\/index.php\/wp-json\/wp\/v2\/types\/page"}],"author":[{"embeddable":true,"href":"https:\/\/digmit.at\/index.php\/wp-json\/wp\/v2\/users\/2"}],"replies":[{"embeddable":true,"href":"https:\/\/digmit.at\/index.php\/wp-json\/wp\/v2\/comments?post=1458"}],"version-history":[{"count":3,"href":"https:\/\/digmit.at\/index.php\/wp-json\/wp\/v2\/pages\/1458\/revisions"}],"predecessor-version":[{"id":1465,"href":"https:\/\/digmit.at\/index.php\/wp-json\/wp\/v2\/pages\/1458\/revisions\/1465"}],"up":[{"embeddable":true,"href":"https:\/\/digmit.at\/index.php\/wp-json\/wp\/v2\/pages\/1318"}],"wp:attachment":[{"href":"https:\/\/digmit.at\/index.php\/wp-json\/wp\/v2\/media?parent=1458"}],"curies":[{"name":"wp","href":"https:\/\/api.w.org\/{rel}","templated":true}]}}