{"id":1571,"date":"2022-03-28T13:06:01","date_gmt":"2022-03-28T13:06:01","guid":{"rendered":"https:\/\/digmit.at\/?page_id=1571"},"modified":"2023-11-17T13:48:04","modified_gmt":"2023-11-17T13:48:04","slug":"thema-3-men-via","status":"publish","type":"page","link":"https:\/\/digmit.at\/index.php\/deutsch-alpha\/thema-3-men-via\/","title":{"rendered":"MEN VIA \u2013 Unterst\u00fctzung f\u00fcr M\u00e4nner, die von Menschenhandel betroffen sind"},"content":{"rendered":"\n<p><a href=\"http:\/\/www.men-center.at\/arbeitsbereiche\/men-via\/\">www.men-center.at\/arbeitsbereiche\/men-via\/<\/a><\/p>\n\n\n\n<figure class=\"wp-block-video\"><video height=\"1080\" style=\"aspect-ratio: 1920 \/ 1080;\" width=\"1920\" controls src=\"https:\/\/digmit.at\/wp-content\/uploads\/2022\/03\/MEN_VIA_2021_dt_subtitles.m4v\"><\/video><figcaption class=\"wp-element-caption\"><a href=\"https:\/\/men-center.at\/wp-content\/uploads\/2022\/03\/MEN_VIA_2021_dt_subtitles.m4v\">MEN VIA unterst\u00fctzt m\u00e4nnliche Betroffene von Menschenhandel in ganz \u00d6sterreich. Schau nicht weg, schau hin! (MEN VIA)<\/a><\/figcaption><\/figure>\n\n\n\n<p><br>Unsere digitalen \u00dcbungen werden gerade entwickelt. Folgende \u00dcbungen k\u00f6nnen schon ausprobiert werden:<\/p>\n\n\n\n<div class=\"wp-block-buttons is-layout-flex wp-block-buttons-is-layout-flex\">\n<div class=\"wp-block-button\"><a class=\"wp-block-button__link wp-element-button\" href=\"https:\/\/digmit.at\/index.php\/deutsch-alpha\/thema-3-men-via\/men-via-ubung-1\/\">\u00dcbung 1: Silben Puzzle<\/a><\/div>\n<\/div>\n\n\n\n<div class=\"wp-block-buttons is-layout-flex wp-block-buttons-is-layout-flex\">\n<div class=\"wp-block-button\"><a class=\"wp-block-button__link wp-element-button\" href=\"https:\/\/digmit.at\/index.php\/deutsch-alpha\/thema-3-men-via\/men-via-ubung-2\/\">\u00dcbung 2: Bestehen die W\u00f6rter aus 2 Silben?<\/a><\/div>\n<\/div>\n\n\n\n<div class=\"wp-block-buttons is-layout-flex wp-block-buttons-is-layout-flex\">\n<div class=\"wp-block-button\"><a class=\"wp-block-button__link wp-element-button\" href=\"https:\/\/digmit.at\/index.php\/deutsch-alpha\/thema-3-men-via\/men-via-ubung-3\/\">\u00dcbung 3: H\u00f6rst du ein Ei?<\/a><\/div>\n<\/div>\n\n\n\n<div class=\"wp-block-buttons is-layout-flex wp-block-buttons-is-layout-flex\">\n<div class=\"wp-block-button\"><a class=\"wp-block-button__link wp-element-button\" href=\"https:\/\/digmit.at\/index.php\/deutsch-alpha\/thema-3-men-via\/men-via-ubung-4\/\">\u00dcbung 4: H\u00f6rst du am Anfang ein B?<\/a><\/div>\n<\/div>\n\n\n\n<div class=\"wp-block-buttons is-layout-flex wp-block-buttons-is-layout-flex\">\n<div class=\"wp-block-button\"><a class=\"wp-block-button__link wp-element-button\" href=\"https:\/\/digmit.at\/index.php\/deutsch-alpha\/thema-3-men-via\/men-via-ubung-5\/\">\u00dcbung 5: H\u00f6rst du am Ende ein N?<\/a><\/div>\n<\/div>\n\n\n\n<div class=\"wp-block-buttons is-layout-flex wp-block-buttons-is-layout-flex\">\n<div class=\"wp-block-button\"><a class=\"wp-block-button__link wp-element-button\" href=\"https:\/\/digmit.at\/index.php\/deutsch-alpha\/thema-3-men-via\/men-via-ubung-6\/\">\u00dcbung 6: H\u00f6rst du a oder e?<\/a><\/div>\n<\/div>\n\n\n\n<div class=\"wp-block-buttons is-layout-flex wp-block-buttons-is-layout-flex\">\n<div class=\"wp-block-button\"><a class=\"wp-block-button__link wp-element-button\" href=\"https:\/\/digmit.at\/index.php\/deutsch-alpha\/thema-3-men-via\/men-via-ubung-7\/\">\u00dcbung 7: H\u00f6rst du i oder ie?<\/a><\/div>\n<\/div>\n\n\n\n<div class=\"wp-block-buttons is-layout-flex wp-block-buttons-is-layout-flex\">\n<div class=\"wp-block-button\"><a class=\"wp-block-button__link wp-element-button\" href=\"https:\/\/digmit.at\/index.php\/deutsch-alpha\/thema-3-men-via\/men-via-ubung-8\/\">\u00dcbung 8: Kurze oder lange Vokale?<\/a><\/div>\n<\/div>\n\n\n\n<div class=\"wp-block-buttons is-layout-flex wp-block-buttons-is-layout-flex\">\n<div class=\"wp-block-button\"><a class=\"wp-block-button__link wp-element-button\" href=\"https:\/\/digmit.at\/index.php\/deutsch-alpha\/thema-3-men-via\/men-via-ubung-8a\/\">\u00dcbung 8a: H\u00f6rst du ch oder sch?<\/a><\/div>\n<\/div>\n\n\n\n<div class=\"wp-block-buttons is-layout-flex wp-block-buttons-is-layout-flex\">\n<div class=\"wp-block-button\"><a class=\"wp-block-button__link wp-element-button\" href=\"https:\/\/digmit.at\/index.php\/deutsch-alpha\/thema-3-men-via\/men-via-ubung-9\/\">\u00dcbung 9: Wort h\u00f6ren und schreiben<\/a><\/div>\n<\/div>\n\n\n\n<div class=\"wp-block-buttons is-layout-flex wp-block-buttons-is-layout-flex\">\n<div class=\"wp-block-button\"><a class=\"wp-block-button__link wp-element-button\" href=\"https:\/\/digmit.at\/index.php\/deutsch-alpha\/thema-3-men-via\/men-via-ubung-10\/\">\u00dcbung 10: Laute h\u00f6ren &#8211; Wort schreiben<\/a><\/div>\n<\/div>\n\n\n\n<div class=\"wp-block-buttons is-layout-flex wp-block-buttons-is-layout-flex\">\n<div class=\"wp-block-button\"><a class=\"wp-block-button__link wp-element-button\" href=\"https:\/\/digmit.at\/index.php\/deutsch-alpha\/thema-3-men-via\/men-via-ubung-11\/\">\u00dcbung 11: H\u00f6rst du ein Nomen oder ein Verb?<\/a><\/div>\n<\/div>\n\n\n\n<p><\/p>\n\n\n\n<div class=\"wp-block-buttons is-layout-flex wp-block-buttons-is-layout-flex\">\n<div class=\"wp-block-button is-style-outline blue is-style-outline--1\"><a class=\"wp-block-button__link wp-element-button\" href=\"https:\/\/digmit.at\/wp-content\/uploads\/2022\/07\/Transkript_MEN-VIA.docx\" style=\"border-radius:0px\">Text \/ Transkript<\/a><\/div>\n<\/div>\n\n\n\n<div class=\"wp-block-buttons is-layout-flex wp-block-buttons-is-layout-flex\">\n<div class=\"wp-block-button is-style-fill blue\"><a class=\"wp-block-button__link wp-element-button\" href=\"https:\/\/digmit.at\/index.php\/deutsch-alpha\/thema-3-men-via\/ubungen-zum-ausdrucken_men-via\/\">\u00dcbungen zum Ausdrucken<\/a><\/div>\n<\/div>\n\n\n\n<p><\/p>\n\n\n\n<div class=\"wp-block-buttons is-layout-flex wp-block-buttons-is-layout-flex\">\n<div class=\"wp-block-button is-style-outline black is-style-outline--2\"><a class=\"wp-block-button__link wp-element-button\" href=\"https:\/\/digmit.at\/index.php\/deutsch-alpha\/thema-3-men-via\/men-via-unterstutzt-betroffene-von-menschenhandel-in-ganz-osterreich-schau-nicht-weg-schau-hin\/\" style=\"border-radius:0px\">Video in vielen Sprachen<\/a><\/div>\n<\/div>\n","protected":false},"excerpt":{"rendered":"<p>www.men-center.at\/arbeitsbereiche\/men-via\/ Unsere digitalen \u00dcbungen werden gerade entwickelt. Folgende \u00dcbungen k\u00f6nnen schon ausprobiert werden:<\/p>\n","protected":false},"author":2,"featured_media":0,"parent":107,"menu_order":0,"comment_status":"closed","ping_status":"closed","template":"","meta":{"footnotes":""},"class_list":["post-1571","page","type-page","status-publish","hentry"],"_links":{"self":[{"href":"https:\/\/digmit.at\/index.php\/wp-json\/wp\/v2\/pages\/1571","targetHints":{"allow":["GET"]}}],"collection":[{"href":"https:\/\/digmit.at\/index.php\/wp-json\/wp\/v2\/pages"}],"about":[{"href":"https:\/\/digmit.at\/index.php\/wp-json\/wp\/v2\/types\/page"}],"author":[{"embeddable":true,"href":"https:\/\/digmit.at\/index.php\/wp-json\/wp\/v2\/users\/2"}],"replies":[{"embeddable":true,"href":"https:\/\/digmit.at\/index.php\/wp-json\/wp\/v2\/comments?post=1571"}],"version-history":[{"count":18,"href":"https:\/\/digmit.at\/index.php\/wp-json\/wp\/v2\/pages\/1571\/revisions"}],"predecessor-version":[{"id":3992,"href":"https:\/\/digmit.at\/index.php\/wp-json\/wp\/v2\/pages\/1571\/revisions\/3992"}],"up":[{"embeddable":true,"href":"https:\/\/digmit.at\/index.php\/wp-json\/wp\/v2\/pages\/107"}],"wp:attachment":[{"href":"https:\/\/digmit.at\/index.php\/wp-json\/wp\/v2\/media?parent=1571"}],"curies":[{"name":"wp","href":"https:\/\/api.w.org\/{rel}","templated":true}]}}