{"id":162,"date":"2020-10-29T00:49:30","date_gmt":"2020-10-29T00:49:30","guid":{"rendered":"https:\/\/digmit.tantemalkah.at\/?page_id=162"},"modified":"2023-10-17T17:42:55","modified_gmt":"2023-10-17T17:42:55","slug":"ich-bin-krank-und-in-ausbildung-ich-bekomme-eine-waff-forderung","status":"publish","type":"page","link":"https:\/\/digmit.at\/index.php\/startseite\/gesundheit\/ich-bin-krank\/ich-bin-krank-und-bin-in-ausbildung\/ich-bin-krank-und-in-ausbildung-ich-bekomme-eine-waff-forderung\/","title":{"rendered":"Ich bin krank und in Ausbildung. Ich bekomme eine waff-F\u00f6rderung."},"content":{"rendered":"\n<p>Wenn ich krank werde w\u00e4hrend ich eine waff-F\u00f6rderung bekomme, muss ich den <strong>Kursveranstalter informieren<\/strong>.<\/p>\n\n\n\n<p>Beim <strong>waff informiere<\/strong> ich meine*n F\u00f6rderberater oder die Stelle, bei der ich die F\u00f6rderung beantragt habe.<\/p>\n","protected":false},"excerpt":{"rendered":"<p>Wenn ich krank werde w\u00e4hrend ich eine waff-F\u00f6rderung bekomme, muss ich den Kursveranstalter informieren. Beim waff informiere ich meine*n F\u00f6rderberater oder die Stelle, bei der ich die F\u00f6rderung beantragt habe.<\/p>\n","protected":false},"author":2,"featured_media":0,"parent":122,"menu_order":0,"comment_status":"closed","ping_status":"closed","template":"","meta":{"footnotes":""},"class_list":["post-162","page","type-page","status-publish","hentry"],"_links":{"self":[{"href":"https:\/\/digmit.at\/index.php\/wp-json\/wp\/v2\/pages\/162","targetHints":{"allow":["GET"]}}],"collection":[{"href":"https:\/\/digmit.at\/index.php\/wp-json\/wp\/v2\/pages"}],"about":[{"href":"https:\/\/digmit.at\/index.php\/wp-json\/wp\/v2\/types\/page"}],"author":[{"embeddable":true,"href":"https:\/\/digmit.at\/index.php\/wp-json\/wp\/v2\/users\/2"}],"replies":[{"embeddable":true,"href":"https:\/\/digmit.at\/index.php\/wp-json\/wp\/v2\/comments?post=162"}],"version-history":[{"count":5,"href":"https:\/\/digmit.at\/index.php\/wp-json\/wp\/v2\/pages\/162\/revisions"}],"predecessor-version":[{"id":3301,"href":"https:\/\/digmit.at\/index.php\/wp-json\/wp\/v2\/pages\/162\/revisions\/3301"}],"up":[{"embeddable":true,"href":"https:\/\/digmit.at\/index.php\/wp-json\/wp\/v2\/pages\/122"}],"wp:attachment":[{"href":"https:\/\/digmit.at\/index.php\/wp-json\/wp\/v2\/media?parent=162"}],"curies":[{"name":"wp","href":"https:\/\/api.w.org\/{rel}","templated":true}]}}