{"id":1710,"date":"2022-06-07T07:46:18","date_gmt":"2022-06-07T07:46:18","guid":{"rendered":"https:\/\/digmit.at\/?page_id=1710"},"modified":"2024-01-02T13:49:13","modified_gmt":"2024-01-02T13:49:13","slug":"ich-bin-ehegattin-oder-minderjahriges-unverheiratetes-einers-eu-burgerin","status":"publish","type":"page","link":"https:\/\/digmit.at\/index.php\/startseite\/aufenthaltsrecht\/ich-mochte-in-osterreich-leben-und-oder-arbeiten\/ich-bin-drittstaatsangehoriger-und\/ich-bin-drittstaatsangehoriger-und-habe-familie-in-osterreich\/ich-bin-ehegattin-oder-minderjahriges-unverheiratetes-einers-eu-burgerin\/","title":{"rendered":"Ich bin Ehegatt*in oder minderj\u00e4hriges unverheiratetes eines*r EU-B\u00fcrger*in."},"content":{"rendered":"\n<p>Wenn ich als Familienangeh\u00f6rige*r eines*r EU-B\u00fcrger*in l\u00e4nger als 3 Monate in \u00d6sterreich bleibe, brauche ich eine <strong>Aufenthaltskarte<\/strong>. <\/p>\n\n\n\n<p>Die Aufenthaltskarte kann ich in Wien bei der <a href=\"https:\/\/www.wien.gv.at\/kontakte\/ma35\/\"><strong>MA 35<\/strong><\/a> beantragen. <\/p>\n\n\n\n<p>Ich kann eine Aufenthaltskarte bekommen, wenn ich eine <br>&#8211; Krankenversicherung <br>&#8211; und ausreichend finanzielle Mittel <br>habe.<\/p>\n","protected":false},"excerpt":{"rendered":"<p>Wenn ich als Familienangeh\u00f6rige*r eines*r EU-B\u00fcrger*in l\u00e4nger als 3 Monate in \u00d6sterreich bleibe, brauche ich eine Aufenthaltskarte. Die Aufenthaltskarte kann ich in Wien bei der MA 35 beantragen. Ich kann eine Aufenthaltskarte bekommen, wenn ich eine &#8211; Krankenversicherung &#8211; und ausreichend finanzielle Mittel habe.<\/p>\n","protected":false},"author":2,"featured_media":0,"parent":1345,"menu_order":0,"comment_status":"closed","ping_status":"closed","template":"","meta":{"footnotes":""},"class_list":["post-1710","page","type-page","status-publish","hentry"],"_links":{"self":[{"href":"https:\/\/digmit.at\/index.php\/wp-json\/wp\/v2\/pages\/1710","targetHints":{"allow":["GET"]}}],"collection":[{"href":"https:\/\/digmit.at\/index.php\/wp-json\/wp\/v2\/pages"}],"about":[{"href":"https:\/\/digmit.at\/index.php\/wp-json\/wp\/v2\/types\/page"}],"author":[{"embeddable":true,"href":"https:\/\/digmit.at\/index.php\/wp-json\/wp\/v2\/users\/2"}],"replies":[{"embeddable":true,"href":"https:\/\/digmit.at\/index.php\/wp-json\/wp\/v2\/comments?post=1710"}],"version-history":[{"count":4,"href":"https:\/\/digmit.at\/index.php\/wp-json\/wp\/v2\/pages\/1710\/revisions"}],"predecessor-version":[{"id":4617,"href":"https:\/\/digmit.at\/index.php\/wp-json\/wp\/v2\/pages\/1710\/revisions\/4617"}],"up":[{"embeddable":true,"href":"https:\/\/digmit.at\/index.php\/wp-json\/wp\/v2\/pages\/1345"}],"wp:attachment":[{"href":"https:\/\/digmit.at\/index.php\/wp-json\/wp\/v2\/media?parent=1710"}],"curies":[{"name":"wp","href":"https:\/\/api.w.org\/{rel}","templated":true}]}}