{"id":176,"date":"2020-10-29T01:10:47","date_gmt":"2020-10-29T01:10:47","guid":{"rendered":"https:\/\/digmit.tantemalkah.at\/?page_id=176"},"modified":"2023-10-17T18:28:43","modified_gmt":"2023-10-17T18:28:43","slug":"ich-bin-krank-und-mochte-wegen-krankheit-in-pension","status":"publish","type":"page","link":"https:\/\/digmit.at\/index.php\/startseite\/gesundheit\/ich-bin-krank\/ich-bin-krank-und-mochte-wegen-krankheit-in-pension\/","title":{"rendered":"Ich bin krank und m\u00f6chte wegen Krankheit in Pension. (\u201eFr\u00fchpension\u201c)"},"content":{"rendered":"\n<hr class=\"wp-block-separator has-alpha-channel-opacity\"\/>\n\n\n\n<p>Wenn ich als <strong>Arbeiter*in<\/strong> nicht mehr oder kaum noch arbeiten kann, weil ich krank bin oder einen Unfall hatte, dann sagt man dazu <strong>Invalidit\u00e4t<\/strong>.<br><br>Wenn ich als <strong>Angestellte*r<\/strong> nicht mehr oder kaum noch arbeiten kann, weil ich krank bin oder einen Unfall hatte, dann sagt man dazu <strong>Berufsunf\u00e4higkeit<\/strong>.<br><br><strong>Wenn ich nicht mehr oder kaum noch arbeiten kann<\/strong>, weil ich krank bin oder einen Unfall hatte, aber noch nicht in Alterspension gehen kann, brauche ich <strong>gen\u00fcgend Versicherungsmonate<\/strong>. <br>Dann kann ich vor der Alterspension einen <strong><a href=\"https:\/\/www.pensionsversicherung.at\/cdscontent\/load?contentid=10008.577943&amp;version=1593173793\">Antrag<\/a><\/strong> auf Invalidit\u00e4tspension oder Berufsunf\u00e4higkeitspension stellen. <br>Viele Leute sagen dazu auch \u201e<strong>Fr\u00fchpension<\/strong>\u201c.<br><br>Ein*e <strong>\u00c4rzt*in untersucht mich<\/strong> dann und sagt, ob ich sp\u00e4ter vielleicht doch noch arbeiten kann, oder ob bei mir eine dauerhafte Invalidit\u00e4t oder Berufsunf\u00e4higkeit vorliegt.<br><br>Bevor ich eine Invalidit\u00e4tspension oder eine Berufsunf\u00e4higkeitspension bekomme, wird also geschaut, ob ich nach einer Rehabilitation oder einer Ausbildung\/Weiterbildung doch wieder arbeiten kann.<\/p>\n\n\n\n<p><\/p>\n\n\n\n<figure class=\"wp-block-embed is-type-video is-provider-youtube wp-block-embed-youtube wp-embed-aspect-16-9 wp-has-aspect-ratio\"><div class=\"wp-block-embed__wrapper\">\n<iframe loading=\"lazy\" title=\"Krankheitsbedingt fr\u00fcher in Pension\" width=\"500\" height=\"281\" src=\"https:\/\/www.youtube.com\/embed\/4coyfz7HCYQ?list=PLktLirIUW9qxmekNW_GJrVZRcsaN5YfIe\" frameborder=\"0\" allow=\"accelerometer; autoplay; clipboard-write; encrypted-media; gyroscope; picture-in-picture; web-share\" referrerpolicy=\"strict-origin-when-cross-origin\" allowfullscreen><\/iframe>\n<\/div><figcaption class=\"wp-element-caption\"><a href=\"https:\/\/www.youtube.com\/watch?v=4coyfz7HCYQ\">Krankheitsbedingt fr\u00fcher in Pension (AK)<\/a><\/figcaption><\/figure>\n\n\n\n<p><\/p>\n\n\n\n<div class=\"wp-block-buttons is-layout-flex wp-block-buttons-is-layout-flex\">\n<div class=\"wp-block-button\"><a class=\"wp-block-button__link wp-element-button\" href=\"https:\/\/digmit.at\/index.php\/ich-bekomme-invaliditatspension-oder-berufsunfahigkeitspension-und-mochte-dazuverdienen\/\">Ich bekomme Invalidit\u00e4tspension \/ Berufsunf\u00e4higkeitspension und m\u00f6chte <strong>dazuverdienen<\/strong>.<\/a><\/div>\n<\/div>\n\n\n\n<p><br><\/p>\n\n\n\n<div class=\"wp-block-group\"><div class=\"wp-block-group__inner-container is-layout-constrained wp-block-group-is-layout-constrained\">\n<h2 class=\"wp-block-heading\">weitere Informationen<\/h2>\n\n\n\n<ul class=\"wp-block-list\">\n<li><a href=\"https:\/\/www.arbeiterkammer.at\/beratung\/arbeitundrecht\/pension\/pensionsformen\/Pension_wegen_Krankheit.html\">Pension wegen Krankheit (AK)<\/a><\/li>\n<\/ul>\n<\/div><\/div>\n","protected":false},"excerpt":{"rendered":"<p>Wenn ich als Arbeiter*in nicht mehr oder kaum noch arbeiten kann, weil ich krank bin oder einen Unfall hatte, dann sagt man dazu Invalidit\u00e4t. Wenn ich als Angestellte*r nicht mehr oder kaum noch arbeiten kann, weil ich krank bin oder einen Unfall hatte, dann sagt man dazu Berufsunf\u00e4higkeit. Wenn ich nicht mehr oder kaum noch [&hellip;]<\/p>\n","protected":false},"author":2,"featured_media":0,"parent":31,"menu_order":0,"comment_status":"closed","ping_status":"closed","template":"","meta":{"footnotes":""},"class_list":["post-176","page","type-page","status-publish","hentry"],"_links":{"self":[{"href":"https:\/\/digmit.at\/index.php\/wp-json\/wp\/v2\/pages\/176","targetHints":{"allow":["GET"]}}],"collection":[{"href":"https:\/\/digmit.at\/index.php\/wp-json\/wp\/v2\/pages"}],"about":[{"href":"https:\/\/digmit.at\/index.php\/wp-json\/wp\/v2\/types\/page"}],"author":[{"embeddable":true,"href":"https:\/\/digmit.at\/index.php\/wp-json\/wp\/v2\/users\/2"}],"replies":[{"embeddable":true,"href":"https:\/\/digmit.at\/index.php\/wp-json\/wp\/v2\/comments?post=176"}],"version-history":[{"count":18,"href":"https:\/\/digmit.at\/index.php\/wp-json\/wp\/v2\/pages\/176\/revisions"}],"predecessor-version":[{"id":3310,"href":"https:\/\/digmit.at\/index.php\/wp-json\/wp\/v2\/pages\/176\/revisions\/3310"}],"up":[{"embeddable":true,"href":"https:\/\/digmit.at\/index.php\/wp-json\/wp\/v2\/pages\/31"}],"wp:attachment":[{"href":"https:\/\/digmit.at\/index.php\/wp-json\/wp\/v2\/media?parent=176"}],"curies":[{"name":"wp","href":"https:\/\/api.w.org\/{rel}","templated":true}]}}