{"id":2012,"date":"2022-11-27T17:38:23","date_gmt":"2022-11-27T17:38:23","guid":{"rendered":"https:\/\/digmit.at\/?page_id=2012"},"modified":"2023-10-31T05:00:06","modified_gmt":"2023-10-31T05:00:06","slug":"ich-bin-alter-und-mochte-arbeiten","status":"publish","type":"page","link":"https:\/\/digmit.at\/index.php\/startseite\/alter-pension-2\/arbeiten-alter-altere-arbeitnehmerinnen\/ich-bin-alter-und-mochte-arbeiten\/","title":{"rendered":"<a>Ich bin \u00e4lter und m\u00f6chte arbeiten.<\/a>"},"content":{"rendered":"\n<hr class=\"wp-block-separator has-alpha-channel-opacity\"\/>\n\n\n\n<p>Ich kann mich bei folgenden <strong>Beratungsstellen<\/strong> informieren: <\/p>\n\n\n\n<h3 class=\"wp-block-heading\"><a href=\"https:\/\/www.migrant.at\/unsere-einrichtungen\/ast\/\"><strong>Beratungszentrum f\u00fcr Migranten und Migrantinnen<\/strong><\/a><\/h3>\n\n\n\n<p>Im Beratungszentrum f\u00fcr Migranten und Migrantinnen kann ich mich in diesen <strong>Sprachen<\/strong> beraten lassen: <br>Arabisch, Armenisch, Bosnisch\/Kroatisch\/Serbisch, Deutsch, Englisch, Franz\u00f6sisch, Indisch, Italienisch, Kurdisch, Polnisch, Punjabi, Russisch, Slowakisch, Spanisch, Tschechisch, T\u00fcrkisch, Urdu<\/p>\n\n\n\n<p><a href=\"https:\/\/www.migrant.at\/unsere-einrichtungen\/ast\/\">Arbeitsmarktpolitische Beratungs- und Betreuungseinrichtung f\u00fcr Migranten und Migrantinnen<\/a><br>Terminvereinbarung per Telefon: <a href=\"tel: +43 1 712 56 04\">01 712 56 04<\/a><br>Montag, Mittwoch und Freitag 9.00\u201313.00 Uhr<br>Terminvereinbarung per E-Mail: <a>info@migrant.at<\/a><\/p>\n\n\n\n<p>Pers\u00f6nliche Beratungszeiten nach Terminvereinbarung:<br>Montag, Dienstag, Mittwoch, Freitag 9.00\u201317.00 Uhr, Donnerstag 9.00\u201319.00 Uhr<\/p>\n\n\n\n<p>Adresse: Hoher Markt 8\/Stiege 4\/2. Stock, 1010 Wien<\/p>\n\n\n\n<p><a href=\"https:\/\/www.migrant.at\/wp-content\/uploads\/folder_hohermarkt.pdf\">Folder in Beratungssprachen<\/a><\/p>\n\n\n\n<p><br><\/p>\n\n\n\n<p><a href=\"https:\/\/www.migrant.at\/unsere-einrichtungen\/frauenberatung\/\">Frauenberatung \u2013 Arbeitsmarktpolitische Beratungs- und Betreuungseinrichtung f\u00fcr Migrantinnen<\/a><\/p>\n\n\n\n<p>Telefonische Terminvereinbarung und telefonische Beratung: <a href=\"tel: +43 1 982 33 08\" data-type=\"tel\">01 982 33 08<\/a><br>Dienstag und Mittwoch, 13.30\u201316.00 Uhr, Donnerstag, 9.30\u201312.00 Uhr<\/p>\n\n\n\n<p>Pers\u00f6nliche Beratungszeiten nach Terminvereinbarung:<br>Dienstag, Mittwoch, Freitag 8.30\u201312.30 Uhr, Donnerstag 15.00\u201319.00 Uhr<br>E-Mail: <a>migrantin@migrant.at<\/a><\/p>\n\n\n\n<p>Adresse: Marc-Aurel-Stra\u00dfe 2a\/2\/10, 1010 Wien <\/p>\n\n\n\n<p><a href=\"https:\/\/www.migrant.at\/wp-content\/uploads\/folder_frauen.pdf\">Folder Frauenberatung<\/a><\/p>\n\n\n\n<p><br><\/p>\n\n\n\n<p><\/p>\n\n\n\n<h3 class=\"wp-block-heading\"><a href=\"https:\/\/www.jobtransfair.at\/ueber-uns\/job-transfair-terra\/\"><strong>Job-TransFair TERRA<\/strong><\/a><\/h3>\n\n\n\n<p><strong>Als \u00e4ltere Migrant*in<\/strong> kann ich mich bei Job-TransFair TERRA in meiner <strong>Erstsprache<\/strong> (= Muttersprache) beraten lassen. Bei Job-TransFair TERRA bekomme ich <strong>Beratung<\/strong> zu <strong>Pension<\/strong>, <strong>Beihilfen<\/strong>, <strong>Pflege<\/strong> und zu anderen (sozialen) Themen. Hier kann ich auch Hilfe beim Stellen des Pensionsantrags, beim Lesen und Schreiben von schriftlichen Unterlagen, Briefen und E-Mails und bei Telefonaten mit \u00c4mtern und Beh\u00f6rden bekommen.<\/p>\n\n\n\n<p>Beratungszeiten und Terminvereinbarung: Montag, Dienstag, Mittwoch 9.00\u201316.00 Uhr, Donnerstag 9.00\u201313.00 Uhr<br>Telefon: <a href=\"tel: +43 1 581 07 17\" data-type=\"tel\">01 581 07 17<\/a><br>Adresse: 15. Bezirk, Markgraf-R\u00fcdiger Stra\u00dfe 8\/2. Stock<br>E-Mail: <a>terra@jobtransfair.at<\/a><\/p>\n\n\n\n<p><br><br><\/p>\n\n\n\n<h3 class=\"wp-block-heading\"><strong>50plus<\/strong><\/h3>\n\n\n\n<p>F\u00fcr \u00e4ltere Menschen kann es schwierig sein, Arbeit zu finden.<\/p>\n\n\n\n<p><a href=\"https:\/\/www.waff.at\/unternehmen\/joboffensive50plus\/information-fuer-unternehmen\/\">50plus<\/a> ist eine Joboffensive der <strong>Stadt Wien<\/strong>, die <strong>Menschen f\u00f6rdert<\/strong>, die <strong>\u00e4lter als 50<\/strong> sind und <strong>einen Job suchen<\/strong>. Menschen \u00fcber 50 sollen durch die Joboffensive 50plus <strong>mehr Chancen am Arbeitsmarkt<\/strong> bekommen.<\/p>\n\n\n\n<p>50plus kann f\u00fcr mich interessant sein, wenn ich<\/p>\n\n\n\n<ul class=\"wp-block-list\">\n<li><strong>\u00fcber 50 Jahre alt<\/strong> bin<\/li>\n\n\n\n<li>und <strong>mehr als ein Jahr<\/strong> <strong>beim AMS gemeldet<\/strong> bin (ohne Unterbrechungen zum Beispiel durch Schulungen oder Krankenst\u00e4nde) <\/li>\n\n\n\n<li>oder <strong>l\u00e4nger als 3 Monate beim AMS gemeldet<\/strong> bin und <strong>Mindestsicherung<\/strong> beziehe.<\/li>\n<\/ul>\n\n\n\n<p>F\u00fcr <strong>Arbeitgeber*innen<\/strong> ist 50plus interessant, weil sie vom AMS und vom waff <strong>Lohnsubventionen<\/strong> f\u00fcr Arbeitnehmer*innen \u00fcber 50 bekommen. Das bedeutet, dass ein Teil meines Lohns \/ Gehalts vom AMS \/ waff bezahlt wird.<\/p>\n\n\n\n<p>Wenn Arbeitgeber*innen Menschen \u00fcber 50, die beim AMS gemeldet sind, einstellen wollen, k\u00f6nnen sie eine <a href=\"https:\/\/www.ams.at\/arbeitsuchende\/karenz-und-wiedereinstieg\/so-unterstuetzen-wir-ihren-wiedereinstieg\/eingliederungsbeihilfe\"><strong>Eingliederungsbeihilfe<\/strong><\/a> beantragen. <\/p>\n\n\n\n<p><\/p>\n\n\n\n<div class=\"wp-block-group\"><div class=\"wp-block-group__inner-container is-layout-constrained wp-block-group-is-layout-constrained\">\n<h2 class=\"wp-block-heading\">weitere Informationen<\/h2>\n\n\n\n<ul class=\"wp-block-list\">\n<li>Video: <a href=\"https:\/\/www.youtube.com\/watch?v=6LKFYATWY0U\">So funktioniert die Joboffensive 50plus! (waff)<\/a><\/li>\n<\/ul>\n<\/div><\/div>\n","protected":false},"excerpt":{"rendered":"<p>Ich kann mich bei folgenden Beratungsstellen informieren: Beratungszentrum f\u00fcr Migranten und Migrantinnen Im Beratungszentrum f\u00fcr Migranten und Migrantinnen kann ich mich in diesen Sprachen beraten lassen: Arabisch, Armenisch, Bosnisch\/Kroatisch\/Serbisch, Deutsch, Englisch, Franz\u00f6sisch, Indisch, Italienisch, Kurdisch, Polnisch, Punjabi, Russisch, Slowakisch, Spanisch, Tschechisch, T\u00fcrkisch, Urdu Arbeitsmarktpolitische Beratungs- und Betreuungseinrichtung f\u00fcr Migranten und MigrantinnenTerminvereinbarung per Telefon: 01 712 [&hellip;]<\/p>\n","protected":false},"author":2,"featured_media":0,"parent":1984,"menu_order":0,"comment_status":"closed","ping_status":"closed","template":"","meta":{"footnotes":""},"class_list":["post-2012","page","type-page","status-publish","hentry"],"_links":{"self":[{"href":"https:\/\/digmit.at\/index.php\/wp-json\/wp\/v2\/pages\/2012","targetHints":{"allow":["GET"]}}],"collection":[{"href":"https:\/\/digmit.at\/index.php\/wp-json\/wp\/v2\/pages"}],"about":[{"href":"https:\/\/digmit.at\/index.php\/wp-json\/wp\/v2\/types\/page"}],"author":[{"embeddable":true,"href":"https:\/\/digmit.at\/index.php\/wp-json\/wp\/v2\/users\/2"}],"replies":[{"embeddable":true,"href":"https:\/\/digmit.at\/index.php\/wp-json\/wp\/v2\/comments?post=2012"}],"version-history":[{"count":17,"href":"https:\/\/digmit.at\/index.php\/wp-json\/wp\/v2\/pages\/2012\/revisions"}],"predecessor-version":[{"id":3853,"href":"https:\/\/digmit.at\/index.php\/wp-json\/wp\/v2\/pages\/2012\/revisions\/3853"}],"up":[{"embeddable":true,"href":"https:\/\/digmit.at\/index.php\/wp-json\/wp\/v2\/pages\/1984"}],"wp:attachment":[{"href":"https:\/\/digmit.at\/index.php\/wp-json\/wp\/v2\/media?parent=2012"}],"curies":[{"name":"wp","href":"https:\/\/api.w.org\/{rel}","templated":true}]}}