{"id":2175,"date":"2022-11-29T22:36:25","date_gmt":"2022-11-29T22:36:25","guid":{"rendered":"https:\/\/digmit.at\/?page_id=2175"},"modified":"2024-01-22T08:36:57","modified_gmt":"2024-01-22T08:36:57","slug":"wieviel-pension-bekomme-ich","status":"publish","type":"page","link":"https:\/\/digmit.at\/index.php\/wieviel-pension-bekomme-ich\/","title":{"rendered":"Wie viel Pension bekomme ich?"},"content":{"rendered":"\n<hr class=\"wp-block-separator has-alpha-channel-opacity\"\/>\n\n\n\n<p>Die <strong>H\u00f6he meiner Pension<\/strong> h\u00e4ngt von der H\u00f6he und der Dauer meiner Beitr\u00e4ge zur Pensionsversicherung ab, das hei\u00dft <strong>wie viel und wie lange<\/strong> ich <strong>in die Pensionsversicherung eingezahlt<\/strong> habe.<br><strong>Je mehr<\/strong> ich im Laufe meines Berufslebens <strong>verdiene<\/strong>, <strong>umso h\u00f6her ist meine Pension<\/strong>.<br><br>Ich kann in \u00d6sterreich <strong>in Pension<\/strong> gehen, wenn ich <strong>mindestens 180 Versicherungsmonate<\/strong> (= <strong>15 Jahre<\/strong>) habe. <\/p>\n\n\n\n<p>Von diesen 180 Monaten muss ich <strong>84 Monate<\/strong> (= <strong>7 Jahre<\/strong>) <strong>versichert gearbeitet<\/strong> haben (= \u00fcber der Geringf\u00fcgigkeitsgrenze).<br><br><strong>Wann<\/strong> ich in <strong>Pension<\/strong> gehen kann und <strong>wie hoch<\/strong> meine Pension sein wird, kann ich mit dem <strong><a href=\"https:\/\/pensionsrechner.arbeiterkammer.at\/pkr-on2\/\">AK-Pensionsrechner<\/a><\/strong> berechnen:<\/p>\n\n\n<p><iframe loading=\"lazy\" src=\"https:\/\/www.pensionskontorechner.at\/#\/start\/\" width=\"100%\" height=\"3000px\"><\/iframe><\/p>\n\n\n<p><\/p>\n\n\n\n<p><br>Wenn ich <strong>im Ausland gearbeitet<\/strong> habe, kann ich mir diese <strong>Arbeitszeiten<\/strong> \/<strong> Versicherungszeiten<\/strong> f\u00fcr meine Pension <strong>in \u00d6sterreich anrechnen<\/strong> lassen.<br>Die Arbeitszeiten im Ausland werden mitgerechnet, um zu schauen, ob ich <strong>genug Versicherungsjahre f\u00fcr eine Pension in \u00d6sterreich<\/strong> habe.<br><strong>Wie hoch<\/strong> meine <strong>\u00f6sterreichische Pension<\/strong> ist h\u00e4ngt von meinen <strong>\u00f6sterreichischen Versicherungszeiten<\/strong> ab. F\u00fcr die H\u00f6he der \u00f6sterreichischen Pension z\u00e4hlen also <strong>nur<\/strong> meine <strong>Arbeitszeiten in \u00d6sterreich<\/strong>; <strong>Versicherungszeiten im Ausland<\/strong> werden <strong>nicht mitgerechnet<\/strong>.<br>Weitere Informationen zum Thema \u201e<strong>Versicherungszeiten im Ausland<\/strong>\u201c finde ich hier.<\/p>\n\n\n\n<p><\/p>\n\n\n\n<p><br>Ich bekomme <strong>14 Mal pro Jahr<\/strong> Pension. <br>Die Sonderzahlungen, also die <strong>13.<\/strong> und die <strong>14. Pension<\/strong>, werden im <strong>April<\/strong> und <strong>Oktober<\/strong> ausgezahlt.<\/p>\n\n\n\n<p id=\"ausgleichszulage\"><br><\/p>\n\n\n\n<h2 class=\"wp-block-heading\">\u201e<strong>Mindestpension<\/strong>\u201c = <strong>Ausgleichszulage<\/strong><\/h2>\n\n\n\n<p>Wenn meine <strong>Pension sehr niedrig<\/strong> ist, bekomme ich eine <strong>Ausgleichszulage<\/strong>. <\/p>\n\n\n\n<p>Ich bekomme eine Ausgleichszulage, wenn<\/p>\n\n\n\n<ul class=\"wp-block-list\">\n<li>mein monatliches Einkommen <strong>weniger als <strong>1.110,26<\/strong><\/strong> \u20ac <br>und <strong>als Ehepaar weniger als 1.751,56 \u20ac<\/strong> betr\u00e4gt (Stand 2023) und<\/li>\n\n\n\n<li>ich <strong>in \u00d6sterreich lebe<\/strong>. <br>Wenn ich Ausgleichszulage beziehe, <strong>muss<\/strong> ich <strong>der <a href=\"https:\/\/www.pv.at\/cdscontent\/?contentid=10007.707551&amp;portal=pvaportal\">Pensionsversicherungsanstalt<\/a> Auslandsaufenthalte melden<\/strong>. <br>Wenn ich <strong>in einem Kalenderjahr insgesamt l\u00e4nger als 2 Monate = 60 Tage im Ausland<\/strong> bin, wird mir die <strong>Ausgleichszulage<\/strong> normalerweise <strong>gestrichen<\/strong>. <br>Ich kann die Ausgleichszulage sp\u00e4ter wieder beantragen. <br>Wenn mir die Ausgleichszulage wegen eines Auslandsaufenthaltes gestrichen wurde, kann ich mich bei der <a href=\"https:\/\/wien.arbeiterkammer.at\/index.html\">AK Wien<\/a> <a href=\"tel: +43 1 501 65 1204\" data-type=\"tel\" data-id=\"tel: +43 1 501 65 1204\">telefonisch<\/a> beraten lassen.<\/li>\n<\/ul>\n\n\n\n<p>Den <a href=\"https:\/\/www.pv.at\/cdscontent\/load?contentid=10008.577948&amp;version=1609317741\"><strong>Antrag auf Ausgleichszulage<\/strong><\/a> stelle ich bei der <a href=\"https:\/\/www.pv.at\/cdscontent\/?contentid=10007.707551&amp;portal=pvaportal\">Pensionsversicherungsanstalt<\/a>.<\/p>\n\n\n\n<p><br><\/p>\n\n\n\n<h2 class=\"wp-block-heading\"><strong>Ausgleichszulagenbonus \/ Pensionsbonus<\/strong><\/h2>\n\n\n\n<p>Wenn meine <strong>Pension niedrig<\/strong> ist, kann ich einen Ausgleichszulagenbonus oder einen Pensionsbonus bekommen.<\/p>\n\n\n\n<p>Ich kann einen <strong>Ausgleichszulagenbonus<\/strong> bekommen, wenn ich zu meiner Pension eine Ausgleichszulage bekomme.<br>Einen <strong>Pensionsbonus<\/strong> kann ich bekommen, wenn ich zu meiner Pension keine Ausgleichszulage bekomme.<\/p>\n\n\n\n<p>Um einen Ausgleichszulagenbonus oder einen Pensionsbonus zu bekommen, muss ich diese <strong>Voraussetzungen<\/strong> erf\u00fcllen:<\/p>\n\n\n\n<figure class=\"wp-block-table\"><table><tbody><tr><td><em>Familienstand Pensionist*in<\/em><\/td><td><em>Pensionsversicherungszeiten<\/em><\/td><td><em>Grenzwert Gesamteinkommen<\/em><\/td><td><em>maximaler Bonus<\/em><\/td><\/tr><tr><td>alleinstehend<\/td><td>360 Monate (30 Jahre)<\/td><td>1.208,06 \u20ac<\/td><td>164,37 \u20ac<\/td><\/tr><tr><td>alleinstehend<\/td><td>480 Monate (40 Jahre)<\/td><td>1.443,23 \u20ac<\/td><td>419,19 \u20ac<\/td><\/tr><tr><td>verheiratet, ein Haushalt<\/td><td>480 Monate (40 Jahre)<\/td><td>1.948,08 \u20ac<\/td><td>418,74 \u20ac<\/td><\/tr><\/tbody><\/table><\/figure>\n\n\n\n<p>ACHTUNG<br>Ich muss <strong>der <\/strong><a href=\"https:\/\/www.pv.at\/cdscontent\/?contentid=10007.707551&amp;portal=pvaportal\"><strong>Pensionsversicherungsanstalt<\/strong><\/a><strong> \u00c4nderungen<\/strong> <strong>melden<\/strong> (z.B. Adresse, Auslandsaufenthalt, Eheschlie\u00dfung, Scheidung etc.). Es gibt <a href=\"https:\/\/www.pv.at\/cdscontent\/?contentid=10007.707689&amp;portal=pvaportal\"><strong>Meldefristen<\/strong><\/a>!<br>Wenn ich eine <strong>Ausgleichszulage<\/strong> bekomme, muss ich auch <strong>\u00c4nderungen des Einkommens meines*r Ehepartner*in<\/strong> melden.<\/p>\n\n\n\n<p><br>ACHTUNG<br><strong>Frauen bekommen oft weniger Pension<\/strong>.<br>Mehr Informationen zum Thema \u201e<strong>Frauen und Pension<\/strong>\u201c finde ich <a href=\"https:\/\/digmit.at\/index.php\/startseite\/alter-pension-2\/arbeiten-alter-altere-arbeitnehmerinnen\/frauen_arbeit_pension\/\" data-type=\"page\" data-id=\"2003\">hier<\/a>.<\/p>\n\n\n\n<p><br>Hier finde ich Informationen zum Thema <strong><a href=\"https:\/\/www.wien.gv.at\/sozialinfo\/content\/de\/10\/SearchResults.do?keyword=Finanzielle+Nothilfen+f\u00fcr+alte+Menschen&amp;liid=10\">Nothilfen f\u00fcr \u00e4ltere Menschen<\/a><\/strong>.<\/p>\n\n\n\n<p><br><\/p>\n\n\n\n<div class=\"wp-block-group\"><div class=\"wp-block-group__inner-container is-layout-constrained wp-block-group-is-layout-constrained\">\n<h2 class=\"wp-block-heading\">weitere Informationen<\/h2>\n\n\n\n<ul class=\"wp-block-list\">\n<li>Video: <a href=\"https:\/\/www.youtube.com\/watch?v=JNrlHh6WDtI&amp;list=PLktLirIUW9qxmekNW_GJrVZRcsaN5YfIe\">Das Pensionskonto (AK)<\/a><\/li>\n\n\n\n<li>Video: <a href=\"https:\/\/www.youtube.com\/watch?v=A6laEQxjJhs&amp;list=PLktLirIUW9qxmekNW_GJrVZRcsaN5YfIe&amp;index=7\">Gutschriften f\u00fcr Pensionskonto \u2013 ohne Berufst\u00e4tigkeit (AK)<\/a><\/li>\n\n\n\n<li><a href=\"https:\/\/www.arbeiterkammer.at\/beratung\/arbeitundrecht\/pension\/pensionshoehe\/Mindestpension.html\">Mindestpension (=Ausgleichszulage) (AK)<\/a><\/li>\n\n\n\n<li><a href=\"https:\/\/www.pv.at\/cdscontent\/?contentid=10007.707597&amp;portal=pvaportal\">Ausgleichszulage (PV)<\/a><\/li>\n\n\n\n<li><a href=\"https:\/\/www.pv.at\/cdscontent\/?contentid=10007.856139&amp;portal=pvaportal\">Ausgleichszulagenbonus \/ Pensionsbonus (PV)<\/a><\/li>\n<\/ul>\n<\/div><\/div>\n","protected":false},"excerpt":{"rendered":"<p>Die H\u00f6he meiner Pension h\u00e4ngt von der H\u00f6he und der Dauer meiner Beitr\u00e4ge zur Pensionsversicherung ab, das hei\u00dft wie viel und wie lange ich in die Pensionsversicherung eingezahlt habe.Je mehr ich im Laufe meines Berufslebens verdiene, umso h\u00f6her ist meine Pension. Ich kann in \u00d6sterreich in Pension gehen, wenn ich mindestens 180 Versicherungsmonate (= 15 [&hellip;]<\/p>\n","protected":false},"author":2,"featured_media":0,"parent":0,"menu_order":0,"comment_status":"closed","ping_status":"closed","template":"","meta":{"footnotes":""},"class_list":["post-2175","page","type-page","status-publish","hentry"],"_links":{"self":[{"href":"https:\/\/digmit.at\/index.php\/wp-json\/wp\/v2\/pages\/2175","targetHints":{"allow":["GET"]}}],"collection":[{"href":"https:\/\/digmit.at\/index.php\/wp-json\/wp\/v2\/pages"}],"about":[{"href":"https:\/\/digmit.at\/index.php\/wp-json\/wp\/v2\/types\/page"}],"author":[{"embeddable":true,"href":"https:\/\/digmit.at\/index.php\/wp-json\/wp\/v2\/users\/2"}],"replies":[{"embeddable":true,"href":"https:\/\/digmit.at\/index.php\/wp-json\/wp\/v2\/comments?post=2175"}],"version-history":[{"count":22,"href":"https:\/\/digmit.at\/index.php\/wp-json\/wp\/v2\/pages\/2175\/revisions"}],"predecessor-version":[{"id":4681,"href":"https:\/\/digmit.at\/index.php\/wp-json\/wp\/v2\/pages\/2175\/revisions\/4681"}],"wp:attachment":[{"href":"https:\/\/digmit.at\/index.php\/wp-json\/wp\/v2\/media?parent=2175"}],"curies":[{"name":"wp","href":"https:\/\/api.w.org\/{rel}","templated":true}]}}