{"id":2275,"date":"2022-11-30T00:48:06","date_gmt":"2022-11-30T00:48:06","guid":{"rendered":"https:\/\/digmit.at\/?page_id=2275"},"modified":"2023-10-17T18:35:02","modified_gmt":"2023-10-17T18:35:02","slug":"ich-bekomme-invaliditatspension-oder-berufsunfahigkeitspension-und-mochte-dazuverdienen","status":"publish","type":"page","link":"https:\/\/digmit.at\/index.php\/ich-bekomme-invaliditatspension-oder-berufsunfahigkeitspension-und-mochte-dazuverdienen\/","title":{"rendered":"Zur Invalidit\u00e4tspension \/ Berufsunf\u00e4higkeitspension dazuverdienen"},"content":{"rendered":"\n<hr class=\"wp-block-separator has-alpha-channel-opacity\"\/>\n\n\n\n<p>Ich bekomme <strong>Invalidit\u00e4tspension<\/strong> oder <strong>Berufsunf\u00e4higkeitspension<\/strong> und m\u00f6chte <strong>dazuverdienen<\/strong>.<\/p>\n\n\n\n<p><br>Wenn ich aus gesundheitlichen Gr\u00fcnden aufgeh\u00f6rt habe zu arbeiten und eine Invalidit\u00e4tspension oder Berufsunf\u00e4higkeitspension beziehe, kann ich sp\u00e4ter auch dazuverdienen.<\/p>\n\n\n\n<p><br>Wenn ich <strong>mehr als geringf\u00fcgig dazuverdiene<\/strong> (2023: 500,91 \u20ac\/Monat) und das\u00a0<strong>Gesamteinkommen<\/strong>\u00a0(<strong>Pension + Zuverdienst<\/strong>)\u00a0<strong>\u00fcber 1.357,72 \u20ac\/Monat<\/strong>\u00a0(2023) ist, dann wird meine <strong>Pension gek\u00fcrzt<\/strong>. <\/p>\n\n\n\n<p><br>Wenn ich das gesetzliche <strong>Pensionsalter<\/strong> erreicht habe, muss ich meine Invalidit\u00e4tspension oder Berufsunf\u00e4higkeitspension<strong> <\/strong>in eine <strong>Alterspension<\/strong> umwandeln. <br>Wenn ich <strong>in Alterspension<\/strong> bin und dazu verdiene, muss ich <strong>Steuern nachzahlen<\/strong>, wenn ich <strong>mehr als 12.000 \u20ac im Jahr<\/strong> verdiene.<br>Mehr Informationen zum Thema \u201e<strong>Dazuverdienen in der Alterspension<\/strong>\u201c finde ich <a href=\"https:\/\/digmit.at\/index.php\/ich-bekomme-alterspension-und-mochte-dazuverdienen\/\" data-type=\"page\" data-id=\"2269\">hier<\/a>.<\/p>\n","protected":false},"excerpt":{"rendered":"<p>Ich bekomme Invalidit\u00e4tspension oder Berufsunf\u00e4higkeitspension und m\u00f6chte dazuverdienen. Wenn ich aus gesundheitlichen Gr\u00fcnden aufgeh\u00f6rt habe zu arbeiten und eine Invalidit\u00e4tspension oder Berufsunf\u00e4higkeitspension beziehe, kann ich sp\u00e4ter auch dazuverdienen. Wenn ich mehr als geringf\u00fcgig dazuverdiene (2023: 500,91 \u20ac\/Monat) und das\u00a0Gesamteinkommen\u00a0(Pension + Zuverdienst)\u00a0\u00fcber 1.357,72 \u20ac\/Monat\u00a0(2023) ist, dann wird meine Pension gek\u00fcrzt. Wenn ich das gesetzliche Pensionsalter erreicht [&hellip;]<\/p>\n","protected":false},"author":2,"featured_media":0,"parent":0,"menu_order":0,"comment_status":"closed","ping_status":"closed","template":"","meta":{"footnotes":""},"class_list":["post-2275","page","type-page","status-publish","hentry"],"_links":{"self":[{"href":"https:\/\/digmit.at\/index.php\/wp-json\/wp\/v2\/pages\/2275","targetHints":{"allow":["GET"]}}],"collection":[{"href":"https:\/\/digmit.at\/index.php\/wp-json\/wp\/v2\/pages"}],"about":[{"href":"https:\/\/digmit.at\/index.php\/wp-json\/wp\/v2\/types\/page"}],"author":[{"embeddable":true,"href":"https:\/\/digmit.at\/index.php\/wp-json\/wp\/v2\/users\/2"}],"replies":[{"embeddable":true,"href":"https:\/\/digmit.at\/index.php\/wp-json\/wp\/v2\/comments?post=2275"}],"version-history":[{"count":8,"href":"https:\/\/digmit.at\/index.php\/wp-json\/wp\/v2\/pages\/2275\/revisions"}],"predecessor-version":[{"id":3314,"href":"https:\/\/digmit.at\/index.php\/wp-json\/wp\/v2\/pages\/2275\/revisions\/3314"}],"wp:attachment":[{"href":"https:\/\/digmit.at\/index.php\/wp-json\/wp\/v2\/media?parent=2275"}],"curies":[{"name":"wp","href":"https:\/\/api.w.org\/{rel}","templated":true}]}}