{"id":250,"date":"2020-11-05T14:11:29","date_gmt":"2020-11-05T14:11:29","guid":{"rendered":"https:\/\/digmit.tantemalkah.at\/?page_id=250"},"modified":"2023-10-17T19:04:09","modified_gmt":"2023-10-17T19:04:09","slug":"ogk-leistungen-kosten","status":"publish","type":"page","link":"https:\/\/digmit.at\/index.php\/startseite\/gesundheit\/kranken-und-unfallversicherung\/krankenversicherung\/ogk-leistungen-kosten\/","title":{"rendered":"\u00d6GK \u2013 Leistungen &#038; Kosten"},"content":{"rendered":"\n<p>Wenn ich bei der <strong>\u00d6sterreichischen Gesundheitskasse<\/strong> (<strong>\u00d6GK<\/strong>) krankenversichert bin, kann ich zu einem*r Vertrags\u00e4rzt*in (= \u00c4rzt*in \u201emit Krankenkassa\u201c) oder in ein Krankenhaus gehen und werde dort behandelt.<br><\/p>\n\n\n\n<p>Pro <strong>Quartal<\/strong> (J\u00e4nner\u2013M\u00e4rz, April\u2013Juni, Juli\u2013September, Oktober\u2013Dezember) kann ich nur <strong>zu je einem*r \u00c4rzt*in f\u00fcr Allgemeinmedizin und einem\/r \u00c4rzt*in pro Fachgebiet<\/strong> gehen. Das bedeutet, dass ich in einem Quartal nicht zu zwei verschiedenen Frauen\u00e4rzt*innen oder Haut\u00e4rzt*innen gehen darf.<br><\/p>\n\n\n\n<p>Die <strong>Behandlung<\/strong> ist meistens <strong>kostenlos<\/strong>. <br>Zu den kostenlosen Behandlungen z\u00e4hlen zum Beispiel Krankenbehandlung, Psychotherapie, Physiotherapie, Zahnbehandlung und Zahnersatz, Vorsorge- und Gesundenuntersuchung. <\/p>\n\n\n\n<p>Au\u00dferdem bezahlt die \u00d6GK auch das Krankengeld, das Rehabilitationsgeld und das Wochengeld (Mutterschaft).<\/p>\n\n\n\n<p>F\u00fcr manche Behandlungen muss ich aber einen Teil der <strong><u><a href=\"https:\/\/www.gesundheitskasse.at\/cdscontent\/?contentid=10007.827990&amp;portal=oegkoportal\">Kosten<\/a><\/u><\/strong> selbst bezahlen. Dieser Teil der Kosten, den ich selbst bezahlen muss, hei\u00dft \u201e<strong>Kostenbeteiligung<\/strong>\u201c oder \u201e<strong>Selbstbehalt<\/strong>\u201c.<br>Ich muss zum Beispiel, wenn ich im Krankenhaus bleibe oder eine Kur oder eine Reha mache, pro Tag einen Beitrag bezahlen. Auch bei manchen Zahnbehandlungen gibt es Selbstbehalte.<br><br><br>Wenn ich zu einem*r <strong>Wahl\u00e4rzt*in<\/strong> gehe, muss ich bezahlen. <br>Ich bekomme ich einen <strong>Teil der Kosten von <\/strong>meiner <strong>Krankenkasse zur\u00fcck<\/strong>. Ich muss einen <strong><a href=\"https:\/\/www.gesundheitskasse.at\/cdscontent\/load?contentid=10008.705044&amp;version=1582709502\">Antrag<\/a><\/strong> stellen und brauche die Original-Rechnung.<\/p>\n\n\n\n<p><br><\/p>\n\n\n\n<div class=\"wp-block-group\"><div class=\"wp-block-group__inner-container is-layout-constrained wp-block-group-is-layout-constrained\">\n<h2 class=\"wp-block-heading\">weitere Informationen<\/h2>\n\n\n\n<ul class=\"wp-block-list\">\n<li><a href=\"https:\/\/www.gesundheitskasse.at\/cdscontent\/?contentid=10007.837661\">\u00c4rztliche Hilfe (\u00d6GK)<\/a><\/li>\n\n\n\n<li><a href=\"https:\/\/www.sozialministerium.at\/Themen\/Soziales\/Sozialversicherung\/Krankenversicherung.html\">Was leistet die Krankenversicherung? (Sozialministerium)<\/a> <\/li>\n\n\n\n<li><a href=\"https:\/\/www.oesterreich.gv.at\/themen\/gesundheit_und_notfaelle\/unfall\/3\/Seite.2893001.html\">Leistungen der gesetzlichen Krankenversicherung (oesterreich.gv.at)<\/a><\/li>\n\n\n\n<li><a href=\"https:\/\/www.gesundheitskasse.at\/cdscontent\/?contentid=10007.827988&amp;portal=oegkoportal\">Was zahlt die \u00d6GK? (\u00d6GK)<\/a><\/li>\n\n\n\n<li><a href=\"https:\/\/www.gesundheitskasse.at\/cdscontent\/?contentid=10007.827990&amp;portal=oegkoportal\">Kosten f\u00fcr Patienten (\u00d6GK)<\/a><\/li>\n\n\n\n<li>Antrag auf Kostenerstattung <a href=\"https:\/\/www.sozialversicherung.gv.at\/formulare-prod\/formserver_oegk_011\/start.do?esvcid=10007.837466&amp;esvlayout=withNav&amp;esvportal=oegkwportal&amp;generalid=Kostenerstattung_FG0053_ESV011&amp;hash=f8f13beecbe7d38a982cedd28600b8d626ef4910c9056ffed043f91449908de6&amp;mobileLayout=false&amp;sso_override=KEINE\">Online-Formular (SVA)<\/a> \/ <a href=\"https:\/\/www.gesundheitskasse.at\/cdscontent\/?contentid=10007.866742&amp;portal=oegkportal\">als PDF (\u00d6GK)<\/a><\/li>\n<\/ul>\n<\/div><\/div>\n\n\n\n<p><br><\/p>\n","protected":false},"excerpt":{"rendered":"<p>Wenn ich bei der \u00d6sterreichischen Gesundheitskasse (\u00d6GK) krankenversichert bin, kann ich zu einem*r Vertrags\u00e4rzt*in (= \u00c4rzt*in \u201emit Krankenkassa\u201c) oder in ein Krankenhaus gehen und werde dort behandelt. Pro Quartal (J\u00e4nner\u2013M\u00e4rz, April\u2013Juni, Juli\u2013September, Oktober\u2013Dezember) kann ich nur zu je einem*r \u00c4rzt*in f\u00fcr Allgemeinmedizin und einem\/r \u00c4rzt*in pro Fachgebiet gehen. Das bedeutet, dass ich in einem Quartal [&hellip;]<\/p>\n","protected":false},"author":2,"featured_media":0,"parent":247,"menu_order":0,"comment_status":"closed","ping_status":"closed","template":"","meta":{"footnotes":""},"class_list":["post-250","page","type-page","status-publish","hentry"],"_links":{"self":[{"href":"https:\/\/digmit.at\/index.php\/wp-json\/wp\/v2\/pages\/250","targetHints":{"allow":["GET"]}}],"collection":[{"href":"https:\/\/digmit.at\/index.php\/wp-json\/wp\/v2\/pages"}],"about":[{"href":"https:\/\/digmit.at\/index.php\/wp-json\/wp\/v2\/types\/page"}],"author":[{"embeddable":true,"href":"https:\/\/digmit.at\/index.php\/wp-json\/wp\/v2\/users\/2"}],"replies":[{"embeddable":true,"href":"https:\/\/digmit.at\/index.php\/wp-json\/wp\/v2\/comments?post=250"}],"version-history":[{"count":8,"href":"https:\/\/digmit.at\/index.php\/wp-json\/wp\/v2\/pages\/250\/revisions"}],"predecessor-version":[{"id":3320,"href":"https:\/\/digmit.at\/index.php\/wp-json\/wp\/v2\/pages\/250\/revisions\/3320"}],"up":[{"embeddable":true,"href":"https:\/\/digmit.at\/index.php\/wp-json\/wp\/v2\/pages\/247"}],"wp:attachment":[{"href":"https:\/\/digmit.at\/index.php\/wp-json\/wp\/v2\/media?parent=250"}],"curies":[{"name":"wp","href":"https:\/\/api.w.org\/{rel}","templated":true}]}}