{"id":255,"date":"2020-11-05T18:08:54","date_gmt":"2020-11-05T18:08:54","guid":{"rendered":"https:\/\/digmit.tantemalkah.at\/?page_id=255"},"modified":"2024-01-01T13:46:39","modified_gmt":"2024-01-01T13:46:39","slug":"wer-ist-krankenversichert","status":"publish","type":"page","link":"https:\/\/digmit.at\/index.php\/startseite\/gesundheit\/kranken-und-unfallversicherung\/krankenversicherung\/wer-ist-krankenversichert\/","title":{"rendered":"Wer ist krankenversichert?"},"content":{"rendered":"\n<p><strong>Ich bin krankenversichert, wenn ich\u2026<\/strong><\/p>\n\n\n\n<ul class=\"wp-block-list\">\n<li><strong>arbeite<\/strong> und <strong>\u00fcber der Geringf\u00fcgigkeitsgrenze<\/strong> (2023: <strong>500,91 \u20ac<\/strong>\/Monat) <strong>verdiene<\/strong>. <br>Auch als freie Dienstnehmer*in bin ich krankenversichert, wenn ich \u00fcber der Geringf\u00fcgigkeitsgrenze verdiene.<br>Die Krankenversicherung ist Teil der Sozialversicherung.<br>Wenn ich arbeite, bezahlen mein*e Arbeitgeber*in und ich die Sozialversicherung und damit auch die Krankenversicherung. Die Beitr\u00e4ge f\u00fcr die Krankenversicherung werden von meinem Brutto-Einkommen abgezogen.<\/li>\n<\/ul>\n\n\n\n<ul class=\"wp-block-list\">\n<li><strong>Lehrling<\/strong> bin. <br><br> <\/li>\n\n\n\n<li><strong>Arbeitslosengeld<\/strong> bekomme.<br><\/li>\n\n\n\n<li><strong>Notstandshilfe<\/strong> bekomme.<br><br> <\/li>\n\n\n\n<li><strong>Umschulungsgeld<\/strong> (berufliche Ma\u00dfnahmen der Rehabilitation) bekomme.<br><\/li>\n\n\n\n<li><strong>Weiterbildungsgeld<\/strong> (Bildungskarenz) oder <strong>Bildungsteilzeitgeld<\/strong> bekomme.<br><br> <\/li>\n\n\n\n<li><strong>Mindestsicherung<\/strong> (\u201e<strong>Sozialhilfe<\/strong>\u201c) bekomme.<br><br> <\/li>\n\n\n\n<li><strong>Pensionist*in<\/strong> bin.<br><br> <\/li>\n\n\n\n<li>mich <strong>bei einem*r versicherten Angeh\u00f6rigen<\/strong> (zum Beispiel Partner*in, Elternteil) <strong><u><a href=\"https:\/\/www.gesundheitskasse.at\/cdscontent\/?contentid=10007.827197&amp;portal=oegkoportal\">mitversichern<\/a><\/u><\/strong> lasse. (<a href=\"https:\/\/www.gesundheitskasse.at\/cdscontent\/load?contentid=10008.728181&amp;version=1602250392\">Formular<\/a>)<\/li>\n<\/ul>\n\n\n\n<p><br>Wenn ich <strong>nicht krankenversichert<\/strong> bin, kann ich mich <strong><u><a href=\"https:\/\/www.gesundheitskasse.at\/cdscontent\/?contentid=10007.837841\">selbst versichern<\/a><\/u><\/strong>. <br>Es gibt drei Arten der Selbstversicherung: <\/p>\n\n\n\n<ul class=\"wp-block-list\">\n<li><a href=\"https:\/\/www.gesundheitskasse.at\/cdscontent\/?contentid=10007.837802&amp;portal=oegkwportal\">Krankenversicherung<\/a> (<a href=\"https:\/\/www.gesundheitskasse.at\/cdscontent\/load?contentid=10008.728202&amp;version=1658828033\">Antrag<\/a>),<\/li>\n\n\n\n<li><a href=\"https:\/\/www.gesundheitskasse.at\/cdscontent\/?contentid=10007.837828&amp;portal=oegkwportal\">Geringf\u00fcgig Besch\u00e4ftigte<\/a> (<a href=\"https:\/\/www.gesundheitskasse.at\/cdscontent\/load?contentid=10008.728202&amp;version=1658828033\">Antrag<\/a>) und<\/li>\n\n\n\n<li><a href=\"https:\/\/www.gesundheitskasse.at\/cdscontent\/?contentid=10007.868713&amp;portal=oegkportal\">Studierende<\/a> (<a href=\"https:\/\/www.gesundheitskasse.at\/cdscontent\/load?contentid=10008.728203&amp;version=1659949520\">Antrag<\/a>).<\/li>\n<\/ul>\n\n\n\n<p><br>Wenn ich nicht versichert bin, muss mich ein\/e \u00c4rzt*in nur im <strong>Notfall<\/strong> behandeln. Das gilt auch dann, wenn ich <strong>keinen Aufenthaltstitel<\/strong> (\u201e<strong>Visum<\/strong>\u201c) habe.<\/p>\n\n\n\n<p>Wenn ich nicht versichert bin und keinen Notfall habe, muss ich die <strong>Behandlung selbst zahlen<\/strong>. <\/p>\n\n\n\n<p>Wenn ich nicht versichert bin, <strong>kein Geld<\/strong> habe und zum*r \u00c4rzt*in gehen muss, kann ich ins Gesundheitszentrum <strong><u><a href=\"https:\/\/www.amber-med.at\">Amber-Med<\/a><\/u><\/strong> oder ins <strong><u><a href=\"https:\/\/www.barmherzige-brueder.at\/site\/wien\/home\">Krankenhaus der Barmherzigen Br\u00fcder<\/a><\/u><\/strong> gehen. Dort kann ich <strong>kostenlos<\/strong> behandelt werden. <a href=\"https:\/\/digmit.at\/index.php\/startseite\/gesundheit\/ich-bin-krank\/ich-bin-krank-und-bin-nicht-versichert\/\">Hier<\/a> finde ich mehr Informationen dazu.<br><br><\/p>\n\n\n\n<p><\/p>\n\n\n\n<div class=\"wp-block-group\"><div class=\"wp-block-group__inner-container is-layout-constrained wp-block-group-is-layout-constrained\">\n<h2 class=\"wp-block-heading\">weitere Informationen<\/h2>\n\n\n\n<ul class=\"wp-block-list\">\n<li><a href=\"https:\/\/www.gesundheitskasse.at\/cdscontent\/?contentid=10007.827307&amp;portal=oegkoportal\">Personen mit verpflichtender Krankenversicherung (\u00d6GK)<\/a><\/li>\n\n\n\n<li><a href=\"https:\/\/www.ams.at\/arbeitsuchende\/arbeitslos-was-tun\/geld-vom-ams\/krankenversicherung#burgenland\">Wer ist krankenversichert? (AMS)<\/a><\/li>\n<\/ul>\n\n\n\n<p><\/p>\n\n\n\n<ul class=\"wp-block-list\">\n<li><a href=\"https:\/\/www.gesundheitskasse.at\/cdscontent\/?contentid=10007.827197&amp;portal=oegkoportal\">Krankenversicherung f\u00fcr mitversicherte Angeh\u00f6rige (\u00d6GK)<\/a><\/li>\n\n\n\n<li>Mitversicherung Angeh\u00f6rige (\u00d6GK): <a href=\"https:\/\/www.gesundheitskasse.at\/cdscontent\/?contentid=10007.837767&amp;portal=oegkwportal\">online<\/a> \/ <a href=\"https:\/\/www.gesundheitskasse.at\/cdscontent\/load?contentid=10008.728181&amp;version=1602250392\">als PDF<\/a><\/li>\n<\/ul>\n\n\n\n<p><\/p>\n\n\n\n<ul class=\"wp-block-list\">\n<li><a href=\"https:\/\/www.gesundheitskasse.at\/cdscontent\/?contentid=10007.837841\">Selbstversicherung (\u00d6GK)<\/a><\/li>\n\n\n\n<li><a href=\"https:\/\/www.gesundheitskasse.at\/cdscontent\/?contentid=10007.837802&amp;portal=oegkwportal\">Selbstversicherung \u2013 Krankenversicherung (\u00d6GK)<\/a><br><a href=\"https:\/\/www.gesundheitskasse.at\/cdscontent\/load?contentid=10008.728202&amp;version=1658828033\">Antrag auf Selbstversicherung in der Krankenversicherung (\u00d6GK)<\/a><\/li>\n\n\n\n<li><a href=\"https:\/\/www.gesundheitskasse.at\/cdscontent\/?contentid=10007.837828&amp;portal=oegkwportal\">Selbstversicherung \u2013 Geringf\u00fcgig Besch\u00e4ftigte (\u00d6GK)<\/a><br><a href=\"https:\/\/www.gesundheitskasse.at\/cdscontent\/load?contentid=10008.728202&amp;version=1658828033\">Antrag auf Selbstversicherung in der Krankenversicherung (\u00d6GK)<\/a><\/li>\n\n\n\n<li><a href=\"https:\/\/www.gesundheitskasse.at\/cdscontent\/?contentid=10007.868713&amp;portal=oegkportal\">Selbstversicherung \u2013 Studierende (\u00d6GK)<\/a><br><a href=\"https:\/\/www.gesundheitskasse.at\/cdscontent\/load?contentid=10008.728203&amp;version=1659949520\">Antrag auf Selbstversicherung in der Krankenversicherung f\u00fcr Studierende (\u00d6GK)<\/a><\/li>\n<\/ul>\n\n\n\n<p><\/p>\n\n\n\n<ul class=\"wp-block-list\">\n<li><a href=\"https:\/\/www.amber-med.at\">Amber-Med<\/a><\/li>\n\n\n\n<li><a href=\"https:\/\/www.barmherzige-brueder.at\/site\/wien\/home\">Krankenhaus der Barmherzigen Br\u00fcder<\/a><\/li>\n<\/ul>\n<\/div><\/div>\n","protected":false},"excerpt":{"rendered":"<p>Ich bin krankenversichert, wenn ich\u2026 Wenn ich nicht krankenversichert bin, kann ich mich selbst versichern. Es gibt drei Arten der Selbstversicherung: Wenn ich nicht versichert bin, muss mich ein\/e \u00c4rzt*in nur im Notfall behandeln. Das gilt auch dann, wenn ich keinen Aufenthaltstitel (\u201eVisum\u201c) habe. Wenn ich nicht versichert bin und keinen Notfall habe, muss ich [&hellip;]<\/p>\n","protected":false},"author":2,"featured_media":0,"parent":247,"menu_order":0,"comment_status":"closed","ping_status":"closed","template":"","meta":{"footnotes":""},"class_list":["post-255","page","type-page","status-publish","hentry"],"_links":{"self":[{"href":"https:\/\/digmit.at\/index.php\/wp-json\/wp\/v2\/pages\/255","targetHints":{"allow":["GET"]}}],"collection":[{"href":"https:\/\/digmit.at\/index.php\/wp-json\/wp\/v2\/pages"}],"about":[{"href":"https:\/\/digmit.at\/index.php\/wp-json\/wp\/v2\/types\/page"}],"author":[{"embeddable":true,"href":"https:\/\/digmit.at\/index.php\/wp-json\/wp\/v2\/users\/2"}],"replies":[{"embeddable":true,"href":"https:\/\/digmit.at\/index.php\/wp-json\/wp\/v2\/comments?post=255"}],"version-history":[{"count":22,"href":"https:\/\/digmit.at\/index.php\/wp-json\/wp\/v2\/pages\/255\/revisions"}],"predecessor-version":[{"id":4570,"href":"https:\/\/digmit.at\/index.php\/wp-json\/wp\/v2\/pages\/255\/revisions\/4570"}],"up":[{"embeddable":true,"href":"https:\/\/digmit.at\/index.php\/wp-json\/wp\/v2\/pages\/247"}],"wp:attachment":[{"href":"https:\/\/digmit.at\/index.php\/wp-json\/wp\/v2\/media?parent=255"}],"curies":[{"name":"wp","href":"https:\/\/api.w.org\/{rel}","templated":true}]}}