{"id":262,"date":"2020-11-05T19:29:42","date_gmt":"2020-11-05T19:29:42","guid":{"rendered":"https:\/\/digmit.tantemalkah.at\/?page_id=262"},"modified":"2023-10-17T19:27:06","modified_gmt":"2023-10-17T19:27:06","slug":"e-card","status":"publish","type":"page","link":"https:\/\/digmit.at\/index.php\/startseite\/gesundheit\/kranken-und-unfallversicherung\/krankenversicherung\/e-card\/","title":{"rendered":"E-Card"},"content":{"rendered":"\n<p>Wenn ich <strong>krankenversichert<\/strong> bin, habe ich eine <strong>E-Card<\/strong>. <\/p>\n\n\n\n<p>Auf der E-Card steht meine <strong>Sozialversicherungsnummer<\/strong>.<\/p>\n\n\n\n<p>Wenn ich <strong>zum*r \u00c4rzt*in, in eine Ambulanz<\/strong> oder <strong>ins Krankenhaus<\/strong> gehe, brauche ich die E-Card.<\/p>\n\n\n\n<p>Die E-Card gilt f\u00fcr <strong>alle Vertrags\u00e4rzt*innen <\/strong>(also bei \u00c4rzt*innen \u201emit Krankenkassa\u201c)<strong> in \u00d6sterreich<\/strong>. <br><\/p>\n\n\n\n<p>Die E-Card (<a href=\"https:\/\/www.chipkarte.at\/cdscontent\/?contentid=10007.678568&amp;portal=ecardportal\"><strong><u>EKVK<\/u><\/strong> = Europ\u00e4ische Krankenversicherungskarte<\/a>) gilt auch bei Vertragspartner*innen in allen <strong>EU<\/strong>-Staaten, in Island, Nordmazedonien, Norwegen, Liechtenstein und der Schweiz. <\/p>\n\n\n\n<p>In <strong>Bosnien-Herzegowina<\/strong>, <strong>Serbien<\/strong> und in <strong>Montenegro<\/strong> gilt die Europ\u00e4ische Krankenversicherungskarte auch. Ich muss dort aber vorher einen Krankenschein holen. <\/p>\n\n\n\n<p>Wenn ich in die <strong>T\u00fcrkei <\/strong>reise, muss ich einen Betreuungsschein beantragen. Wenn ich arbeite, bekomme ich den Betreuungsschein von meinem*r Arbeitgeber*in; wenn ich nicht arbeite, bei der Krankenkasse. <br><\/p>\n\n\n\n<p>Seit 1.1.2020 gibt es die <strong><u><a href=\"https:\/\/www.chipkarte.at\/cdscontent\/?contentid=10007.770707\">E-Card mit Foto<\/a><\/u><\/strong>. Ich bekomme die neue E-Card automatisch per Post, bevor meine alte Karte abl\u00e4uft.<br><br>Wenn ich die <strong>Karte verliere oder<\/strong> sie mir <strong>gestohlen<\/strong> wird, sollte ich bei der E-Card Servicenummer <strong>anrufen<\/strong>: <strong><u><a href=\"tel:+43501243311\">050 124 3311<\/a><\/u><\/strong>. Ich bekomme dann eine neue E-Card per Post zugeschickt.<br><\/p>\n\n\n\n<div class=\"wp-block-group\"><div class=\"wp-block-group__inner-container is-layout-constrained wp-block-group-is-layout-constrained\">\n<h2 class=\"wp-block-heading\">weitere Informationen<\/h2>\n\n\n\n<ul class=\"wp-block-list\">\n<li><a href=\"https:\/\/www.arbeiterkammer.at\/beratung\/arbeitundrecht\/krankheitundpflege\/krankheit\/Alles_zur_E-Card.html\">Alles zur E-Card (AK)<\/a><\/li>\n\n\n\n<li><a href=\"https:\/\/www.sozialversicherung.at\/cdscontent\/?contentid=10007.844034&amp;portal=svportal\">Die e-card &#8211; Alle Infos im \u00dcberblick (SVA)<\/a><\/li>\n\n\n\n<li><a href=\"https:\/\/www.chipkarte.at\/cdscontent\/?contentid=10007.678568&amp;portal=ecardportal\">EKVK Europ\u00e4ische Krankenversicherungskarte (SVA)<\/a><\/li>\n\n\n\n<li><a href=\"https:\/\/www.chipkarte.at\/cdscontent\/?contentid=10007.770707\">Foto auf der e-Card (SVA)<\/a><\/li>\n<\/ul>\n<\/div><\/div>\n","protected":false},"excerpt":{"rendered":"<p>Wenn ich krankenversichert bin, habe ich eine E-Card. Auf der E-Card steht meine Sozialversicherungsnummer. Wenn ich zum*r \u00c4rzt*in, in eine Ambulanz oder ins Krankenhaus gehe, brauche ich die E-Card. Die E-Card gilt f\u00fcr alle Vertrags\u00e4rzt*innen (also bei \u00c4rzt*innen \u201emit Krankenkassa\u201c) in \u00d6sterreich. Die E-Card (EKVK = Europ\u00e4ische Krankenversicherungskarte) gilt auch bei Vertragspartner*innen in allen EU-Staaten, [&hellip;]<\/p>\n","protected":false},"author":2,"featured_media":0,"parent":247,"menu_order":0,"comment_status":"closed","ping_status":"closed","template":"","meta":{"footnotes":""},"class_list":["post-262","page","type-page","status-publish","hentry"],"_links":{"self":[{"href":"https:\/\/digmit.at\/index.php\/wp-json\/wp\/v2\/pages\/262","targetHints":{"allow":["GET"]}}],"collection":[{"href":"https:\/\/digmit.at\/index.php\/wp-json\/wp\/v2\/pages"}],"about":[{"href":"https:\/\/digmit.at\/index.php\/wp-json\/wp\/v2\/types\/page"}],"author":[{"embeddable":true,"href":"https:\/\/digmit.at\/index.php\/wp-json\/wp\/v2\/users\/2"}],"replies":[{"embeddable":true,"href":"https:\/\/digmit.at\/index.php\/wp-json\/wp\/v2\/comments?post=262"}],"version-history":[{"count":14,"href":"https:\/\/digmit.at\/index.php\/wp-json\/wp\/v2\/pages\/262\/revisions"}],"predecessor-version":[{"id":3324,"href":"https:\/\/digmit.at\/index.php\/wp-json\/wp\/v2\/pages\/262\/revisions\/3324"}],"up":[{"embeddable":true,"href":"https:\/\/digmit.at\/index.php\/wp-json\/wp\/v2\/pages\/247"}],"wp:attachment":[{"href":"https:\/\/digmit.at\/index.php\/wp-json\/wp\/v2\/media?parent=262"}],"curies":[{"name":"wp","href":"https:\/\/api.w.org\/{rel}","templated":true}]}}