{"id":272,"date":"2020-11-05T21:07:27","date_gmt":"2020-11-05T21:07:27","guid":{"rendered":"https:\/\/digmit.tantemalkah.at\/?page_id=272"},"modified":"2024-01-01T13:45:54","modified_gmt":"2024-01-01T13:45:54","slug":"unfallversicherung","status":"publish","type":"page","link":"https:\/\/digmit.at\/index.php\/startseite\/gesundheit\/kranken-und-unfallversicherung\/unfallversicherung\/","title":{"rendered":"Unfallversicherung"},"content":{"rendered":"\n<p>Wenn ich <strong>krankenversichert<\/strong> bin, bin ich <strong>automatisch auch unfallversichert<\/strong>.<br><br><\/p>\n\n\n\n<p>Die Unfallversicherung bietet mir Schutz, wenn ich einen <strong>Unfall in der Arbeit<\/strong> oder <strong>auf dem Weg in die Arbeit<\/strong> habe, oder wenn ich <strong>wegen meiner Arbeit krank<\/strong> werde.<br><br>Die Unfallversicherung bezahlt meine <strong>Behandlung<\/strong> oder eine <strong><a href=\"https:\/\/digmit.at\/index.php\/startseite\/gesundheit\/ich-bin-krank\/ich-bin-krank-und-will-eine-reha-kur-machen\/\">Rehabilitation<\/a><\/strong>.<br><br><\/p>\n\n\n\n<p><strong>Ich bin unfallversichert, wenn ich\u2026<\/strong><\/p>\n\n\n\n<ul class=\"wp-block-list\">\n<li><strong>arbeite<\/strong>.<br>Wenn ich unselbstst\u00e4ndig, also angestellt, arbeite, bezahlt mein*e Arbeitgeber*in die Beitr\u00e4ge zur Unfallversicherung.<br>Auch wenn ich frei Dienstnehmer*in bin, bin ich unfallversichert.<br>Auch wenn ich geringf\u00fcgig arbeite, bin ich unfallversichert, aber nicht krankenversichert.<br>Wenn ich selbst\u00e4ndig arbeite, muss ich die Unfallversicherung selbst bezahlen.<\/li>\n<\/ul>\n\n\n\n<ul class=\"wp-block-list\">\n<li><strong>Lehrling<\/strong> bin.<br><br><\/li>\n\n\n\n<li><strong>Arbeitslosengeld<\/strong> bekomme.<br><\/li>\n\n\n\n<li><strong>Notstandshilfe<\/strong> bekomme.<br><br><\/li>\n\n\n\n<li><strong>Umschulungsgeld<\/strong> (berufliche Ma\u00dfnahmen der Rehabilitation) bekomme. <br><\/li>\n\n\n\n<li><strong>Weiterbildungsgeld<\/strong> (Bildungskarenz) oder <strong>Bildungsteilzeitgeld<\/strong> bekomme.<br><br><\/li>\n\n\n\n<li><strong>Mindestsicherung<\/strong> (\u201e<strong>Sozialhilfe<\/strong>\u201c) bekomme.<br><br><\/li>\n\n\n\n<li><strong>Pensionist*in<\/strong> bin.<br><br><\/li>\n\n\n\n<li>bei einem*r versicherten Angeh\u00f6rigen (zum Beispiel Partner*in, Elternteil) <strong><u>mitversichert<\/u><\/strong> bin. <br><br><\/li>\n\n\n\n<li><strong>Sch\u00fcler*in<\/strong> oder <strong>Student*in<\/strong> bin.<br>Sch\u00fcler*innen und Studierende sind unfallversichert, m\u00fcssen aber keine Beitr\u00e4ge zur Unfallversicherung zahlen.<br><br><\/li>\n<\/ul>\n\n\n\n<p>Wenn ich wegen eines Arbeitsunfalls nicht mehr so gut arbeiten kann wie vorher, kann ich auch eine <strong>Rente<\/strong> bekommen.<br>Wenn jemand bei einem Arbeitsunfall stirbt, bekommen der*die Ehepartner*in <strong>Witwerrente\/Witwenrente<\/strong> und\/oder das\/die Kind\/er <strong>Waisenrente<\/strong>.<br><br><\/p>\n\n\n\n<p><\/p>\n\n\n\n<div class=\"wp-block-group\"><div class=\"wp-block-group__inner-container is-layout-constrained wp-block-group-is-layout-constrained\">\n<h2 class=\"wp-block-heading\">weitere Informationen<\/h2>\n\n\n\n<ul class=\"wp-block-list\">\n<li><a href=\"https:\/\/www.arbeiterkammer.at\/beratung\/arbeitundrecht\/krankheitundpflege\/unfall\/Unfallversicherung.html\">Unfallversicherung (AK)<\/a><\/li>\n\n\n\n<li><a href=\"https:\/\/www.sozialministerium.at\/Themen\/Soziales\/Sozialversicherung\/Unfallversicherung.html\">Unfallversicherung (Sozialministerium)<\/a><\/li>\n<\/ul>\n<\/div><\/div>\n","protected":false},"excerpt":{"rendered":"<p>Wenn ich krankenversichert bin, bin ich automatisch auch unfallversichert. Die Unfallversicherung bietet mir Schutz, wenn ich einen Unfall in der Arbeit oder auf dem Weg in die Arbeit habe, oder wenn ich wegen meiner Arbeit krank werde. Die Unfallversicherung bezahlt meine Behandlung oder eine Rehabilitation. Ich bin unfallversichert, wenn ich\u2026 Wenn ich wegen eines Arbeitsunfalls [&hellip;]<\/p>\n","protected":false},"author":2,"featured_media":0,"parent":125,"menu_order":0,"comment_status":"closed","ping_status":"closed","template":"","meta":{"footnotes":""},"class_list":["post-272","page","type-page","status-publish","hentry"],"_links":{"self":[{"href":"https:\/\/digmit.at\/index.php\/wp-json\/wp\/v2\/pages\/272","targetHints":{"allow":["GET"]}}],"collection":[{"href":"https:\/\/digmit.at\/index.php\/wp-json\/wp\/v2\/pages"}],"about":[{"href":"https:\/\/digmit.at\/index.php\/wp-json\/wp\/v2\/types\/page"}],"author":[{"embeddable":true,"href":"https:\/\/digmit.at\/index.php\/wp-json\/wp\/v2\/users\/2"}],"replies":[{"embeddable":true,"href":"https:\/\/digmit.at\/index.php\/wp-json\/wp\/v2\/comments?post=272"}],"version-history":[{"count":17,"href":"https:\/\/digmit.at\/index.php\/wp-json\/wp\/v2\/pages\/272\/revisions"}],"predecessor-version":[{"id":4568,"href":"https:\/\/digmit.at\/index.php\/wp-json\/wp\/v2\/pages\/272\/revisions\/4568"}],"up":[{"embeddable":true,"href":"https:\/\/digmit.at\/index.php\/wp-json\/wp\/v2\/pages\/125"}],"wp:attachment":[{"href":"https:\/\/digmit.at\/index.php\/wp-json\/wp\/v2\/media?parent=272"}],"curies":[{"name":"wp","href":"https:\/\/api.w.org\/{rel}","templated":true}]}}