{"id":2767,"date":"2023-10-11T23:17:10","date_gmt":"2023-10-11T23:17:10","guid":{"rendered":"https:\/\/digmit.at\/?page_id=2767"},"modified":"2024-01-02T13:10:45","modified_gmt":"2024-01-02T13:10:45","slug":"ich-muss-fur-meinen-aufenthalt-eine-deutschprufung-machen","status":"publish","type":"page","link":"https:\/\/digmit.at\/index.php\/ich-muss-fur-meinen-aufenthalt-eine-deutschprufung-machen\/","title":{"rendered":"Ich muss f\u00fcr meinen Aufenthalt eine Deutschpr\u00fcfung machen."},"content":{"rendered":"\n<p>F\u00fcr den <strong>ersten Aufenthaltstitel<\/strong> in \u00d6sterreich muss ich eine <strong>A1-Deutschpr\u00fcfung<\/strong> machen. <\/p>\n\n\n\n<p>Diese Pr\u00fcfung mache ich normalerweise <strong>in dem Land, aus dem ich nach \u00d6sterreich ziehe<\/strong>.<\/p>\n\n\n\n<p>Das <strong>Pr\u00fcfungszertifikat<\/strong> darf <strong>nicht \u00e4lter als 1 Jahr<\/strong> sein, wenn ich den Antrag stelle.<\/p>\n\n\n\n<p>F\u00fcr diese <strong>Aufenthaltstitel<\/strong> brauche ich die A1-Pr\u00fcfung:<\/p>\n\n\n\n<ul class=\"wp-block-list\">\n<li>Rot-Wei\u00df-Rot \u2013 Karte Plus<\/li>\n\n\n\n<li>Niederlassungsbewilligung<\/li>\n\n\n\n<li>Niederlassungsbewilligung \u2013 ausgenommen Erwerbst\u00e4tigkeit<\/li>\n\n\n\n<li>Niederlassungsbewilligung \u2013 Angeh\u00f6riger<\/li>\n\n\n\n<li>Aufenthaltstitel Familienangeh\u00f6riger<\/li>\n\n\n\n<li>Niederlassungsbewilligung \u2013 K\u00fcnstler<\/li>\n\n\n\n<li>Niederlassungsbewilligung Forscher<\/li>\n\n\n\n<li>Niederlassungsbewilligung \u2013 Sonderf\u00e4lle unselbstst\u00e4ndiger Erwerbst\u00e4tiger<\/li>\n<\/ul>\n\n\n\n<p>Hier kann ich die Pr\u00fcfung machen: <a href=\"https:\/\/www.osd.at\/\">\u00d6SD<\/a>, <a href=\"https:\/\/www.goethe.de\/de\/index.html\">Goethe<\/a>, <a href=\"https:\/\/www.telc.net\/\">telc<\/a>, <a href=\"https:\/\/www.integrationsfonds.at\/\">\u00d6IF<\/a><\/p>\n\n\n\n<p>In <strong>Ausnahme<\/strong>f\u00e4llen muss ich <strong>keine A1-Pr\u00fcfung<\/strong> machen, zum Beispiel <br>&#8211; aus psychischen oder physischen gesundheitlichen Gr\u00fcnden <br>&#8211; oder mit einem Schulabschluss, mit dem ich studieren darf (\u201eMatura\u201c)<br>&#8211; oder wenn ich eine berufsbildende mittlere Schule abgeschlossen habe<\/p>\n\n\n\n<p id=\"moduleins\"><br><br>Wenn ich aus einem <strong>Drittstaat<\/strong> komme, muss ich <strong>innerhalb von 2 Jahren<\/strong> das <strong>Modul 1<\/strong> der <a href=\"https:\/\/www.migration.gv.at\/de\/leben-und-arbeiten-in-oesterreich\/rahmenbedingungen-der-integration\/integrationsvereinbarung\/\"><strong>Integrationsvereinbarung<\/strong> (IV)<\/a> erf\u00fcllen. <\/p>\n\n\n\n<p>Das bedeutet, dass ich eine <strong>A2-Deutschpr\u00fcfung<\/strong> (= <strong>\u00d6IF-A2-Integrationspr\u00fcfung<\/strong>) machen muss. <\/p>\n\n\n\n<p>Das <strong>Pr\u00fcfungszertifikat<\/strong> darf <strong>nicht \u00e4lter als 2 Jahre<\/strong> sein, wenn ich den Antrag stelle.<\/p>\n\n\n\n<p>F\u00fcr diese <strong>Aufenthaltstitel<\/strong> muss ich das Modul 1 der IV erf\u00fcllen:<\/p>\n\n\n\n<ul class=\"wp-block-list\">\n<li>Rot-Wei\u00df-Rot \u2013 Karte<\/li>\n\n\n\n<li>Rot-Wei\u00df-Rot \u2013 Karte Plus<\/li>\n\n\n\n<li>Niederlassungsbewilligung<\/li>\n\n\n\n<li>Niederlassungsbewilligung \u2013 ausgenommen Erwerbst\u00e4tigkeit<\/li>\n\n\n\n<li>Niederlassungsbewilligung \u2013 Angeh\u00f6riger<\/li>\n\n\n\n<li>Aufenthaltstitel Familienangeh\u00f6riger<\/li>\n\n\n\n<li>Niederlassungsbewilligung \u2013 K\u00fcnstler<\/li>\n\n\n\n<li>Niederlassungsbewilligung \u2013 Sonderf\u00e4lle unselbstst\u00e4ndiger Erwerbst\u00e4tiger<\/li>\n<\/ul>\n\n\n\n<p><strong>Manche Menschen\/Personengruppen m\u00fcssen das Modul 1<\/strong> der IV <strong>nicht erf\u00fcllen<\/strong>.<\/p>\n\n\n\n<p>In bestimmten <strong>F\u00e4lle<\/strong>n gilt das <strong>Modul 1 bereits als erf\u00fcllt<\/strong>, zum Beispiel <br>&#8211; mit einem Schulabschluss, mit dem ich studieren darf (\u201eMatura\u201c)<br>&#8211; oder wenn ich eine berufsbildende mittlere Schule abgeschlossen habe<\/p>\n\n\n\n<p id=\"modul2\"><br><br>Wenn ich aus einem <strong>Drittstaat<\/strong> komme und mindestens <strong>5 Jahre in \u00d6sterreich<\/strong> bin, kann ich einen \u201e<strong>Daueraufenthalt \u2013 EU<\/strong>\u201c beantragen. <\/p>\n\n\n\n<p>F\u00fcr den \u201eDaueraufenthalt \u2013 EU\u201c muss ich das <strong>Modul 2 der <\/strong><a href=\"https:\/\/www.migration.gv.at\/de\/leben-und-arbeiten-in-oesterreich\/rahmenbedingungen-der-integration\/integrationsvereinbarung\/\"><strong>Integrationsvereinbarung<\/strong> (IV)<\/a> erf\u00fcllen. Das bedeutet, dass ich eine <strong>B1-Deutschpr\u00fcfung<\/strong> (= <strong>\u00d6IF-B1-Integrationspr\u00fcfung<\/strong>) machen muss. <\/p>\n\n\n\n<p><strong>Manche Menschen\/Personengruppen m\u00fcssen das Modul 2<\/strong> der IV <strong>nicht erf\u00fcllen<\/strong>.<\/p>\n\n\n\n<p><br><br><a href=\"https:\/\/digmit.at\/index.php\/wo-kann-ich-eine-deutschprufung-machen\/\" data-type=\"page\" data-id=\"2773\"><strong>Hier<\/strong><\/a> kann ich <strong>Deutschpr\u00fcfungen<\/strong> ablegen.<\/p>\n\n\n\n<p><br>Weitere <strong>Informationen zum Aufenthalt<\/strong> finde ich <a href=\"https:\/\/digmit.at\/index.php\/startseite\/aufenthaltsrecht\/\">hier<\/a>.<\/p>\n","protected":false},"excerpt":{"rendered":"<p>F\u00fcr den ersten Aufenthaltstitel in \u00d6sterreich muss ich eine A1-Deutschpr\u00fcfung machen. Diese Pr\u00fcfung mache ich normalerweise in dem Land, aus dem ich nach \u00d6sterreich ziehe. Das Pr\u00fcfungszertifikat darf nicht \u00e4lter als 1 Jahr sein, wenn ich den Antrag stelle. F\u00fcr diese Aufenthaltstitel brauche ich die A1-Pr\u00fcfung: Hier kann ich die Pr\u00fcfung machen: \u00d6SD, Goethe, telc, [&hellip;]<\/p>\n","protected":false},"author":2,"featured_media":0,"parent":0,"menu_order":0,"comment_status":"closed","ping_status":"closed","template":"","meta":{"footnotes":""},"class_list":["post-2767","page","type-page","status-publish","hentry"],"_links":{"self":[{"href":"https:\/\/digmit.at\/index.php\/wp-json\/wp\/v2\/pages\/2767","targetHints":{"allow":["GET"]}}],"collection":[{"href":"https:\/\/digmit.at\/index.php\/wp-json\/wp\/v2\/pages"}],"about":[{"href":"https:\/\/digmit.at\/index.php\/wp-json\/wp\/v2\/types\/page"}],"author":[{"embeddable":true,"href":"https:\/\/digmit.at\/index.php\/wp-json\/wp\/v2\/users\/2"}],"replies":[{"embeddable":true,"href":"https:\/\/digmit.at\/index.php\/wp-json\/wp\/v2\/comments?post=2767"}],"version-history":[{"count":14,"href":"https:\/\/digmit.at\/index.php\/wp-json\/wp\/v2\/pages\/2767\/revisions"}],"predecessor-version":[{"id":4607,"href":"https:\/\/digmit.at\/index.php\/wp-json\/wp\/v2\/pages\/2767\/revisions\/4607"}],"wp:attachment":[{"href":"https:\/\/digmit.at\/index.php\/wp-json\/wp\/v2\/media?parent=2767"}],"curies":[{"name":"wp","href":"https:\/\/api.w.org\/{rel}","templated":true}]}}