{"id":2777,"date":"2023-10-14T07:33:50","date_gmt":"2023-10-14T07:33:50","guid":{"rendered":"https:\/\/digmit.at\/?page_id=2777"},"modified":"2023-10-19T16:27:45","modified_gmt":"2023-10-19T16:27:45","slug":"deutsch-fur-den-beruf","status":"publish","type":"page","link":"https:\/\/digmit.at\/index.php\/deutsch-fur-den-beruf\/","title":{"rendered":"Deutsch f\u00fcr den Beruf"},"content":{"rendered":"\n<p>Hier kann ich <strong>Deutschkurse f\u00fcr den Beruf <\/strong>suchen:<\/p>\n\n\n\n<ul class=\"wp-block-list\">\n<li><a href=\"https:\/\/www.waff.at\/kurssuche\/\">Kurs-Suche waff<\/a><\/li>\n\n\n\n<li><a href=\"https:\/\/www.weiterbildungsdatenbank.at\/\">AMS Weiterbildungsdatenbank<\/a><\/li>\n\n\n\n<li><a href=\"https:\/\/www.bfi.wien\/suche\/?gclid=CjwKCAiAxvGfBhB-EiwAMPakqhXfJHoOEnZl1Ox9R5TSEky6tbsya49rXgDo6nfNHcaNgqHkTfgrvxoCg8IQAvD_BwE&amp;gclsrc=aw.ds\">bfi Wien Kurssuche<\/a><\/li>\n<\/ul>\n\n\n\n<p>Es gibt auch <strong>Online-Kurse<\/strong>.<\/p>\n\n\n\n<p><br>Es gibt Deutschkurse f\u00fcr verschiedene Berufe, zum Beispiel:<br>&#8211; \u00c4rzt*innen und Mediziner*innen<br>&#8211; B\u00fcro<br>&#8211; Hotel, Tourismus und Gastronomie<br>&#8211; Kinderbetreuungsberufe (z.B. bei der <a href=\"https:\/\/www.kinderdrehscheibe.at\/deutsch_fuer_kinderbetreuungsberufe\/\">Wiener Kinderdrehscheibe \u2013 Bildungsforum<\/a>)<br>&#8211; technische Berufe<br>&#8211; wirtschaftliche Berufe<\/p>\n\n\n\n<p><br>Im Moment werden in \u00d6sterreich viele Arbeitskr\u00e4fte im Bereich der <strong>Gesundheit, Pflege und Betreuung<\/strong>gebraucht. Deshalb gibt es viele Deutschkurse f\u00fcr diese Berufe.<\/p>\n\n\n\n<p>Im Projekt <strong>migrants care<\/strong> k\u00f6nnen Menschen mit nichtdeutscher Erstsprache (= Muttersprache) eine <strong>Ausbildung in der Pflege und Betreuung<\/strong> machen. Teil der Ausbildung ist auch ein <a href=\"https:\/\/www.integrationsfonds.at\/kurse\/deutschkurs-einstieg-in-die-pflege\/\"><strong>Deutschkurs<\/strong><\/a>.<\/p>\n\n\n\n<p>Mehr Informationen zu <em>migrants care<\/em> finde ich hier: <a href=\"https:\/\/www.caritas-wien.at\/hilfe-angebote\/asyl-integration\/ausbildung-arbeit\/beratung-begleitung\/migrants-care\">Caritas<\/a>, <a href=\"https:\/\/www.roteskreuz.at\/wien\/migrants-care-schritte-zum-pflege-und-betreuungsberuf\">Rotes Kreuz<\/a>, <a href=\"https:\/\/www.volkshilfe-wien.at\/soziale-arbeit\/integration\/migrants-care\/\">Volkshilfe<\/a><\/p>\n\n\n\n<p>Hier ein paar Beispiele f\u00fcr <strong>Deutschkurse<\/strong> im Bereich <strong>Gesundheit, Pflege und Betreuung<\/strong>:<br>&#8211; <a href=\"https:\/\/www.awz-wien.at\/\">AWZ Soziales Wien<\/a>: <a href=\"https:\/\/www.awz-wien.at\/p\/deutsch-in-pflege-und-betreuung\">Deutsch f\u00fcr Pflege- und Betreuungsberufe<\/a><br>&#8211; <a href=\"https:\/\/www.sprachschule-aktiv-wien.at\/\">Sprachschule Wien<\/a>: <a href=\"https:\/\/www.sprachschule-aktiv-wien.at\/deutschkurs-fuer-gesundheits-und-pflegeberufe-in-wien-niveau-b1-b2\/\">Deutschkurs f\u00fcr Gesundheits- &amp; Pflegeberufe in Wien \u2013 A1 bis C2<\/a><br>&#8211; <a href=\"https:\/\/www.abc-zentrum.at\/content\/kurs1.php?kpID=3&amp;kbID=4\">abc Bildungszentrum Deutschkurs f\u00fcr Pflegeberufe<\/a><br>&#8211; <a href=\"https:\/\/www.bfi.wien\/\">bfi<\/a>: <a href=\"https:\/\/www.bfi.wien\/kurs\/1343\/sprachen\/deutsch-als-fremdsprache\/deutsch-fuer-gesundheits-und-sozialberufe-modul-1-grundwortschatz\/?gclid=CjwKCAiAxvGfBhB-EiwAMPakqn8F-60AWQOL1ZwLgeGWSlSfwh3124vFmTYe-OsdzIjQDRubegQxJhoCUe4QAvD_BwE&amp;gclsrc=aw.ds\">Deutsch f\u00fcr Gesundheits- und Sozialberufe: Modul 1 Grundwortschatz<\/a><br>&#8211; <a href=\"https:\/\/pflegedeutschkurs.com\/\">Commuio HEALTH<\/a>: <a href=\"https:\/\/pflegedeutschkurs.com\/preise\/\">Online-Berufssprachkurse f\u00fcr Gesundheits- und Krankenpflege<\/a><\/p>\n\n\n\n<p><br><\/p>\n\n\n\n<p>Im Internet finde ich viele <strong>Online-\u00dcbungen<\/strong> zum Thema \u201eDeutsch f\u00fcr den Beruf\u201c. Hier ein paar Beispiele:<\/p>\n\n\n\n<ul class=\"wp-block-list\">\n<li><a href=\"https:\/\/www.digidazu.at\/\">digidazU (Integrationshaus)<\/a>: Deutsch und digitale Kompetenzen f\u00fcr die Arbeit <br>Dort finde ich Informationen und \u00dcbungen zur Arbeit im Friseursalon, in der Kindergruppe, im Pflegeheim, in der Apotheke, im Gesch\u00e4ft und im B\u00fcro. <\/li>\n\n\n\n<li><a href=\"https:\/\/www.vhs-lernportal.de\/wws\/9.php#\/wws\/kursangebot-lernende.php?sid=66210218342359640148218919400718845325466612992194237168134353439620Sf88fe0c2\">Berufssprache (VHS Lernportal, Deutscher Volkshochschul-Verband)<\/a><br>\u201eBerufssprache\u201c ausw\u00e4hlen \u2013 Niveau oder Thema ausw\u00e4hlen \u2013 \u201eals Gast einloggen\u201c<br>auch als App: <a href=\"https:\/\/a2-b1-beruf.vhs-lernportal.de\/a2-b1-app\" target=\"_blank\" rel=\"noreferrer noopener\">App A2-B1-Beruf<\/a>, <a href=\"https:\/\/b2-beruf.vhs-lernportal.de\/app-b2-beruf\" target=\"_blank\" rel=\"noreferrer noopener\">App B2-Beruf<\/a><\/li>\n\n\n\n<li><a href=\"https:\/\/learngerman.dw.com\/de\/deutsch-im-job-profis-gesucht\/c-39902336\">Deutsch im Job \u2013 Profis gesucht (B1) (Deutsche Welle)<\/a><\/li>\n\n\n\n<li><a>Nicos Weg (B1) (Deutsche Welle)<\/a><br>Kapitel zum Thema Arbeit: Intro: Berufsberatung, Bei der Arbeit, Kapitel 4 Endlich Arbeit!, Kapitel 5 M\u00e4nner und Frauen: Jobs und Gender, Rollenverteilung, Kapitel 7 Arbeitswelt, Kapitel 9 Ausbildung, Kapitel 17 Migration: Existenzgr\u00fcndung<\/li>\n<\/ul>\n","protected":false},"excerpt":{"rendered":"<p>Hier kann ich Deutschkurse f\u00fcr den Beruf suchen: Es gibt auch Online-Kurse. Es gibt Deutschkurse f\u00fcr verschiedene Berufe, zum Beispiel:&#8211; \u00c4rzt*innen und Mediziner*innen&#8211; B\u00fcro&#8211; Hotel, Tourismus und Gastronomie&#8211; Kinderbetreuungsberufe (z.B. bei der Wiener Kinderdrehscheibe \u2013 Bildungsforum)&#8211; technische Berufe&#8211; wirtschaftliche Berufe Im Moment werden in \u00d6sterreich viele Arbeitskr\u00e4fte im Bereich der Gesundheit, Pflege und Betreuunggebraucht. Deshalb [&hellip;]<\/p>\n","protected":false},"author":2,"featured_media":0,"parent":0,"menu_order":0,"comment_status":"closed","ping_status":"closed","template":"","meta":{"footnotes":""},"class_list":["post-2777","page","type-page","status-publish","hentry"],"_links":{"self":[{"href":"https:\/\/digmit.at\/index.php\/wp-json\/wp\/v2\/pages\/2777","targetHints":{"allow":["GET"]}}],"collection":[{"href":"https:\/\/digmit.at\/index.php\/wp-json\/wp\/v2\/pages"}],"about":[{"href":"https:\/\/digmit.at\/index.php\/wp-json\/wp\/v2\/types\/page"}],"author":[{"embeddable":true,"href":"https:\/\/digmit.at\/index.php\/wp-json\/wp\/v2\/users\/2"}],"replies":[{"embeddable":true,"href":"https:\/\/digmit.at\/index.php\/wp-json\/wp\/v2\/comments?post=2777"}],"version-history":[{"count":4,"href":"https:\/\/digmit.at\/index.php\/wp-json\/wp\/v2\/pages\/2777\/revisions"}],"predecessor-version":[{"id":3428,"href":"https:\/\/digmit.at\/index.php\/wp-json\/wp\/v2\/pages\/2777\/revisions\/3428"}],"wp:attachment":[{"href":"https:\/\/digmit.at\/index.php\/wp-json\/wp\/v2\/media?parent=2777"}],"curies":[{"name":"wp","href":"https:\/\/api.w.org\/{rel}","templated":true}]}}