{"id":2779,"date":"2023-10-14T07:43:06","date_gmt":"2023-10-14T07:43:06","guid":{"rendered":"https:\/\/digmit.at\/?page_id=2779"},"modified":"2024-01-01T13:45:28","modified_gmt":"2024-01-01T13:45:28","slug":"kosten-finanzierung-forderung-ermasigung","status":"publish","type":"page","link":"https:\/\/digmit.at\/index.php\/kosten-finanzierung-forderung-ermasigung\/","title":{"rendered":"Kosten: Finanzierung \/ F\u00f6rderung \/ Erm\u00e4\u00dfigung"},"content":{"rendered":"\n<p><strong>Basisbildungskurse<\/strong> und <strong>Alphabetisierungskurse<\/strong> sind <strong>kostenlos<\/strong>.<\/p>\n\n\n\n<p><strong>Deutschkurse<\/strong> sind <strong>meistens nicht gratis<\/strong>.<\/p>\n\n\n\n<p><br>Es gibt aber verschiedene <strong>F\u00f6rderungen<\/strong>, <strong>Gutscheine<\/strong> und <strong>Erm\u00e4\u00dfigungen<\/strong>:<\/p>\n\n\n\n<p><strong>Wiener Sprachgutschein<\/strong><br>Wenn ich <strong>neu in Wien<\/strong> bin (bis zu 2 Jahren), kann ich ein Startcoaching (\u201e<a href=\"http:\/\/www.startwien.at\/\"><strong>StartWien<\/strong><\/a>\u201c) bekommen. Dort bekomme ich die <strong>Wiener Sprachgutscheine<\/strong> im Wert von <strong>150 \u20ac<\/strong> sowie Informationen zu Wien in meiner Erstsprache (= Muttersprache).<\/p>\n\n\n\n<p><br><strong>Blauer Bundesgutschein<\/strong><br>Wenn ich <strong>aus einem Drittstaat<\/strong> komme, kann ich mit dem <strong>Blauen Bundesgutschein<\/strong> <strong>50 % der Kurskosten<\/strong> (maximal 750 \u20ac) f\u00fcr einen <strong>Deutsch-Integrationskurs A2<\/strong> oder <strong>B1<\/strong> und <strong>Integrationspr\u00fcfung<\/strong> zur\u00fcckbekommen. <br>Den Gutschein bekomme ich bei der <strong><a href=\"https:\/\/www.wien.gv.at\/kontakte\/ma35\/\">MA 35<\/a><\/strong>, wenn ich die <strong>Integrationsvereinbarung<\/strong> unterschreibe.<\/p>\n\n\n\n<p><br><strong>\u00d6IF-Deutschkursf\u00f6rderung<\/strong><br>Ich bekomme vom <strong>\u00d6IF<\/strong> eine <strong>F\u00f6rderung f\u00fcr Deutschkurse<\/strong>, wenn ich<br>&#8211; <strong>Asylberechtigte<\/strong>, <br>&#8211; <strong>subsidi\u00e4r Schutzberechtigte<\/strong>, <br>&#8211; <strong>Vertriebene nach \u00a762 AsylG<\/strong> <br>&#8211; oder <strong>Asylwerber*in, der*die sehr wahrscheinlich Asyl bekommt<\/strong>, bin.<\/p>\n\n\n\n<p>Pro Sprachniveau (A1, A2, B1, B2, C1) werden bis zu 1305 \u20ac gef\u00f6rdert.<\/p>\n\n\n\n<p>Wenn ich eine \u00d6IF F\u00f6rderung beantragen will, brauche ich einen Beratungstermin: +43 1 715 10 51<br>Montag bis Donnerstag 7.30\u201318.30 Uhr, Freitag 7.30\u201316.30 Uhr<br>Adresse: Landstra\u00dfer Hauptstra\u00dfe 26, 1030 Wien<\/p>\n\n\n\n<p><br><strong>Erm\u00e4\u00dfigung an den Wiener Volkshochschulen (VHS)<\/strong><br>F\u00fcr Kurse an den VHS kann ich eine <strong>Erm\u00e4\u00dfigung<\/strong> bekommen, wenn ich <br>&#8211; einen <strong>Mobilpass<\/strong> habe, <br>&#8211; <strong>Mindestsicherung<\/strong> (= \u201e<strong>Sozialhilfe<\/strong>\u201c) beziehe <br>&#8211; oder <strong>wenig Geld<\/strong> habe. <\/p>\n\n\n\n<p>Mit einer Erm\u00e4\u00dfigung zahle ich <strong>1 \u20ac pro Unterrichtseinheit<\/strong> (= Stunde). F\u00fcr einen Kurs mit 81 Unterrichtseinheiten zahle ich dann 81 \u20ac.<\/p>\n\n\n\n<p><br><strong>AK Bildungsgutschein<\/strong><br>Wenn ich nicht selbstst\u00e4ndig <strong>arbeite<\/strong>, bin ich <strong>Mitglied der Arbeiterkammer<\/strong> (<strong>AK<\/strong>). <\/p>\n\n\n\n<p>Als AK-Mitglied bekomme ich einen <strong>Bildungsgutschein<\/strong> im Wert von <strong>120 \u20ac pro Jahr<\/strong>. <\/p>\n\n\n\n<p>Wenn ich <strong>in Karenz<\/strong> bin oder meinen Lehrabschluss nachholen will, bekomme ich noch einmal <strong>50 \u20ac dazu<\/strong>.<\/p>\n\n\n\n<p>Meinen Bildungsgutschein kann ich <a href=\"https:\/\/wien.arbeiterkammer.at\/beratung\/bildung\/akbildungsgutschein\/Bildungsgutschein_und_Digi-Bonus.html\">hier online<\/a> oder telefonisch unter der Nummer <a href=\"tel: +43800 311 311\">0800 311 311<\/a> bestellen.<\/p>\n\n\n\n<p><br><strong>waff Bildungskonto f\u00fcr alle<\/strong><br>Mit dem <a href=\"https:\/\/www.waff.at\/foerderungen\/bildungskonto\/das-bildungskonto-fuer-alle\/\"><em>Bildungskonto f\u00fcr alle<\/em><\/a> f\u00f6rdert der waff <strong>50 % der Kurs- und Pr\u00fcfungskosten<\/strong> f\u00fcr Ausbildungen und Weiterbildungen \u2013 <strong>bis maximal 300 \u20ac<\/strong>.<\/p>\n\n\n\n<p>Ich kann die F\u00f6rderung bekommen, wenn ich<br>&#8211; meinen <strong>Hauptwohnsitz in Wien<\/strong> habe,<\/p>\n\n\n\n<p>&#8211; <strong>arbeite<\/strong> (auch geringf\u00fcgig, auch Neue Selbstst\u00e4ndige) oder<br>&#8211; in <strong>Bildungskarenz<\/strong> oder <strong>Bildungsteilzeit<\/strong> bin oder<br>&#8211; in <strong>Elternkarenz<\/strong> bin oder<\/p>\n\n\n\n<p>&#8211; beim <strong>AMS Wien arbeitslos<\/strong> oder <strong>arbeitssuchend<\/strong> gemeldet bin oder<\/p>\n\n\n\n<p>&#8211; <strong>Mindestsicherung<\/strong> beziehe und beim <strong>AMS Wien als arbeitssuchend<\/strong> vorgemerkt bin oder<\/p>\n\n\n\n<p>&#8211; <strong>Kinderbetreuungsgeld<\/strong> beziehe.<\/p>\n\n\n\n<p>Den <strong>Antrag auf F\u00f6rderung<\/strong> kann ich mit diesem <a href=\"https:\/\/www.waff.at\/wp-content\/uploads\/2020\/09\/waff_bikofolder_2020_end.pdf\">Formular<\/a> oder <a href=\"https:\/\/portal.waff.at\/bzbwoa\/\">online<\/a> stellen.<\/p>\n\n\n\n<p>Das <strong>Kursinstitut muss vom <\/strong><a href=\"https:\/\/www.waff.at\/anerkannte-bildungstraeger\/\"><strong>waff anerkannt<\/strong><\/a><strong> sein<\/strong>.<\/p>\n\n\n\n<p><br>Wenn ich <strong>arbeite<\/strong>, kann ich mir Kurse, Ausbildungen und Weiterbildungen auch von meiner <strong>Interessenvertretung<\/strong> (Gewerkschaften und Kammern) f\u00f6rdern lassen. <\/p>\n\n\n\n<p><br>Wenn ich als <strong>Leiharbeiter*in<\/strong> \/ <strong>Zeitarbeiter*in<\/strong> arbeite, kann ich beim <strong>Sozial- und Weiterbildungsfonds<\/strong>(<strong>SWF<\/strong>) um eine F\u00f6rderung ansuchen:<br><a href=\"https:\/\/www.swf-akue.at\/index.php\">F\u00f6rderungen f\u00fcr Zeitarbeitskr\u00e4fte (SWF)<\/a><br><a href=\"https:\/\/www.swf-akue.at\/index.php\/swffrauenfoerderung\">F\u00f6rderungen f\u00fcr Zeitarbeitskr\u00e4fte: SWF Frauenf\u00f6rderung (SWF)<\/a><\/p>\n\n\n\n<p><br>Wenn ich arbeite, kann ich Kosten f\u00fcr <strong>Kurse<\/strong>, <strong>Kursunterlagen <\/strong>sowie <strong>Pr\u00fcfungsgeb\u00fchren <\/strong>als <a href=\"https:\/\/www.bmf.gv.at\/themen\/steuern\/arbeitnehmerinnenveranlagung\/was-kann-ich-geltend-machen\/werbungskosten\/abc-der-werbungskosten.html\">Werbungskosten<\/a> <a href=\"https:\/\/ooe.arbeiterkammer.at\/beratung\/steuerundeinkommen\/arbeitnehmerveranlagung_schrittfuerschritt\/werbungskosten\/Fortbildungs--_Ausbildungs-_und_Umschulungskosten.html\"><strong>von der Steuer absetzen<\/strong><\/a>.<\/p>\n","protected":false},"excerpt":{"rendered":"<p>Basisbildungskurse und Alphabetisierungskurse sind kostenlos. Deutschkurse sind meistens nicht gratis. Es gibt aber verschiedene F\u00f6rderungen, Gutscheine und Erm\u00e4\u00dfigungen: Wiener SprachgutscheinWenn ich neu in Wien bin (bis zu 2 Jahren), kann ich ein Startcoaching (\u201eStartWien\u201c) bekommen. Dort bekomme ich die Wiener Sprachgutscheine im Wert von 150 \u20ac sowie Informationen zu Wien in meiner Erstsprache (= Muttersprache). [&hellip;]<\/p>\n","protected":false},"author":2,"featured_media":0,"parent":0,"menu_order":0,"comment_status":"closed","ping_status":"closed","template":"","meta":{"footnotes":""},"class_list":["post-2779","page","type-page","status-publish","hentry"],"_links":{"self":[{"href":"https:\/\/digmit.at\/index.php\/wp-json\/wp\/v2\/pages\/2779","targetHints":{"allow":["GET"]}}],"collection":[{"href":"https:\/\/digmit.at\/index.php\/wp-json\/wp\/v2\/pages"}],"about":[{"href":"https:\/\/digmit.at\/index.php\/wp-json\/wp\/v2\/types\/page"}],"author":[{"embeddable":true,"href":"https:\/\/digmit.at\/index.php\/wp-json\/wp\/v2\/users\/2"}],"replies":[{"embeddable":true,"href":"https:\/\/digmit.at\/index.php\/wp-json\/wp\/v2\/comments?post=2779"}],"version-history":[{"count":14,"href":"https:\/\/digmit.at\/index.php\/wp-json\/wp\/v2\/pages\/2779\/revisions"}],"predecessor-version":[{"id":4566,"href":"https:\/\/digmit.at\/index.php\/wp-json\/wp\/v2\/pages\/2779\/revisions\/4566"}],"wp:attachment":[{"href":"https:\/\/digmit.at\/index.php\/wp-json\/wp\/v2\/media?parent=2779"}],"curies":[{"name":"wp","href":"https:\/\/api.w.org\/{rel}","templated":true}]}}