{"id":2825,"date":"2023-10-14T10:09:08","date_gmt":"2023-10-14T10:09:08","guid":{"rendered":"https:\/\/digmit.at\/?page_id=2825"},"modified":"2023-10-19T20:54:37","modified_gmt":"2023-10-19T20:54:37","slug":"wo-bekomme-ich-information-und-beratung","status":"publish","type":"page","link":"https:\/\/digmit.at\/index.php\/wo-bekomme-ich-information-und-beratung\/","title":{"rendered":"Wo bekomme ich Information und Beratung?"},"content":{"rendered":"\n<p>Hier kann ich mich zum Thema <strong>Ausbildung<\/strong> oder <strong>Weiterbildung<\/strong> und <strong>Beruf<\/strong> <strong>kostenlos informieren und beraten lassen<\/strong>:<\/p>\n\n\n\n<p>Im <a href=\"https:\/\/www.migrant.at\/\"><strong>Beratungszentrum f\u00fcr Migranten und Migrantinnen<\/strong><\/a><strong> <\/strong>kann ich mich in diesen <strong>Sprachen<\/strong> beraten lassen:<strong><br><\/strong>Arabisch, Armenisch, Bosnisch\/Kroatisch\/Serbisch, Deutsch, Englisch, Franz\u00f6sisch, Indisch, Italienisch, Kurdisch, Polnisch, Punjabi, Russisch, Slowakisch, Spanisch, Tschechisch, T\u00fcrkisch, Urdu<strong><\/strong><\/p>\n\n\n\n<p><a href=\"https:\/\/www.migrant.at\/einrichtungen\/hoher-markt\/\">Arbeitsmarktpolitische Beratungs- und Betreuungseinrichtung f\u00fcr Migranten und Migrantinnen<\/a><br>Terminvereinbarung per Telefon: <a href=\"tel: +431 712 56 04\">01 712 56 04<\/a><br>Montag, Mittwoch und Freitag 9.00\u201313.00 Uhr<br>Terminvereinbarung per E-Mail: <a>info@migrant.at<\/a><\/p>\n\n\n\n<p>Pers\u00f6nliche Beratungszeiten nach Terminvereinbarung:<br>Montag, Dienstag, Mittwoch, Freitag 9.00\u201317.00 Uhr, Donnerstag, 9.00\u201319.00 Uhr<\/p>\n\n\n\n<p>Adresse: Hoher Markt 8\/Stiege 4\/2. Stock, 1010 Wien<\/p>\n\n\n\n<p><a href=\"https:\/\/www.migrant.at\/wp-content\/uploads\/folder_hohermarkt.pdf\">Folder in Beratungssprachen<\/a><\/p>\n\n\n\n<p><br><a href=\"https:\/\/www.migrant.at\/einrichtungen\/frauenberatung\/\">Frauenberatung \u2013 Arbeitsmarktpolitische Beratungs- und Betreuungseinrichtung f\u00fcr Migrantinnen<\/a><\/p>\n\n\n\n<p>Telefonische Terminvereinbarung und telefonische Beratung: <a href=\"tel: +431 982 33 08\">01 982 33 08<\/a><br>Dienstag und Mittwoch 13.30\u201316.00 Uhr, Donnerstag 9.30\u201312.00 Uhr<\/p>\n\n\n\n<p>Pers\u00f6nliche Beratungszeiten nach Terminvereinbarung:<br>Dienstag, Mittwoch, Freitag 8.30\u201312.30 Uhr, Donnerstag 15.00\u201319.00 Uhr<br>E-Mail: <a>migrantin@migrant.at<\/a><\/p>\n\n\n\n<p>Adresse: Marc-Aurel-Stra\u00dfe 2a\/2\/10, 1010 Wien <\/p>\n\n\n\n<p><a href=\"https:\/\/www.migrant.at\/wp-content\/uploads\/folder_frauen.pdf\">Folder Frauenberatung<\/a><\/p>\n\n\n\n<p><br>Bei der <a href=\"https:\/\/www.bildungsberatung-wien.at\/\"><strong>Bildungsberatung in Wien<\/strong><\/a> kann ich mich telefonisch (<a href=\"tel: 0800 207959\">0800 207959<\/a>, Montag bis Donnerstag 9\u201312 Uhr), \u00fcber Whatsapp (Montag bis Freitag 9\u201316 Uhr), Facebook-Messenger, \u00fcber den Chat, \u00fcber E-Mail beraten lassen oder einen pers\u00f6nlichen Termin an einem der <a href=\"https:\/\/www.bildungsberatung-wien.at\/beratungsorte\/\">Standorte<\/a> vereinbaren.<br>Beratungssprachen: Deutsch, T\u00fcrkisch, BKS, Englisch<\/p>\n\n\n\n<p><br>Informationen und Beratung bekomme ich auch bei den <strong><a href=\"https:\/\/digmit.at\/index.php\/biz-berufsinfozentren-ams\/\" data-type=\"page\" data-id=\"2835\"><\/a><a href=\"https:\/\/digmit.at\/index.php\/biz-berufsinfozentren-ams\/\" data-type=\"page\" data-id=\"2835\">Berufsinformationszentren des AMS<\/a><\/strong> (<a href=\"https:\/\/www.ams.at\/content\/dam\/download\/flyer-folder-broschueren\/oesterreichweit\/abi-broschueren\/001_BIZ_WIEN.pdf\">BIZ \u2013 BerufsInfoZentren<\/a>).<br>Ich kann zu einem der Berufsinfozentren gehen und mich auch ohne Termin informieren (Montag bis Donnerstag 8.00\u201315.30 Uhr, Freitag 8.00\u201313.00 Uhr). Oder ich vereinbare einen pers\u00f6nlichen Termin: <a href=\"tel: +4350 904 940\">050 904 940<\/a><\/p>\n\n\n\n<p><br>Das <a href=\"https:\/\/www.abzaustria.at\/de\/projekte-abz-austria\/abz-frauenberufszentrum-wien\"><strong>ABZ*Frauenberufszentrum*Wien<\/strong><\/a> ber\u00e4t alle beim AMS Wien gemeldeten Frauen.<br>Telefon: <a href=\"tel: +43699 166 70 322\">0699 166 70 322<\/a><br>Montag bis Freitag 9.00\u201313.00 Uhr<\/p>\n\n\n\n<p><br>Wenn ich in Wien lebe und arbeite, kann ich mich beim <a href=\"https:\/\/www.waff.at\/beruf-weiterbildung\/beratung-2\/\"><strong>Beratungszentrum f\u00fcr Beruf und Weiterbildung<\/strong>des <strong>waff<\/strong><\/a> beraten lassen.<br>Telefon: <a href=\"tel: +431 217 48 555\">01 217 48 555<\/a><br>Montag bis Donnerstag 8\u201317 Uhr, Freitag 8\u201315 Uhr<br>Adresse: Lassallestra\u00dfe 1, 1020 Wien<br><a href=\"https:\/\/www.waff.at\/wp-content\/uploads\/2022\/12\/waff_bzbw__folder_neu_dez_2022__98x210__e.pdf\">Folder<\/a><\/p>\n\n\n\n<p>Manchmal bietet der waff auch Beratung in mehreren Sprachen an \u2013 zum Beispiel bei der Veranstaltung \u201e<a href=\"https:\/\/www.waff.at\/e\/ausbildung-beruf-beratung-deutsch-tuerkisch-farsi-dari-wiener-wochen-2023\/\">Ausbildung und Beruf \u2013 Beratung in Deutsch, T\u00fcrkisch, Farsi\/Dari<\/a>\u201c am 3.5. und am 10.5.2023.<\/p>\n\n\n\n<p><br>Die <a href=\"https:\/\/www.bestinfo.at\/de\/\"><strong>BeSt<sup>3<\/sup> Bildungsmesse<\/strong><\/a> findet ein Mal pro Jahr (Anfang M\u00e4rz) in der Wiener Stadthalle statt. Dort bekommen Jugendliche und Erwachsene viele Informationen und pers\u00f6nliche Beratung zu Beruf, Weiterbildung und Studium.<\/p>\n\n\n\n<p><br><\/p>\n\n\n\n<div class=\"wp-block-group\"><div class=\"wp-block-group__inner-container is-layout-constrained wp-block-group-is-layout-constrained\">\n<h2 class=\"wp-block-heading\"><strong>weitere Informationen<\/strong><\/h2>\n\n\n\n<ul class=\"wp-block-list\">\n<li><a href=\"https:\/\/wien.arbeiterkammer.at\/service\/broschueren\/Bildung\/Berufswahl_Wer_hilft_dir_weiter_aky_bf.pdf\">Brosch\u00fcre: Berufswahl &#8211; Wer hilft dir weiter? (AK Wien)<\/a><\/li>\n<\/ul>\n<\/div><\/div>\n","protected":false},"excerpt":{"rendered":"<p>Hier kann ich mich zum Thema Ausbildung oder Weiterbildung und Beruf kostenlos informieren und beraten lassen: Im Beratungszentrum f\u00fcr Migranten und Migrantinnen kann ich mich in diesen Sprachen beraten lassen:Arabisch, Armenisch, Bosnisch\/Kroatisch\/Serbisch, Deutsch, Englisch, Franz\u00f6sisch, Indisch, Italienisch, Kurdisch, Polnisch, Punjabi, Russisch, Slowakisch, Spanisch, Tschechisch, T\u00fcrkisch, Urdu Arbeitsmarktpolitische Beratungs- und Betreuungseinrichtung f\u00fcr Migranten und MigrantinnenTerminvereinbarung per [&hellip;]<\/p>\n","protected":false},"author":2,"featured_media":0,"parent":0,"menu_order":0,"comment_status":"closed","ping_status":"closed","template":"","meta":{"footnotes":""},"class_list":["post-2825","page","type-page","status-publish","hentry"],"_links":{"self":[{"href":"https:\/\/digmit.at\/index.php\/wp-json\/wp\/v2\/pages\/2825","targetHints":{"allow":["GET"]}}],"collection":[{"href":"https:\/\/digmit.at\/index.php\/wp-json\/wp\/v2\/pages"}],"about":[{"href":"https:\/\/digmit.at\/index.php\/wp-json\/wp\/v2\/types\/page"}],"author":[{"embeddable":true,"href":"https:\/\/digmit.at\/index.php\/wp-json\/wp\/v2\/users\/2"}],"replies":[{"embeddable":true,"href":"https:\/\/digmit.at\/index.php\/wp-json\/wp\/v2\/comments?post=2825"}],"version-history":[{"count":14,"href":"https:\/\/digmit.at\/index.php\/wp-json\/wp\/v2\/pages\/2825\/revisions"}],"predecessor-version":[{"id":3477,"href":"https:\/\/digmit.at\/index.php\/wp-json\/wp\/v2\/pages\/2825\/revisions\/3477"}],"wp:attachment":[{"href":"https:\/\/digmit.at\/index.php\/wp-json\/wp\/v2\/media?parent=2825"}],"curies":[{"name":"wp","href":"https:\/\/api.w.org\/{rel}","templated":true}]}}