{"id":2860,"date":"2023-10-14T11:57:37","date_gmt":"2023-10-14T11:57:37","guid":{"rendered":"https:\/\/digmit.at\/?page_id=2860"},"modified":"2023-10-15T20:31:11","modified_gmt":"2023-10-15T20:31:11","slug":"vorbereitung-auf-die-psa-kurse","status":"publish","type":"page","link":"https:\/\/digmit.at\/index.php\/vorbereitung-auf-die-psa-kurse\/","title":{"rendered":"Vorbereitung auf die PSA-Kurse"},"content":{"rendered":"\n<p>Wenn ich noch \u00dcbung in den Bereichen <br>&#8211; Deutsch<br>&#8211; Englisch<br>&#8211; Mathematik<br>&#8211; Lernkompetenzen <br>&#8211; und\/oder digitale Kompetenzen <br>brauche, kann ich mich hier <strong>auf den PSA-Kurs vorbereiten<\/strong>:<\/p>\n\n\n\n<p><a href=\"https:\/\/www.alphabetisierung.at\/kurs\/wuk-construct-basisbildungskurs-fuer-jugendliche-und-junge-erwachsene\/\">WUK construct \u2013 Basisbildungskurs f\u00fcr Jugendliche und junge Erwachsene<\/a><br>&#8211; f\u00fcr Jugendliche und junge Erwachsene ab 15 Jahren<br>&#8211; Kursdauer: 20 Wochen<\/p>\n\n\n\n<p><a href=\"https:\/\/www.integrationshaus.at\/de\/projekte-programme\/bildung\/projekt-baju-basisbildung-f%C3%BCr-jugendliche-und-junge-erwachsene-mit-migrationshintergrund\">BAJU Basisbildung f\u00fcr Jugendliche und junge Erwachsene mit Migrationshintergrund (Integrationshaus)<\/a><br>&#8211; f\u00fcr Jugendliche und junge Erwachsene zwischen 15 und 25 Jahren<\/p>\n\n\n\n<p><a href=\"https:\/\/www.vhs.at\/de\/info\/basisbildung#bruckenkurse-fur-jugendliche-und-erwachsene\">Br\u00fcckenkurse f\u00fcr Jugendliche und Erwachsene (VHS Wien)<\/a><br>&#8211; f\u00fcr Jugendliche ab 15 Jahren und Erwachsene<\/p>\n\n\n\n<p><a href=\"https:\/\/www.abzaustria.at\/de\/projekte-abz-austria\/abz-basisbildung-wirkt\">ABZ*BASISBILDUNG WIRKT!<\/a><br>&#8211; f\u00fcr M\u00e4dchen und Frauen* ab 16 Jahren<br>&#8211; Dauer: 15 Wochen<\/p>\n","protected":false},"excerpt":{"rendered":"<p>Wenn ich noch \u00dcbung in den Bereichen &#8211; Deutsch&#8211; Englisch&#8211; Mathematik&#8211; Lernkompetenzen &#8211; und\/oder digitale Kompetenzen brauche, kann ich mich hier auf den PSA-Kurs vorbereiten: WUK construct \u2013 Basisbildungskurs f\u00fcr Jugendliche und junge Erwachsene&#8211; f\u00fcr Jugendliche und junge Erwachsene ab 15 Jahren&#8211; Kursdauer: 20 Wochen BAJU Basisbildung f\u00fcr Jugendliche und junge Erwachsene mit Migrationshintergrund (Integrationshaus)&#8211; [&hellip;]<\/p>\n","protected":false},"author":2,"featured_media":0,"parent":0,"menu_order":0,"comment_status":"closed","ping_status":"closed","template":"","meta":{"footnotes":""},"class_list":["post-2860","page","type-page","status-publish","hentry"],"_links":{"self":[{"href":"https:\/\/digmit.at\/index.php\/wp-json\/wp\/v2\/pages\/2860","targetHints":{"allow":["GET"]}}],"collection":[{"href":"https:\/\/digmit.at\/index.php\/wp-json\/wp\/v2\/pages"}],"about":[{"href":"https:\/\/digmit.at\/index.php\/wp-json\/wp\/v2\/types\/page"}],"author":[{"embeddable":true,"href":"https:\/\/digmit.at\/index.php\/wp-json\/wp\/v2\/users\/2"}],"replies":[{"embeddable":true,"href":"https:\/\/digmit.at\/index.php\/wp-json\/wp\/v2\/comments?post=2860"}],"version-history":[{"count":2,"href":"https:\/\/digmit.at\/index.php\/wp-json\/wp\/v2\/pages\/2860\/revisions"}],"predecessor-version":[{"id":3209,"href":"https:\/\/digmit.at\/index.php\/wp-json\/wp\/v2\/pages\/2860\/revisions\/3209"}],"wp:attachment":[{"href":"https:\/\/digmit.at\/index.php\/wp-json\/wp\/v2\/media?parent=2860"}],"curies":[{"name":"wp","href":"https:\/\/api.w.org\/{rel}","templated":true}]}}