{"id":2866,"date":"2023-10-14T12:15:25","date_gmt":"2023-10-14T12:15:25","guid":{"rendered":"https:\/\/digmit.at\/?page_id=2866"},"modified":"2023-10-19T21:35:28","modified_gmt":"2023-10-19T21:35:28","slug":"ich-mochte-eine-lehre-oder-einen-anderen-ausbildungsabschluss-machen","status":"publish","type":"page","link":"https:\/\/digmit.at\/index.php\/ich-mochte-eine-lehre-oder-einen-anderen-ausbildungsabschluss-machen\/","title":{"rendered":"Ich m\u00f6chte eine Lehre oder einen anderen Ausbildungsabschluss machen."},"content":{"rendered":"\n<p>Informationen zur <strong>Lehre f\u00fcr Jugendliche und junge Erwachsene<\/strong> finde ich <a href=\"https:\/\/digmit.at\/index.php\/lehre\/\">hier<\/a>.<\/p>\n\n\n\n<p>Auch als <strong>Erwachsene*r<\/strong> kann ich eine <strong>Lehre<\/strong> machen.<\/p>\n\n\n\n<p>Eine Lehre kann ich <strong>nach Abschluss der 9. Schulstufe<\/strong> (<strong>Pflichtschulabschluss<\/strong>) machen.<br><a href=\"https:\/\/digmit.at\/index.php\/ich-mochte-den-pflichtschulabschluss-machen\/\" data-type=\"page\" data-id=\"2856\">Hier<\/a> finde ich mehr Informationen zum Pflichtschulabschluss.<\/p>\n\n\n\n<p><br>In der Lehre erlerne ich einen <strong>Beruf<\/strong>.<\/p>\n\n\n\n<p>Hier finde ich eine <a href=\"https:\/\/www.bmaw.gv.at\/Themen\/Lehre-und-Berufsausbildung\/lexicon.html\"><strong>Liste aller Lehrberufe<\/strong><\/a>.<\/p>\n\n\n\n<p><br>Wenn ich eine Lehre machen will, <a href=\"https:\/\/www.e-ams.at\/eams-sfa-account\/pa\/EsaSLsmeldung.jsf?eamsTrack=1681049130793\"><strong>melde ich mich beim AMS lehrstellensuchend<\/strong><\/a>.<\/p>\n\n\n\n<p><br>Eine Lehre dauert normalerweise <strong>3 Jahre<\/strong>. Manche Lehren dauern 2 oder 4 Jahre.<br>Wenn ich schon eine andere Lehre oder eine Berufsbildende Mittlere Schule (BMS) abgeschlossen habe oder wenn ich die Matura habe, verk\u00fcrzt sich die Lehrzeit um 1 Jahr.<\/p>\n\n\n\n<p><br>W\u00e4hrend der Lehre gehe ich in eine <strong>Berufsschule<\/strong>, <strong>arbeite<\/strong> in einem Lehrbetrieb und bekomme <strong>Lehrgeld<\/strong>.<\/p>\n\n\n\n<p><br>Als Erwachsene*r kann ich auch eine <strong>au\u00dferordentliche Lehrabschlusspr\u00fcfung<\/strong> machen. <br>Daf\u00fcr muss ich schon eine <strong>Ausbildung oder Berufserfahrung in dem Bereich<\/strong> haben. <br>Ich kann also eine au\u00dferordentliche Lehrabschlusspr\u00fcfung machen, wenn ich zum Beispiel schon als K\u00f6ch*in gearbeitet habe, aber keinen Abschluss gemacht habe.<\/p>\n\n\n\n<p><br>Ich kann auch eine Lehrabschlusspr\u00fcfung machen, wenn ich <strong>im Ausland<\/strong> eine <strong>Berufsausbildung<\/strong> gemacht habe.<br>Ich kann mich bei der <a href=\"https:\/\/www.anlaufstelle-anerkennung.at\/anlaufstellen\">AST Wien <strong>PERSPEKTIVE<\/strong><\/a> (0 19 58 58 &#8211; 01) vom <a href=\"https:\/\/www.migrant.at\/\">Beratungszentrum f\u00fcr Migranten und Migrantinnen<\/a> informieren. Hier bekomme ich Informationen in diesen Sprachen: Deutsch, Englisch, Bosnisch\/Kroatisch\/Serbisch, T\u00fcrkisch, Russisch, Polnisch, Bulgarisch, Farsi, Arabisch, Franz\u00f6sisch, Spanisch, Ukrainisch, Chinesisch<\/p>\n\n\n\n<p><br>F\u00fcr die au\u00dferordentliche Lehrabschlusspr\u00fcfung gibt es <strong>Vorbereitungskurse<\/strong>.<\/p>\n\n\n\n<p>Die Vorbereitung dauert circa <strong>ein Jahr<\/strong>.<\/p>\n\n\n\n<p><br>Wenn ich <strong>arbeite<\/strong>, <strong>f\u00f6rdert<\/strong> der <strong><em>waff<\/em><\/strong> mit dem <a href=\"https:\/\/www.waff.at\/foerderungen\/chancen-scheck\/\"><strong>Chancen-Scheck<\/strong><\/a> <strong>90 % der Kurskosten<\/strong> (maximal 5.000 \u20ac) und die <strong>Pr\u00fcfungsgeb\u00fchr<\/strong>. Wenn ich die Pr\u00fcfung schaffe, bekomme ich auch die \u00fcbrigen 10 % zur\u00fcck.<\/p>\n\n\n\n<p>Eine weitere M\u00f6glichkeit, den Lehrabschluss nachzuholen, bietet das Wiener Anerkennungs-System \u201e<strong>Meine Chance \u2013 ich kann das!<\/strong>\u201c. br&gt;Mit <em>Meine Chance \u2013 ich kann das!<\/em> kann ich einen Lehrabschluss in den Berufen <strong>K\u00f6ch*in<\/strong>,<strong>Restaurantfachfrau*\/Restaurantfachmann*<\/strong> und <strong>B\u00fcrokauffrau*\/B\u00fcrokaufmann*<\/strong> nachholen, wenn ich<br>&#8211; arbeite,<br>&#8211; meinen Hauptwohnsitz in Wien habe,<br>&#8211; mindestens 22 Jahre alt bin<br>&#8211; und mindestens 18 Monate Berufserfahrung in dem Beruf habe.<\/p>\n\n\n\n<p><br>Ich kann auch eine Ausbildung zur <a href=\"https:\/\/www.waff.at\/jobs-ausbildung\/jobs-mit-ausbildung\/sozial-pflegeberufe\/fach-sozialbetreuung\/\"><strong>Fach-Sozialbetreuer*in<\/strong><\/a> machen.<br>Als Fach-Sozialbetreuer*in arbeite ich mit Menschen mit Beeintr\u00e4chtigung\/Behinderung oder mit \u00e4lteren Menschen.<br>Die Ausbildung dauert zwei Jahre.<\/p>\n\n\n\n<p><br>Ich kann auch andere <strong>Ausbildungsabschl\u00fcsse<\/strong> machen, zum Beispiel einen Handelsschulabschluss.<\/p>\n\n\n\n<p>Erwachsene k\u00f6nnen auch die <a href=\"https:\/\/digmit.at\/index.php\/matura-nachholen\/\" data-type=\"page\" data-id=\"3072\"><strong>Matura<\/strong> (= <strong>Reifepr\u00fcfung<\/strong>) <strong>nachholen<\/strong><\/a>, zum Beispiel eine AHS-, eine HAK- oder eine HTL-Matura.<\/p>\n\n\n\n<p><br>Wenn ich einen <strong>Lehrabschluss<\/strong> oder einen anderen <strong>Ausbildungsabschluss<\/strong> machen will, kann ich einen <a href=\"https:\/\/www.wien.gv.at\/arbeit\/waff\/qualifikationspass.html\"><strong>Qualifikationspass<\/strong><\/a> bekommen.Im Qualifikationspass finden sich<strong><br>&#8211; <\/strong>alle Aus- und Weiterbildungen, die ich in \u00d6sterreich gemacht haben<strong><br>&#8211; <\/strong>meine Qualifikationen und Kompetenzen<strong><br>&#8211; <\/strong>meine berufliche Erfahrung in \u00d6sterreich oder im Ausland<strong><br>&#8211; <\/strong>mein Lebenslauf und meine Bewerbungsschreiben<strong><br>&#8211; \/strong>meine Ausbildungsziele und Berufsziele<strong><br>&#8211; <\/strong>Schritt f\u00fcr Schritt alles, was ich f\u00fcr meinen Abschluss brauche<br>Wenn ich arbeite, bekomme ich den Qualifikationspass beim <a href=\"https:\/\/www.waff.at\/interview_sadina_s\/\">waff<\/a>. Wenn ich nicht arbeite, bekomme ich den Qualifikationspass bei einem der <a href=\"https:\/\/digmit.at\/index.php\/biz-berufsinfozentren-ams\/\" data-type=\"page\" data-id=\"2835\">Berufsinformationszentren des AMS<\/a> (<a href=\"https:\/\/www.ams.at\/content\/dam\/download\/flyer-folder-broschueren\/oesterreichweit\/abi-broschueren\/001_BIZ_WIEN.pdf\">BIZ \u2013 BerufsInfoZentren<\/a>) Wien.<\/p>\n\n\n\n<p><br><\/p>\n\n\n\n<div class=\"wp-block-group\"><div class=\"wp-block-group__inner-container is-layout-constrained wp-block-group-is-layout-constrained\">\n<h2 class=\"wp-block-heading\"><strong>weitere Informationen<\/strong><\/h2>\n\n\n\n<ul class=\"wp-block-list\">\n<li><a href=\"https:\/\/www.waff.at\/beruf-weiterbildung\/abschluesse-nachholen\/lehrabschluss\/\">Lehrabschluss nachholen (waff)<\/a><\/li>\n<\/ul>\n<\/div><\/div>\n","protected":false},"excerpt":{"rendered":"<p>Informationen zur Lehre f\u00fcr Jugendliche und junge Erwachsene finde ich hier. Auch als Erwachsene*r kann ich eine Lehre machen. Eine Lehre kann ich nach Abschluss der 9. Schulstufe (Pflichtschulabschluss) machen.Hier finde ich mehr Informationen zum Pflichtschulabschluss. In der Lehre erlerne ich einen Beruf. Hier finde ich eine Liste aller Lehrberufe. Wenn ich eine Lehre machen [&hellip;]<\/p>\n","protected":false},"author":2,"featured_media":0,"parent":0,"menu_order":0,"comment_status":"closed","ping_status":"closed","template":"","meta":{"footnotes":""},"class_list":["post-2866","page","type-page","status-publish","hentry"],"_links":{"self":[{"href":"https:\/\/digmit.at\/index.php\/wp-json\/wp\/v2\/pages\/2866","targetHints":{"allow":["GET"]}}],"collection":[{"href":"https:\/\/digmit.at\/index.php\/wp-json\/wp\/v2\/pages"}],"about":[{"href":"https:\/\/digmit.at\/index.php\/wp-json\/wp\/v2\/types\/page"}],"author":[{"embeddable":true,"href":"https:\/\/digmit.at\/index.php\/wp-json\/wp\/v2\/users\/2"}],"replies":[{"embeddable":true,"href":"https:\/\/digmit.at\/index.php\/wp-json\/wp\/v2\/comments?post=2866"}],"version-history":[{"count":9,"href":"https:\/\/digmit.at\/index.php\/wp-json\/wp\/v2\/pages\/2866\/revisions"}],"predecessor-version":[{"id":3504,"href":"https:\/\/digmit.at\/index.php\/wp-json\/wp\/v2\/pages\/2866\/revisions\/3504"}],"wp:attachment":[{"href":"https:\/\/digmit.at\/index.php\/wp-json\/wp\/v2\/media?parent=2866"}],"curies":[{"name":"wp","href":"https:\/\/api.w.org\/{rel}","templated":true}]}}