{"id":287,"date":"2020-11-05T21:24:42","date_gmt":"2020-11-05T21:24:42","guid":{"rendered":"https:\/\/digmit.tantemalkah.at\/?page_id=287"},"modified":"2023-10-19T08:07:20","modified_gmt":"2023-10-19T08:07:20","slug":"arztinnen-in-wien","status":"publish","type":"page","link":"https:\/\/digmit.at\/index.php\/startseite\/gesundheit\/ich-suche-eine-n-arztin\/arztinnen-in-wien\/","title":{"rendered":"\u00c4rzt*innen in Wien"},"content":{"rendered":"\n<p>Auf <strong><u><a href=\"https:\/\/www.praxisplan.at\">praxisplan.at<\/a><\/u><\/strong> kann ich eine*n <strong>\u00c4rzt*in in Wien<\/strong> suchen.<\/p>\n\n\n\n<p><br>Hier kann ich eine*n \u00c4rzt*in suchen<\/p>\n\n\n\n<ul class=\"wp-block-list\">\n<li>nach <strong>Namen<\/strong>,<br><br><\/li>\n\n\n\n<li>nach <strong>Fachgebiet<\/strong> (zum Beispiel Allgemeinmedizin oder Frauenheilkunde),<br><br><\/li>\n\n\n\n<li>und\/oder in einem bestimmten <strong>Bezirk<\/strong>. <br><\/li>\n<\/ul>\n\n\n\n<p><br>Wenn ich auf \u201e<strong><u><a href=\"https:\/\/www.praxisplan.at\/e-suche.php\">Erweiterte Suche<\/a><\/u><\/strong>\u201c klicke, kann ich auch sagen,<\/p>\n\n\n\n<ul class=\"wp-block-list\">\n<li>welches <strong>Geschlecht<\/strong> (Frau* oder Mann*) der*die \u00c4rzt*in haben soll,<br><br><\/li>\n\n\n\n<li>welche <strong>Krankenkasse<\/strong> (zum Beispiel \u00d6GK, KFA, \u201ekeine Kassen\u201c = privat),<br><br><\/li>\n\n\n\n<li>an welchen <strong>Tage<\/strong>n die <strong>Ordination<\/strong> ge\u00f6ffnet sein soll,<br><br><\/li>\n\n\n\n<li>oder welche <strong>Sprachen<\/strong> der*die \u00c4rzt*in sprechen k\u00f6nnen soll (unter Punkt \u201e<strong>Fremdsprache<\/strong>\u201c). So kann ich auch eine*n \u00c4rzt*in finden, die meine Muttersprache spricht.<\/li>\n<\/ul>\n\n\n\n<p><br>In diesem <strong>Video<\/strong> siehst du, wie du auf praxisplan.at eine*n \u00c4rzt*in suchen und finden kannst:<\/p>\n\n\n\n<figure class=\"wp-block-video\"><video height=\"1294\" style=\"aspect-ratio: 748 \/ 1294;\" width=\"748\" controls poster=\"https:\/\/digmit.at\/wp-content\/uploads\/2020\/11\/praxisplanStartfoto.PNG.jpeg\" src=\"https:\/\/digmit.at\/wp-content\/uploads\/2020\/11\/praxisplan.mp4\"><\/video><\/figure>\n\n\n\n<p><\/p>\n\n\n\n<p><\/p>\n\n\n\n<p><br><br><br>Ich kann auch auf <strong><u><a href=\"https:\/\/www.docfinder.at\">docfinder.at<\/a><\/u><\/strong> \u00c4rzt*innen in Wien und \u00d6sterreich suchen.<\/p>\n\n\n\n<p>Auch hier kann ich eine*n \u00c4rzt*in nach Namen, Fachgebiet, Postleitzahl, Krankenkasse, \u00d6ffnungszeiten und Fremdsprachen suchen. <\/p>\n\n\n\n<p>Auf DocFinder gibt es auch <strong>Bewertungen<\/strong>. Hier schreiben Patient*innen, was ihnen bei einem*r \u00c4rzt*in gut oder nicht gut gefallen hat. <\/p>\n\n\n\n<p><br><a href=\"https:\/\/wr.zahnaerztekammer.at\/patientinnen\/zahnarztsuche\">Hier<\/a>\u00a0finde ich\u00a0<strong>Zahn\u00e4zt*innen<\/strong>\u00a0in Wien. Wenn ich auf \u201eErweiterte Suche\u201c gehe, kann ich auch eine*n Zahn\u00e4rztin suchen, die meine Muttersprache spricht.<br><\/p>\n\n\n\n<p><br><\/p>\n","protected":false},"excerpt":{"rendered":"<p>Auf praxisplan.at kann ich eine*n \u00c4rzt*in in Wien suchen. Hier kann ich eine*n \u00c4rzt*in suchen Wenn ich auf \u201eErweiterte Suche\u201c klicke, kann ich auch sagen, In diesem Video siehst du, wie du auf praxisplan.at eine*n \u00c4rzt*in suchen und finden kannst: Ich kann auch auf docfinder.at \u00c4rzt*innen in Wien und \u00d6sterreich suchen. Auch hier kann ich [&hellip;]<\/p>\n","protected":false},"author":2,"featured_media":0,"parent":128,"menu_order":0,"comment_status":"closed","ping_status":"closed","template":"","meta":{"footnotes":""},"class_list":["post-287","page","type-page","status-publish","hentry"],"_links":{"self":[{"href":"https:\/\/digmit.at\/index.php\/wp-json\/wp\/v2\/pages\/287","targetHints":{"allow":["GET"]}}],"collection":[{"href":"https:\/\/digmit.at\/index.php\/wp-json\/wp\/v2\/pages"}],"about":[{"href":"https:\/\/digmit.at\/index.php\/wp-json\/wp\/v2\/types\/page"}],"author":[{"embeddable":true,"href":"https:\/\/digmit.at\/index.php\/wp-json\/wp\/v2\/users\/2"}],"replies":[{"embeddable":true,"href":"https:\/\/digmit.at\/index.php\/wp-json\/wp\/v2\/comments?post=287"}],"version-history":[{"count":30,"href":"https:\/\/digmit.at\/index.php\/wp-json\/wp\/v2\/pages\/287\/revisions"}],"predecessor-version":[{"id":3419,"href":"https:\/\/digmit.at\/index.php\/wp-json\/wp\/v2\/pages\/287\/revisions\/3419"}],"up":[{"embeddable":true,"href":"https:\/\/digmit.at\/index.php\/wp-json\/wp\/v2\/pages\/128"}],"wp:attachment":[{"href":"https:\/\/digmit.at\/index.php\/wp-json\/wp\/v2\/media?parent=287"}],"curies":[{"name":"wp","href":"https:\/\/api.w.org\/{rel}","templated":true}]}}