{"id":2870,"date":"2023-10-14T12:22:55","date_gmt":"2023-10-14T12:22:55","guid":{"rendered":"https:\/\/digmit.at\/?page_id=2870"},"modified":"2023-11-18T06:35:00","modified_gmt":"2023-11-18T06:35:00","slug":"beratung-und-ausbildung-fur-jugendliche-und-junge-erwachsene","status":"publish","type":"page","link":"https:\/\/digmit.at\/index.php\/beratung-und-ausbildung-fur-jugendliche-und-junge-erwachsene\/","title":{"rendered":"Beratung und Ausbildung f\u00fcr Jugendliche und junge Erwachsene"},"content":{"rendered":"\n<p>Informationen zur <strong>Lehre f\u00fcr Jugendliche und junge Erwachsene<\/strong> finde ich <a href=\"https:\/\/digmit.at\/index.php\/lehre\/\" data-type=\"page\" data-id=\"2873\">hier<\/a>.<\/p>\n\n\n\n<p><br>Das <strong>Jugendcoaching<\/strong> unterst\u00fctzt und begleitet Jugendliche bei der Planung ihrer Zukunft am \u00dcbergang von Schule zu Beruf oder zur weiterf\u00fchrenden Ausbildung.<br>Jugendcoaching unterst\u00fctzt Jugendliche <br>&#8211; ab dem 9. Schuljahr <br>&#8211; bis 19 Jahre, die nicht in die Schule gehen<br>&#8211; mit einer Behinderung oder sonderp\u00e4dagogischem F\u00f6rderbedarf bis 24 Jahre<br>&#8211; die unter die Ausbildungspflicht fallen (bis 18 Jahre)<\/p>\n\n\n\n<p><a href=\"https:\/\/www.neba.at\/nach-bezirk\/neba-leistungen\/jugendcoaching\/bundesland\/wien\">Hier<\/a> gibt es Jugendcoaching.<\/p>\n\n\n\n<p>Nach dem Jugendcoaching kann mich eine <a href=\"https:\/\/www.koordinationsstelle.at\/angebot\/jugend-arbeitsassistenz\/\"><strong>Jugendarbeitsassistenz<\/strong><\/a> unterst\u00fctzen, eine Lehrstelle, eine andere Ausbildung oder eine Arbeit zu suchen.<\/p>\n\n\n\n<p><br>Im <a href=\"https:\/\/www.vhs.at\/de\/e\/jubiz\/beratung\"><strong>JUBIZ<\/strong> (Jugendbildungszentrum VHS Wien)<\/a> bekommen Jugendliche und junge Erwachsene zwischen 15 und 25 Jahren <strong>Bildungsberatung<\/strong>.<br>Hier wird geschaut, welcher Kurs gut f\u00fcr mich passt:<br>&#8211; ein Basisbildungskurs,<br>&#8211; ein Br\u00fcckenkurs (= Vorbereitung auf einen PSA-Lehrgang)<br>&#8211; oder ein Lehrgang zur Vorbereitung auf den Pflichtschulabschluss.<\/p>\n\n\n\n<p><br>Beim <a href=\"https:\/\/www.interface-wien.at\/5-sprache-und-arbeit\/91-jugendcollege-startwien\"><strong>Jugendcollege<\/strong> StartWien (Interface Wien)<\/a> kann ich mich <strong>auf Schule oder Lehre vorbereiten<\/strong>, wenn ich <br>&#8211; zwischen 15 und 25 Jahre alt bin,<br>&#8211; mindestens 8 Jahre in der Schule war (in \u00d6sterreich oder im Herkunftsland)<br>&#8211; und noch \u00dcbung in Deutsch (ab A1), Englisch oder in anderen Schulf\u00e4cher brauche.<br><a href=\"https:\/\/www.interface-wien.at\/system\/attaches\/322\/original\/210830_Interface_JuCo_Folder_web.pdf?1630338337\">Folder Jugendcollege StartWien<\/a><\/p>\n\n\n\n<p><br>Das <a href=\"https:\/\/www.vhs.at\/de\/projekte\/bide\"><strong>BIDE<\/strong> Bildungscoaching und berufsbezogenes Deutsch (VHS Ottakring)<\/a> bietet <strong>Bildungscoaching<\/strong>, <strong>Deutsch-Intensivkurse<\/strong> und <strong>\u00d6IF-Pr\u00fcfungsvorbereitung<\/strong>. Ich kann teilnehmen, wenn ich <br>&#8211; zwischen 15 und 25 Jahre alt bin,<br>&#8211; Drittstaatsangeh\u00f6rige, Asylberechtigte oder subsidi\u00e4r Schutzberechtigte bin<br>&#8211; und Deutsch-Niveau B1 habe.<br><a href=\"https:\/\/www.vhs.at\/files\/downloads\/T4cxYMW87fksPsGUznk4cxVx76my3ClwjeSTYJHW.pdf\">Infofolder<\/a><\/p>\n\n\n\n<p><br>Bei <a href=\"https:\/\/www.integrationshaus.at\/de\/projekte-programme\/bildung\/jawanext\"><strong>JAWA Next<\/strong><\/a> (Integrationshaus) kann ich <strong>Bildungsmodule<\/strong>, <strong>Bewerbungstraining<\/strong>, <strong>Betriebspraktika<\/strong> machen und eine passende <strong>Lehrstelle suchen<\/strong>. Ich kann teilnehmen, wenn ich<br>&#8211; zwischen 16 und 21 Jahre alt bin,<br>&#8211; den Pflichtschulabschluss habe<br>&#8211; und beim AMS Jugendliche Wien als arbeitssuchend vorgemerkt bin.<br><a href=\"https:\/\/www.integrationshaus.at\/de\/projekte-programme\/bildung\/jawanext?file=files\/content\/DOWNLOADS\/Downloads%20Projekte\/JAWA\/Folder_JAWA%20Next14.pdf&amp;cid=1159\">Infofolder<\/a><\/p>\n\n\n\n<p><br><a href=\"https:\/\/sprungbrett.or.at\/\"><strong>sprungbrett<\/strong><\/a> unterst\u00fctzt <strong>M\u00e4dchen* und junge Frauen*<\/strong> zwischen 15 und 21 Jahren bei der <strong>Planung ihrer Zukunft und ihres Berufslebens<\/strong>.<br>Hier bekomme ich <strong>Beratung<\/strong>; ich kann verschiedene <strong>Workshops<\/strong> und <strong>Trainings<\/strong> machen, <strong>Lehrstellen oder Jobs suchen<\/strong> und vieles mehr:<br><a href=\"https:\/\/sprungbrett.or.at\/mbz\/\">M\u00e4dchen-Berufs-Zentrum<\/a> (Beratung, Workshops): 01 \/ 789 45 45<br><a href=\"https:\/\/sprungbrett.or.at\/ausbildungsfit\/\">AusbildungsFit sprungbrett_girls*<\/a> (Vormodul, Training): 0664\/88512065<br><a href=\"https:\/\/sprungbrett.or.at\/youngfit\/\">youngFIT<\/a> (Lehrstelle in Handwerk &amp; Technik): 0664\/88512064<\/p>\n\n\n\n<p><br><br>Die <a href=\"https:\/\/www.bestinfo.at\/de\/\"><strong>BeSt<sup>3<\/sup> Bildungsmesse<\/strong><\/a> findet ein Mal pro Jahr (Anfang M\u00e4rz) in der Wiener Stadthalle statt. Dort bekommen Jugendliche und Erwachsene viele <strong>Informationen und Beratung zu Beruf, Weiterbildung und Studium<\/strong>.<\/p>\n\n\n\n<p><br>Die <a href=\"https:\/\/www.l14.at\/messe\"><strong>L14<\/strong> Wohin mit 14? Bildungs- und Berufsinfomesse (AK Wien)<\/a> findet ein Mal pro Jahr im November statt. Hier bekommen Jugendliche und Eltern viele <strong>Informationen und Beratung zu Ausbildungsm\u00f6glichkeiten ab 14 Jahren<\/strong> <strong>\/<\/strong> <strong>ab der 8. Schulstufe<\/strong>.<\/p>\n\n\n\n<p><br>Bei <a href=\"https:\/\/www.wienxtra.at\/jugendliche\/\"><strong>WIENXTRA<\/strong><\/a> bekommen Jugendliche und junge Erwachsene zwischen 13 und 25 Jahren <strong>Informationen und Beratung zu verschiedenen Themen<\/strong>. Au\u00dferdem gibt es verschiedene <strong>Aktionen, Events und Freizeitprogramme<\/strong> f\u00fcr junge Menschen. <\/p>\n\n\n\n<p><br><br><a href=\"https:\/\/digmit.at\/index.php\/beratung-und-ausbildung-fur-jugendliche-und-junge-erwachsene-mit-besonderen-bedurfnissen-behinderung\/\" data-type=\"page\" data-id=\"2881\">Hier<\/a> finde ich Informationen f\u00fcr <strong>Jugendliche und junge Erwachsene mit besonderen Bed\u00fcrfnissen \/ Behinderung<\/strong>.<\/p>\n","protected":false},"excerpt":{"rendered":"<p>Informationen zur Lehre f\u00fcr Jugendliche und junge Erwachsene finde ich hier. Das Jugendcoaching unterst\u00fctzt und begleitet Jugendliche bei der Planung ihrer Zukunft am \u00dcbergang von Schule zu Beruf oder zur weiterf\u00fchrenden Ausbildung.Jugendcoaching unterst\u00fctzt Jugendliche &#8211; ab dem 9. Schuljahr &#8211; bis 19 Jahre, die nicht in die Schule gehen&#8211; mit einer Behinderung oder sonderp\u00e4dagogischem F\u00f6rderbedarf [&hellip;]<\/p>\n","protected":false},"author":2,"featured_media":0,"parent":0,"menu_order":0,"comment_status":"closed","ping_status":"closed","template":"","meta":{"footnotes":""},"class_list":["post-2870","page","type-page","status-publish","hentry"],"_links":{"self":[{"href":"https:\/\/digmit.at\/index.php\/wp-json\/wp\/v2\/pages\/2870","targetHints":{"allow":["GET"]}}],"collection":[{"href":"https:\/\/digmit.at\/index.php\/wp-json\/wp\/v2\/pages"}],"about":[{"href":"https:\/\/digmit.at\/index.php\/wp-json\/wp\/v2\/types\/page"}],"author":[{"embeddable":true,"href":"https:\/\/digmit.at\/index.php\/wp-json\/wp\/v2\/users\/2"}],"replies":[{"embeddable":true,"href":"https:\/\/digmit.at\/index.php\/wp-json\/wp\/v2\/comments?post=2870"}],"version-history":[{"count":8,"href":"https:\/\/digmit.at\/index.php\/wp-json\/wp\/v2\/pages\/2870\/revisions"}],"predecessor-version":[{"id":4017,"href":"https:\/\/digmit.at\/index.php\/wp-json\/wp\/v2\/pages\/2870\/revisions\/4017"}],"wp:attachment":[{"href":"https:\/\/digmit.at\/index.php\/wp-json\/wp\/v2\/media?parent=2870"}],"curies":[{"name":"wp","href":"https:\/\/api.w.org\/{rel}","templated":true}]}}