{"id":2885,"date":"2023-10-14T13:22:21","date_gmt":"2023-10-14T13:22:21","guid":{"rendered":"https:\/\/digmit.at\/?page_id=2885"},"modified":"2023-10-19T21:14:02","modified_gmt":"2023-10-19T21:14:02","slug":"hier-gibt-es-jugendcoaching","status":"publish","type":"page","link":"https:\/\/digmit.at\/index.php\/hier-gibt-es-jugendcoaching\/","title":{"rendered":"Hier gibt es Jugendcoaching:"},"content":{"rendered":"\n<ul class=\"wp-block-list\">\n<li><a href=\"https:\/\/www.wuk.at\/angebot\/bildung-und-beratung\/coachingplus\/\">WUK CoachingPlus<\/a> <br>Jugendliche und junge Erwachsene mit <strong>psychischer Beeintr\u00e4chtigung<\/strong> oder mit <strong>Autismus-Spektrum<\/strong>-St\u00f6rungen sowie Sch\u00fcler*innen von <strong>Perspektivklassen<\/strong><br>Telefonnummer: <a href=\"tel: +431 401 21-2200\">01 401 21-2200<\/a><\/li>\n\n\n\n<li><a href=\"https:\/\/www.wuk.at\/angebot\/bildung-und-beratung\/faktorc\/\">WUK faktor.c<\/a> <br>Jugendliche mit einer<strong> schweren<\/strong> oder mit <strong>mehrfacher Behinderung\/Benachteiligung<\/strong> sowie Sch\u00fcler*innen der <strong>Zentren f\u00fcr Inklusiv- und Sonderp\u00e4dagogik<\/strong><br>Telefonnummer: <a href=\"tel: +431 401 21-2100\">01 401 21-2100<\/a><\/li>\n\n\n\n<li><a href=\"https:\/\/www.witaf.at\/beratung\/jugendcoaching\">WITAF \u2013 Jugendcoaching<\/a> <br><strong>geh\u00f6rlose und schwerh\u00f6rige Jugendliche<\/strong><br>Telefonnummer: <a href=\"tel: +431 216 08 15\">01 216 08 15<\/a><\/li>\n\n\n\n<li><a href=\"https:\/\/www.blindenverband-wnb.at\/baabsv-gmbh\/arbeit-und-beruf\/arbeitsassistenz\/\">BAABSV \u2013 Jugendcoaching<\/a> <br>Jugendliche mit <strong>Sehbehinderung<\/strong><br><a href=\"tel: +431 981 89-0\">01 981 89-0<\/a><\/li>\n\n\n\n<li><a href=\"https:\/\/www.oesb-jugendcoaching.at\/wien\/\">\u00d6SB Jugendcoaching<\/a> <br>Sch\u00fcler*innen einer berufsbildenden mittleren (<strong>BMS<\/strong>) oder h\u00f6heren Schule (<strong>BHS<\/strong>)<br>Telefonnummer: <a href=\"tel: +431 331 68 3900\">01 331 68 3900<\/a><\/li>\n\n\n\n<li><a href=\"https:\/\/www.vhs.at\/de\/projekte\/jugendcoaching\">VHS Jugendcoaching<\/a> <br>Jugendliche im <strong>10. und 11. Bezirk<\/strong><br>Telefonnummer: <a href=\"tel: +431 89 174-159 000\">01 89 174-159 000<\/a> oder <a href=\"tel: +431 89 174-160 100\">01 89 174-160 100<\/a><\/li>\n\n\n\n<li><a href=\"https:\/\/www.wuk.at\/angebot\/bildung-und-beratung\/jugendcoaching-west\/\">WUK Jugendcoaching West<\/a><br>Jugendliche in den <strong>Bezirken 5, 6, 7, 8, 9, 16, 17, 18, 19<\/strong><br>Telefonnummer: <a href=\"tel: +431 40 121-3300\">01 40 121-3300<\/a><\/li>\n\n\n\n<li><a href=\"https:\/\/www.wienwork.at\/de\/jugendprojekte\/jugendcoaching\">wienwork Jugendcoaching<\/a> <br>Jugendliche im <strong>21. und 22. Bezirk<\/strong><br>Telefonnummer: <a href=\"tel: +43664 88 57 84 68\">0664 88 57 84 68<\/a> oder <a href=\"tel: +43664 851 12 95\">0664 851 12 95<\/a><\/li>\n\n\n\n<li><a href=\"https:\/\/www.integrationshaus.at\/de\/jugendcoaching\">m.o.v.e. on Jugendcoaching<\/a><br>Jugendliche in den <strong>Bezirken 1, 2, 3, 20<\/strong><br><a href=\"tel: +43699 1 212 35 43\">0699 1 212 35 43<\/a> oder <a href=\"tel: +43699 1 212 35 07\">0699 1 212 35 07<\/a><\/li>\n\n\n\n<li><a href=\"https:\/\/www.in-come.at\/\">in.come Jugendcoaching<\/a><br>Jugendliche in den <strong>Bezirken 4, 12, 13, 14, 15, 23<\/strong><br>Telefonnummer: <a href=\"tel: +431 9076 995\">01 9076 995<\/a><\/li>\n<\/ul>\n","protected":false},"excerpt":{"rendered":"","protected":false},"author":2,"featured_media":0,"parent":0,"menu_order":0,"comment_status":"closed","ping_status":"closed","template":"","meta":{"footnotes":""},"class_list":["post-2885","page","type-page","status-publish","hentry"],"_links":{"self":[{"href":"https:\/\/digmit.at\/index.php\/wp-json\/wp\/v2\/pages\/2885","targetHints":{"allow":["GET"]}}],"collection":[{"href":"https:\/\/digmit.at\/index.php\/wp-json\/wp\/v2\/pages"}],"about":[{"href":"https:\/\/digmit.at\/index.php\/wp-json\/wp\/v2\/types\/page"}],"author":[{"embeddable":true,"href":"https:\/\/digmit.at\/index.php\/wp-json\/wp\/v2\/users\/2"}],"replies":[{"embeddable":true,"href":"https:\/\/digmit.at\/index.php\/wp-json\/wp\/v2\/comments?post=2885"}],"version-history":[{"count":8,"href":"https:\/\/digmit.at\/index.php\/wp-json\/wp\/v2\/pages\/2885\/revisions"}],"predecessor-version":[{"id":3489,"href":"https:\/\/digmit.at\/index.php\/wp-json\/wp\/v2\/pages\/2885\/revisions\/3489"}],"wp:attachment":[{"href":"https:\/\/digmit.at\/index.php\/wp-json\/wp\/v2\/media?parent=2885"}],"curies":[{"name":"wp","href":"https:\/\/api.w.org\/{rel}","templated":true}]}}