{"id":2908,"date":"2023-10-14T21:03:44","date_gmt":"2023-10-14T21:03:44","guid":{"rendered":"https:\/\/digmit.at\/?page_id=2908"},"modified":"2023-10-22T23:01:17","modified_gmt":"2023-10-22T23:01:17","slug":"aufenthaltsbewilligung-student","status":"publish","type":"page","link":"https:\/\/digmit.at\/index.php\/aufenthaltsbewilligung-student\/","title":{"rendered":"Aufenthaltsbewilligung \u2013 Student"},"content":{"rendered":"\n<p>Wenn ich als <strong>Drittstaatsangeh\u00f6rige*r<\/strong> an einer Universit\u00e4t oder Fachhochschule in \u00d6sterreich studieren will, brauche ich eine \u201e<strong>Aufenthaltsbewilligung \u2013 Student<\/strong>\u201c (\u201eStudentenvisum\u201c).<\/p>\n\n\n\n<p><br>Um eine \u201eAufenthaltsbewilligung \u2013 Student\u201c zu bekommen, muss ich nachweisen, dass ich genug <strong>Geld<\/strong> habe, um mein Leben finanzieren zu k\u00f6nnen.<\/p>\n\n\n\n<p>Ich muss auf einem <strong>Konto f\u00fcr 12 Monate im Voraus<\/strong> so viel Geld vorweisen k\u00f6nnen (Stand 2023):<\/p>\n\n\n\n<ul class=\"wp-block-list\">\n<li>Studierende <strong>bis zum 24. Lebensjahr: 613,16 \u20ac pro Monat<\/strong><\/li>\n\n\n\n<li>Studierende <strong>ab dem 24. Lebensjahr: 1.110,26 \u20ac pro Monat<\/strong><\/li>\n\n\n\n<li>f\u00fcr Ehepaare gesamt: 1.751,56 \u20ac pro Monat<\/li>\n\n\n\n<li>f\u00fcr jedes Kind zus\u00e4tzlich: 171,31 \u20ac pro Monat<\/li>\n<\/ul>\n\n\n\n<p>Alternativ kann ich die Mittel auch mittels einer <strong>Haftungserkl\u00e4rung<\/strong> einer Person, die in der EU lebt, Traveller Cheques oder einer Stipendienbest\u00e4tigung nachweisen.<\/p>\n\n\n\n<p>Au\u00dferdem muss ich <strong>Kosten f\u00fcr eine Unterkunft<\/strong> \u00fcber 327,91\u20ac\/Monat (Stand 2023) und <strong>Kosten f\u00fcr die Krankenversicherung<\/strong> nachweisen. <\/p>\n\n\n\n<p>Wenn es die Beh\u00f6rde verlangt, muss ich erkl\u00e4ren k\u00f6nnen, <strong>woher das Geld<\/strong> stammt \u2013 zum Beispiel \u00fcber Kontoausz\u00fcge (der Eltern).<\/p>\n\n\n\n<p>Ich muss auch angeben, wenn ich einen Kredit habe oder Alimente zahle.<\/p>\n\n\n\n<p><br>Au\u00dferdem brauche ich eine <strong>Unterkunft<\/strong> in \u00d6sterreich <strong>f\u00fcr mindestens 3 Monate<\/strong>.<\/p>\n\n\n\n<p><br>Ich brauche auch eine <strong>Krankenversicherung<\/strong>.<br>Als Student*in kann ich mich bei der \u00d6sterreichischen Gesundheitskasse (<strong>\u00d6GK<\/strong>) <a href=\"https:\/\/www.gesundheitskasse.at\/cdscontent\/?contentid=10007.868713&amp;portal=oegkportal\"><strong>selbst versichern<\/strong><\/a> lassen. Hier finde ich den <a href=\"https:\/\/www.gesundheitskasse.at\/cdscontent\/load?contentid=10008.728203&amp;version=1659949520\"><strong>Antrag<\/strong><\/a>.<\/p>\n\n\n\n<p><br>Beim <strong>Erstantrag<\/strong> brauche ich<br>&#8211; eine <strong>Kopie<\/strong> des gesamten <strong>Reisepasses<\/strong> (alle Seiten)<br>&#8211; ein <strong>polizeiliches F\u00fchrungszeugnis<\/strong> aus dem Land, in dem ich lebe (nicht \u00e4lter als 3 Monate, beglaubigt und dann \u00fcbersetzt)<br>&#8211; einen <strong>Zulassungsbescheid<\/strong> oder eine <strong>Aufnahmebest\u00e4tigung der \u00f6sterreichischen Uni\/Fachhochschule<\/strong><\/p>\n\n\n\n<p><br>Normalerweise stelle ich zuerst einen <strong>Antrag auf eine \u201eAufenthaltsbewilligung \u2013 Student\u201c bei der \u00f6sterreichischen Botschaft<\/strong> in dem Land, aus dem ich komme\/in dem ich lebe.<br>Wenn ich ohne Visum nach \u00d6sterreich einreisen darf, kann ich den Antrag auch in \u00d6sterreich stellen \u2013 in Wien bei der <a href=\"https:\/\/www.wien.gv.at\/kontakte\/ma35\/\">MA 35<\/a>.<br>Wenn mein Antrag positiv entschieden wird, und wenn ich nicht visumsfrei nach \u00d6sterreich einreisen darf, stelle ich bei der \u00f6sterreichischen Botschaft einen Antrag f\u00fcr ein <strong>Visum D zur Einreise nach \u00d6sterreich<\/strong>.<\/p>\n\n\n\n<p><br>Ich bekomme die <strong>\u201eAufenthaltsbewilligung \u2013 Student\u201c f\u00fcr 12 Monate<\/strong> und muss sie <strong>verl\u00e4ngern<\/strong> lassen, <strong>bevor die g\u00fcltige abl\u00e4uft<\/strong>.<\/p>\n\n\n\n<p><br>Ich darf mit einer \u201eAufenthaltsbewilligung \u2013 Student\u201c <strong>bis zu 20 Stunden pro Woche arbeiten<\/strong>.<br><a href=\"https:\/\/digmit.at\/index.php\/startseite\/aufenthaltsrecht\/ich-mochte-in-osterreich-leben-und-oder-arbeiten\/ich-bin-drittstaatsangehoriger-und\/ich-bin-drittstaatsangehoriger-und-bin-schulerin-oder-studierender\/\" data-type=\"page\" data-id=\"1414\">Hier<\/a> finde ich weitere Informationen, wenn ich neben dem Studium arbeiten m\u00f6chte.<\/p>\n\n\n\n<p><br>Ich kann mich beim <strong><a href=\"https:\/\/www.oeh.ac.at\/ar\">Referat f\u00fcr ausl\u00e4ndische Studierende<\/a><\/strong> beraten lassen:<br>Juristische Beratung: <a href=\"tel: +431 310 88 80-67\">01 310 88 80-67<\/a><br>Allgemeine Beratung in verschiedenen Sprachen: per E-Mail und unter <a href=\"tel: +431 310 88 80-65\">01 310 88 80-65<\/a><\/p>\n\n\n\n<p><br><\/p>\n\n\n\n<div class=\"wp-block-group\"><div class=\"wp-block-group__inner-container is-layout-constrained wp-block-group-is-layout-constrained\">\n<h2 class=\"wp-block-heading\"><strong>weitere Informationen<\/strong><\/h2>\n\n\n\n<ul class=\"wp-block-list\">\n<li><a href=\"https:\/\/www.oeh.ac.at\/file\/64743\/download?token=QqgyT6QP\">Zulassung zum Studium in \u00d6sterreich f\u00fcr ausl\u00e4ndische Studierende (\u00d6H)<\/a><\/li>\n\n\n\n<li><a href=\"https:\/\/www.migration.gv.at\/de\/leben-und-arbeiten-in-oesterreich\/studieren\/\">Studieren in \u00d6sterreich (migration.gv.at)<\/a><\/li>\n\n\n\n<li><a href=\"https:\/\/www.oesterreich.gv.at\/themen\/leben_in_oesterreich\/aufenthalt\/3\/2\/1\/1\/Seite.120121.html\">\u201eAufenthaltsbewilligung \u2013 Student\u201c \u2013 Antrag (oesterreich.gv.at)<\/a><\/li>\n\n\n\n<li><a href=\"https:\/\/www.bmi.gv.at\/312\/60a\/files\/C\/2023_03_bf\/Antragsformular.pdf\">Antrag auf Erteilung eines Aufenthaltstitels (bmi.gv.at)<\/a><\/li>\n\n\n\n<li><a href=\"https:\/\/oead.at\/de\/nach-oesterreich\/einreise-und-aufenthalt\/aufenthaltsbewilligung-student-kein-mobilitaetsprogramm\">Aufenthaltsbewilligung \u2013 Student (OeAD)<\/a><\/li>\n\n\n\n<li><a href=\"https:\/\/oead.at\/de\/nach-oesterreich\/einreise-und-aufenthalt\/aufenthaltsbewilligung-student-kein-mobilitaetsprogramm\/#checklisten\">Checkliste f\u00fcr eine \u201eAufenthaltsbewilligung \u2013 Student\u201c (OeAD)<\/a><\/li>\n<\/ul>\n<\/div><\/div>\n","protected":false},"excerpt":{"rendered":"<p>Wenn ich als Drittstaatsangeh\u00f6rige*r an einer Universit\u00e4t oder Fachhochschule in \u00d6sterreich studieren will, brauche ich eine \u201eAufenthaltsbewilligung \u2013 Student\u201c (\u201eStudentenvisum\u201c). Um eine \u201eAufenthaltsbewilligung \u2013 Student\u201c zu bekommen, muss ich nachweisen, dass ich genug Geld habe, um mein Leben finanzieren zu k\u00f6nnen. Ich muss auf einem Konto f\u00fcr 12 Monate im Voraus so viel Geld vorweisen [&hellip;]<\/p>\n","protected":false},"author":2,"featured_media":0,"parent":0,"menu_order":0,"comment_status":"closed","ping_status":"closed","template":"","meta":{"footnotes":""},"class_list":["post-2908","page","type-page","status-publish","hentry"],"_links":{"self":[{"href":"https:\/\/digmit.at\/index.php\/wp-json\/wp\/v2\/pages\/2908","targetHints":{"allow":["GET"]}}],"collection":[{"href":"https:\/\/digmit.at\/index.php\/wp-json\/wp\/v2\/pages"}],"about":[{"href":"https:\/\/digmit.at\/index.php\/wp-json\/wp\/v2\/types\/page"}],"author":[{"embeddable":true,"href":"https:\/\/digmit.at\/index.php\/wp-json\/wp\/v2\/users\/2"}],"replies":[{"embeddable":true,"href":"https:\/\/digmit.at\/index.php\/wp-json\/wp\/v2\/comments?post=2908"}],"version-history":[{"count":8,"href":"https:\/\/digmit.at\/index.php\/wp-json\/wp\/v2\/pages\/2908\/revisions"}],"predecessor-version":[{"id":3569,"href":"https:\/\/digmit.at\/index.php\/wp-json\/wp\/v2\/pages\/2908\/revisions\/3569"}],"wp:attachment":[{"href":"https:\/\/digmit.at\/index.php\/wp-json\/wp\/v2\/media?parent=2908"}],"curies":[{"name":"wp","href":"https:\/\/api.w.org\/{rel}","templated":true}]}}