{"id":2917,"date":"2023-10-14T21:24:24","date_gmt":"2023-10-14T21:24:24","guid":{"rendered":"https:\/\/digmit.at\/?page_id=2917"},"modified":"2023-10-19T17:15:11","modified_gmt":"2023-10-19T17:15:11","slug":"ich-mochte-studieren-und-habe-ein-kinder","status":"publish","type":"page","link":"https:\/\/digmit.at\/index.php\/ich-mochte-studieren-und-habe-ein-kinder\/","title":{"rendered":"Ich m\u00f6chte studieren und habe ein Kind(er)."},"content":{"rendered":"\n<p>Als <strong>Studierende mit Kind(ern)<\/strong> kann ich <strong>l\u00e4nger Studienbeihilfe<\/strong> (<strong>SBH<\/strong>) <strong>beantragen<\/strong>, ich bekomme ich eine <strong>h\u00f6here SBH<\/strong>, und ich kann <strong>l\u00e4nger SBH beziehen<\/strong>.<\/p>\n\n\n\n<div class=\"wp-block-buttons is-layout-flex wp-block-buttons-is-layout-flex\">\n<div class=\"wp-block-button\"><a class=\"wp-block-button__link wp-element-button\" href=\"https:\/\/digmit.at\/index.php\/studienbeihilfe-kinder-schwangerschaft\/\">Studienbeihilfe &amp; Kind(er)\/Schwangerschaft<\/a><\/div>\n<\/div>\n\n\n\n<p><br>Wenn ich SBH oder ein Studienabschluss-Stipendium bekomme, kann ich einen <strong>Kostenzuschuss zur Kinderbetreuung<\/strong> beantragen.<\/p>\n\n\n\n<div class=\"wp-block-buttons is-layout-flex wp-block-buttons-is-layout-flex\">\n<div class=\"wp-block-button\"><a class=\"wp-block-button__link wp-element-button\" href=\"https:\/\/digmit.at\/index.php\/kostenzuschuss-zur-kinderbetreuung\/\">Kostenzuschuss zur Kinderbetreuung<\/a><\/div>\n<\/div>\n\n\n\n<p><br>Ich kann mich wegen Schwangerschaft oder Kinderbetreuung auch <strong>vom Studium beurlauben<\/strong> lassen oder mein <strong>Studium unterbrechen<\/strong>.<\/p>\n\n\n\n<div class=\"wp-block-buttons is-layout-flex wp-block-buttons-is-layout-flex\">\n<div class=\"wp-block-button\"><a class=\"wp-block-button__link wp-element-button\" href=\"https:\/\/digmit.at\/index.php\/beurlaubung-wegen-kinderbetreuung-schwangerschaft\/\">Beurlaubung wegen Kinderbetreuung\/Schwangerschaft<\/a><\/div>\n<\/div>\n\n\n\n<p><br><\/p>\n\n\n\n<div class=\"wp-block-group\"><div class=\"wp-block-group__inner-container is-layout-constrained wp-block-group-is-layout-constrained\">\n<h2 class=\"wp-block-heading\"><strong>weitere Informationen<\/strong><\/h2>\n\n\n\n<ul class=\"wp-block-list\">\n<li><a href=\"https:\/\/www.stipendium.at\/stipendien\/weitere-foerderungen#c297\">Studieren mit Kind (stipendium.at)<\/a><\/li>\n\n\n\n<li><a href=\"https:\/\/www.oeh.ac.at\/file\/64005\/download?token=Rx3tFlr0\">Brosch\u00fcre \u201eStudieren mit Kind\u201c (\u00d6H)<\/a><\/li>\n<\/ul>\n<\/div><\/div>\n","protected":false},"excerpt":{"rendered":"<p>Als Studierende mit Kind(ern) kann ich l\u00e4nger Studienbeihilfe (SBH) beantragen, ich bekomme ich eine h\u00f6here SBH, und ich kann l\u00e4nger SBH beziehen. Wenn ich SBH oder ein Studienabschluss-Stipendium bekomme, kann ich einen Kostenzuschuss zur Kinderbetreuung beantragen. Ich kann mich wegen Schwangerschaft oder Kinderbetreuung auch vom Studium beurlauben lassen oder mein Studium unterbrechen. weitere Informationen<\/p>\n","protected":false},"author":2,"featured_media":0,"parent":0,"menu_order":0,"comment_status":"closed","ping_status":"closed","template":"","meta":{"footnotes":""},"class_list":["post-2917","page","type-page","status-publish","hentry"],"_links":{"self":[{"href":"https:\/\/digmit.at\/index.php\/wp-json\/wp\/v2\/pages\/2917","targetHints":{"allow":["GET"]}}],"collection":[{"href":"https:\/\/digmit.at\/index.php\/wp-json\/wp\/v2\/pages"}],"about":[{"href":"https:\/\/digmit.at\/index.php\/wp-json\/wp\/v2\/types\/page"}],"author":[{"embeddable":true,"href":"https:\/\/digmit.at\/index.php\/wp-json\/wp\/v2\/users\/2"}],"replies":[{"embeddable":true,"href":"https:\/\/digmit.at\/index.php\/wp-json\/wp\/v2\/comments?post=2917"}],"version-history":[{"count":4,"href":"https:\/\/digmit.at\/index.php\/wp-json\/wp\/v2\/pages\/2917\/revisions"}],"predecessor-version":[{"id":3456,"href":"https:\/\/digmit.at\/index.php\/wp-json\/wp\/v2\/pages\/2917\/revisions\/3456"}],"wp:attachment":[{"href":"https:\/\/digmit.at\/index.php\/wp-json\/wp\/v2\/media?parent=2917"}],"curies":[{"name":"wp","href":"https:\/\/api.w.org\/{rel}","templated":true}]}}