{"id":2924,"date":"2023-10-14T21:32:58","date_gmt":"2023-10-14T21:32:58","guid":{"rendered":"https:\/\/digmit.at\/?page_id=2924"},"modified":"2023-10-15T20:26:54","modified_gmt":"2023-10-15T20:26:54","slug":"beurlaubung-wegen-kinderbetreuung-schwangerschaft","status":"publish","type":"page","link":"https:\/\/digmit.at\/index.php\/beurlaubung-wegen-kinderbetreuung-schwangerschaft\/","title":{"rendered":"Beurlaubung wegen Kinderbetreuung \/ Schwangerschaft"},"content":{"rendered":"\n<p>Ich kann mich wegen Schwangerschaft oder Kinderbetreuung auch <strong>vom Studium an der Uni oder PH beurlauben<\/strong> lassen.<\/p>\n\n\n\n<p><br>W\u00e4hrend der Beurlaubung zahle ich <strong>keine Studienbeitr\u00e4ge<\/strong>. Ich zahle nur den \u00d6H-Beitrag.<\/p>\n\n\n\n<p><br>ACHTUNG<br>Wenn ich mich beurlauben lasse, bekomme ich <strong>keine Studienbeihilfe<\/strong> und auch <strong>keine Familienbeihilfe<\/strong>.<br>Wenn ich SBH bekomme, macht eine Beurlaubung also keinen Sinn oder ist sogar schlecht.<\/p>\n\n\n\n<p>An der <strong>FH<\/strong> kann ich eine <strong>Unterbrechung meines Studiums<\/strong> beantragen.<br>W\u00e4hrend der Unterbrechung bekomme ich <strong>keine SBH<\/strong>.<\/p>\n","protected":false},"excerpt":{"rendered":"<p>Ich kann mich wegen Schwangerschaft oder Kinderbetreuung auch vom Studium an der Uni oder PH beurlauben lassen. W\u00e4hrend der Beurlaubung zahle ich keine Studienbeitr\u00e4ge. Ich zahle nur den \u00d6H-Beitrag. ACHTUNGWenn ich mich beurlauben lasse, bekomme ich keine Studienbeihilfe und auch keine Familienbeihilfe.Wenn ich SBH bekomme, macht eine Beurlaubung also keinen Sinn oder ist sogar schlecht. [&hellip;]<\/p>\n","protected":false},"author":2,"featured_media":0,"parent":0,"menu_order":0,"comment_status":"closed","ping_status":"closed","template":"","meta":{"footnotes":""},"class_list":["post-2924","page","type-page","status-publish","hentry"],"_links":{"self":[{"href":"https:\/\/digmit.at\/index.php\/wp-json\/wp\/v2\/pages\/2924","targetHints":{"allow":["GET"]}}],"collection":[{"href":"https:\/\/digmit.at\/index.php\/wp-json\/wp\/v2\/pages"}],"about":[{"href":"https:\/\/digmit.at\/index.php\/wp-json\/wp\/v2\/types\/page"}],"author":[{"embeddable":true,"href":"https:\/\/digmit.at\/index.php\/wp-json\/wp\/v2\/users\/2"}],"replies":[{"embeddable":true,"href":"https:\/\/digmit.at\/index.php\/wp-json\/wp\/v2\/comments?post=2924"}],"version-history":[{"count":2,"href":"https:\/\/digmit.at\/index.php\/wp-json\/wp\/v2\/pages\/2924\/revisions"}],"predecessor-version":[{"id":3204,"href":"https:\/\/digmit.at\/index.php\/wp-json\/wp\/v2\/pages\/2924\/revisions\/3204"}],"wp:attachment":[{"href":"https:\/\/digmit.at\/index.php\/wp-json\/wp\/v2\/media?parent=2924"}],"curies":[{"name":"wp","href":"https:\/\/api.w.org\/{rel}","templated":true}]}}