{"id":2927,"date":"2023-10-14T21:40:12","date_gmt":"2023-10-14T21:40:12","guid":{"rendered":"https:\/\/digmit.at\/?page_id=2927"},"modified":"2023-10-15T18:57:28","modified_gmt":"2023-10-15T18:57:28","slug":"ich-mochte-studieren-und-habe-eine-behinderung-beeintrachtigung","status":"publish","type":"page","link":"https:\/\/digmit.at\/index.php\/ich-mochte-studieren-und-habe-eine-behinderung-beeintrachtigung\/","title":{"rendered":"Ich m\u00f6chte studieren und habe eine Behinderung \/ Beeintr\u00e4chtigung."},"content":{"rendered":"\n<p>Als Studierende*r mit einer Behinderung kann ich mein <strong>Studium frei w\u00e4hlen<\/strong>.<\/p>\n\n\n\n<p>Hier die wichtigsten Informationen f\u00fcr <strong>Studierende mit einer Behinderung<\/strong>, <strong>einer Beeintr\u00e4chtigung<\/strong>oder <strong>einer chronischen Erkrankung<\/strong>:<\/p>\n\n\n\n<div class=\"wp-block-buttons is-layout-flex wp-block-buttons-is-layout-flex\">\n<div class=\"wp-block-button\"><a class=\"wp-block-button__link wp-element-button\" href=\"https:\/\/digmit.at\/index.php\/barrierefreies-studieren\/\"><strong>Barrierefreies Studieren<\/strong><\/a><\/div>\n<\/div>\n\n\n\n<div class=\"wp-block-buttons is-layout-flex wp-block-buttons-is-layout-flex\">\n<div class=\"wp-block-button\"><a class=\"wp-block-button__link wp-element-button\" href=\"https:\/\/digmit.at\/index.php\/studienbeihilfe-fur-studierende-mit-behinderung-beeintrachtigung\/\"><strong>Studienbeihilfe<\/strong><\/a><\/div>\n<\/div>\n\n\n\n<div class=\"wp-block-buttons is-layout-flex wp-block-buttons-is-layout-flex\">\n<div class=\"wp-block-button\"><a class=\"wp-block-button__link wp-element-button\" href=\"https:\/\/digmit.at\/index.php\/andere-forderungen-unterstutzungen\/\"><strong>Andere F\u00f6rderungen &amp; Unterst\u00fctzungen<\/strong><\/a><\/div>\n<\/div>\n\n\n\n<div class=\"wp-block-buttons is-layout-flex wp-block-buttons-is-layout-flex\">\n<div class=\"wp-block-button\"><a class=\"wp-block-button__link wp-element-button\" href=\"https:\/\/digmit.at\/index.php\/beurlaubung-nach-unfall-oder-erkrankung\/\"><strong>Beurlaubung nach Unfall oder Erkrankung<\/strong><\/a><\/div>\n<\/div>\n\n\n\n<p><br><\/p>\n\n\n\n<div class=\"wp-block-group\"><div class=\"wp-block-group__inner-container is-layout-constrained wp-block-group-is-layout-constrained\">\n<h2 class=\"wp-block-heading\"><strong>weitere Informationen<\/strong><\/h2>\n\n\n\n<ul class=\"wp-block-list\">\n<li><a href=\"https:\/\/www.stipendium.at\/stipendien\/weitere-foerderungen#c298\">Studieren mit Behinderung (stipendium.at)<\/a><\/li>\n\n\n\n<li><a href=\"https:\/\/www.studieren.at\/studieren-mit-behinderung\/\">Studieren mit Behinderung (studieren.at)<\/a><\/li>\n\n\n\n<li><a href=\"https:\/\/www.oesterreich.gv.at\/themen\/menschen_mit_behinderungen\/studium_und_behinderung.html\">Studium und Behinderung (oesterreich.gv.at)<\/a><\/li>\n\n\n\n<li>Brosch\u00fcre: <a href=\"https:\/\/www.hochschulombudsnetz.at\/wp-content\/uploads\/2017\/09\/Stichwort-Studieren-mit-Behinderung-Onlineversion.pdf\">Stichwort? Studieren mit Behinderung! (Ombudsstelle f\u00fcr Studierende BMBWF)<\/a><\/li>\n\n\n\n<li><a href=\"https:\/\/barrierefrei.univie.ac.at\/\">Universit\u00e4t Wien barrierefrei (Uni Wien)<\/a><\/li>\n\n\n\n<li><a href=\"https:\/\/studieren.univie.ac.at\/studienorganisation\/barrierefrei-studieren\/\">Studieren mit Beeintr\u00e4chtigung, Behinderung oder Erkrankung (Uni Wien)<\/a><\/li>\n<\/ul>\n<\/div><\/div>\n","protected":false},"excerpt":{"rendered":"<p>Als Studierende*r mit einer Behinderung kann ich mein Studium frei w\u00e4hlen. Hier die wichtigsten Informationen f\u00fcr Studierende mit einer Behinderung, einer Beeintr\u00e4chtigungoder einer chronischen Erkrankung: weitere Informationen<\/p>\n","protected":false},"author":2,"featured_media":0,"parent":0,"menu_order":0,"comment_status":"closed","ping_status":"closed","template":"","meta":{"footnotes":""},"class_list":["post-2927","page","type-page","status-publish","hentry"],"_links":{"self":[{"href":"https:\/\/digmit.at\/index.php\/wp-json\/wp\/v2\/pages\/2927","targetHints":{"allow":["GET"]}}],"collection":[{"href":"https:\/\/digmit.at\/index.php\/wp-json\/wp\/v2\/pages"}],"about":[{"href":"https:\/\/digmit.at\/index.php\/wp-json\/wp\/v2\/types\/page"}],"author":[{"embeddable":true,"href":"https:\/\/digmit.at\/index.php\/wp-json\/wp\/v2\/users\/2"}],"replies":[{"embeddable":true,"href":"https:\/\/digmit.at\/index.php\/wp-json\/wp\/v2\/comments?post=2927"}],"version-history":[{"count":3,"href":"https:\/\/digmit.at\/index.php\/wp-json\/wp\/v2\/pages\/2927\/revisions"}],"predecessor-version":[{"id":3136,"href":"https:\/\/digmit.at\/index.php\/wp-json\/wp\/v2\/pages\/2927\/revisions\/3136"}],"wp:attachment":[{"href":"https:\/\/digmit.at\/index.php\/wp-json\/wp\/v2\/media?parent=2927"}],"curies":[{"name":"wp","href":"https:\/\/api.w.org\/{rel}","templated":true}]}}