{"id":2929,"date":"2023-10-14T21:44:22","date_gmt":"2023-10-14T21:44:22","guid":{"rendered":"https:\/\/digmit.at\/?page_id=2929"},"modified":"2023-10-19T17:17:19","modified_gmt":"2023-10-19T17:17:19","slug":"barrierefreies-studieren","status":"publish","type":"page","link":"https:\/\/digmit.at\/index.php\/barrierefreies-studieren\/","title":{"rendered":"Barrierefreies Studieren"},"content":{"rendered":"\n<p>Auf der Uni gibt es bestimmte <strong>Ma\u00dfnahmen<\/strong>, damit <strong>Studierende mit einer Behinderung<\/strong>, <strong>einer Beeintr\u00e4chtigung<\/strong> oder <strong>einer chronischen Erkrankung<\/strong> besser studieren k\u00f6nnen.<br>Ich habe zum Beispiel das Recht auf <strong>abweichende Pr\u00fcfungsmethoden<\/strong>. Das bedeutet, dass ich meine Pr\u00fcfungen anders ablegen kann, wenn ich das brauche.<\/p>\n\n\n\n<p><br>Beratung zum Thema \u201eBarrierefreies Studieren\u201c bekomme ich hier:<\/p>\n\n\n\n<ul class=\"wp-block-list\">\n<li><a href=\"https:\/\/www.oeh.ac.at\/barrierefreiheit\"><strong>Referat f\u00fcr Barrierefreiheit<\/strong><\/a> der \u00d6sterreichischen Hochsch\u00fclerschaft (\u00d6H)<br>Dort bekomme ich Beratung zum Beispiel zu den Themen abweichende Pr\u00fcfungsmethoden, finanzielle Unterst\u00fctzungsm\u00f6glichkeiten oder bei Vorf\u00e4llen von Diskriminierung.<\/li>\n\n\n\n<li><a href=\"https:\/\/studieren.univie.ac.at\/barrierefrei-studieren\/beratung\/\"><strong>Team Barrierefrei<\/strong><\/a> an der Uni Wien: <a href=\"tel: +431 4277 10626\">01 4277 10626<\/a><br><a rel=\"noreferrer noopener\" href=\"https:\/\/moodle.univie.ac.at\/mod\/bigbluebuttonbn\/guestlink.php?gid=b3VfL6HAsdXi\" target=\"_blank\">Onlinekonferenz-Raum<\/a> (BigBlueButton in Moodle)<br>Dort kann ich mir auch technische Hilfsmittel ausleihen.<\/li>\n<\/ul>\n\n\n\n<figure class=\"wp-block-video\"><video controls src=\"https:\/\/ustream.univie.ac.at\/paella7\/ui\/watch.html?id=ac6baf77-7125-43a6-98f8-fe778a822a2a&amp;mode=embed\"><\/video><figcaption class=\"wp-element-caption\">Video: <a href=\"https:\/\/ustream.univie.ac.at\/paella7\/ui\/watch.html?id=ac6baf77-7125-43a6-98f8-fe778a822a2a&amp;mode=embed\">Barrierefrei Studieren an der Universit\u00e4t Wien (Uni Wien)<\/a><\/figcaption><\/figure>\n","protected":false},"excerpt":{"rendered":"<p>Auf der Uni gibt es bestimmte Ma\u00dfnahmen, damit Studierende mit einer Behinderung, einer Beeintr\u00e4chtigung oder einer chronischen Erkrankung besser studieren k\u00f6nnen.Ich habe zum Beispiel das Recht auf abweichende Pr\u00fcfungsmethoden. Das bedeutet, dass ich meine Pr\u00fcfungen anders ablegen kann, wenn ich das brauche. Beratung zum Thema \u201eBarrierefreies Studieren\u201c bekomme ich hier:<\/p>\n","protected":false},"author":2,"featured_media":0,"parent":0,"menu_order":0,"comment_status":"closed","ping_status":"closed","template":"","meta":{"footnotes":""},"class_list":["post-2929","page","type-page","status-publish","hentry"],"_links":{"self":[{"href":"https:\/\/digmit.at\/index.php\/wp-json\/wp\/v2\/pages\/2929","targetHints":{"allow":["GET"]}}],"collection":[{"href":"https:\/\/digmit.at\/index.php\/wp-json\/wp\/v2\/pages"}],"about":[{"href":"https:\/\/digmit.at\/index.php\/wp-json\/wp\/v2\/types\/page"}],"author":[{"embeddable":true,"href":"https:\/\/digmit.at\/index.php\/wp-json\/wp\/v2\/users\/2"}],"replies":[{"embeddable":true,"href":"https:\/\/digmit.at\/index.php\/wp-json\/wp\/v2\/comments?post=2929"}],"version-history":[{"count":4,"href":"https:\/\/digmit.at\/index.php\/wp-json\/wp\/v2\/pages\/2929\/revisions"}],"predecessor-version":[{"id":3457,"href":"https:\/\/digmit.at\/index.php\/wp-json\/wp\/v2\/pages\/2929\/revisions\/3457"}],"wp:attachment":[{"href":"https:\/\/digmit.at\/index.php\/wp-json\/wp\/v2\/media?parent=2929"}],"curies":[{"name":"wp","href":"https:\/\/api.w.org\/{rel}","templated":true}]}}