{"id":2932,"date":"2023-10-14T21:51:01","date_gmt":"2023-10-14T21:51:01","guid":{"rendered":"https:\/\/digmit.at\/?page_id=2932"},"modified":"2023-10-19T17:45:47","modified_gmt":"2023-10-19T17:45:47","slug":"studienbeihilfe-fur-studierende-mit-behinderung-beeintrachtigung","status":"publish","type":"page","link":"https:\/\/digmit.at\/index.php\/studienbeihilfe-fur-studierende-mit-behinderung-beeintrachtigung\/","title":{"rendered":"Studienbeihilfe f\u00fcr Studierende mit Behinderung \/ Beeintr\u00e4chtigung"},"content":{"rendered":"\n<p>Als Studierende*r mit einer Behinderung kann ich <strong>l\u00e4nger Studienbeihilfe <\/strong>(<strong>SBH<\/strong>)<strong> beantragen<\/strong>, ich bekomme ich eine <strong>h\u00f6here SBH<\/strong>, und ich kann <strong>l\u00e4nger SBH beziehen<\/strong>.<\/p>\n\n\n\n<p>Ich kann <strong>Studienbeihilfe<\/strong> (<strong>SBH<\/strong>) beantragen, wenn ich das Studium <strong>bis zu meinem 38. Geburtstag<\/strong>beginne.<\/p>\n\n\n\n<p><br>Mit einer <strong>mindestens 50-prozentigen Behinderung<\/strong> bekomme ich eine <strong>h\u00f6here SBH<\/strong>.<br>Ich kann eine bis zu 5.040 \u20ac h\u00f6here Studienbeihilfe pro Jahr bekommen.<br>Wie hoch die SBH ist, kommt auf die Schwere der Behinderung an.<br>Die SBH erh\u00f6ht sich um 160 \u20ac pro Monat, wenn ich blind, hochgradig sehbehindert oder im Rollstuhl bin.<br>Die SBH erh\u00f6ht sich um 420 \u20ac pro Monat, wenn ich geh\u00f6rlos oder hochgradig schwerh\u00f6rig bin oder ein Cochleaimplantat trage.<\/p>\n\n\n\n<p><br>Mit manchen Behinderungen und Erkrankungen bekomme ich 1 Semester l\u00e4nger SBH, zum Beispiel Leuk\u00e4mie, Beinprothese.<br>Mit manchen Behinderungen und Erkrankungen bekomme ich um die H\u00e4lfte der vorgesehenen Studienzeit l\u00e4nger Studienbeihilfe, zum Beispiel wenn ich blind oder geh\u00f6rlos bin.<br>Bei <strong>mindestens 50 % Behinderung<\/strong> bekomme ich <strong>um 2 Semester pro Studienabschnitt l\u00e4nger SBH<\/strong>.<\/p>\n\n\n\n<p><br><strong>Andere F\u00f6rderungen und Unterst\u00fctzungen<\/strong> f\u00fcr Studierende mit Behinderung finde ich <a href=\"https:\/\/digmit.at\/index.php\/andere-forderungen-unterstutzungen\/\" data-type=\"page\" data-id=\"2934\">hier<\/a>.<\/p>\n","protected":false},"excerpt":{"rendered":"<p>Als Studierende*r mit einer Behinderung kann ich l\u00e4nger Studienbeihilfe (SBH) beantragen, ich bekomme ich eine h\u00f6here SBH, und ich kann l\u00e4nger SBH beziehen. Ich kann Studienbeihilfe (SBH) beantragen, wenn ich das Studium bis zu meinem 38. Geburtstagbeginne. Mit einer mindestens 50-prozentigen Behinderung bekomme ich eine h\u00f6here SBH.Ich kann eine bis zu 5.040 \u20ac h\u00f6here Studienbeihilfe [&hellip;]<\/p>\n","protected":false},"author":2,"featured_media":0,"parent":0,"menu_order":0,"comment_status":"closed","ping_status":"closed","template":"","meta":{"footnotes":""},"class_list":["post-2932","page","type-page","status-publish","hentry"],"_links":{"self":[{"href":"https:\/\/digmit.at\/index.php\/wp-json\/wp\/v2\/pages\/2932","targetHints":{"allow":["GET"]}}],"collection":[{"href":"https:\/\/digmit.at\/index.php\/wp-json\/wp\/v2\/pages"}],"about":[{"href":"https:\/\/digmit.at\/index.php\/wp-json\/wp\/v2\/types\/page"}],"author":[{"embeddable":true,"href":"https:\/\/digmit.at\/index.php\/wp-json\/wp\/v2\/users\/2"}],"replies":[{"embeddable":true,"href":"https:\/\/digmit.at\/index.php\/wp-json\/wp\/v2\/comments?post=2932"}],"version-history":[{"count":4,"href":"https:\/\/digmit.at\/index.php\/wp-json\/wp\/v2\/pages\/2932\/revisions"}],"predecessor-version":[{"id":3458,"href":"https:\/\/digmit.at\/index.php\/wp-json\/wp\/v2\/pages\/2932\/revisions\/3458"}],"wp:attachment":[{"href":"https:\/\/digmit.at\/index.php\/wp-json\/wp\/v2\/media?parent=2932"}],"curies":[{"name":"wp","href":"https:\/\/api.w.org\/{rel}","templated":true}]}}