{"id":2941,"date":"2023-10-14T22:02:00","date_gmt":"2023-10-14T22:02:00","guid":{"rendered":"https:\/\/digmit.at\/?page_id=2941"},"modified":"2023-10-15T20:18:07","modified_gmt":"2023-10-15T20:18:07","slug":"ich-studiere-und-mir-geht-es-psychisch-nicht-so-gut","status":"publish","type":"page","link":"https:\/\/digmit.at\/index.php\/ich-studiere-und-mir-geht-es-psychisch-nicht-so-gut\/","title":{"rendered":"Ich studiere und mir geht es psychisch nicht so gut."},"content":{"rendered":"\n<p><strong>Wenn es mir psychisch nicht so gut geht<\/strong>, kann ich mich \u00fcber die <strong>\u00d6H-Helpline<\/strong> (<a href=\"tel: +431 585 33 33\">01 585 33 33<\/a>) telefonisch und anonym beraten lassen (Montag 15\u201318 Uhr, Mittwoch und Donnerstag 16\u201318 Uhr).<\/p>\n\n\n\n<p><br>Bei Problemen kann mich auch die <strong>Psychologische Studierendenberatung<\/strong> unterst\u00fctzen. <br>Es gibt Gruppen zum Beispiel zu den Themen Pr\u00fcfungsangst, Studienwahl oder Abschlussarbeiten. <br>Termine f\u00fcr eine Erstberatung kann ich <a href=\"https:\/\/www.etermin.net\/psychologischestudentenberatung\">online buchen<\/a>.<\/p>\n\n\n\n<p><br><a href=\"https:\/\/digmit.at\/index.php\/startseite\/gesundheit\/ich-suche-eine-n-arztin\/psychotherapie-psychologische-beratung\/therapie-beratung\/\" data-type=\"page\" data-id=\"550\">Hier<\/a> finde ich weitere Informationen zum Thema <strong>Therapie und psychologische Beratung<\/strong>.<\/p>\n","protected":false},"excerpt":{"rendered":"<p>Wenn es mir psychisch nicht so gut geht, kann ich mich \u00fcber die \u00d6H-Helpline (01 585 33 33) telefonisch und anonym beraten lassen (Montag 15\u201318 Uhr, Mittwoch und Donnerstag 16\u201318 Uhr). Bei Problemen kann mich auch die Psychologische Studierendenberatung unterst\u00fctzen. Es gibt Gruppen zum Beispiel zu den Themen Pr\u00fcfungsangst, Studienwahl oder Abschlussarbeiten. Termine f\u00fcr eine [&hellip;]<\/p>\n","protected":false},"author":2,"featured_media":0,"parent":0,"menu_order":0,"comment_status":"closed","ping_status":"closed","template":"","meta":{"footnotes":""},"class_list":["post-2941","page","type-page","status-publish","hentry"],"_links":{"self":[{"href":"https:\/\/digmit.at\/index.php\/wp-json\/wp\/v2\/pages\/2941","targetHints":{"allow":["GET"]}}],"collection":[{"href":"https:\/\/digmit.at\/index.php\/wp-json\/wp\/v2\/pages"}],"about":[{"href":"https:\/\/digmit.at\/index.php\/wp-json\/wp\/v2\/types\/page"}],"author":[{"embeddable":true,"href":"https:\/\/digmit.at\/index.php\/wp-json\/wp\/v2\/users\/2"}],"replies":[{"embeddable":true,"href":"https:\/\/digmit.at\/index.php\/wp-json\/wp\/v2\/comments?post=2941"}],"version-history":[{"count":3,"href":"https:\/\/digmit.at\/index.php\/wp-json\/wp\/v2\/pages\/2941\/revisions"}],"predecessor-version":[{"id":3191,"href":"https:\/\/digmit.at\/index.php\/wp-json\/wp\/v2\/pages\/2941\/revisions\/3191"}],"wp:attachment":[{"href":"https:\/\/digmit.at\/index.php\/wp-json\/wp\/v2\/media?parent=2941"}],"curies":[{"name":"wp","href":"https:\/\/api.w.org\/{rel}","templated":true}]}}