{"id":2946,"date":"2023-10-14T22:15:20","date_gmt":"2023-10-14T22:15:20","guid":{"rendered":"https:\/\/digmit.at\/?page_id=2946"},"modified":"2023-10-19T22:20:14","modified_gmt":"2023-10-19T22:20:14","slug":"studienbeihilfe","status":"publish","type":"page","link":"https:\/\/digmit.at\/index.php\/studienbeihilfe\/","title":{"rendered":"Studienbeihilfe"},"content":{"rendered":"\n<p>Wenn ich (und meine Eltern) <strong>nicht genug Geld<\/strong> habe(n), um mein Studium zu finanzieren, kann ich <strong>Studienbeihilfe<\/strong> (<strong>SBH<\/strong>) beantragen.<\/p>\n\n\n\n<p><br><strong>Wer kann SBH bekommen?<br><\/strong>&#8211; \u00d6sterreicher*innen<br>&#8211; EWR-Staatsb\u00fcrger*innen mit Recht auf Daueraufenthalt (l\u00e4nger als 5 Jahre in \u00d6sterreich)<br>&#8211; Drittstaatsangeh\u00f6rige und Staatenlose mit Recht auf Daueraufenthalt<br>&#8211; Familienangeh\u00f6rige von \u00d6sterreicher*innen<br>&#8211; Konventionsfl\u00fcchtlinge<br>&#8211; \u2026<\/p>\n\n\n\n<p><br>Um SBH zu bekommen, muss ich das <strong>Studium vor meinem 33. Geburtstag beginnen<\/strong>.<br>Als <strong><a href=\"https:\/\/digmit.at\/index.php\/selbsterhalterinnen-stipendium\/\" data-type=\"page\" data-id=\"2957\">Selbsterhalter*in<\/a><\/strong>, <strong><a href=\"https:\/\/digmit.at\/index.php\/studienbeihilfe-kinder-schwangerschaft\/\" data-type=\"page\" data-id=\"2919\">Studierende mit Kind(ern)<\/a><\/strong>, <strong><a href=\"https:\/\/digmit.at\/index.php\/studienbeihilfe-fur-studierende-mit-behinderung-beeintrachtigung\/\" data-type=\"page\" data-id=\"2932\">Studierende mit Behinderung<\/a><\/strong> und im Fall von <strong>Masterstudien <\/strong>kann ich <strong>l\u00e4nger SBH beantragen<\/strong>.<\/p>\n\n\n\n<p><br><strong>Antragsfristen<\/strong>: <br>f\u00fcr das <strong>Wintersemester<\/strong>: 20. September <strong>bis 15. Dezember<\/strong> <br>f\u00fcr das <strong>Sommersemester<\/strong>: 20. Februar <strong>bis 15. Mai<\/strong><\/p>\n\n\n\n<p><br>Ich muss ein bestimmtes <strong>Mindestausma\u00df an<\/strong> <strong>ECTS-Punkte<\/strong>n nachweisen.<br>Ich darf die <strong>Mindeststudienzeit um maximal ein Semester \u00fcberschreiten<\/strong>.<\/p>\n\n\n\n<p><br><strong>Ob und wie viel SBH<\/strong> ich bekommen kann, kann ich mit dem <a href=\"http:\/\/www.stipendienrechner.at\/studienbeihilfen.htm\"><strong>Stipendienrechner<\/strong> (AK)<\/a> herausfinden:<\/p>\n\n\n\n<pre class=\"wp-block-code\"><code><iframe loading=\"lazy\" src=\"https:\/\/www.stipendienrechner.at\/\" width=\"100%\" height=\"800px\"><\/iframe><\/code><\/pre>\n\n\n\n<p><br>Als SBH-Bezieher*in kann ich auch einen <a href=\"https:\/\/www.stipendium.at\/stipendien\/weitere-foerderungen#header-ce-356\"><strong>Fahrkostenzuschuss<\/strong><\/a> bekommen.<\/p>\n\n\n\n<p><br>Wenn ich SBH bekomme und <strong>selbstversichert<\/strong> bin, bekomme ich <strong>ab 27<\/strong> einen <a href=\"https:\/\/www.stipendium.at\/stipendien\/weitere-foerderungen#header-ce-356\"><strong>Versicherungskostenbeitrag<\/strong><\/a> von 19 \u20ac pro Monat.<\/p>\n\n\n\n<p><br>Wenn ich Fragen zur SBH habe, kann ich mich bei der <strong>Stipendienstelle<\/strong> informieren: <br>Telefon: <a href=\"tel: +431 601730\">01 60173-0<\/a> (Mo., Di., Do., Fr. 9\u201312 h)<br>F\u00fcr eine pers\u00f6nliche Beratung brauche ich einen Termin.<\/p>\n\n\n\n<p><br><br><\/p>\n\n\n\n<div class=\"wp-block-group\"><div class=\"wp-block-group__inner-container is-layout-constrained wp-block-group-is-layout-constrained\">\n<h2 class=\"wp-block-heading\"><strong>weitere Informationen<\/strong><\/h2>\n\n\n\n<ul class=\"wp-block-list\">\n<li><a href=\"https:\/\/www.stipendium.at\/stipendien\/studienbeihilfe\">Studienbeihilfe (stipendium.at)<\/a><\/li>\n\n\n\n<li><a href=\"https:\/\/www.oeh.ac.at\/file\/63986\/download?token=L3I_37TM\">Sozialbrosch\u00fcre. Beihilfen, F\u00f6rderungen &amp; Finanzierungshilfen (\u00d6H) (Ausgabe: Februar 2023)<\/a><\/li>\n\n\n\n<li><a href=\"https:\/\/www.stipendium.at\/stipendien\/studium-beruf#c67\">Studium &amp; Beruf (stipendium.at)<\/a><\/li>\n<\/ul>\n<\/div><\/div>\n","protected":false},"excerpt":{"rendered":"<p>Wenn ich (und meine Eltern) nicht genug Geld habe(n), um mein Studium zu finanzieren, kann ich Studienbeihilfe (SBH) beantragen. Wer kann SBH bekommen?&#8211; \u00d6sterreicher*innen&#8211; EWR-Staatsb\u00fcrger*innen mit Recht auf Daueraufenthalt (l\u00e4nger als 5 Jahre in \u00d6sterreich)&#8211; Drittstaatsangeh\u00f6rige und Staatenlose mit Recht auf Daueraufenthalt&#8211; Familienangeh\u00f6rige von \u00d6sterreicher*innen&#8211; Konventionsfl\u00fcchtlinge&#8211; \u2026 Um SBH zu bekommen, muss ich das Studium [&hellip;]<\/p>\n","protected":false},"author":2,"featured_media":0,"parent":0,"menu_order":0,"comment_status":"closed","ping_status":"closed","template":"","meta":{"footnotes":""},"class_list":["post-2946","page","type-page","status-publish","hentry"],"_links":{"self":[{"href":"https:\/\/digmit.at\/index.php\/wp-json\/wp\/v2\/pages\/2946","targetHints":{"allow":["GET"]}}],"collection":[{"href":"https:\/\/digmit.at\/index.php\/wp-json\/wp\/v2\/pages"}],"about":[{"href":"https:\/\/digmit.at\/index.php\/wp-json\/wp\/v2\/types\/page"}],"author":[{"embeddable":true,"href":"https:\/\/digmit.at\/index.php\/wp-json\/wp\/v2\/users\/2"}],"replies":[{"embeddable":true,"href":"https:\/\/digmit.at\/index.php\/wp-json\/wp\/v2\/comments?post=2946"}],"version-history":[{"count":19,"href":"https:\/\/digmit.at\/index.php\/wp-json\/wp\/v2\/pages\/2946\/revisions"}],"predecessor-version":[{"id":3512,"href":"https:\/\/digmit.at\/index.php\/wp-json\/wp\/v2\/pages\/2946\/revisions\/3512"}],"wp:attachment":[{"href":"https:\/\/digmit.at\/index.php\/wp-json\/wp\/v2\/media?parent=2946"}],"curies":[{"name":"wp","href":"https:\/\/api.w.org\/{rel}","templated":true}]}}