{"id":2957,"date":"2023-10-14T22:38:56","date_gmt":"2023-10-14T22:38:56","guid":{"rendered":"https:\/\/digmit.at\/?page_id=2957"},"modified":"2023-10-31T05:00:44","modified_gmt":"2023-10-31T05:00:44","slug":"selbsterhalterinnen-stipendium","status":"publish","type":"page","link":"https:\/\/digmit.at\/index.php\/selbsterhalterinnen-stipendium\/","title":{"rendered":"Selbsterhalter*innen-Stipendium"},"content":{"rendered":"\n<p>Ich kann ein Selbsterhalter*innen-Stipendium beantragen, wenn ich <\/p>\n\n\n\n<ul class=\"wp-block-list\">\n<li><strong>mindestens 4 Jahre lang gearbeitet<\/strong> habe,<\/li>\n\n\n\n<li><strong>mindestens 8.580 \u20ac pro Jahr<\/strong> (Brutto minus Sozialversicherung und 132 \u20ac Werbungskostenpauschale; f\u00fcr Antr\u00e4ge bis 31.8.2024, danach 11.000 \u20ac) <strong>verdient<\/strong> habe<\/li>\n\n\n\n<li>und ich zu Studienbeginn <strong>h\u00f6chstens 32 Jahre alt<\/strong> bin. <br>Die Altersgrenze erh\u00f6ht sich f\u00fcr jedes volle Selbsterhalter*innen-Jahr zus\u00e4tzlich um ein weiteres Jahr, jedoch maximal um insgesamt 5 Jahre.<br>Das bedeutet:<br>Wenn ich 33 Jahre alt bin, muss ich 5 Jahre gearbeitet haben.<br>Wenn ich 34 Jahre alt bin, muss ich 6 Jahre gearbeitet haben.<br>Wenn ich 35 Jahre alt bin, muss ich 7 Jahre gearbeitet haben.<br>Wenn ich 36 Jahre alt bin, muss ich 8 Jahre gearbeitet haben.<br>Wenn ich 37 Jahre alt bin, muss ich 9 Jahre gearbeitet haben.<br><strong>Ab<\/strong> einem Alter von <strong>38 Jahren<\/strong> bekomme ich <strong>kein Selbsterhalter*innen-Stipendium<\/strong>.<\/li>\n<\/ul>\n\n\n\n<p><br>Die <strong>Altersgrenze von 33 Jahren erh\u00f6ht<\/strong> sich auch <strong>um 5 Jahre<\/strong>, also <strong>auf 38 Jahre<\/strong>, f\u00fcr<br>&#8211; Studierende mit <strong>Kind(ern)<\/strong>,<br>&#8211; Studierende mit<strong> Behinderung<\/strong>, <br>&#8211; f\u00fcr Studierende, die ein <strong>Masterstudium<\/strong> aufnehmen, wenn sie das Bachelorstudium begonnen haben, bevor sie 33 Jahre alt waren. <\/p>\n\n\n\n<p><br>Ich bekomme <strong>monatlich maximal 891 \u20ac<\/strong> Selbsterhalter*innen-Stipendium.<br><strong>Ab<\/strong> einem Alter von <strong>27<\/strong> Jahren bekomme ich <strong>maximal 923 \u20ac<\/strong> pro Monat.<br>Studierende, die ein <strong>Kind<\/strong> pflegen\/erziehen, bekommen <strong>129,60 \u20ac mehr<\/strong> pro Monat.<br>Studierende mit <strong>Behinderung<\/strong> bekommen je nach Art und Grad der Behinderung <strong>172,80 \u20ac bzw. 453,60 \u20ac mehr<\/strong> pro Monat.<\/p>\n\n\n\n<p><br>Ich bekomme ein Selbsterhalter*innen-Stipendium f\u00fcr die <strong>Mindeststudiendauer plus 1 Toleranzsemester<\/strong> pro Studium beziehungsweise pro Studienabschnitt.<\/p>\n\n\n\n<p><br>Wenn ich ein Selbsterhalter*innen-Stipendium bekomme, darf ich maximal <strong>15.000 \u20ac pro Jahr dazuverdienen<\/strong> (Stand 2023), ohne dass mir Geld vom Selbsterhalter*innen-Stipendium abgezogen wird.<\/p>\n\n\n\n<p><br>Wenn ich Fragen zum Selbsterhalter*innen-Stipendium habe, kann ich mich bei der <strong>Stipendienstelle<\/strong> informieren:<br>Telefon: <a href=\"tel: +431 601730\">01<\/a><a href=\"tel: +431 60173-0\"> 60173-0<\/a> (Mo., Di., Do., Fr. 9\u201312 Uhr)<br>F\u00fcr eine pers\u00f6nliche Beratung brauche ich einen Termin.<\/p>\n\n\n\n<p><br><br><\/p>\n\n\n\n<div class=\"wp-block-group\"><div class=\"wp-block-group__inner-container is-layout-constrained wp-block-group-is-layout-constrained\">\n<h2 class=\"wp-block-heading\"><strong>weitere Informationen<\/strong><\/h2>\n\n\n\n<ul class=\"wp-block-list\">\n<li><a href=\"https:\/\/www.arbeiterkammer.at\/beratung\/bildung\/studium\/Selbsterhalter-Stipendium.html\">Selbsterhalter-Stipendium (AK)<\/a><strong><\/strong><\/li>\n\n\n\n<li><a href=\"https:\/\/formulare.stipendium.at\/FB09_26.pdf\">Formular FB 09-26: Beilage zur \u00dcberpr\u00fcfung der Zeiten des Selbsterhaltes<\/a><\/li>\n\n\n\n<li><a href=\"https:\/\/www.oeh.ac.at\/file\/63986\/download?token=L3I_37TM\">Sozialbrosch\u00fcre. Beihilfen, F\u00f6rderungen &amp; Finanzierungshilfen (\u00d6H) (Ausgabe: Februar 2023)<\/a><\/li>\n\n\n\n<li><a href=\"https:\/\/www.stipendium.at\/stipendien\/studium-beruf#c67\">Studium &amp; Beruf (stipendium.at)<\/a><strong><\/strong><\/li>\n<\/ul>\n<\/div><\/div>\n","protected":false},"excerpt":{"rendered":"<p>Ich kann ein Selbsterhalter*innen-Stipendium beantragen, wenn ich Die Altersgrenze von 33 Jahren erh\u00f6ht sich auch um 5 Jahre, also auf 38 Jahre, f\u00fcr&#8211; Studierende mit Kind(ern),&#8211; Studierende mit Behinderung, &#8211; f\u00fcr Studierende, die ein Masterstudium aufnehmen, wenn sie das Bachelorstudium begonnen haben, bevor sie 33 Jahre alt waren. Ich bekomme monatlich maximal 891 \u20ac Selbsterhalter*innen-Stipendium.Ab [&hellip;]<\/p>\n","protected":false},"author":2,"featured_media":0,"parent":0,"menu_order":0,"comment_status":"closed","ping_status":"closed","template":"","meta":{"footnotes":""},"class_list":["post-2957","page","type-page","status-publish","hentry"],"_links":{"self":[{"href":"https:\/\/digmit.at\/index.php\/wp-json\/wp\/v2\/pages\/2957","targetHints":{"allow":["GET"]}}],"collection":[{"href":"https:\/\/digmit.at\/index.php\/wp-json\/wp\/v2\/pages"}],"about":[{"href":"https:\/\/digmit.at\/index.php\/wp-json\/wp\/v2\/types\/page"}],"author":[{"embeddable":true,"href":"https:\/\/digmit.at\/index.php\/wp-json\/wp\/v2\/users\/2"}],"replies":[{"embeddable":true,"href":"https:\/\/digmit.at\/index.php\/wp-json\/wp\/v2\/comments?post=2957"}],"version-history":[{"count":5,"href":"https:\/\/digmit.at\/index.php\/wp-json\/wp\/v2\/pages\/2957\/revisions"}],"predecessor-version":[{"id":3854,"href":"https:\/\/digmit.at\/index.php\/wp-json\/wp\/v2\/pages\/2957\/revisions\/3854"}],"wp:attachment":[{"href":"https:\/\/digmit.at\/index.php\/wp-json\/wp\/v2\/media?parent=2957"}],"curies":[{"name":"wp","href":"https:\/\/api.w.org\/{rel}","templated":true}]}}