{"id":2978,"date":"2023-10-14T23:42:56","date_gmt":"2023-10-14T23:42:56","guid":{"rendered":"https:\/\/digmit.at\/?page_id=2978"},"modified":"2023-10-25T09:48:29","modified_gmt":"2023-10-25T09:48:29","slug":"kosten-finanzierung-forderung-ermasigung-3","status":"publish","type":"page","link":"https:\/\/digmit.at\/index.php\/kosten-finanzierung-forderung-ermasigung-3\/","title":{"rendered":"Kosten: Finanzierung \/ F\u00f6rderung \/ Erm\u00e4\u00dfigung"},"content":{"rendered":"\n<p>Hier kann ich <strong>F\u00f6rderungen<\/strong> f\u00fcr meine Ausbildung oder Weiterbildung <strong>suchen<\/strong>:<br><a href=\"https:\/\/erwachsenenbildung.at\/bildungsinfo\/kursfoerderung\/\">F\u00f6rderungen f\u00fcr Weiterbildung finden (erwachsenenbildung.at)<\/a><\/p>\n\n\n\n<p><br><strong>Liste aller F\u00f6rderungen<\/strong> f\u00fcr Ausbildung und Weiterbildung:<br><a href=\"https:\/\/erwachsenenbildung.at\/bildungsinfo\/kursfoerderung\/ueberblick.php\">\u00dcberblick zu F\u00f6rderungen f\u00fcr Aus- und Weiterbildungen (erwachsenenbildung.at)<\/a><\/p>\n\n\n\n<p><br>Der <strong>Wiener ArbeitnehmerInnen F\u00f6rderungsfonds<\/strong> (<strong>waff<\/strong>) f\u00f6rdert Personen, die ihren <strong>Hauptwohnsitz in Wien<\/strong> haben.<\/p>\n\n\n\n<p><strong>Wiener Info-Telefon f\u00fcr Beruf und Weiterbildung<\/strong>: <a href=\"tel: 0800 86 86 86\">0800 86 86 86<\/a><\/p>\n\n\n\n<p>Wenn ich wissen m\u00f6chte, <strong>ob<\/strong> ich eine F\u00f6rderung bekomme <strong>oder welche F\u00f6rderung f\u00fcr mich<\/strong> in Frage kommt, kann mir der <a href=\"https:\/\/www.waff.at\/online-berater\/\"><strong>Online-Berater<\/strong><\/a> vom waff helfen:<\/p>\n\n\n\n<iframe loading=\"lazy\" src=\"https:\/\/www.waff.at\/online-berater\/#fdw\" width=\"100%\" height=\"800px\"><\/iframe>\n\n\n\n<p><br><a href=\"https:\/\/www.waff.at\/foerderungen\/bildungskonto\/\"><strong>waff Bildungskonto<\/strong><\/a><br>Mit dem Bildungskonto f\u00f6rdert der waff berufliche Aus- und Weiterbildung.<\/p>\n\n\n\n<p><br><a href=\"https:\/\/www.waff.at\/foerderungen\/bildungskonto\/das-bildungskonto-fuer-alle\/\"><strong>Bildungskonto f\u00fcr alle<\/strong><\/a><br>Mit dem <em>Bildungskonto f\u00fcr alle<\/em> f\u00f6rdert der waff <strong>50 % der Kurs- und Pr\u00fcfungskosten<\/strong> f\u00fcr Aus- und Weiterbildung \u2013 <strong>bis maximal 300 \u20ac<\/strong>.<\/p>\n\n\n\n<p>Ich kann die F\u00f6rderung bekommen, wenn ich<br>&#8211; meinen <strong>Hauptwohnsitz in Wien<\/strong> habe,<\/p>\n\n\n\n<p>&#8211; <strong>arbeite<\/strong> (auch geringf\u00fcgig, auch Neue Selbstst\u00e4ndige) oder<br>&#8211; in <strong>Bildungskarenz<\/strong> oder <strong>Bildungsteilzeit<\/strong> bin oder<br>&#8211; in <strong>Elternkarenz<\/strong> bin oder<\/p>\n\n\n\n<p>&#8211; beim <strong>AMS Wien arbeitslos<\/strong> oder <strong>arbeitssuchend<\/strong> gemeldet bin oder<br>&#8211; <strong>Mindestsicherung<\/strong> beziehe und beim <strong>AMS Wien als arbeitssuchend<\/strong> vorgemerkt bin oder<br>&#8211; <strong>Kinderbetreuungsgeld<\/strong> beziehe.<\/p>\n\n\n\n<p>Den <strong>Antrag auf F\u00f6rderung<\/strong> kann ich mit diesem <a href=\"https:\/\/www.waff.at\/wp-content\/uploads\/2020\/09\/waff_bikofolder_2020_end.pdf\">Formular<\/a> oder <a href=\"https:\/\/portal.waff.at\/bzbwoa\/\">online<\/a> stellen.<\/p>\n\n\n\n<p>Das <strong>Kursinstitut muss vom <\/strong><a href=\"https:\/\/www.waff.at\/anerkannte-bildungstraeger\/\"><strong>waff anerkannt<\/strong><\/a><strong> sein<\/strong>.<\/p>\n\n\n\n<p><br><a href=\"https:\/\/www.waff.at\/foerderungen\/bildungskonto\/das-bildungskonto-fuer-umfangreiche-weiterbildung\/\"><strong>Bildungskonto f\u00fcr Ihre umfangreiche Weiterbildung<\/strong><\/a><br>Mit dem <em>Bildungskonto f\u00fcr Ihre umfangreiche Weiterbildung<\/em> f\u00f6rdert der waff <strong>Kurskosten<\/strong> (und Pr\u00fcfungsgeb\u00fchren) f\u00fcr berufliche Ausbildung und Weiterbildung \u2013 <strong>bis maximal 2000 \u20ac<\/strong>.<\/p>\n\n\n\n<p>Ich kann die F\u00f6rderung bekommen, wenn ich<br>&#8211; meinen <strong>Hauptwohnsitz in Wien<\/strong> habe,<\/p>\n\n\n\n<p>&#8211; <strong>arbeite<\/strong> (auch geringf\u00fcgig, auch Neue Selbstst\u00e4ndige) oder<br>&#8211; in <strong>Bildungskarenz<\/strong> oder <strong>Bildungsteilzeit<\/strong> bin oder<br>&#8211; in <strong>Elternkarenz<\/strong> bin<\/p>\n\n\n\n<p>&#8211; und ich <strong>nicht mehr als <\/strong><strong>2.500 \u20ac netto pro Monat verdiene<\/strong>.<\/p>\n\n\n\n<p>Der waff f\u00f6rdert<br>&#8211; <strong>50 %<\/strong> der Kurs-Kosten, wenn ich <strong>bis zu 1.800 \u20ac<\/strong> netto verdiene<br>&#8211; <strong>40 %<\/strong> der Kurs-Kosten, wenn ich <strong>bis zu 2.200 \u20ac <\/strong>verdiene<br>&#8211; <strong>30 %<\/strong> der Kurs-Kosten, wenn ich <strong>bis zu 2.500 \u20ac <\/strong>verdiene<\/p>\n\n\n\n<p>Ich kann einen Termin unter <a href=\"tel: +431 217 48 555\">01 217 48 555<\/a> vereinbaren oder den <a href=\"https:\/\/portal.waff.at\/bzbwoa\/\"><strong>Antrag auf F\u00f6rderung<\/strong> online<\/a> stellen.<\/p>\n\n\n\n<p>Das <strong>Kursinstitut muss vom <\/strong><a href=\"https:\/\/www.waff.at\/anerkannte-bildungstraeger\/\"><strong>waff anerkannt<\/strong><\/a><strong> sein<\/strong>.<\/p>\n\n\n\n<p><br><a href=\"https:\/\/www.waff.at\/foerderungen\/bildungskonto\/das-bildungskonto-fuer-hoehere-abschluesse\/\"><strong>Bildungskonto f\u00fcr h\u00f6here Abschl\u00fcsse<\/strong><\/a><br>Mit dem <em>Bildungskonto f\u00fcr h\u00f6here Abschl\u00fcsse<\/em> f\u00f6rdert der waff <strong>Kurs- und Pr\u00fcfungskosten<\/strong> <strong>bis maximal 3000 \u20ac<\/strong>, wenn ich<br>&#8211; eine <strong>Meister-<\/strong>, <strong>Werkmeister-<\/strong> oder <strong>Bef\u00e4higungspr\u00fcfung<\/strong>,<br>&#8211; einen <strong>weiteren Lehrabschluss<\/strong>, <br>&#8211; die <strong>Berufsreifepr\u00fcfung<\/strong> oder<br>&#8211; die <strong>Matura<\/strong><br>machen will.<\/p>\n\n\n\n<p>Ich kann die F\u00f6rderung bekommen, wenn ich<br>&#8211; meinen <strong>Hauptwohnsitz in Wien<\/strong> habe,<\/p>\n\n\n\n<p>&#8211; <strong>arbeite<\/strong> (auch geringf\u00fcgig, auch Neue Selbstst\u00e4ndige) oder<br>&#8211; in <strong>Bildungskarenz<\/strong> oder <strong>Bildungsteilzeit<\/strong> bin oder<br>&#8211; in <strong>Elternkarenz<\/strong> bin<\/p>\n\n\n\n<p>&#8211; und ich <strong>nicht mehr als 2.500 \u20ac netto pro Monat verdiene<\/strong>.<\/p>\n\n\n\n<p>Der waff f\u00f6rdert<br>&#8211; <strong>50 %<\/strong> der Kurs-Kosten, wenn ich <strong>bis zu 1.800 \u20ac<\/strong> netto verdiene<br>&#8211; <strong>40 %<\/strong> der Kurs-Kosten, wenn ich <strong>bis zu 2.200 \u20ac <\/strong>verdiene<br>&#8211; <strong>30 %<\/strong> der Kurs-Kosten, wenn ich <strong>bis zu 2.500 \u20ac <\/strong>verdiene<\/p>\n\n\n\n<p>Ich kann einen Termin unter <a href=\"tel: +431 217 48 555\">01 217 48 555<\/a> vereinbaren.<br>Den <strong>Antrag auf F\u00f6rderung<\/strong> kann ich mit diesem <a href=\"https:\/\/www.waff.at\/wp-content\/uploads\/2020\/09\/waff_bikofolder_2020_end.pdf\">Formular<\/a> oder <a href=\"https:\/\/portal.waff.at\/bzbwoa\/\">online<\/a> stellen.<\/p>\n\n\n\n<p>Das <strong>Kursinstitut muss vom <\/strong><a href=\"https:\/\/www.waff.at\/anerkannte-bildungstraeger\/\"><strong>waff anerkannt<\/strong><\/a><strong> sein<\/strong>.<\/p>\n\n\n\n<p><br>Mit dem <a href=\"https:\/\/www.waff.at\/foerderungen\/chancen-scheck\/\"><strong>Chancen-Scheck<\/strong><\/a> f\u00f6rdert der <em>waff<\/em> Arbeitnehmer*innen, die<\/p>\n\n\n\n<ul class=\"wp-block-list\">\n<li>einen <strong>Lehrabschluss<\/strong> nachholen. Der <em>waff<\/em> \u00fcbernimmt 90 % der Kurskosten (maximal 5.000 \u20ac) und die Pr\u00fcfungsgeb\u00fchr. Wenn ich die Pr\u00fcfung schaffe, bekomme ich auch die \u00fcbrigen 10 % zur\u00fcck.<\/li>\n\n\n\n<li>andere <strong>Abschl\u00fcsse<\/strong> machen. Der <em>waff<\/em> \u00fcbernimmt 90 % der Kurskosten und Pr\u00fcfungskosten (maximal 5.000 \u20ac).<\/li>\n\n\n\n<li><strong>ausl\u00e4ndische Abschl\u00fcsse anerkennen<\/strong> lassen. Der <em>waff<\/em> \u00fcbernimmt 90 % der Kurskosten (maximal 5.000 \u20ac).<\/li>\n\n\n\n<li>eine <strong>berufliche Ausbildung<\/strong> oder <strong>Weiterbildung<\/strong> machen. Der <em>waff<\/em> \u00fcbernimmt 90 % der Kurskosten (maximal 3.000 \u20ac).<\/li>\n<\/ul>\n\n\n\n<p>Ich kann die F\u00f6rderung bekommen, wenn ich<br>&#8211; meinen <strong>Hauptwohnsitz in Wien<\/strong> habe,<\/p>\n\n\n\n<p>&#8211; <strong>arbeite<\/strong> (auch geringf\u00fcgig, auch Neue Selbstst\u00e4ndige) oder<br>&#8211; in <strong>Bildungskarenz<\/strong> oder <strong>Bildungsteilzeit<\/strong> bin oder<br>&#8211; in <strong>Elternkarenz<\/strong> bin,<\/p>\n\n\n\n<p>&#8211; <strong>maximal einen Pflichtschulabschluss<\/strong> habe oder- eine <strong>h\u00f6here Ausbildung<\/strong> habe, aber <strong>als Hilfskraft arbeite<\/strong>.<\/p>\n\n\n\n<p>Ich muss die <strong>F\u00f6rderung vor Kursbeginn beantragen<\/strong>.<\/p>\n\n\n\n<p>Das <strong>Kursinstitut muss vom <\/strong><a href=\"https:\/\/www.waff.at\/anerkannte-bildungstraeger\/\"><strong>waff anerkannt<\/strong><\/a><strong> sein<\/strong>.<\/p>\n\n\n\n<p><br><strong>F\u00f6rderungen f\u00fcr Frauen*<\/strong><\/p>\n\n\n\n<p><a href=\"https:\/\/www.waff.at\/beruf-weiterbildung\/frauen-und-beruf\/\"><strong>FRECH<\/strong> (waff)<\/a> ist ein Angebot f\u00fcr <strong>Frauen*<\/strong>, die <strong>arbeiten<\/strong> und in Wien leben, ihren <strong>Beruf wechseln<\/strong> wollen und<\/p>\n\n\n\n<ul class=\"wp-block-list\">\n<li>einen <strong>Abschluss nachholen<\/strong> wollen<\/li>\n\n\n\n<li>eine <strong>Ausbildung oder Weiterbildung im Bereich der Digitalisierung<\/strong> machen wollen<\/li>\n\n\n\n<li>eine <strong>F\u00fchrungs- und Management<\/strong>-Funktion anstreben<\/li>\n<\/ul>\n\n\n\n<p>Ich bekomme <strong>Beratung<\/strong> und <strong>Informationen zu Ausbildungen und Weiterbildungen<\/strong>. <\/p>\n\n\n\n<p>Es werden <strong>90 % der Kurskosten gef\u00f6rdert<\/strong> (maximal 5.000 \u20ac). <\/p>\n\n\n\n<p>Mehr Informationen bekomme ich beim Beratungszentrum f\u00fcr Beruf und Weiterbildung: <a href=\"tel: +431 217 48 555\">01 217 48 555<\/a><\/p>\n\n\n\n<p><br>Das Programm <a href=\"https:\/\/www.waff.at\/beruf-weiterbildung\/karenz-und-wiedereinstieg\/\"><strong>Karenz und Wiedereinstieg<\/strong><\/a> (waff) begleitet Frauen* und M\u00e4nner*, die <strong>arbeiten<\/strong> und in Wien leben, <strong>vor, w\u00e4hrend und nach der Babypause<\/strong> oder der <strong>Betreuung eines Pflegefalls<\/strong>.<\/p>\n\n\n\n<p>Hier bekomme ich <strong>Beratung<\/strong> zum Thema Karenz und Wiedereinstieg in den Beruf und <strong>Informationen zu Ausbildungen und Weiterbildungen<\/strong>.<\/p>\n\n\n\n<p>Es werden <strong>100 % der Kurskosten gef\u00f6rdert<\/strong> (maximal 4.000 \u20ac).<\/p>\n\n\n\n<p>Mehr Informationen bekomme ich beim Beratungszentrum f\u00fcr Beruf und Weiterbildung: <a href=\"tel: +431 217 48 555\">01 217 48 555<\/a><\/p>\n\n\n\n<p><br><a href=\"https:\/\/www.waff.at\/wp-content\/uploads\/2021\/02\/waff_frauenfolder_2021_rz_web.pdf\">Folder waff Angebote f\u00fcr Frauen<\/a> (PDF) (Deutsch, BKS, Arabisch, T\u00fcrkisch, Englisch)<\/p>\n\n\n\n<p><br><br><strong>Arbeitsmarktservice (AMS)<\/strong><\/p>\n\n\n\n<p><strong>AMS-Qualifizierungsf\u00f6rderung f\u00fcr Besch\u00e4ftigte<\/strong><\/p>\n\n\n\n<p>Das AMS f\u00f6rdert mit dieser Beihilfe die Kosten der Qualifizierungsma\u00dfnahmen von <\/p>\n\n\n\n<ul class=\"wp-block-list\">\n<li><strong>Arbeitnehmer*innen mit h\u00f6chstens Pflichtschulabschluss<\/strong>,<\/li>\n\n\n\n<li><strong>weiblichen Arbeitnehmer*innen<\/strong><\/li>\n\n\n\n<li>und <strong>Arbeitnehmer*innen ab 45 Jahren<\/strong>.<\/li>\n<\/ul>\n\n\n\n<p>Ziele: <br>&#8211; Qualifizierung <br>&#8211; fachliche Spezialisierung<br>&#8211; Sicherung von Arbeitspl\u00e4tzen <br>&#8211; beruflicher Aufstieg<br>&#8211; h\u00f6heres Einkommen<br>&#8211; Verbesserung von Basiskompetenzen (z.B. Deutschkenntnisse, Computerkenntnisse)<br>&#8211; Abschluss einer zertifizierten Ausbildung<\/p>\n\n\n\n<p><strong>Arbeitnehmer*innen ab 45 Jahren<\/strong> soll durch die Qualifizierungsma\u00dfnahme erm\u00f6glicht werden,<br>&#8211; <strong>alternsgerechte\/weniger belastende T\u00e4tigkeiten<\/strong> am selben Arbeitsplatz zu \u00fcbernehmen,<br>&#8211; auf einen <strong>alternsgerechten\/weniger belastenden Arbeitsplatz<\/strong> zu wechseln<br>&#8211; und ihr <strong>Wissen<\/strong> \u2013 auch im Bereich der <strong>Technik<\/strong> \u2013 zu <strong>erweitern<\/strong>.<\/p>\n\n\n\n<p>Mein <strong>Unternehmen<\/strong> muss die <strong>F\u00f6rderung beim AMS beantragen<\/strong>.<\/p>\n\n\n\n<div class=\"wp-block-group\"><div class=\"wp-block-group__inner-container is-layout-constrained wp-block-group-is-layout-constrained\">\n<h2 class=\"wp-block-heading\"><strong>weitere Informationen<\/strong><\/h2>\n\n\n\n<ul class=\"wp-block-list\">\n<li><a href=\"https:\/\/wien.arbeiterkammer.at\/beratung\/bildung\/bildungsfoerderungen\/AMS_Qualifizierungsfoerderung.html\">AMS-Qualifizierungsf\u00f6rderung f\u00fcr Besch\u00e4ftigte (AK)<\/a><\/li>\n\n\n\n<li><a href=\"https:\/\/www.ams.at\/unternehmen\/personal--und-organisationsentwicklung\/qualifizierungsfoerderung-fuer-beschaeftigte\">Qualifizierungsf\u00f6rderung f\u00fcr Besch\u00e4ftigte &#8211; NEU f\u00fcr Live-Online-Kurse (AMS)<\/a><\/li>\n<\/ul>\n<\/div><\/div>\n\n\n\n<p><br>Wenn ich als <strong>Leiharbeiter*in<\/strong> \/ <strong>Zeitarbeiter*in<\/strong> arbeite, kann ich beim <strong>Sozial- und Weiterbildungsfonds<\/strong>(<strong>SWF<\/strong>) um eine F\u00f6rderung ansuchen.<br><a href=\"https:\/\/www.swf-akue.at\/index.php\">F\u00f6rderungen f\u00fcr Zeitarbeitskr\u00e4fte (SWF)<\/a><br><a href=\"https:\/\/www.swf-akue.at\/index.php\/swffrauenfoerderung\">F\u00f6rderungen f\u00fcr Zeitarbeitskr\u00e4fte: SWF Frauenf\u00f6rderung (SWF)<\/a><\/p>\n\n\n\n<p><br>Zu den <strong>Beihilfen, F\u00f6rderungen und Stipendien f\u00fcr Studierende<\/strong> siehe <a href=\"https:\/\/digmit.at\/index.php\/beihilfen-forderungen-stipendien\/\" data-type=\"page\" data-id=\"2943\">hier<\/a>.<\/p>\n\n\n\n<p><br>Zu <strong>F\u00f6rderungen f\u00fcr Ausbildungen im digitalen Bereich<\/strong> siehe <a href=\"https:\/\/digmit.at\/index.php\/ich-mochte-eine-ausbildung-weiterbildung-im-digitalen-bereich-machen\/\" data-type=\"page\" data-id=\"2974\">hier<\/a>.<\/p>\n\n\n\n<p><br>Zu <strong>F\u00f6rderungen f\u00fcr Deutschkurse<\/strong> siehe <a href=\"https:\/\/digmit.at\/index.php\/kosten-finanzierung-forderung-ermasigung\/\" data-type=\"page\" data-id=\"2779\">hier<\/a>.<\/p>\n\n\n\n<p><br><strong>AK Bildungsgutschein und Digi-Bonus<\/strong><br>Wenn ich angestellt \/ nicht selbstst\u00e4ndig arbeite, bin ich AK-Mitglied. <\/p>\n\n\n\n<p>Als AK-Mitglied bekomme ich <strong>pro Jahr<\/strong><\/p>\n\n\n\n<ul class=\"wp-block-list\">\n<li>einen <strong>Bildungsgutschein<\/strong> im Wert von <strong>120 \u20ac<\/strong> <br><strong>+ 50 \u20ac<\/strong>, wenn ich <strong>in Karenz<\/strong> bin oder meinen <strong>Lehrabschluss nachholen<\/strong> will<\/li>\n\n\n\n<li>und einen <strong>Digi-Bonus<\/strong> im Wert von <strong>120 \u20ac<\/strong>. <\/li>\n<\/ul>\n\n\n\n<p>Meinen Bildungsgutschein und Digi-Bonus kann ich <a href=\"https:\/\/wien.arbeiterkammer.at\/beratung\/bildung\/akbildungsgutschein\/Bildungsgutschein_und_Digi-Bonus.html\">hier online<\/a> oder telefonisch unter der Nummer <a href=\"tel: 0800 311 311\">0800 311 311<\/a> <strong>bestellen<\/strong>.<\/p>\n\n\n\n<p><br><strong>Erm\u00e4\u00dfigung an den Wiener Volkshochschulen (VHS)<\/strong><br>F\u00fcr Kurse an den VHS kann ich eine <strong>Erm\u00e4\u00dfigung<\/strong> bekommen, wenn ich <br>&#8211; einen <strong>Mobilpass<\/strong> habe, <br>&#8211; <strong>Mindestsicherung<\/strong> (= \u201e<strong>Sozialhilfe<\/strong>\u201c) beziehe <br>&#8211; oder <strong>wenig Geld<\/strong> habe. <br>Mit einer Erm\u00e4\u00dfigung zahle ich <strong>1 \u20ac pro Unterrichtseinheit<\/strong> (= Stunde). F\u00fcr einen Kurs mit 81 Unterrichtseinheiten zahle ich dann 81 \u20ac.<\/p>\n\n\n\n<p><br>Wenn ich arbeite, kann ich Kosten f\u00fcr <strong>Kurse<\/strong>, <strong>Ausbildungen<\/strong> oder <strong>Weiterbildungen<\/strong>, <strong>Pr\u00fcfungsgeb\u00fchren<\/strong>und <strong>Kursunterlagen<\/strong> als <a href=\"https:\/\/www.bmf.gv.at\/themen\/steuern\/arbeitnehmerinnenveranlagung\/was-kann-ich-geltend-machen\/werbungskosten\/abc-der-werbungskosten.html\">Werbungskosten<\/a> <a href=\"https:\/\/ooe.arbeiterkammer.at\/beratung\/steuerundeinkommen\/arbeitnehmerveranlagung_schrittfuerschritt\/werbungskosten\/Fortbildungs--_Ausbildungs-_und_Umschulungskosten.html\"><strong>von der Steuer absetzen<\/strong><\/a>.<\/p>\n","protected":false},"excerpt":{"rendered":"<p>Hier kann ich F\u00f6rderungen f\u00fcr meine Ausbildung oder Weiterbildung suchen:F\u00f6rderungen f\u00fcr Weiterbildung finden (erwachsenenbildung.at) Liste aller F\u00f6rderungen f\u00fcr Ausbildung und Weiterbildung:\u00dcberblick zu F\u00f6rderungen f\u00fcr Aus- und Weiterbildungen (erwachsenenbildung.at) Der Wiener ArbeitnehmerInnen F\u00f6rderungsfonds (waff) f\u00f6rdert Personen, die ihren Hauptwohnsitz in Wien haben. Wiener Info-Telefon f\u00fcr Beruf und Weiterbildung: 0800 86 86 86 Wenn ich wissen m\u00f6chte, [&hellip;]<\/p>\n","protected":false},"author":2,"featured_media":0,"parent":0,"menu_order":0,"comment_status":"closed","ping_status":"closed","template":"","meta":{"footnotes":""},"class_list":["post-2978","page","type-page","status-publish","hentry"],"_links":{"self":[{"href":"https:\/\/digmit.at\/index.php\/wp-json\/wp\/v2\/pages\/2978","targetHints":{"allow":["GET"]}}],"collection":[{"href":"https:\/\/digmit.at\/index.php\/wp-json\/wp\/v2\/pages"}],"about":[{"href":"https:\/\/digmit.at\/index.php\/wp-json\/wp\/v2\/types\/page"}],"author":[{"embeddable":true,"href":"https:\/\/digmit.at\/index.php\/wp-json\/wp\/v2\/users\/2"}],"replies":[{"embeddable":true,"href":"https:\/\/digmit.at\/index.php\/wp-json\/wp\/v2\/comments?post=2978"}],"version-history":[{"count":5,"href":"https:\/\/digmit.at\/index.php\/wp-json\/wp\/v2\/pages\/2978\/revisions"}],"predecessor-version":[{"id":3733,"href":"https:\/\/digmit.at\/index.php\/wp-json\/wp\/v2\/pages\/2978\/revisions\/3733"}],"wp:attachment":[{"href":"https:\/\/digmit.at\/index.php\/wp-json\/wp\/v2\/media?parent=2978"}],"curies":[{"name":"wp","href":"https:\/\/api.w.org\/{rel}","templated":true}]}}