{"id":2986,"date":"2023-10-15T00:26:28","date_gmt":"2023-10-15T00:26:28","guid":{"rendered":"https:\/\/digmit.at\/?page_id=2986"},"modified":"2023-10-15T20:33:06","modified_gmt":"2023-10-15T20:33:06","slug":"kosten-finanzierung-forderung","status":"publish","type":"page","link":"https:\/\/digmit.at\/index.php\/kosten-finanzierung-forderung\/","title":{"rendered":"Kosten: Finanzierung \/ F\u00f6rderung"},"content":{"rendered":"\n<p>Mit dem <a href=\"https:\/\/www.waff.at\/foerderungen\/chancen-scheck\/\"><strong>Chancen-Scheck<\/strong><\/a> f\u00f6rdert der <em>waff<\/em> auch die Anerkennung von ausl\u00e4ndischen Abschl\u00fcssen.<\/p>\n\n\n\n<p>Der <em>waff<\/em> \u00fcbernimmt <strong>90 % der Kurskosten<\/strong> (maximal 5.000 \u20ac).<\/p>\n\n\n\n<p>Ich kann die F\u00f6rderung bekommen, wenn ich<br>&#8211; meinen <strong>Hauptwohnsitz in Wien<\/strong> habe,<\/p>\n\n\n\n<p>&#8211; <strong>arbeite<\/strong> (auch geringf\u00fcgig, auch Neue Selbstst\u00e4ndige) oder<br>&#8211; in <strong>Bildungskarenz<\/strong> oder <strong>Bildungsteilzeit<\/strong> bin oder<br>&#8211; in <strong>Elternkarenz<\/strong> bin,<\/p>\n\n\n\n<p>&#8211; <strong>maximal einen Pflichtschulabschluss<\/strong> habe oder<br>&#8211; eine <strong>h\u00f6here Ausbildung<\/strong> habe, aber <strong>als Hilfskraft arbeite<\/strong>.<\/p>\n\n\n\n<p><br>Ich muss die <strong>F\u00f6rderung vor Kursbeginn beantragen<\/strong>.<\/p>\n\n\n\n<p><br>Das <strong>Kursinstitut muss vom <\/strong><a href=\"https:\/\/www.waff.at\/anerkannte-bildungstraeger\/\"><strong>waff anerkannt<\/strong><\/a><strong> sein<\/strong>.<\/p>\n","protected":false},"excerpt":{"rendered":"<p>Mit dem Chancen-Scheck f\u00f6rdert der waff auch die Anerkennung von ausl\u00e4ndischen Abschl\u00fcssen. Der waff \u00fcbernimmt 90 % der Kurskosten (maximal 5.000 \u20ac). Ich kann die F\u00f6rderung bekommen, wenn ich&#8211; meinen Hauptwohnsitz in Wien habe, &#8211; arbeite (auch geringf\u00fcgig, auch Neue Selbstst\u00e4ndige) oder&#8211; in Bildungskarenz oder Bildungsteilzeit bin oder&#8211; in Elternkarenz bin, &#8211; maximal einen Pflichtschulabschluss [&hellip;]<\/p>\n","protected":false},"author":2,"featured_media":0,"parent":0,"menu_order":0,"comment_status":"closed","ping_status":"closed","template":"","meta":{"footnotes":""},"class_list":["post-2986","page","type-page","status-publish","hentry"],"_links":{"self":[{"href":"https:\/\/digmit.at\/index.php\/wp-json\/wp\/v2\/pages\/2986","targetHints":{"allow":["GET"]}}],"collection":[{"href":"https:\/\/digmit.at\/index.php\/wp-json\/wp\/v2\/pages"}],"about":[{"href":"https:\/\/digmit.at\/index.php\/wp-json\/wp\/v2\/types\/page"}],"author":[{"embeddable":true,"href":"https:\/\/digmit.at\/index.php\/wp-json\/wp\/v2\/users\/2"}],"replies":[{"embeddable":true,"href":"https:\/\/digmit.at\/index.php\/wp-json\/wp\/v2\/comments?post=2986"}],"version-history":[{"count":3,"href":"https:\/\/digmit.at\/index.php\/wp-json\/wp\/v2\/pages\/2986\/revisions"}],"predecessor-version":[{"id":3211,"href":"https:\/\/digmit.at\/index.php\/wp-json\/wp\/v2\/pages\/2986\/revisions\/3211"}],"wp:attachment":[{"href":"https:\/\/digmit.at\/index.php\/wp-json\/wp\/v2\/media?parent=2986"}],"curies":[{"name":"wp","href":"https:\/\/api.w.org\/{rel}","templated":true}]}}