{"id":3013,"date":"2023-10-15T01:09:29","date_gmt":"2023-10-15T01:09:29","guid":{"rendered":"https:\/\/digmit.at\/?page_id=3013"},"modified":"2023-10-19T21:17:58","modified_gmt":"2023-10-19T21:17:58","slug":"gymnasium-mittelschule","status":"publish","type":"page","link":"https:\/\/digmit.at\/index.php\/gymnasium-mittelschule\/","title":{"rendered":"Gymnasium &amp; Mittelschule"},"content":{"rendered":"\n<p><strong>Nach der Volksschule<\/strong> kommt mein Kind <strong>4 Jahre<\/strong> entweder<\/p>\n\n\n\n<ul class=\"wp-block-list\">\n<li>ins <strong>Gymnasium<\/strong> = <strong>AHS Unterstufe<br><\/strong>Schulformen: Gymnasium, Realgymnasium, Wirtschaftskundliches Realgymnasium<br>F\u00fcr das Gymnasium braucht mein Kind gute Noten.<\/li>\n\n\n\n<li>oder in die <strong>Mittelschule<\/strong> = <strong>NMS<\/strong><br>Schwerpunkte: Musik, Sport, Informatik, soziales Lernen etc.<\/li>\n<\/ul>\n\n\n\n<p><br>In \u00d6sterreich m\u00fcssen Kinder <strong>mindestens 9 Jahre<\/strong> lang eine <strong>Schule<\/strong> besuchen.<br>Jugendliche m\u00fcssen <strong>bis 18<\/strong> eine <strong>Schule<\/strong> besuchen oder eine <strong>Ausbildung<\/strong> machen.<\/p>\n\n\n\n<p><br>Im <a href=\"https:\/\/schulfuehrer.bildung-wien.gv.at\/schoolguide\/\">Wiener Schulf\u00fchrer (wien.gv.at)<\/a> finde ich <strong>alle Schulen in Wien<\/strong>. Bei Schultypen gebe ich \u201eAllgemeinbildende h\u00f6here Schulen\u201c oder \u201eNeue Mittelschule\u201c ein.<\/p>\n\n\n\n<p><br><strong>Nach 8 Jahren Schule <\/strong>(<strong>nach der AHS Unterstufe<\/strong> oder <strong>nach der Mittelschule<\/strong>) kann mein Kind <\/p>\n\n\n\n<ul class=\"wp-block-list\">\n<li>ins <strong>Gymnasium<\/strong> = <strong>Allgemeinbildende h\u00f6here Schule<\/strong> = <strong>AHS Oberstufe<\/strong>, <\/li>\n\n\n\n<li>in eine <strong>Berufsbildende mittlere Schule<\/strong> = <strong>BMS<\/strong>, <\/li>\n\n\n\n<li>in eine <strong>Berufsbildende h\u00f6here Schule<\/strong> = <strong>BHS<\/strong><\/li>\n\n\n\n<li>oder in eine <strong>Polytechnische Schule<\/strong> = <strong>PTS<\/strong> gehen.<\/li>\n<\/ul>\n\n\n\n<div class=\"wp-block-buttons is-layout-flex wp-block-buttons-is-layout-flex\">\n<div class=\"wp-block-button\"><a class=\"wp-block-button__link wp-element-button\" href=\"https:\/\/digmit.at\/index.php\/ahs-oberstufe-bms-bhs-poly\/\">AHS Oberstufe, BMS, BHS, Poly<\/a><\/div>\n<\/div>\n","protected":false},"excerpt":{"rendered":"<p>Nach der Volksschule kommt mein Kind 4 Jahre entweder In \u00d6sterreich m\u00fcssen Kinder mindestens 9 Jahre lang eine Schule besuchen.Jugendliche m\u00fcssen bis 18 eine Schule besuchen oder eine Ausbildung machen. Im Wiener Schulf\u00fchrer (wien.gv.at) finde ich alle Schulen in Wien. Bei Schultypen gebe ich \u201eAllgemeinbildende h\u00f6here Schulen\u201c oder \u201eNeue Mittelschule\u201c ein. Nach 8 Jahren Schule [&hellip;]<\/p>\n","protected":false},"author":2,"featured_media":0,"parent":0,"menu_order":0,"comment_status":"closed","ping_status":"closed","template":"","meta":{"footnotes":""},"class_list":["post-3013","page","type-page","status-publish","hentry"],"_links":{"self":[{"href":"https:\/\/digmit.at\/index.php\/wp-json\/wp\/v2\/pages\/3013","targetHints":{"allow":["GET"]}}],"collection":[{"href":"https:\/\/digmit.at\/index.php\/wp-json\/wp\/v2\/pages"}],"about":[{"href":"https:\/\/digmit.at\/index.php\/wp-json\/wp\/v2\/types\/page"}],"author":[{"embeddable":true,"href":"https:\/\/digmit.at\/index.php\/wp-json\/wp\/v2\/users\/2"}],"replies":[{"embeddable":true,"href":"https:\/\/digmit.at\/index.php\/wp-json\/wp\/v2\/comments?post=3013"}],"version-history":[{"count":5,"href":"https:\/\/digmit.at\/index.php\/wp-json\/wp\/v2\/pages\/3013\/revisions"}],"predecessor-version":[{"id":3492,"href":"https:\/\/digmit.at\/index.php\/wp-json\/wp\/v2\/pages\/3013\/revisions\/3492"}],"wp:attachment":[{"href":"https:\/\/digmit.at\/index.php\/wp-json\/wp\/v2\/media?parent=3013"}],"curies":[{"name":"wp","href":"https:\/\/api.w.org\/{rel}","templated":true}]}}