{"id":3015,"date":"2023-10-15T01:13:14","date_gmt":"2023-10-15T01:13:14","guid":{"rendered":"https:\/\/digmit.at\/?page_id=3015"},"modified":"2023-10-19T20:54:02","modified_gmt":"2023-10-19T20:54:02","slug":"ahs-oberstufe-bms-bhs-poly","status":"publish","type":"page","link":"https:\/\/digmit.at\/index.php\/ahs-oberstufe-bms-bhs-poly\/","title":{"rendered":"AHS Oberstufe, BMS, BHS, Poly"},"content":{"rendered":"\n<p>In \u00d6sterreich m\u00fcssen Kinder <strong>mindestens 9 Jahre<\/strong> lang eine <strong>Schule<\/strong> besuchen.<br>Jugendliche m\u00fcssen <strong>bis 18<\/strong> eine <strong>Schule<\/strong> besuchen oder eine <strong>Ausbildung<\/strong> machen.<\/p>\n\n\n\n<p><br><strong>Schultypen nach 8 Jahren Schule <\/strong>(<strong>nach der AHS Unterstufe<\/strong> oder <strong>nach der Mittelschule<\/strong>):<\/p>\n\n\n\n<ul class=\"wp-block-list\">\n<li><strong>Gymnasium<\/strong> = <strong>Allgemeinbildende h\u00f6here Schule<\/strong> = <strong>AHS Oberstufe<\/strong> <br>4 Jahre, mit Matura<br>Allgemeinbildung, keine Berufsausbildung<br>Schwerpunkte: Sprachen, Sport, Medien, Informatik, Musik\u2026<\/li>\n\n\n\n<li><strong>Berufsbildende mittlere Schule<\/strong> = <strong>BMS<\/strong> <br>2\u20134 Jahre, meistens 3 Jahre<br>Berufsausbildung<br>Fachschulen f\u00fcr Handel (HASCH), Technik, Hotellerie, Mode, Sozialberufe\u2026<\/li>\n\n\n\n<li><strong>Berufsbildende h\u00f6here Schule<\/strong> = <strong>BHS<\/strong> <br>5 Jahre, mit Matura<br>Berufsausbildung<br>Schultypen: HTL (H\u00f6here Technische Lehranstalt), HAK (Handelsakademie), HLW (H\u00f6here Lehranstalt f\u00fcr Wirtschaftliche Berufe), HLM (H\u00f6here Lehranstalt f\u00fcr Mode)\u2026<\/li>\n\n\n\n<li><strong>Polytechnische Schule<\/strong> = <strong>PTS<\/strong> <br>1 Jahr<br>Allgemeinbildung, Berufsorientierung, Berufsgrundbildung<br>nach positivem Abschluss: Lehre, 2. Klasse BMS, 1. Klasse BHS, AHS Oberstufe<\/li>\n<\/ul>\n\n\n\n<p><br>Sch\u00fcler*innen einer AHS, BMS oder BHS k\u00f6nnen ab der 10. Schulstufe <strong>Schulbeihilfe<\/strong> beantragen.<br>Anspruch auf Schulbeihilfe haben \u00d6sterreicher*innen, EWR-B\u00fcrger*innen, Konventionsfl\u00fcchtlinge und Sch\u00fcler*innen, deren Eltern mindestens 5 Jahre in \u00d6sterreich gearbeitet haben. <br><a href=\"https:\/\/ratgeber.schuelerbeihilfe.at\/cgi\/expert\/enb.cgi?WHAT=ANZEIGE&amp;WAS=E1_BEIHILFE-Sprachauswahl.html&amp;WIZARD=BEIHILFE&amp;BEREICH=BMUKK&amp;TRAEGER=DEFAULT&amp;OHNEWEITERBUTTON=1\">Mehrsprachiger Online-Ratgeber Sch\u00fclerbeihilfe mit Downloadformularen (BMBWF)<\/a><\/p>\n\n\n\n<p><br>Im <a href=\"https:\/\/schulfuehrer.bildung-wien.gv.at\/schoolguide\/\">Wiener Schulf\u00fchrer (wien.gv.at)<\/a> finde ich <strong>alle Schulen in Wien<\/strong> (nach Schultypen).<\/p>\n\n\n\n<p>\u00dcber den <a href=\"https:\/\/www.abc.berufsbildendeschulen.at\/schoolfinder\">SchoolFinder (BMBWF)<\/a> finde ich BMS, BHS, Berufsschulen und Polys.<\/p>\n\n\n\n<p><br>Die <a href=\"https:\/\/www.l14.at\/messe\"><strong>L14<\/strong> Wohin mit 14? Bildungs- und Berufsinfomesse (AK Wien)<\/a> findet ein Mal pro Jahr im November statt.<\/p>\n\n\n\n<p>Die <a href=\"https:\/\/www.bestinfo.at\/de\/\"><strong>BeSt<\/strong><\/a><a href=\"https:\/\/www.bestinfo.at\/de\/\"><strong><sup>3<\/sup><\/strong><\/a><a href=\"https:\/\/www.bestinfo.at\/de\/\"><strong> Bildungsmesse<\/strong><\/a> findet ein Mal pro Jahr (Anfang M\u00e4rz) in der Wiener Stadthalle statt. Dort bekommen Jugendliche und Erwachsene viele Informationen und pers\u00f6nliche Beratung zu Beruf, Weiterbildung und Studium.<\/p>\n\n\n\n<p><br><strong>Nach Abschluss der 9. Schulstufe<\/strong> (Pflichtschulabschluss), kann mein Kind eine <strong>Lehre<\/strong> machen.<\/p>\n\n\n\n<div class=\"wp-block-buttons is-layout-flex wp-block-buttons-is-layout-flex\">\n<div class=\"wp-block-button\"><a class=\"wp-block-button__link wp-element-button\" href=\"https:\/\/digmit.at\/index.php\/lehre-2\/\">Lehre<\/a><\/div>\n<\/div>\n\n\n\n<p><br>Wenn mein <strong>Kind noch Zeit braucht, bevor es nach der Pflichtschule eine Lehre oder eine Schule macht<\/strong>, kann es an <strong>AusbildungsFit<\/strong> teilnehmen.<\/p>\n\n\n\n<div class=\"wp-block-buttons is-layout-flex wp-block-buttons-is-layout-flex\">\n<div class=\"wp-block-button\"><a class=\"wp-block-button__link wp-element-button\" href=\"https:\/\/digmit.at\/index.php\/ausbildungsfit\/\">AusbildungsFit<\/a><\/div>\n<\/div>\n\n\n\n<p><br>Wenn mein Kind die <strong>Matura<\/strong> (= <strong>Reifepr\u00fcfung<\/strong>) macht, kann es<\/p>\n\n\n\n<ul class=\"wp-block-list\">\n<li>an einer <strong>Universit\u00e4t<\/strong>,<\/li>\n\n\n\n<li>an einer <strong>Fachhochschule<\/strong> (<strong>FH<\/strong>),<\/li>\n\n\n\n<li>an einer <strong>P\u00e4dagogischen Hochschule<\/strong> (<strong>PH<\/strong>) <strong>studieren<\/strong><\/li>\n\n\n\n<li>oder ein <strong>Kolleg<\/strong> machen.<\/li>\n<\/ul>\n\n\n\n<div class=\"wp-block-buttons is-layout-flex wp-block-buttons-is-layout-flex\">\n<div class=\"wp-block-button\"><a class=\"wp-block-button__link wp-element-button\" href=\"https:\/\/digmit.at\/index.php\/uni-fh-ph-kolleg\/\">Uni, FH, PH, Kolleg<\/a><\/div>\n<\/div>\n\n\n\n<p><br><\/p>\n\n\n\n<div class=\"wp-block-group\"><div class=\"wp-block-group__inner-container is-layout-constrained wp-block-group-is-layout-constrained\">\n<h2 class=\"wp-block-heading\"><strong>weitere Informationen<\/strong><\/h2>\n\n\n\n<ul class=\"wp-block-list\">\n<li>interaktives Videoprojekt: <a href=\"https:\/\/bildungswege.arbeiterkammer.at\/#0\">Die richtige Ausbildung f\u00fcr mein Kind (AK)<\/a> in 10 Sprachen \u2013 Kapitel 5: WEITERF\u00dcHRENDE SCHULEN<\/li>\n\n\n\n<li><a href=\"https:\/\/wien.arbeiterkammer.at\/service\/broschueren\/Bildung\/14_Jahre_was_nun_rg_bf.pdf\">Brosch\u00fcre: 14 Jahre, was nun? (AK Wien)<\/a><\/li>\n<\/ul>\n<\/div><\/div>\n","protected":false},"excerpt":{"rendered":"<p>In \u00d6sterreich m\u00fcssen Kinder mindestens 9 Jahre lang eine Schule besuchen.Jugendliche m\u00fcssen bis 18 eine Schule besuchen oder eine Ausbildung machen. Schultypen nach 8 Jahren Schule (nach der AHS Unterstufe oder nach der Mittelschule): Sch\u00fcler*innen einer AHS, BMS oder BHS k\u00f6nnen ab der 10. Schulstufe Schulbeihilfe beantragen.Anspruch auf Schulbeihilfe haben \u00d6sterreicher*innen, EWR-B\u00fcrger*innen, Konventionsfl\u00fcchtlinge und Sch\u00fcler*innen, [&hellip;]<\/p>\n","protected":false},"author":2,"featured_media":0,"parent":0,"menu_order":0,"comment_status":"closed","ping_status":"closed","template":"","meta":{"footnotes":""},"class_list":["post-3015","page","type-page","status-publish","hentry"],"_links":{"self":[{"href":"https:\/\/digmit.at\/index.php\/wp-json\/wp\/v2\/pages\/3015","targetHints":{"allow":["GET"]}}],"collection":[{"href":"https:\/\/digmit.at\/index.php\/wp-json\/wp\/v2\/pages"}],"about":[{"href":"https:\/\/digmit.at\/index.php\/wp-json\/wp\/v2\/types\/page"}],"author":[{"embeddable":true,"href":"https:\/\/digmit.at\/index.php\/wp-json\/wp\/v2\/users\/2"}],"replies":[{"embeddable":true,"href":"https:\/\/digmit.at\/index.php\/wp-json\/wp\/v2\/comments?post=3015"}],"version-history":[{"count":6,"href":"https:\/\/digmit.at\/index.php\/wp-json\/wp\/v2\/pages\/3015\/revisions"}],"predecessor-version":[{"id":3475,"href":"https:\/\/digmit.at\/index.php\/wp-json\/wp\/v2\/pages\/3015\/revisions\/3475"}],"wp:attachment":[{"href":"https:\/\/digmit.at\/index.php\/wp-json\/wp\/v2\/media?parent=3015"}],"curies":[{"name":"wp","href":"https:\/\/api.w.org\/{rel}","templated":true}]}}