{"id":302,"date":"2020-11-05T21:58:34","date_gmt":"2020-11-05T21:58:34","guid":{"rendered":"https:\/\/digmit.tantemalkah.at\/?page_id=302"},"modified":"2023-10-17T20:14:22","modified_gmt":"2023-10-17T20:14:22","slug":"physiotherapie","status":"publish","type":"page","link":"https:\/\/digmit.at\/index.php\/startseite\/gesundheit\/ich-suche-eine-n-arztin\/physiotherapie\/","title":{"rendered":"Physiotherapie"},"content":{"rendered":"\n<p>Ich kann eine Physiotherapie zum Beispiel nach einem <strong>Unfall<\/strong>, einer <strong>Verletzung<\/strong> oder bei <strong>rheumatischen <strong>Beschwerden<\/strong><\/strong> (zum Beispiel rheumatoide Arthritis, Arthrose, Gicht, Osteoporose\u2026) machen. <\/p>\n\n\n\n<p>Bei der Physiotherapie bekomme ich verschiedene Behandlungen \u2013 zum Beispiel Massagen, Heilgymnastik oder Elektrotherapie.<\/p>\n\n\n\n<p>Mein*e <strong>\u00c4rzt*in<\/strong> schreibt mir eine <strong>\u00dcberweisung<\/strong> f\u00fcr die Physiotherapie.<\/p>\n\n\n\n<p>Ich kann eine <strong>kostenlose Physiotherapie<\/strong> bei Physiotherapeut*innen, Fach\u00e4rzt*innen f\u00fcr Physikalische Medizin und Instituten machen, die einen Vertrag mit der \u00d6sterreichischen Gesundheitskasse (\u00d6GK) haben. Gratis ist die Physiotherapie f\u00fcr mich auch in den Gesundheitseinrichtungen der \u00d6GK. <br>Hier eine <strong><u><a href=\"https:\/\/www.gesundheitskasse.at\/cdscontent\/?contentid=10007.837754\">Liste<\/a><\/u><\/strong>, wo die Physiotherapie kostenlos ist (ab Punkt \u201eVertrags-Physiotherapeutinnen und Physiotherapeuten\u201c).<\/p>\n\n\n\n<p>Bei <strong>Wahl-Physiotherapeut*innen<\/strong>, Wahl-Fach\u00e4rzt*innen f\u00fcr Physikalische Medizin sowie Wahl-Instituten muss ich die Behandlung <strong>selbst bezahlen<\/strong>. <br>Ich kann einen <strong>Teil der Kosten zur\u00fcckbekommen<\/strong>. Dazu brauche ich aber zuerst eine Verordnung von einem*r Fach\u00e4rzt*in und dann eine Bewilligung von der \u00d6GK. <br><\/p>\n\n\n\n<p><br><\/p>\n\n\n\n<div class=\"wp-block-group\"><div class=\"wp-block-group__inner-container is-layout-constrained wp-block-group-is-layout-constrained\">\n<h2 class=\"wp-block-heading\">weitere Informationen<\/h2>\n\n\n\n<ul class=\"wp-block-list\">\n<li><a href=\"https:\/\/www.gesundheitskasse.at\/cdscontent\/?contentid=10007.837754\">Physiotherapie (\u00d6GK)<\/a><\/li>\n<\/ul>\n<\/div><\/div>\n","protected":false},"excerpt":{"rendered":"<p>Ich kann eine Physiotherapie zum Beispiel nach einem Unfall, einer Verletzung oder bei rheumatischen Beschwerden (zum Beispiel rheumatoide Arthritis, Arthrose, Gicht, Osteoporose\u2026) machen. Bei der Physiotherapie bekomme ich verschiedene Behandlungen \u2013 zum Beispiel Massagen, Heilgymnastik oder Elektrotherapie. Mein*e \u00c4rzt*in schreibt mir eine \u00dcberweisung f\u00fcr die Physiotherapie. Ich kann eine kostenlose Physiotherapie bei Physiotherapeut*innen, Fach\u00e4rzt*innen f\u00fcr [&hellip;]<\/p>\n","protected":false},"author":2,"featured_media":0,"parent":128,"menu_order":0,"comment_status":"closed","ping_status":"closed","template":"","meta":{"footnotes":""},"class_list":["post-302","page","type-page","status-publish","hentry"],"_links":{"self":[{"href":"https:\/\/digmit.at\/index.php\/wp-json\/wp\/v2\/pages\/302","targetHints":{"allow":["GET"]}}],"collection":[{"href":"https:\/\/digmit.at\/index.php\/wp-json\/wp\/v2\/pages"}],"about":[{"href":"https:\/\/digmit.at\/index.php\/wp-json\/wp\/v2\/types\/page"}],"author":[{"embeddable":true,"href":"https:\/\/digmit.at\/index.php\/wp-json\/wp\/v2\/users\/2"}],"replies":[{"embeddable":true,"href":"https:\/\/digmit.at\/index.php\/wp-json\/wp\/v2\/comments?post=302"}],"version-history":[{"count":15,"href":"https:\/\/digmit.at\/index.php\/wp-json\/wp\/v2\/pages\/302\/revisions"}],"predecessor-version":[{"id":3347,"href":"https:\/\/digmit.at\/index.php\/wp-json\/wp\/v2\/pages\/302\/revisions\/3347"}],"up":[{"embeddable":true,"href":"https:\/\/digmit.at\/index.php\/wp-json\/wp\/v2\/pages\/128"}],"wp:attachment":[{"href":"https:\/\/digmit.at\/index.php\/wp-json\/wp\/v2\/media?parent=302"}],"curies":[{"name":"wp","href":"https:\/\/api.w.org\/{rel}","templated":true}]}}