{"id":3044,"date":"2023-10-15T09:57:43","date_gmt":"2023-10-15T09:57:43","guid":{"rendered":"https:\/\/digmit.at\/?page_id=3044"},"modified":"2023-10-25T09:06:25","modified_gmt":"2023-10-25T09:06:25","slug":"lehre-2","status":"publish","type":"page","link":"https:\/\/digmit.at\/index.php\/lehre-2\/","title":{"rendered":"Lehre"},"content":{"rendered":"\n<p><strong>Nach Abschluss der 9. Schulstufe<\/strong> (<strong>Pflichtschulabschluss<\/strong>), kann mein Kind eine <strong>Lehre<\/strong> machen.<\/p>\n\n\n\n<p><a href=\"https:\/\/digmit.at\/index.php\/ich-mochte-den-pflichtschulabschluss-machen\/\" data-type=\"page\" data-id=\"2856\">Hier<\/a> finde ich mehr Informationen zum Pflichtschulabschluss.<\/p>\n\n\n\n<p><br>In der Lehre erlernt mein Kind einen <strong>Beruf<\/strong>.<\/p>\n\n\n\n<p>Hier finde ich eine <a href=\"https:\/\/www.bmaw.gv.at\/Themen\/Lehre-und-Berufsausbildung\/lexicon.html\"><strong>Liste aller Lehrberufe<\/strong><\/a>.<\/p>\n\n\n\n<p><br>Wenn mein Kind eine Lehre machen will, sollte es sich <strong>zu Beginn des letzten Pflichtschuljahres<\/strong>, also <strong>am Anfang der 9. Schulstufe<\/strong>,<strong> <\/strong><a href=\"https:\/\/www.e-ams.at\/eams-sfa-account\/pa\/EsaSLsmeldung.jsf?eamsTrack=1681049130793\"><strong>beim AMS lehrstellensuchend melden<\/strong><\/a>.<\/p>\n\n\n\n<p><br>Eine Lehre dauert normalerweise <strong>3 Jahre<\/strong>. Manche Lehren dauern 2 oder 4 Jahre.<\/p>\n\n\n\n<p><br>W\u00e4hrend der Lehre geht mein Kind in eine <strong>Berufsschule<\/strong>, <strong>arbeitet<\/strong> in einem Lehrbetrieb und bekommt <strong>Lehrgeld<\/strong>.<\/p>\n\n\n\n<p><br>Lehrlinge haben ein <strong>Recht auf gute Ausbildung<\/strong> im Betrieb. Sie m\u00fcssen keine Hilfsarbeiten machen. <br>Bei <strong>Probleme<\/strong>n k\u00f6nnen sich Lehrlinge bei der <strong>Arbeiterkammer<\/strong> beraten lassen. Auch die <strong>Gewerkschaft<\/strong> und der <strong>Betriebsrat<\/strong> k\u00f6nnen helfen. <br><a href=\"https:\/\/wien.arbeiterkammer.at\/kontakt-lehre\">AK Wien \u2013 Lehrlingsschutz<\/a>: <a href=\"tel: +431 50165 1201\">01 50165 1201<\/a><br><a href=\"https:\/\/www.oegj.at\/meine-situation\/ich-bin-lehrling\">\u00d6sterreichische Gewerkschaftsjugend<\/a>: <a href=\"tel: +431 53444 39062\">01 53444 39062<\/a><\/p>\n\n\n\n<p><br>Die Lehre endet mit der <strong>Lehrabschlusspr\u00fcfung<\/strong>.<\/p>\n\n\n\n<p><br>Wenn mein Kind seine Lehre abgeschlossen hat und danach studieren will, kann es eine <strong>Berufsreifepr\u00fcfung<\/strong> (= \u201e<strong>Matura<\/strong>\u201c) machen. <br>Lehrlinge, die eine \u201e<strong>Berufsmatura: Lehre mit Reifepr\u00fcfung<\/strong>\u201c machen, bereiten sich w\u00e4hrend der Lehre auf die Berufsreifepr\u00fcfung vor.<\/p>\n\n\n\n<p><br>Wenn mein <strong>Kind noch Zeit braucht, bevor es nach der Pflichtschule eine Lehre oder eine Schule macht<\/strong>, kann es an <strong>AusbildungsFit<\/strong> teilnehmen.<\/p>\n\n\n\n<div class=\"wp-block-buttons is-layout-flex wp-block-buttons-is-layout-flex\">\n<div class=\"wp-block-button\"><a class=\"wp-block-button__link wp-element-button\" href=\"https:\/\/digmit.at\/index.php\/ausbildungsfit\/\">AusbildungsFit<\/a><\/div>\n<\/div>\n\n\n\n<p><br>Wenn mein Kind eine <strong>Behinderung\/Beeintr\u00e4chtigung oder sonderp\u00e4dagogischen F\u00f6rderbedarf<\/strong> hat, kann es eine <strong><em>Verl\u00e4ngerte Lehre<\/em><\/strong> oder eine <strong><em>Teilqualifikation<\/em><\/strong> machen.<\/p>\n\n\n\n<p>Mehr Informationen dazu finde ich <a href=\"https:\/\/digmit.at\/index.php\/beratung-und-ausbildung-fur-jugendliche-und-junge-erwachsene-mit-besonderen-bedurfnissen-behinderung\/#verlaengertelehre\" data-type=\"page\" data-id=\"2881\">hier<\/a>.<\/p>\n\n\n\n<p><br><a href=\"https:\/\/digmit.at\/index.php\/beratung-und-ausbildung-fur-jugendliche-und-junge-erwachsene\/\" data-type=\"page\" data-id=\"2870\">Hier<\/a> finde ich <strong>Beratung<\/strong> zum Thema <strong>Lehre und Ausbildung f\u00fcr Jugendliche und junge Erwachsene<\/strong>.<\/p>\n\n\n\n<p><br><\/p>\n\n\n\n<div class=\"wp-block-group\"><div class=\"wp-block-group__inner-container is-layout-constrained wp-block-group-is-layout-constrained\">\n<h2 class=\"wp-block-heading\"><strong>weitere Informationen<\/strong><strong><\/strong><\/h2>\n\n\n\n<ul class=\"wp-block-list\">\n<li><a href=\"https:\/\/wien.arbeiterkammer.at\/beratung\/bildung\/lehre\/index.html\">Lehre (AK)<\/a><\/li>\n\n\n\n<li>interaktives Videoprojekt: <a href=\"https:\/\/bildungswege.arbeiterkammer.at\/#0\">Die richtige Ausbildung f\u00fcr mein Kind (AK)<\/a> in 10 Sprachen \u2013 Kapitel 6: LEHRE<\/li>\n\n\n\n<li><a href=\"https:\/\/wien.arbeiterkammer.at\/service\/broschueren\/Bildung\/AusbildungLehre_rg_bf.pdf\">Brosch\u00fcre: Ausbildung Lehre (AK Wien)<\/a><\/li>\n\n\n\n<li><a href=\"https:\/\/jugendseite.ams.at\/lehrstellensuche-jobsuche.html\">DU WILLST EINE LEHRE MACHEN? (AMS)<\/a><\/li>\n\n\n\n<li><a href=\"https:\/\/www.berufslexikon.at\/suche\/\">Berufslexikon (AMS)<\/a><\/li>\n\n\n\n<li><a href=\"https:\/\/www.bmaw.gv.at\/Themen\/Lehre-und-Berufsausbildung\/lexicon.html\">Liste der Lehrberufe von A bis Z (BMAW)<\/a><\/li>\n\n\n\n<li><a href=\"https:\/\/jobroom.ams.or.at\/jobsuche\/Suche.jsp?notiz=Sie+haben+den+Arbeitsort+ge%E4ndert.+&amp;d5=5&amp;special=0&amp;beruf_art=0&amp;r0=SA&amp;r1=A900&amp;x=1681049257638\">Stellenangebote suchen &#8211; Gef\u00fchrte Suche (Lehrstellen suchen) (AMS)<\/a><\/li>\n\n\n\n<li><a href=\"https:\/\/wien.arbeiterkammer.at\/service\/broschueren\/Bildung\/Lehre_und_Matura_aky_bf.pdf\">Brosch\u00fcre: Lehre und Matura (AK Wien)<\/a><\/li>\n\n\n\n<li><a href=\"https:\/\/wien.arbeiterkammer.at\/service\/broschueren\/Bildung\/Berufsreifepru-fung_rg_bf.pdf\">Berufsreifepr\u00fcfung (AK Wien)<\/a><\/li>\n\n\n\n<li><a href=\"https:\/\/www.bmbwf.gv.at\/Themen\/schule\/schulpraxis\/zentralmatura\/bm.html\">Berufsmatura: Lehre mit Reifepr\u00fcfung (BMBWF)<\/a><\/li>\n\n\n\n<li><a href=\"https:\/\/www.kusonline.at\/de\/bildung\/berufsmatura\">BERUFSMATURA WIEN &#8211; LEHRE MIT REIFEPR\u00dcFUNG (KUS Netzwerk)<\/a><\/li>\n\n\n\n<li><a href=\"https:\/\/www.oegj.at\/content\/dam\/oegj\/downloads\/brosch%C3%BCren\/OEGJ_WaDuWiSo_2023_web.pdf\">DEINE LEHRE. Was du unbedingt dar\u00fcber wissen solltest (\u00d6GB)<\/a><\/li>\n<\/ul>\n<\/div><\/div>\n","protected":false},"excerpt":{"rendered":"<p>Nach Abschluss der 9. Schulstufe (Pflichtschulabschluss), kann mein Kind eine Lehre machen. Hier finde ich mehr Informationen zum Pflichtschulabschluss. In der Lehre erlernt mein Kind einen Beruf. Hier finde ich eine Liste aller Lehrberufe. Wenn mein Kind eine Lehre machen will, sollte es sich zu Beginn des letzten Pflichtschuljahres, also am Anfang der 9. Schulstufe, [&hellip;]<\/p>\n","protected":false},"author":2,"featured_media":0,"parent":0,"menu_order":0,"comment_status":"closed","ping_status":"closed","template":"","meta":{"footnotes":""},"class_list":["post-3044","page","type-page","status-publish","hentry"],"_links":{"self":[{"href":"https:\/\/digmit.at\/index.php\/wp-json\/wp\/v2\/pages\/3044","targetHints":{"allow":["GET"]}}],"collection":[{"href":"https:\/\/digmit.at\/index.php\/wp-json\/wp\/v2\/pages"}],"about":[{"href":"https:\/\/digmit.at\/index.php\/wp-json\/wp\/v2\/types\/page"}],"author":[{"embeddable":true,"href":"https:\/\/digmit.at\/index.php\/wp-json\/wp\/v2\/users\/2"}],"replies":[{"embeddable":true,"href":"https:\/\/digmit.at\/index.php\/wp-json\/wp\/v2\/comments?post=3044"}],"version-history":[{"count":8,"href":"https:\/\/digmit.at\/index.php\/wp-json\/wp\/v2\/pages\/3044\/revisions"}],"predecessor-version":[{"id":3721,"href":"https:\/\/digmit.at\/index.php\/wp-json\/wp\/v2\/pages\/3044\/revisions\/3721"}],"wp:attachment":[{"href":"https:\/\/digmit.at\/index.php\/wp-json\/wp\/v2\/media?parent=3044"}],"curies":[{"name":"wp","href":"https:\/\/api.w.org\/{rel}","templated":true}]}}