{"id":3061,"date":"2023-10-15T10:40:51","date_gmt":"2023-10-15T10:40:51","guid":{"rendered":"https:\/\/digmit.at\/?page_id=3061"},"modified":"2023-10-19T16:55:15","modified_gmt":"2023-10-19T16:55:15","slug":"studienberechtigungsprufung","status":"publish","type":"page","link":"https:\/\/digmit.at\/index.php\/studienberechtigungsprufung\/","title":{"rendered":"Studienberechtigungspr\u00fcfung"},"content":{"rendered":"\n<p>Wenn ich keine Matura habe und studieren will, kann ich eine Studienberechtigungspr\u00fcfung machen.<\/p>\n\n\n\n<p>Um eine Studienberechtigungspr\u00fcfung (SBP) zu machen, muss ich schon wissen, <strong>was und wo ich studieren will<\/strong>. Ich mache die <strong>SBP<\/strong> also <strong>f\u00fcr ein bestimmtes Studium<\/strong>.<\/p>\n\n\n\n<p><br>Voraussetzungen:<\/p>\n\n\n\n<ul class=\"wp-block-list\">\n<li><strong>Mindestalter: 20 Jahre<\/strong><\/li>\n\n\n\n<li>Vorbildung\/Vorkenntnisse\/Vorerfahrung f\u00fcr das angestrebte Studium (kann normalerweise nachgeholt\/erworben werden)<\/li>\n\n\n\n<li>\u00f6sterreichische oder EWR-Staatsb\u00fcrgerschaft oder Drittstaatsangeh\u00f6rige mit Daueraufenthalt (f\u00fcr Unis, Fachhochschulen, P\u00e4dagogische Hochschulen; keine Auflagen f\u00fcr Kollegs)<\/li>\n<\/ul>\n\n\n\n<p><br>Zuerst muss ich dort, wo ich sp\u00e4ter studieren will, einen <a href=\"https:\/\/www.vhs.at\/files\/downloads\/N5FClxd1Ru3iRx4EVQo5yzLGlC3NjNWQdeQxWa9C.pdf\">Antrag auf <strong>Zulassung<\/strong> zur SBP<\/a> stellen.<\/p>\n\n\n\n<p><br>Die SBP besteht aus <strong>5 Pr\u00fcfungen<\/strong>: <\/p>\n\n\n\n<ul class=\"wp-block-list\">\n<li>Deutsch: schriftlich, Aufsatz<\/li>\n\n\n\n<li>2\u20133 Pflichtf\u00e4cher <\/li>\n\n\n\n<li>1\u20132 Wahlf\u00e4cher<\/li>\n<\/ul>\n\n\n\n<p><a href=\"https:\/\/www.vhs.at\/files\/downloads\/xSaQQitVPu5GDzXTpQKXhfLVWygEvpcxclEZg9So.pdf\"><strong>Welche Pr\u00fcfungen<\/strong><\/a> ich machen muss, kommt auf das Studium an, das ich machen m\u00f6chte.<\/p>\n\n\n\n<p><br>Hier kann ich mich informieren und einen <strong>Lehrgang zur Vorbereitung auf die SBP<\/strong> machen: <a href=\"https:\/\/www.vhs.at\/de\/k\/basisbildung-und-bildungsabschlusse\/studienberechtigungsprufung?f.sem_category_names_branch=sem_category_names_branch%3ABasisbildung%5C+und%5C+Bildungsabschl%FCsse%5C%3AStudienberechtigungspr%FCfung&amp;f.sem_grouping=sem_grouping%25\">VHS Ottakring<\/a>, <a href=\"https:\/\/www.vhs.at\/de\/s?f.sem_grouping=sem_grouping%3Akurs&amp;q=SBP+Floridsdorf\">VHS Floridsdorf<\/a>\u2026 Manche Hochschulen bieten auch Vorbereitungskurse an.<\/p>\n\n\n\n<p>Dort, wo ich den Lehrgang besuche, kann ich auch die <strong>Pr\u00fcfungen<\/strong> ablegen.<br>Mindestens eine Teilpr\u00fcfung muss ich an der Universit\u00e4t\/PH\/FH\/am Kolleg ablegen.<br>Wenn ich mich allein, also im Selbststudium, auf die SBP vorbereite, mache ich die Pr\u00fcfungen dort, wo ich um Zulassung angesucht habe.<br>Ich darf h\u00f6chstens 3 Mal zu einer Pr\u00fcfung antreten. <\/p>\n\n\n\n<p>Die SBP dauert normalerweise <strong>1 bis 2 Jahre<\/strong>.<\/p>\n\n\n\n<p><br><strong>Kosten &amp; F\u00f6rderungen<\/strong><br>F\u00fcr die Vorbereitungskurse und die Pr\u00fcfungen muss ich bezahlen. <\/p>\n\n\n\n<p>Ich kann w\u00e4hrend der Vorbereitung auf die SBP <strong><u><a href=\"https:\/\/digmit.at\/index.php\/studienbeihilfe\/\" data-type=\"page\" data-id=\"2946\">Studienbeihilfe<\/a><\/u><\/strong> oder ein <strong><u><a href=\"https:\/\/digmit.at\/index.php\/selbsterhalterinnen-stipendium\/\" data-type=\"page\" data-id=\"2957\">Selbsterhalter*innenstipendium<\/a><\/u><\/strong> beantragen.<\/p>\n\n\n\n<p><strong>Weitere F\u00f6rderungen<\/strong> finde ich <a href=\"https:\/\/digmit.at\/index.php\/beihilfen-forderungen-stipendien\/\" data-type=\"page\" data-id=\"2943\">hier<\/a>.<\/p>\n\n\n\n<p>Wenn ich arbeite und die SBP machen will, kann ich auch in <strong>Bildungskarenz<\/strong> oder <strong>Bildungsteilzeit<\/strong> gehen. Dann bekomme ich Weiterbildungsgeld bzw. Bildungsteilzeitgeld. Mehr Informationen zur Bildungskarenz und Bildungsteilzeit finde ich <a href=\"https:\/\/digmit.at\/index.php\/ich-arbeite-und-will-wahrend-meiner-ausbildung-weiterbildung-nicht-oder-weniger-arbeiten-bildungskarenz-bildungsteilzeit\/\" data-type=\"page\" data-id=\"2846\">hier<\/a>.<\/p>\n\n\n\n<p>Die Kosten f\u00fcr die SBP kann ich <strong><a href=\"https:\/\/ooe.arbeiterkammer.at\/beratung\/steuerundeinkommen\/arbeitnehmerveranlagung_schrittfuerschritt\/werbungskosten\/Fortbildungs--_Ausbildungs-_und_Umschulungskosten.html\">von der Steuer absetzen<\/a><\/strong>.<\/p>\n\n\n\n<p><br><\/p>\n\n\n\n<div class=\"wp-block-group\"><div class=\"wp-block-group__inner-container is-layout-constrained wp-block-group-is-layout-constrained\">\n<h2 class=\"wp-block-heading\"><strong>weitere Informationen<\/strong><strong><\/strong><\/h2>\n\n\n\n<ul class=\"wp-block-list\">\n<li><a href=\"https:\/\/erwachsenenbildung.at\/bildungsinfo\/zweiter_bildungsweg\/studienberechtigungspruefung.php\">Studienberechtigungspr\u00fcfung &#8211; Studieren ohne Matura (erwachsenenbildung.at)<\/a><\/li>\n\n\n\n<li><a href=\"https:\/\/www.vhs.at\/de\/info\/sbp#voraussetzungen\">Studienberechtigungspr\u00fcfung (VHS Wien)<\/a><\/li>\n\n\n\n<li><a rel=\"noreferrer noopener\" href=\"https:\/\/www.vhs.at\/files\/downloads\/9ttNHwexwa2aCN1uTbOhTAueBGx7FeEtw2tTOnEs.pdf\" target=\"_blank\">SBP Infobrosch\u00fcre der VHS<\/a><\/li>\n<\/ul>\n<\/div><\/div>\n","protected":false},"excerpt":{"rendered":"<p>Wenn ich keine Matura habe und studieren will, kann ich eine Studienberechtigungspr\u00fcfung machen. Um eine Studienberechtigungspr\u00fcfung (SBP) zu machen, muss ich schon wissen, was und wo ich studieren will. Ich mache die SBP also f\u00fcr ein bestimmtes Studium. Voraussetzungen: Zuerst muss ich dort, wo ich sp\u00e4ter studieren will, einen Antrag auf Zulassung zur SBP stellen. [&hellip;]<\/p>\n","protected":false},"author":2,"featured_media":0,"parent":0,"menu_order":0,"comment_status":"closed","ping_status":"closed","template":"","meta":{"footnotes":""},"class_list":["post-3061","page","type-page","status-publish","hentry"],"_links":{"self":[{"href":"https:\/\/digmit.at\/index.php\/wp-json\/wp\/v2\/pages\/3061","targetHints":{"allow":["GET"]}}],"collection":[{"href":"https:\/\/digmit.at\/index.php\/wp-json\/wp\/v2\/pages"}],"about":[{"href":"https:\/\/digmit.at\/index.php\/wp-json\/wp\/v2\/types\/page"}],"author":[{"embeddable":true,"href":"https:\/\/digmit.at\/index.php\/wp-json\/wp\/v2\/users\/2"}],"replies":[{"embeddable":true,"href":"https:\/\/digmit.at\/index.php\/wp-json\/wp\/v2\/comments?post=3061"}],"version-history":[{"count":4,"href":"https:\/\/digmit.at\/index.php\/wp-json\/wp\/v2\/pages\/3061\/revisions"}],"predecessor-version":[{"id":3444,"href":"https:\/\/digmit.at\/index.php\/wp-json\/wp\/v2\/pages\/3061\/revisions\/3444"}],"wp:attachment":[{"href":"https:\/\/digmit.at\/index.php\/wp-json\/wp\/v2\/media?parent=3061"}],"curies":[{"name":"wp","href":"https:\/\/api.w.org\/{rel}","templated":true}]}}