{"id":3063,"date":"2023-10-15T13:37:28","date_gmt":"2023-10-15T13:37:28","guid":{"rendered":"https:\/\/digmit.at\/?page_id=3063"},"modified":"2023-10-19T20:58:24","modified_gmt":"2023-10-19T20:58:24","slug":"berufsreifeprufung","status":"publish","type":"page","link":"https:\/\/digmit.at\/index.php\/berufsreifeprufung\/","title":{"rendered":"Berufsreifepr\u00fcfung"},"content":{"rendered":"\n<p>Eine Berufsreifepr\u00fcfung (BRP) ist <strong>wie eine Matura<\/strong>. Das hei\u00dft, ich kann sp\u00e4ter studieren, was ich m\u00f6chte.<\/p>\n\n\n\n<p><br>Voraussetzungen:<\/p>\n\n\n\n<ul class=\"wp-block-list\">\n<li><strong>Mindestalter: 19 Jahre<\/strong> bei der letzten Pr\u00fcfung<\/li>\n\n\n\n<li>Berufsausbildung (Lehre, mindestens 3j\u00e4hrige Fachschule)<\/li>\n<\/ul>\n\n\n\n<p><br><strong>4 Pr\u00fcfungen<\/strong>: <\/p>\n\n\n\n<ul class=\"wp-block-list\">\n<li>Angewandte Mathematik<\/li>\n\n\n\n<li>Deutsch<\/li>\n\n\n\n<li>Lebende Fremdsprache (z.B. Englisch) <\/li>\n\n\n\n<li>Fachbereich<\/li>\n<\/ul>\n\n\n\n<p>Zuerst muss ich an einer h\u00f6heren Schule (Externistenpr\u00fcfungsschule) einen Antrag auf Zulassung zur BRP stellen.<\/p>\n\n\n\n<p>Pr\u00fcfungen k\u00f6nnen hier abgelegt werden:<\/p>\n\n\n\n<p>\u00d6ffentliche h\u00f6here Schulen: <br>AHS, HAK, HTL, HLW, BAfEP<\/p>\n\n\n\n<p>Erwachsenenbildungseinrichtungen (nur in Kombination mit einem Kurs):<br>VHS Wien: VHS Polycollege, VHS Favoriten, VHS Meidling, VHS Ottakring und VHS Floridsdorf<\/p>\n\n\n\n<p>Hier kann ich <strong>Vorbereitungskurse <\/strong>machen und <strong>Pr\u00fcfungen<\/strong> ablegen: <a href=\"https:\/\/www.vhs.at\/de\/k\/basisbildung-und-bildungsabschlusse\/studienberechtigungsprufung?f.sem_category_names_branch=sem_category_names_branch%3ABasisbildung%5C+und%5C+Bildungsabschl%FCsse%5C%3AStudienberechtigungspr%FCfung&amp;f.sem_grouping=sem_grouping%25\">VHS Ottakring<\/a>, <a href=\"https:\/\/www.vhs.at\/de\/s?f.sem_grouping=sem_grouping%3Akurs&amp;q=SBP+Floridsdorf\">VHS Floridsdorf<\/a>\u2026 <\/p>\n\n\n\n<p>Mindestens eine der Pr\u00fcfungen muss ich an der Externistenpr\u00fcfungsschule ablegen.<\/p>\n\n\n\n<p>Ich kann mich auch allein, also im Selbststudium auf die Pr\u00fcfungen vorbereiten.<\/p>\n\n\n\n<p>Ich darf h\u00f6chstens 3 Mal zu einer Pr\u00fcfung antreten.<\/p>\n\n\n\n<p><br>Die BRP dauert normalerweise <strong>2 Jahre<\/strong>, kann aber auch in einem Jahr abgelegt werden.<\/p>\n\n\n\n<p><br><strong>Kosten &amp; F\u00f6rderungen<\/strong><\/p>\n\n\n\n<p>F\u00fcr die Vorbereitungskurse und die Pr\u00fcfungen muss ich bezahlen. <\/p>\n\n\n\n<p>Ich kann w\u00e4hrend der Vorbereitung auf die BRP <strong><u><a href=\"https:\/\/digmit.at\/index.php\/studienbeihilfe\/\" data-type=\"page\" data-id=\"2946\">Studienbeihilfe<\/a><\/u><\/strong> oder <strong><u><a href=\"https:\/\/digmit.at\/index.php\/selbsterhalterinnen-stipendium\/\" data-type=\"page\" data-id=\"2957\">Selbsterhalter*innenstipendium<\/a><\/u><\/strong> beantragen.<\/p>\n\n\n\n<p><strong>Weitere F\u00f6rderungen<\/strong> finde ich <a href=\"https:\/\/digmit.at\/index.php\/beihilfen-forderungen-stipendien\/\" data-type=\"page\" data-id=\"2943\">hier<\/a>.<\/p>\n\n\n\n<p><strong>Wenn ich arbeite<\/strong> und die BRP machen will, kann ich auch in <strong>Bildungskarenz<\/strong> oder <strong>Bildungsteilzeit<\/strong> gehen. Dann bekomme ich Weiterbildungsgeld bzw. Bildungsteilzeitgeld. <br>Mehr Informationen zur Bildungskarenz und Bildungsteilzeit finde ich <a href=\"https:\/\/digmit.at\/index.php\/ich-arbeite-und-will-wahrend-meiner-ausbildung-weiterbildung-nicht-oder-weniger-arbeiten-bildungskarenz-bildungsteilzeit\/\" data-type=\"page\" data-id=\"2846\">hier<\/a>.<\/p>\n\n\n\n<p><strong>Wenn ich<\/strong> die BRP machen will und <strong>arbeite<\/strong> (und nicht mehr als 2.500 \u20ac netto pro Monat verdiene) oder in Bildungskarenz, Bildungsteilzeit oder Elternkarenz bin, f\u00f6rdert der waff mit dem <a href=\"https:\/\/www.waff.at\/foerderungen\/bildungskonto\/das-bildungskonto-fuer-hoehere-abschluesse\/\"><strong>Bildungskonto f\u00fcr h\u00f6here Abschl\u00fcsse<\/strong><\/a> Kurs- und Pr\u00fcfungskosten bis maximal 3000 \u20ac.<\/p>\n\n\n\n<p>Die Kosten f\u00fcr die BRP kann ich <strong><a href=\"https:\/\/ooe.arbeiterkammer.at\/beratung\/steuerundeinkommen\/arbeitnehmerveranlagung_schrittfuerschritt\/werbungskosten\/Fortbildungs--_Ausbildungs-_und_Umschulungskosten.html\">von der Steuer absetzen<\/a><\/strong>.<\/p>\n\n\n\n<p><br><\/p>\n\n\n\n<div class=\"wp-block-group\"><div class=\"wp-block-group__inner-container is-layout-constrained wp-block-group-is-layout-constrained\">\n<h2 class=\"wp-block-heading\"><strong>weitere Informationen<\/strong><strong><\/strong><\/h2>\n\n\n\n<ul class=\"wp-block-list\">\n<li><a href=\"https:\/\/www.vhs.at\/de\/info\/brp\">Berufsreifepr\u00fcfung (VHS Wien)<\/a><\/li>\n\n\n\n<li><a href=\"https:\/\/www.vhs.at\/files\/downloads\/7eIIyrj9TZoaMTHI2aHaxppiuLcjLnsdVRT0LxnH.pdf\">BRP Infobrosch\u00fcre (VHS Wien)<\/a><\/li>\n\n\n\n<li><a href=\"https:\/\/www.wifiwien.at\/kategorie\/w-matura-werkmeister-schulen\/wb-berufsmatura-berufsreifepruefung?_ga=2.123009868.653937991.1681227078-266804543.1681227078\">Berufsreifepr\u00fcfung (WIFI Wien)<\/a><\/li>\n<\/ul>\n<\/div><\/div>\n","protected":false},"excerpt":{"rendered":"<p>Eine Berufsreifepr\u00fcfung (BRP) ist wie eine Matura. Das hei\u00dft, ich kann sp\u00e4ter studieren, was ich m\u00f6chte. Voraussetzungen: 4 Pr\u00fcfungen: Zuerst muss ich an einer h\u00f6heren Schule (Externistenpr\u00fcfungsschule) einen Antrag auf Zulassung zur BRP stellen. Pr\u00fcfungen k\u00f6nnen hier abgelegt werden: \u00d6ffentliche h\u00f6here Schulen: AHS, HAK, HTL, HLW, BAfEP Erwachsenenbildungseinrichtungen (nur in Kombination mit einem Kurs):VHS Wien: [&hellip;]<\/p>\n","protected":false},"author":2,"featured_media":0,"parent":0,"menu_order":0,"comment_status":"closed","ping_status":"closed","template":"","meta":{"footnotes":""},"class_list":["post-3063","page","type-page","status-publish","hentry"],"_links":{"self":[{"href":"https:\/\/digmit.at\/index.php\/wp-json\/wp\/v2\/pages\/3063","targetHints":{"allow":["GET"]}}],"collection":[{"href":"https:\/\/digmit.at\/index.php\/wp-json\/wp\/v2\/pages"}],"about":[{"href":"https:\/\/digmit.at\/index.php\/wp-json\/wp\/v2\/types\/page"}],"author":[{"embeddable":true,"href":"https:\/\/digmit.at\/index.php\/wp-json\/wp\/v2\/users\/2"}],"replies":[{"embeddable":true,"href":"https:\/\/digmit.at\/index.php\/wp-json\/wp\/v2\/comments?post=3063"}],"version-history":[{"count":4,"href":"https:\/\/digmit.at\/index.php\/wp-json\/wp\/v2\/pages\/3063\/revisions"}],"predecessor-version":[{"id":3479,"href":"https:\/\/digmit.at\/index.php\/wp-json\/wp\/v2\/pages\/3063\/revisions\/3479"}],"wp:attachment":[{"href":"https:\/\/digmit.at\/index.php\/wp-json\/wp\/v2\/media?parent=3063"}],"curies":[{"name":"wp","href":"https:\/\/api.w.org\/{rel}","templated":true}]}}