{"id":3072,"date":"2023-10-15T14:36:38","date_gmt":"2023-10-15T14:36:38","guid":{"rendered":"https:\/\/digmit.at\/?page_id=3072"},"modified":"2023-10-19T20:59:20","modified_gmt":"2023-10-19T20:59:20","slug":"matura-nachholen","status":"publish","type":"page","link":"https:\/\/digmit.at\/index.php\/matura-nachholen\/","title":{"rendered":"Matura nachholen"},"content":{"rendered":"\n<p>Ich kann die <strong>AHS-Matura im zweiten Bildungsweg nachholen<\/strong> (\u201e<strong>Externisten-Matura<\/strong>\u201c).<\/p>\n\n\n\n<p><br>Ich kann die Externisten-Matura im <a href=\"http:\/\/wien.abendgymnasium.at\/\"><strong>Abendgymnasium Wien<\/strong><\/a> machen:<\/p>\n\n\n\n<p>Voraussetzungen:<\/p>\n\n\n\n<ul class=\"wp-block-list\">\n<li>Mindestalter 17 Jahre<\/li>\n\n\n\n<li>positiver Pflichtschulabschluss<\/li>\n\n\n\n<li>Deutsch B2<\/li>\n\n\n\n<li>berufst\u00e4tig oder beim AMS gemeldet<\/li>\n<\/ul>\n\n\n\n<p>Der Schulbesuch ist kostenlos.<\/p>\n\n\n\n<p>Adresse: 21.Bezirk, Br\u00fcnner Stra\u00dfe 72<br>Telefonnummer: 01 8925433<\/p>\n\n\n\n<p><a href=\"http:\/\/wien.abendgymnasium.at\/wp-content\/uploads\/2022\/09\/Informationsblatt-.pdf\">Informationen zur Anmeldung am Abendgymnasium Wien<\/a><\/p>\n\n\n\n<p><br>Ich kann die Matura auch in einer <strong>Maturaschule<\/strong> oder in einem AHS-Lehrgang nachholen:<br>&#8211; <a rel=\"noreferrer noopener\" href=\"http:\/\/www.humboldtschule.at\/kursprogramm-maturaschule\/\" target=\"_blank\">Matura-Schule Humboldt<\/a><br>&#8211; <a rel=\"noreferrer noopener\" href=\"http:\/\/www.matura.at\/standorte\/wien\/kurse\" target=\"_blank\">Maturaschule Dr. Rampitsch<\/a><br>&#8211; <a rel=\"noreferrer noopener\" href=\"http:\/\/www.roland.at\/kurse\/ahs-matura\/\" target=\"_blank\">Maturaschule Dr. Roland<\/a><br>&#8211; <a rel=\"noreferrer noopener\" href=\"https:\/\/www.lernen8.at\/maturaschule-ahsbrp\/ahs-matura\" target=\"_blank\">Lernen 8<\/a><br>Es gibt auch Fernunterricht, Guided E-Learning oder Online-Kurse.<br>Dort muss ich zahlen.<\/p>\n\n\n\n<p><br>Ich kann auch allein, also im Selbststudium lernen.<\/p>\n\n\n\n<p><br>Wenn ich eine Externisten-Matura machen will,<\/p>\n\n\n\n<ul class=\"wp-block-list\">\n<li>suche ich zuerst bei der <a href=\"https:\/\/www.bildung-wien.gv.at\/schulen\/Oesterreichisches-Schulsystem\/Externistenangelegenheiten\">Bildungsdirektion<\/a> um Externisten-Matura an.<\/li>\n\n\n\n<li>Danach erhalte ich die Zulassung.<\/li>\n\n\n\n<li>Dann lege ich die Zulassungspr\u00fcfungen ab.<\/li>\n\n\n\n<li>Ich muss auch eine vorwissenschaftliche Arbeit (VWA) schreiben.<\/li>\n\n\n\n<li>Zum Abschluss trete ich zur Maturapr\u00fcfung an. Es gibt drei Termine pro Jahr. Ich kann vier Mal antreten.<\/li>\n<\/ul>\n\n\n\n<p><br>Das Nachholen der Matura dauert im Durchschnitt zwischen 1 und 4 Jahre.<\/p>\n\n\n\n<p><br>Um eine <strong>HTL-Matura<\/strong> nachzuholen, <br>&#8211; brauche ich eine abgeschlossene einschl\u00e4gige Berufsausbildung,<br>&#8211; oder ich muss einen Vorbereitungslehrgang besuchen.<\/p>\n\n\n\n<p><br><strong>Kosten &amp; F\u00f6rderungen<\/strong><\/p>\n\n\n\n<p><strong>Wenn ich<\/strong> die Matura nachholen will und <strong>arbeite<\/strong> (und nicht mehr als 2.500 \u20ac netto pro Monat verdiene) oder in Bildungskarenz, Bildungsteilzeit oder Elternkarenz bin, f\u00f6rdert der waff mit dem <a href=\"https:\/\/www.waff.at\/foerderungen\/bildungskonto\/das-bildungskonto-fuer-hoehere-abschluesse\/\"><strong>Bildungskonto f\u00fcr h\u00f6here Abschl\u00fcsse<\/strong><\/a> Kurs- und Pr\u00fcfungskosten bis maximal 3000 \u20ac.<\/p>\n\n\n\n<p><br><\/p>\n\n\n\n<div class=\"wp-block-group\"><div class=\"wp-block-group__inner-container is-layout-constrained wp-block-group-is-layout-constrained\">\n<h2 class=\"wp-block-heading\"><strong>weitere Informationen<\/strong><\/h2>\n\n\n\n<ul class=\"wp-block-list\">\n<li><a href=\"https:\/\/www.waff.at\/beruf-weiterbildung\/abschluesse-nachholen\/matura-nachholen\/\">Matura nachholen (waff)<\/a><\/li>\n\n\n\n<li><a href=\"https:\/\/wien.arbeiterkammer.at\/service\/broschueren\/Bildung\/Abendschulen_2022.pdf\">Brosch\u00fcre: Abendschulen und Kollegs (AK)<\/a><\/li>\n<\/ul>\n<\/div><\/div>\n","protected":false},"excerpt":{"rendered":"<p>Ich kann die AHS-Matura im zweiten Bildungsweg nachholen (\u201eExternisten-Matura\u201c). Ich kann die Externisten-Matura im Abendgymnasium Wien machen: Voraussetzungen: Der Schulbesuch ist kostenlos. Adresse: 21.Bezirk, Br\u00fcnner Stra\u00dfe 72Telefonnummer: 01 8925433 Informationen zur Anmeldung am Abendgymnasium Wien Ich kann die Matura auch in einer Maturaschule oder in einem AHS-Lehrgang nachholen:&#8211; Matura-Schule Humboldt&#8211; Maturaschule Dr. Rampitsch&#8211; Maturaschule Dr. [&hellip;]<\/p>\n","protected":false},"author":2,"featured_media":0,"parent":0,"menu_order":0,"comment_status":"closed","ping_status":"closed","template":"","meta":{"footnotes":""},"class_list":["post-3072","page","type-page","status-publish","hentry"],"_links":{"self":[{"href":"https:\/\/digmit.at\/index.php\/wp-json\/wp\/v2\/pages\/3072","targetHints":{"allow":["GET"]}}],"collection":[{"href":"https:\/\/digmit.at\/index.php\/wp-json\/wp\/v2\/pages"}],"about":[{"href":"https:\/\/digmit.at\/index.php\/wp-json\/wp\/v2\/types\/page"}],"author":[{"embeddable":true,"href":"https:\/\/digmit.at\/index.php\/wp-json\/wp\/v2\/users\/2"}],"replies":[{"embeddable":true,"href":"https:\/\/digmit.at\/index.php\/wp-json\/wp\/v2\/comments?post=3072"}],"version-history":[{"count":5,"href":"https:\/\/digmit.at\/index.php\/wp-json\/wp\/v2\/pages\/3072\/revisions"}],"predecessor-version":[{"id":3480,"href":"https:\/\/digmit.at\/index.php\/wp-json\/wp\/v2\/pages\/3072\/revisions\/3480"}],"wp:attachment":[{"href":"https:\/\/digmit.at\/index.php\/wp-json\/wp\/v2\/media?parent=3072"}],"curies":[{"name":"wp","href":"https:\/\/api.w.org\/{rel}","templated":true}]}}