{"id":3381,"date":"2023-10-17T23:55:10","date_gmt":"2023-10-17T23:55:10","guid":{"rendered":"https:\/\/digmit.at\/?page_id=3381"},"modified":"2024-02-22T10:14:29","modified_gmt":"2024-02-22T10:14:29","slug":"ich-kann-nicht-so-gut-deutsch","status":"publish","type":"page","link":"https:\/\/digmit.at\/index.php\/ich-kann-nicht-so-gut-deutsch\/","title":{"rendered":"Ich muss\/will zum*r \u00c4rzt*in \/ ins Spital und kann nicht so gut Deutsch."},"content":{"rendered":"\n<p>Es ist <strong>wichtig, dass ich<\/strong> dem*der \u00c4rzt*in <strong>sagen kann, was meine Beschwerden sind, und dass ich verstehe, was der*die \u00c4rzt*in sagt<\/strong>.<\/p>\n\n\n\n<p><br>Obwohl in <strong>Wien sehr viele Menschen<\/strong> leben, die eine <strong>andere Muttersprache als Deutsch<\/strong> haben, ist das <strong>Gesundheitssystem<\/strong> leider noch immer <strong>sehr einsprachig<\/strong>. <\/p>\n\n\n\n<p><strong>\u00c4rzt*innen sprechen<\/strong> meist <strong>nicht die Muttersprachen der Migrant*innen<\/strong> und es gibt <strong>zu wenige Dolmetscher*innen<\/strong> im Spital.<br>Deshalb haben <strong>nicht alle Menschen die gleichen Chancen auf eine gute medizinische Behandlung<\/strong>.<br><strong>Es braucht mehr Dolmetscher*innen im Spital!<\/strong><br><strong>Es braucht mehr mehrsprachige \u00c4rzt*innen und Gesundheitspersonal!<\/strong><br><br>Als <strong>Patient*in<\/strong> habe ich <strong>Rechte<\/strong>. Ich habe zum Bespiel das <strong>Recht auf Information<\/strong>. <br>Der*die <strong>\u00c4rzt*in muss mich<\/strong> \u00fcber meine Diagnose und Behandlung <strong>informieren<\/strong>, und zwar <strong>so, dass ich es verstehe<\/strong>.<\/p>\n\n\n\n<p><br>Auf <strong><u><a href=\"https:\/\/www.praxisplan.at\/\">praxisplan.at<\/a><\/u><\/strong> und auf <strong><u><a href=\"https:\/\/www.docfinder.at\/\">docfinder.at<\/a> <\/u><\/strong>kann ich eine*n <strong>\u00c4rzt*in <\/strong>suchen, <strong>der*die meine Muttersprache spricht<\/strong>.<br><a href=\"https:\/\/wr.zahnaerztekammer.at\/patientinnen\/zahnarztsuche\">Hier<\/a>&nbsp;kann ich eine*n&nbsp;<strong>Zahn\u00e4zt*in<\/strong>&nbsp;suchen, die meine Muttersprache spricht.<br><a href=\"https:\/\/digmit.at\/index.php\/startseite\/gesundheit\/ich-suche-eine-n-arztin\/arztinnen-in-wien\/\">Hier<\/a> finde ich mehr Informationen zur \u00c4rzt*innensuche.<\/p>\n\n\n\n<p><br><strong>Wenn ich nicht so gut Deutsch kann<\/strong> und <strong>im Spital<\/strong> bin, sollte ich am besten fragen, ob es eine*n <strong>Dolmetscher*in<\/strong> gibt, <strong>der*die meine Sprache spricht<\/strong>.<\/p>\n\n\n\n<p><br>Das <strong><u><a href=\"https:\/\/femsued.at\/\">Frauengesundheitszentrum F.E.M. S\u00fcd<\/a><\/u><\/strong> bietet <strong>Information<\/strong> und <strong>Beratung<\/strong> zum Thema <strong>Gesundheit von Frauen*<\/strong>. <br>Hier gibt es Beratung <strong>in mehreren Sprachen<\/strong>: Deutsch, Englisch, Bosnisch\/Kroatisch\/Serbisch, T\u00fcrkisch, Farsi\/Dari, Arabisch und Somali. <br>Bei F.E.M. S\u00fcd gibt es Information und Beratung zu verschieden Themen der Frauen*gesundheit wie Schwangerschaft, Sexualit\u00e4t, Verh\u00fctung, Geburt, psychosomatische Beschwerden und Krankheiten, \u00c4ngste, Depressionen, M\u00e4dchengesundheit, gesundes Altern und vieles mehr. <br>Es gibt auch kosteng\u00fcnstige Gespr\u00e4chsgruppen und Bewegungsgruppen.<\/p>\n\n\n\n<p>Au\u00dferdem bietet <strong><a href=\"http:\/\/www.frauenassistenz.at\/\">FEM S\u00fcd FRAUENASSISTENZ<\/a><\/strong> <strong>Frauen mit psychischen und k\u00f6rperlichen Beeintr\u00e4chtigungen, chronischer Krankheit oder Behinderung<\/strong> <strong>mehrsprachige Beratung<\/strong>, Unterst\u00fctzung und Begleitung beim <strong>Zugang zum Arbeitsmarkt<\/strong> oder bei <strong>Problemen am Arbeitsplatz<\/strong>.<\/p>\n\n\n\n<p><br><strong><a href=\"https:\/\/www.amber-med.at\/\">Amber-Med<\/a><\/strong> ist ein ambulantes Gesundheitszentrum im 23. Bezirk. <br>Wenn ich <strong>nicht versichert<\/strong> bin, bekomme ich dort <strong>kostenlose medizinische Behandlung<\/strong>. <br>Bei Amber-Med gibt es \u00c4rzt*innen f\u00fcr folgende Bereiche: Allgemeinmedizin (an 4 Tagen in der Woche), Augenheilkunde, Gyn\u00e4kologie, Urologie, P\u00e4diatrie\/Kinderheilkunde, Neurologie, Kardiologie\/Herz, Psychiatrie, Dermatologie\/Haut und Innere Medizin. <br>Es gibt <strong>Dolmetsch<\/strong> f\u00fcr die <strong>Sprachen<\/strong> Arabisch, BKS, Bulgarisch, Chinesisch, Romanes, Rum\u00e4nisch und Russisch.<\/p>\n\n\n\n<p><br>Bei <strong>psychischen Krisen und Notf\u00e4llen<\/strong> kann ich mich beim <strong><a href=\"https:\/\/kriseninterventionszentrum.at\/\">Kriseninterventionszentrum<\/a><\/strong> <strong><a>telefonisch<\/a><\/strong> (Montag bis Freitag 10 bis 17 Uhr) beraten lassen und oft noch am selben Tag einen Termin bekommen.<br>Es gibt <strong>Dolmetsch<\/strong> f\u00fcr verschiedene <strong>Sprachen<\/strong>.<\/p>\n\n\n\n<p><strong>Psychologische Beratung und Therapie<\/strong> in verschiedenen Sprachen finde ich <a href=\"https:\/\/digmit.at\/index.php\/startseite\/gesundheit\/ich-suche-eine-n-arztin\/psychotherapie-psychologische-beratung\/therapie-beratung\/\">hier<\/a>.<\/p>\n\n\n\n<p><br><\/p>\n\n\n\n<div class=\"wp-block-group\"><div class=\"wp-block-group__inner-container is-layout-constrained wp-block-group-is-layout-constrained\">\n<h2 class=\"wp-block-heading\"><br>weitere Informationen<\/h2>\n\n\n\n<ul class=\"wp-block-list\">\n<li>Podcast: <a href=\"https:\/\/www.youtube.com\/watch?v=5LuKLW4Ne3g\">Patientinnenrechte &#8211; Podcast Frauen*stimmen (Frauen*stimmen Podcast)<\/a><\/li>\n<\/ul>\n<\/div><\/div>\n","protected":false},"excerpt":{"rendered":"<p>Es ist wichtig, dass ich dem*der \u00c4rzt*in sagen kann, was meine Beschwerden sind, und dass ich verstehe, was der*die \u00c4rzt*in sagt. Obwohl in Wien sehr viele Menschen leben, die eine andere Muttersprache als Deutsch haben, ist das Gesundheitssystem leider noch immer sehr einsprachig. \u00c4rzt*innen sprechen meist nicht die Muttersprachen der Migrant*innen und es gibt zu [&hellip;]<\/p>\n","protected":false},"author":2,"featured_media":0,"parent":0,"menu_order":0,"comment_status":"closed","ping_status":"closed","template":"","meta":{"footnotes":""},"class_list":["post-3381","page","type-page","status-publish","hentry"],"_links":{"self":[{"href":"https:\/\/digmit.at\/index.php\/wp-json\/wp\/v2\/pages\/3381","targetHints":{"allow":["GET"]}}],"collection":[{"href":"https:\/\/digmit.at\/index.php\/wp-json\/wp\/v2\/pages"}],"about":[{"href":"https:\/\/digmit.at\/index.php\/wp-json\/wp\/v2\/types\/page"}],"author":[{"embeddable":true,"href":"https:\/\/digmit.at\/index.php\/wp-json\/wp\/v2\/users\/2"}],"replies":[{"embeddable":true,"href":"https:\/\/digmit.at\/index.php\/wp-json\/wp\/v2\/comments?post=3381"}],"version-history":[{"count":14,"href":"https:\/\/digmit.at\/index.php\/wp-json\/wp\/v2\/pages\/3381\/revisions"}],"predecessor-version":[{"id":4731,"href":"https:\/\/digmit.at\/index.php\/wp-json\/wp\/v2\/pages\/3381\/revisions\/4731"}],"wp:attachment":[{"href":"https:\/\/digmit.at\/index.php\/wp-json\/wp\/v2\/media?parent=3381"}],"curies":[{"name":"wp","href":"https:\/\/api.w.org\/{rel}","templated":true}]}}