{"id":35,"date":"2020-10-19T07:30:57","date_gmt":"2020-10-19T07:30:57","guid":{"rendered":"https:\/\/digmit.tantemalkah.at\/?page_id=35"},"modified":"2024-01-01T13:30:19","modified_gmt":"2024-01-01T13:30:19","slug":"ich-bin-krank-und-arbeite-unselbststandig-beschaftigt-als-angestellter-arbeiterin","status":"publish","type":"page","link":"https:\/\/digmit.at\/index.php\/startseite\/gesundheit\/ich-bin-krank\/ich-bin-krank-und-arbeite\/ich-bin-krank-und-arbeite-unselbststandig-beschaftigt-als-angestellter-arbeiterin\/","title":{"rendered":"Ich bin krank und arbeite als Angestellte*r\/Arbeiter*in \/ unselbstst\u00e4ndig."},"content":{"rendered":"\n<hr class=\"wp-block-separator has-alpha-channel-opacity\"\/>\n\n\n\n<p>Wenn ich krank bin, kann ich in den <strong>Krankenstand<\/strong> gehen \u2013 egal ob ich geringf\u00fcgig, Teilzeit oder Vollzeit arbeite.<br><br><br>Wenn ich krank bin und nicht arbeiten gehen kann, muss ich<\/p>\n\n\n\n<ol class=\"wp-block-list\">\n<li>den*die <strong>Arbeitgeber*in<\/strong> oder die Firma gleich <strong>informieren<\/strong>, dass ich krank bin.<\/li>\n\n\n\n<li>gleich <strong>zum*r \u00c4rzt*in<\/strong> gehen. Der*die \u00c4rzt*in schreibt mich krank und gibt mir eine Krankenstandsbest\u00e4tigung.<\/li>\n\n\n\n<li>diese <strong>Krankenstandsbest\u00e4tigung<\/strong> meinem*r Arbeitgeber*in schicken.<\/li>\n<\/ol>\n\n\n\n<p><br>Wenn ich im Krankenstand bin, sagt mir der*die \u00c4rzt*in, was ich tun darf. Was ich darf oder tun sollte ist abh\u00e4ngig von meiner Erkrankung.<\/p>\n\n\n\n<p><br>ACHTUNG<br>Der*die Arbeitgeber*in kann meinen Krankenstand kontrollieren.<br><br><br>Im Krankenstand bekomme ich weiterhin meinen <strong>vollen Lohn<\/strong> \/ mein <strong>volles Gehalt<\/strong> (+ regelm\u00e4\u00dfige \u00dcberstunden und Zulagen).<br><br>Am Anfang bezahlt das mein*e Arbeitgeber*in (= Entgeltfortzahlung), sp\u00e4ter (auch) die Krankenkasse (= Krankengeld).<br><\/p>\n\n\n\n<p>ACHTUNG<br>Ich oder mein*e Arbeitgeber*in muss das Krankengeld bei der Krankenkasse <a href=\"https:\/\/www.gesundheitskasse.at\/cdscontent\/?contentid=10007.837693&amp;portal=oegkwportal\">beantragen<\/a>.<br>Wenn ich geringf\u00fcgig arbeite, bekomme ich kein Krankengeld, au\u00dfer ich bin selbstversichert aufgrund meiner geringf\u00fcgigen Besch\u00e4ftigung.<br><br><br><strong>Ich kann auch im Krankenstand gek\u00fcndigt werden<\/strong>. <br>Es gilt die K\u00fcndigungsfrist.<br><br><br><strong><a href=\"https:\/\/www.arbeiterkammer.at\/beratung\/arbeitundrecht\/Urlaub\/Krank_im_Urlaub.html\">Im Urlaub<\/a><\/strong> verliere ich die Urlaubstage nicht, wenn ich<\/p>\n\n\n\n<ul class=\"wp-block-list\">\n<li>mehr als drei Tage krank bin,<\/li>\n\n\n\n<li>meinem*r Arbeitger*in sage, dass ich krank bin,<\/li>\n\n\n\n<li>und eine Krankenstandsbest\u00e4tigung bringe\/schicke.<\/li>\n<\/ul>\n\n\n\n<p>Krankheit verl\u00e4ngert den Urlaub nicht. Wenn der Urlaub zu Ende ist oder ich wieder gesund bin, muss ich wieder arbeiten gehen.<\/p>\n\n\n\n<p><\/p>\n\n\n\n<figure class=\"wp-block-embed is-type-video is-provider-youtube wp-block-embed-youtube wp-embed-aspect-16-9 wp-has-aspect-ratio\"><div class=\"wp-block-embed__wrapper\">\n<iframe loading=\"lazy\" title=\"Rechte und Pflichten im Krankenstand\" width=\"500\" height=\"281\" src=\"https:\/\/www.youtube.com\/embed\/5TTHL4F-_8c?list=PL19EDE712F302AD86\" frameborder=\"0\" allow=\"accelerometer; autoplay; clipboard-write; encrypted-media; gyroscope; picture-in-picture; web-share\" referrerpolicy=\"strict-origin-when-cross-origin\" allowfullscreen><\/iframe> \n<\/div><figcaption class=\"wp-element-caption\"><a href=\"https:\/\/www.youtube.com\/watch?v=5TTHL4F-_8c&amp;list=PL19EDE712F302AD86&amp;index=2\">Rechte und Pflichten im Krankenstand (AK)<\/a><\/figcaption><\/figure>\n\n\n\n<p><\/p>\n\n\n\n<figure class=\"wp-block-embed is-type-video is-provider-youtube wp-block-embed-youtube wp-embed-aspect-16-9 wp-has-aspect-ratio\"><div class=\"wp-block-embed__wrapper\">\n<iframe loading=\"lazy\" title=\"\u00d6GB-Verlag Arbeitsrecht in 90 Sekunden: Krankenstand\" width=\"500\" height=\"281\" src=\"https:\/\/www.youtube.com\/embed\/mwNopQxhGWI?feature=oembed\" frameborder=\"0\" allow=\"accelerometer; autoplay; clipboard-write; encrypted-media; gyroscope; picture-in-picture; web-share\" referrerpolicy=\"strict-origin-when-cross-origin\" allowfullscreen><\/iframe>\n<\/div><figcaption class=\"wp-element-caption\"><a href=\"https:\/\/www.youtube.com\/watch?v=mwNopQxhGWI\">\u00d6GB-Verlag Arbeitsrecht in 90 Sekunden: Krankenstand (\u00d6GB-Verlag)<\/a><\/figcaption><\/figure>\n\n\n\n<p><br><\/p>\n\n\n\n<p><\/p>\n\n\n\n<div class=\"wp-block-group\"><div class=\"wp-block-group__inner-container is-layout-flow wp-block-group-is-layout-flow\">\n<h2 class=\"wp-block-heading blue\" style=\"font-size:22px\">weitere Informationen<\/h2>\n\n\n\n<ul class=\"wp-block-list\">\n<li><a href=\"https:\/\/www.arbeiterkammer.at\/krankenstand\"><\/a><a href=\"https:\/\/www.arbeiterkammer.at\/krankenstand\">Krankenstand (AK)<\/a><\/li>\n\n\n\n<li>Video: <a href=\"https:\/\/www.youtube.com\/watch?v=6nYHDoN-C7k&amp;t=135s\">Krankenstand in \u00d6sterreich | Meldung &amp; Entgeltfortzahlung (AK)<\/a><\/li>\n\n\n\n<li><a href=\"https:\/\/www.arbeiterkammer.at\/beratung\/arbeitundrecht\/krankheitundpflege\/krankheit\/Geld_bei_Krankheit.html\">Geld bei Krankheit (AK)<\/a><\/li>\n\n\n\n<li><a href=\"https:\/\/www.gesundheitskasse.at\/cdscontent\/?contentid=10007.837693&amp;portal=oegkwportal\">Wie und wo beantrage ich mein Krankengeld? (\u00d6GK)<\/a> <\/li>\n\n\n\n<li><a href=\"https:\/\/www.arbeiterkammer.at\/beratung\/arbeitundrecht\/Urlaub\/Krank_im_Urlaub.html\">Krank im Urlaub (AK)<\/a><\/li>\n<\/ul>\n<\/div><\/div>\n","protected":false},"excerpt":{"rendered":"<p>Wenn ich krank bin, kann ich in den Krankenstand gehen \u2013 egal ob ich geringf\u00fcgig, Teilzeit oder Vollzeit arbeite. Wenn ich krank bin und nicht arbeiten gehen kann, muss ich Wenn ich im Krankenstand bin, sagt mir der*die \u00c4rzt*in, was ich tun darf. Was ich darf oder tun sollte ist abh\u00e4ngig von meiner Erkrankung. ACHTUNGDer*die [&hellip;]<\/p>\n","protected":false},"author":1,"featured_media":0,"parent":33,"menu_order":0,"comment_status":"closed","ping_status":"closed","template":"","meta":{"footnotes":""},"class_list":["post-35","page","type-page","status-publish","hentry"],"_links":{"self":[{"href":"https:\/\/digmit.at\/index.php\/wp-json\/wp\/v2\/pages\/35","targetHints":{"allow":["GET"]}}],"collection":[{"href":"https:\/\/digmit.at\/index.php\/wp-json\/wp\/v2\/pages"}],"about":[{"href":"https:\/\/digmit.at\/index.php\/wp-json\/wp\/v2\/types\/page"}],"author":[{"embeddable":true,"href":"https:\/\/digmit.at\/index.php\/wp-json\/wp\/v2\/users\/1"}],"replies":[{"embeddable":true,"href":"https:\/\/digmit.at\/index.php\/wp-json\/wp\/v2\/comments?post=35"}],"version-history":[{"count":37,"href":"https:\/\/digmit.at\/index.php\/wp-json\/wp\/v2\/pages\/35\/revisions"}],"predecessor-version":[{"id":4544,"href":"https:\/\/digmit.at\/index.php\/wp-json\/wp\/v2\/pages\/35\/revisions\/4544"}],"up":[{"embeddable":true,"href":"https:\/\/digmit.at\/index.php\/wp-json\/wp\/v2\/pages\/33"}],"wp:attachment":[{"href":"https:\/\/digmit.at\/index.php\/wp-json\/wp\/v2\/media?parent=35"}],"curies":[{"name":"wp","href":"https:\/\/api.w.org\/{rel}","templated":true}]}}