{"id":3528,"date":"2023-10-21T14:51:46","date_gmt":"2023-10-21T14:51:46","guid":{"rendered":"https:\/\/digmit.at\/?page_id=3528"},"modified":"2024-01-02T12:54:25","modified_gmt":"2024-01-02T12:54:25","slug":"mehr-schutz-vor-diskriminierung","status":"publish","type":"page","link":"https:\/\/digmit.at\/index.php\/mehr-schutz-vor-diskriminierung\/","title":{"rendered":"Mehr Schutz vor Diskriminierung!"},"content":{"rendered":"\n<p>Das <strong>Gesetz sch\u00fctzt<\/strong> mich leider <strong>nicht vor allen Formen von Diskriminierung<\/strong>. In manchen Bereichen und aus manchen Gr\u00fcnden gibt es <strong>zu wenig Rechtsschutz vor Diskriminierung und Bel\u00e4stigung<\/strong>.<\/p>\n\n\n\n<p><br>Das <strong>Gleichbehandlungsgesetz<\/strong> sch\u00fctzt mich nur vor Diskriminierung am <strong>formellen Arbeitsmarkt<\/strong>, also wenn ich angemeldet arbeite.<br>Wenn ich \u201e<strong>ohne Papiere<\/strong>\u201c, \u201e<strong>informell<\/strong>\u201c oder \u201e<strong>undokumentiert<\/strong>\u201c <strong>arbeite<\/strong>, <strong>sch\u00fctzt<\/strong> mich <strong>das Gesetz nicht vor Diskriminierungen und Bel\u00e4stigungen<\/strong>. Es braucht <strong>mehr Schutz vor Diskriminierung<\/strong> \u2013 auch f\u00fcr <a href=\"https:\/\/digmit.at\/index.php\/arbeit-ohne-papiere-aber-nicht-ohne-rechte-2\/\">Menschen, die ohne Papiere arbeiten<\/a>!<\/p>\n\n\n\n<p><br>Beim <strong>Zugang zu G\u00fctern oder Dienstleistungen<\/strong> verbietet das Gesetz Diskriminierung <strong>nur aufgrund<\/strong> meines <strong>Geschlecht<\/strong>s, meiner <strong>ethnische<\/strong>n <strong>Zugeh\u00f6rigkeit<\/strong> und einer <strong>Behinderung<\/strong>. <br><strong>Diskriminierungen und Bel\u00e4stigungen aufgrund<\/strong> meiner <strong>sexuelle<\/strong>n <strong>Orientierung<\/strong>, meines <strong>Alter<\/strong>s, meiner <strong>Religion<\/strong> oder <strong>Weltanschauung<\/strong> sind <strong>gesetzlich nicht verboten<\/strong>.<br>Das Gesetz bietet also keinen Schutz, wenn zum Beispiel ein schwules Paar in einem Lokal wegen seiner sexuellen Orientierung beschimpft wird, oder wenn eine Muslimin wegen ihrer Religion eine Wohnung nicht bekommt.<\/p>\n\n\n\n<p><br>Wenn ich <strong>am Arbeitsmarkt diskriminiert<\/strong> werde, habe ich <strong>weniger Chancen auf einen guten Job<\/strong>. Ich <strong>verdiene wenig<\/strong>(<strong>er<\/strong>) und <strong>habe wenig<\/strong>(<strong>er<\/strong>)<strong> Geld<\/strong>. <\/p>\n\n\n\n<p>Wegen meines <strong>geringen Einkommen<\/strong>s werde ich dann oft auch <strong>in anderen Bereichen diskriminiert<\/strong>.<br><strong>Armut<\/strong> kann zu <strong>Benachteiligungen<\/strong> im Bereich der <strong>Gesundheit<\/strong>, der <strong>Bildung<\/strong> und des <strong>Wohnen<\/strong>s f\u00fchren.<\/p>\n\n\n\n<p>Wenn ich zum Beispiel als<strong> alleinerziehende Frau*<\/strong> oder <strong>Migrant*in<\/strong> <strong>wenig<\/strong> <strong>verdiene<\/strong>, ist es <strong>schwieriger<\/strong> f\u00fcr mich, eine <strong>Wohnung zu mieten<\/strong>.<\/p>\n\n\n\n<p><strong>Diskriminierung<\/strong> f\u00fchrt so zu noch <strong>mehr Diskriminierung<\/strong>.<\/p>\n\n\n\n<p>Um die <strong><a href=\"https:\/\/digmit.at\/index.php\/ich-mochte-die-osterreichische-staatsburgerschaft-beantragen\/\">\u00f6sterreichische Staatsb\u00fcrgerschaft<\/a><\/strong> zu bekommen, muss ich ein bestimmtes <strong>Einkommen<\/strong> nachweisen, also genug Geld verdienen. Ich darf keine Mindestsicherung (\u201eSozialhilfe\u201c) beziehen und muss au\u00dferdem f\u00fcr die \u00f6sterreichische Staatsb\u00fcrgerschaft bezahlen. Ich muss auch f\u00fcr manche <strong>Aufenthaltstitel<\/strong> (\u201eVisum\u201c) ein Einkommen nachweisen.<\/p>\n\n\n\n<p><br><strong><a href=\"https:\/\/digmit.at\/index.php\/gender-pay-gap-gender-pension-gap\/\">Frauen* verdienen weniger<\/a><\/strong> als M\u00e4nner*, auch weil sie oft <strong>Teilzeit<\/strong> arbeiten und h\u00e4ufig auch <strong>unbezahlt arbeiten<\/strong> (Kindererziehung, Haushalt, Pflege Angeh\u00f6riger). <\/p>\n\n\n\n<p>Weil Frauen* weniger verdienen, bekommen sie auch <strong>weniger Arbeitslosengeld<\/strong> und sp\u00e4ter auch <strong><a href=\"https:\/\/digmit.at\/index.php\/gender-pay-gap-gender-pension-gap\/\">weniger Pension<\/a><\/strong>.<\/p>\n\n\n\n<p>Frauen* sind st\u00e4rker <strong>armutsgef\u00e4hrdet<\/strong>.<\/p>\n\n\n\n<p><br><strong>Diskriminierung aufgrund des Geschlechts<\/strong> ist auch in <strong>Medien<\/strong> und <strong>Werbung<\/strong> nicht vom Gesetz verboten.<\/p>\n\n\n\n<p>Das Gesetz verbietet auch <strong>sexistische Diskriminierung aufgrund des Geschlechts in der Schule<\/strong> nicht.<\/p>\n\n\n\n<p><br>Je nachdem, welche <strong>Staatsb\u00fcrgerschaft<\/strong> oder welchen <strong>Aufenthaltsstatus<\/strong> ich habe, habe ich <strong>unterschiedliche Chancen und M\u00f6glichkeiten<\/strong>:<br>Wenn ich keine \u00f6sterreichische Staatsb\u00fcrgerschaft habe, darf ich zum Beispiel nicht <strong>w\u00e4hlen<\/strong>.<\/p>\n\n\n\n<p>Die <strong>Mindestsicherung<\/strong> (= \u201e<strong>Sozialhilfe<\/strong>\u201c) bekomme ich nur dann, wenn ich die \u00f6sterreichische oder eine EWR-Staatsb\u00fcrgerschaft oder einen unbefristeten Aufenthalt (zum Beispiel Daueraufenthalt \u2013 EU) habe.<\/p>\n\n\n\n<p><br>Personen, die <strong>nicht so gut Deutsch<\/strong> k\u00f6nnen oder <strong>Deutsch mit Akzent<\/strong> sprechen werden in vielen Bereichen benachteiligt: im <strong>Bildung<\/strong>ssystem, im <strong>Gesundheit<\/strong>ssystem, im <strong>Zugang zu Informationen<\/strong>\u2026<\/p>\n\n\n\n<p>Das <strong>Gesundheitssystem<\/strong> in \u00d6sterreich ist leider <strong>sehr einsprachig<\/strong>. <br>\u00c4rzt*innen sprechen meist nicht die Muttersprachen der Migrant*innen und es gibt zu wenige Dolmetscher*innen im Spital.<br>Deshalb haben <strong>nicht alle Menschen die gleichen Chancen auf eine gute medizinische Behandlung<\/strong>.<\/p>\n\n\n\n<p><strong>Kinder, die nicht gut Deutsch k\u00f6nnen<\/strong>, kommen in <strong>Extra-Klassen<\/strong> = <strong><a href=\"https:\/\/digmit.at\/wp-admin\/post.php?post=3080&amp;action=edit#deutschfoerderklassen\">Deutschf\u00f6rderklassen<\/a><\/strong>. <br>Kinder werden damit <strong>ausgegrenzt<\/strong>. Oft <strong>verlieren<\/strong> Kinder so <strong>1 bis 2 Schuljahre<\/strong>. Das ist <strong>Diskriminierung!<\/strong><\/p>\n\n\n\n<p><br>Menschen, die <strong>nicht viele Jahre in der Schule<\/strong> waren oder <strong>nicht so gut\/schnell lesen und schreiben<\/strong> k\u00f6nnen, werden in vielen Bereichen benachteiligt.<\/p>\n\n\n\n<p>Migrant*innen m\u00fcssen f\u00fcr manche <strong>Aufenthaltstitel<\/strong> (\u201eVisum\u201c) und die <strong><a href=\"https:\/\/digmit.at\/index.php\/ich-mochte-die-osterreichische-staatsburgerschaft-beantragen\/\">\u00f6sterreichische Staatsb\u00fcrgerschaft<\/a><\/strong> <strong><a href=\"https:\/\/digmit.at\/index.php\/ich-muss-fur-meinen-aufenthalt-eine-deutschprufung-machen\/\">Deutschpr\u00fcfungen<\/a><\/strong> machen. F\u00fcr Menschen, die nicht so viel Erfahrung mit <strong>Pr\u00fcfungsformate<\/strong>n haben oder\/und die erst als Erwachsene lesen und schreiben gelernt haben, sind diese Pr\u00fcfungen sehr schwierig.<\/p>\n\n\n\n<p>Menschen, die schon fr\u00fcher <strong>im Zugang zu Bildung benachteiligt<\/strong> wurden, werden also <strong>wieder diskriminiert<\/strong>.<\/p>\n\n\n\n<p><br>Oft kommt es zu <strong>Diskriminierungen aufgrund verschiedener Merkmale<\/strong> zur gleichen Zeit. <br><strong>Als Frau*<\/strong> werde ich <strong>mehrfach diskriminiert<\/strong>, zum Beispiel <br>&#8211; wenn ich eine <strong>Behinderung<\/strong> habe, <br>&#8211; wenn ich eine <strong>Migrantin*<\/strong> oder Angeh\u00f6rige einer <strong>ethnischen Minderheit<\/strong> (zum Beispiel Roma) bin, <br>&#8211; als Schwarze Frau \/ <strong><em>woman of color<\/em><\/strong>, <br>&#8211; wenn ich <strong>Kopftuch<\/strong> trage, <br>&#8211; wenn ich <strong>Kinder<\/strong> \/ Betreuungspflichten habe oder <strong>Alleinerzieherin*<\/strong> bin, <br>&#8211; wenn ich <strong>\u00e4lter<\/strong> bin<br>&#8211; \u2026<\/p>\n\n\n\n<p><br>Das <strong>Recht<\/strong> und die <strong>Gesetze<\/strong> m\u00fcssen erweitert und angepasst werden, um <strong>mehr Schutz vor Diskriminierung<\/strong> zu bieten<strong>!<\/strong><\/p>\n\n\n\n<p><br><\/p>\n\n\n\n<div class=\"wp-block-group\"><div class=\"wp-block-group__inner-container is-layout-constrained wp-block-group-is-layout-constrained\">\n<h2 class=\"wp-block-heading\"><br><strong>weitere Informationen<\/strong><\/h2>\n\n\n\n<ul class=\"wp-block-list\">\n<li><a href=\"https:\/\/www.bundeskanzleramt.gv.at\/dam\/jcr:435233ed-cfd3-4bce-9c8b-6e9ac7a2d0d3\/gbb_privatwirtschaft_2018_2019_teil_2_gaw.pdf\">Gleichbehandlungsbericht f\u00fcr die Privatwirtschaft 2018\/2019: Teil II (Gleichbehandlungsanwaltschaft) (PDF)<\/a>, S. 119ff.<\/li>\n\n\n\n<li><a href=\"https:\/\/www.gleichbehandlungsanwaltschaft.gv.at\/aktuelles-und-services\/gleichbehandlungs-blog\/Blogbeitrag-women-in-poverty.html\">Frauenarmut &#8211; auch ein Thema in der Antidiskriminierungsarbeit (Gleichbehandlungsanwaltschaft)<\/a><\/li>\n<\/ul>\n<\/div><\/div>\n","protected":false},"excerpt":{"rendered":"<p>Das Gesetz sch\u00fctzt mich leider nicht vor allen Formen von Diskriminierung. In manchen Bereichen und aus manchen Gr\u00fcnden gibt es zu wenig Rechtsschutz vor Diskriminierung und Bel\u00e4stigung. Das Gleichbehandlungsgesetz sch\u00fctzt mich nur vor Diskriminierung am formellen Arbeitsmarkt, also wenn ich angemeldet arbeite.Wenn ich \u201eohne Papiere\u201c, \u201einformell\u201c oder \u201eundokumentiert\u201c arbeite, sch\u00fctzt mich das Gesetz nicht vor [&hellip;]<\/p>\n","protected":false},"author":2,"featured_media":0,"parent":0,"menu_order":0,"comment_status":"closed","ping_status":"closed","template":"","meta":{"footnotes":""},"class_list":["post-3528","page","type-page","status-publish","hentry"],"_links":{"self":[{"href":"https:\/\/digmit.at\/index.php\/wp-json\/wp\/v2\/pages\/3528","targetHints":{"allow":["GET"]}}],"collection":[{"href":"https:\/\/digmit.at\/index.php\/wp-json\/wp\/v2\/pages"}],"about":[{"href":"https:\/\/digmit.at\/index.php\/wp-json\/wp\/v2\/types\/page"}],"author":[{"embeddable":true,"href":"https:\/\/digmit.at\/index.php\/wp-json\/wp\/v2\/users\/2"}],"replies":[{"embeddable":true,"href":"https:\/\/digmit.at\/index.php\/wp-json\/wp\/v2\/comments?post=3528"}],"version-history":[{"count":18,"href":"https:\/\/digmit.at\/index.php\/wp-json\/wp\/v2\/pages\/3528\/revisions"}],"predecessor-version":[{"id":4602,"href":"https:\/\/digmit.at\/index.php\/wp-json\/wp\/v2\/pages\/3528\/revisions\/4602"}],"wp:attachment":[{"href":"https:\/\/digmit.at\/index.php\/wp-json\/wp\/v2\/media?parent=3528"}],"curies":[{"name":"wp","href":"https:\/\/api.w.org\/{rel}","templated":true}]}}